{"id":3742,"date":"2022-11-17T16:38:56","date_gmt":"2022-11-17T16:38:56","guid":{"rendered":"https:\/\/lisanplast.com\/accessoires-de-carrelage\/"},"modified":"2026-03-15T18:23:28","modified_gmt":"2026-03-15T18:23:28","slug":"accessoires-de-carrelage","status":"publish","type":"page","link":"https:\/\/lisanplast.com\/fr\/accessoires-de-carrelage\/","title":{"rendered":"Accessoires de carrelage"},"content":{"rendered":"\t\t<div data-elementor-type=\"wp-page\" data-elementor-id=\"3742\" class=\"elementor elementor-3742 elementor-314\" data-elementor-post-type=\"page\">\n\t\t\t\t<div class=\"elementor-element elementor-element-820fdb8 e-flex e-con-boxed e-con e-parent\" data-id=\"820fdb8\" data-element_type=\"container\">\n\t\t\t\t\t<div class=\"e-con-inner\">\n\t\t\t\t<div class=\"elementor-element elementor-element-b392ce3 elementor-widget elementor-widget-heading\" data-id=\"b392ce3\" data-element_type=\"widget\" data-widget_type=\"heading.default\">\n\t\t\t\t\t<h2 class=\"elementor-heading-title elementor-size-default\">Fabricant d'accessoires de carrelage pour les professionnels et les grossistes<\/h2>\t\t\t\t<\/div>\n\t\t\t\t<div class=\"elementor-element elementor-element-3acdc84 elementor-widget elementor-widget-text-editor\" data-id=\"3acdc84\" data-element_type=\"widget\" data-widget_type=\"text-editor.default\">\n\t\t\t\t\t\t\t\t\t<p>Nous disposons d&rsquo;une large gamme d&rsquo;<b>accessoires de carrelage<\/b>. Consultez notre catalogue de produits et choisissez celui dont vous avez besoin. <\/p>\n\t\t\t\t\t\t\t\t<\/div>\n\t\t\t\t\t<\/div>\n\t\t\t\t<\/div>\n\t\t<div class=\"elementor-element elementor-element-304d977 e-flex e-con-boxed e-con e-parent\" data-id=\"304d977\" data-element_type=\"container\">\n\t\t\t\t\t<div class=\"e-con-inner\">\n\t\t<div class=\"elementor-element elementor-element-59793e3 e-con-full e-flex e-con e-child\" data-id=\"59793e3\" data-element_type=\"container\">\n\t\t\t\t<div class=\"elementor-element elementor-element-03c4d6d elementor-widget elementor-widget-image\" data-id=\"03c4d6d\" data-element_type=\"widget\" data-widget_type=\"image.default\">\n\t\t\t\t\t\t\t\t\t\t\t\t\t\t\t<img fetchpriority=\"high\" decoding=\"async\" width=\"800\" height=\"800\" src=\"https:\/\/lisanplast.com\/wp-content\/uploads\/crucetas-azulejo.jpg\" class=\"attachment-full size-full wp-image-3513\" alt=\"Crucetas para azulejos utilizadas para mantener la separaci\u00f3n entre baldosas.\" srcset=\"https:\/\/lisanplast.com\/wp-content\/uploads\/crucetas-azulejo.jpg 800w, https:\/\/lisanplast.com\/wp-content\/uploads\/crucetas-azulejo-300x300.jpg 300w, https:\/\/lisanplast.com\/wp-content\/uploads\/crucetas-azulejo-150x150.jpg 150w, https:\/\/lisanplast.com\/wp-content\/uploads\/crucetas-azulejo-768x768.jpg 768w\" sizes=\"(max-width: 800px) 100vw, 800px\" \/>\t\t\t\t\t\t\t\t\t\t\t\t\t\t\t<\/div>\n\t\t\t\t<\/div>\n\t\t<div class=\"elementor-element elementor-element-7cf6ec4 e-con-full e-flex e-con e-child\" data-id=\"7cf6ec4\" data-element_type=\"container\">\n\t\t\t\t<div class=\"elementor-element elementor-element-acbabda elementor-widget elementor-widget-heading\" data-id=\"acbabda\" data-element_type=\"widget\" data-widget_type=\"heading.default\">\n\t\t\t\t\t<h3 class=\"elementor-heading-title elementor-size-default\">Traverse de carrelage  <\/h3>\t\t\t\t<\/div>\n\t\t\t\t<div class=\"elementor-element elementor-element-8eaf06b elementor-widget elementor-widget-text-editor\" data-id=\"8eaf06b\" data-element_type=\"widget\" data-widget_type=\"text-editor.default\">\n\t\t\t\t\t\t\t\t\t<p>Les <strong>croix de carrelage<\/strong> sont disponibles en diff\u00e9rentes tailles et unit\u00e9s par sac et par bo\u00eete, ce qui vous permet d&rsquo;acheter la quantit\u00e9 qui vous convient le mieux sans avoir \u00e0 acheter plus que ce dont vous avez besoin. Ils garantissent un espacement uniforme dans l&rsquo;installation et r\u00e9duisent les temps de pose. Pour plus de mod\u00e8les, consultez notre site web.  <\/p>\n\t\t\t\t\t\t\t\t<\/div>\n\t\t\t\t<div class=\"elementor-element elementor-element-b181f95 elementor-align-left elementor-widget elementor-widget-the7_button_widget\" data-id=\"b181f95\" data-element_type=\"widget\" data-widget_type=\"the7_button_widget.default\">\n\t\t\t\t<div class=\"elementor-widget-container\">\n\t\t\t\t\t<div class=\"elementor-button-wrapper\"><a href=\"https:\/\/lisanplast.com\/fr\/accessoires-de-carrelage\/croix-de-carreaux\/\" class=\"box-button elementor-button elementor-size-sm\">Voir les produits<svg xmlns=\"http:\/\/www.w3.org\/2000\/svg\" viewBox=\"0 0 119.56 44.26\"><defs><style>.cls-1{fill:#fff;}<\/style><\/defs><title>Recurso 1<\/title><g id=\"Capa_2\" data-name=\"Capa 2\"><g id=\"Capa_1-2\" data-name=\"Capa 1\"><polygon class=\"cls-1\" points=\"119.56 22.13 81.22 0 81.22 17.13 0 17.13 0 27.13 81.22 27.13 81.22 44.26 119.56 22.13\"><\/polygon><\/g><\/g><\/svg><\/a><\/div>\t\t\t\t<\/div>\n\t\t\t\t<\/div>\n\t\t\t\t<\/div>\n\t\t\t\t\t<\/div>\n\t\t\t\t<\/div>\n\t\t<div class=\"elementor-element elementor-element-e21502c e-flex e-con-boxed e-con e-parent\" data-id=\"e21502c\" data-element_type=\"container\">\n\t\t\t\t\t<div class=\"e-con-inner\">\n\t\t<div class=\"elementor-element elementor-element-0d877f7 e-con-full e-flex e-con e-child\" data-id=\"0d877f7\" data-element_type=\"container\">\n\t\t\t\t<div class=\"elementor-element elementor-element-d69b9e7 elementor-widget elementor-widget-image\" data-id=\"d69b9e7\" data-element_type=\"widget\" data-widget_type=\"image.default\">\n\t\t\t\t\t\t\t\t\t\t\t\t\t\t\t<img decoding=\"async\" width=\"800\" height=\"800\" src=\"https:\/\/lisanplast.com\/wp-content\/uploads\/cunas-macizas.jpg\" class=\"attachment-full size-full wp-image-3514\" alt=\"Cu\u00f1as macizas para azulejos utilizadas en trabajos de alicatado.\" srcset=\"https:\/\/lisanplast.com\/wp-content\/uploads\/cunas-macizas.jpg 800w, https:\/\/lisanplast.com\/wp-content\/uploads\/cunas-macizas-300x300.jpg 300w, https:\/\/lisanplast.com\/wp-content\/uploads\/cunas-macizas-150x150.jpg 150w, https:\/\/lisanplast.com\/wp-content\/uploads\/cunas-macizas-768x768.jpg 768w\" sizes=\"(max-width: 800px) 100vw, 800px\" \/>\t\t\t\t\t\t\t\t\t\t\t\t\t\t\t<\/div>\n\t\t\t\t<\/div>\n\t\t<div class=\"elementor-element elementor-element-f29fc65 e-con-full e-flex e-con e-child\" data-id=\"f29fc65\" data-element_type=\"container\">\n\t\t\t\t<div class=\"elementor-element elementor-element-ce792bd elementor-widget elementor-widget-heading\" data-id=\"ce792bd\" data-element_type=\"widget\" data-widget_type=\"heading.default\">\n\t\t\t\t\t<h3 class=\"elementor-heading-title elementor-size-default\">Cale solide<\/h3>\t\t\t\t<\/div>\n\t\t\t\t<div class=\"elementor-element elementor-element-138dcc5 elementor-widget elementor-widget-text-editor\" data-id=\"138dcc5\" data-element_type=\"widget\" data-widget_type=\"text-editor.default\">\n\t\t\t\t\t\t\t\t\t<p>Les <strong>cales solides<\/strong> que nous vous proposons sont enti\u00e8rement en plastique et ont \u00e9t\u00e9 con\u00e7ues pour une mise \u00e0 niveau optimale des meubles, ainsi que pour retenir les portes, c&rsquo;est id\u00e9al pour \u00e9viter les claquements de portes g\u00eanants et pour prot\u00e9ger le mur. Gr\u00e2ce \u00e0 cette <b>cale solide<\/b>, vous pourrez la fixer rapidement et facilement sur n&rsquo;importe quelle surface. <\/p>\n\t\t\t\t\t\t\t\t<\/div>\n\t\t\t\t<div class=\"elementor-element elementor-element-1a62f38 elementor-align-left elementor-widget elementor-widget-the7_button_widget\" data-id=\"1a62f38\" data-element_type=\"widget\" data-widget_type=\"the7_button_widget.default\">\n\t\t\t\t<div class=\"elementor-widget-container\">\n\t\t\t\t\t<div class=\"elementor-button-wrapper\"><a href=\"https:\/\/lisanplast.com\/fr\/accessoires-de-carrelage\/chaussures-compensees-solides\/\" class=\"box-button elementor-button elementor-size-sm\">Voir le produit<svg xmlns=\"http:\/\/www.w3.org\/2000\/svg\" viewBox=\"0 0 119.56 44.26\"><defs><style>.cls-1{fill:#fff;}<\/style><\/defs><title>Recurso 1<\/title><g id=\"Capa_2\" data-name=\"Capa 2\"><g id=\"Capa_1-2\" data-name=\"Capa 1\"><polygon class=\"cls-1\" points=\"119.56 22.13 81.22 0 81.22 17.13 0 17.13 0 27.13 81.22 27.13 81.22 44.26 119.56 22.13\"><\/polygon><\/g><\/g><\/svg><\/a><\/div>\t\t\t\t<\/div>\n\t\t\t\t<\/div>\n\t\t\t\t<\/div>\n\t\t\t\t\t<\/div>\n\t\t\t\t<\/div>\n\t\t<div class=\"elementor-element elementor-element-1bd6ed6 e-flex e-con-boxed e-con e-parent\" data-id=\"1bd6ed6\" data-element_type=\"container\">\n\t\t\t\t\t<div class=\"e-con-inner\">\n\t\t<div class=\"elementor-element elementor-element-c7b4c56 e-con-full e-flex e-con e-child\" data-id=\"c7b4c56\" data-element_type=\"container\">\n\t\t\t\t<div class=\"elementor-element elementor-element-7a76554 elementor-widget elementor-widget-image\" data-id=\"7a76554\" data-element_type=\"widget\" data-widget_type=\"image.default\">\n\t\t\t\t\t\t\t\t\t\t\t\t\t\t\t<img decoding=\"async\" width=\"800\" height=\"800\" src=\"https:\/\/lisanplast.com\/wp-content\/uploads\/separador-paves-imagen.jpg\" class=\"attachment-full size-full wp-image-3649\" alt=\"Separador para pav\u00e9s utilizado en la instalaci\u00f3n de bloques de vidrio.\" srcset=\"https:\/\/lisanplast.com\/wp-content\/uploads\/separador-paves-imagen.jpg 800w, https:\/\/lisanplast.com\/wp-content\/uploads\/separador-paves-imagen-300x300.jpg 300w, https:\/\/lisanplast.com\/wp-content\/uploads\/separador-paves-imagen-150x150.jpg 150w, https:\/\/lisanplast.com\/wp-content\/uploads\/separador-paves-imagen-768x768.jpg 768w\" sizes=\"(max-width: 800px) 100vw, 800px\" \/>\t\t\t\t\t\t\t\t\t\t\t\t\t\t\t<\/div>\n\t\t\t\t<\/div>\n\t\t<div class=\"elementor-element elementor-element-1a80314 e-con-full e-flex e-con e-child\" data-id=\"1a80314\" data-element_type=\"container\">\n\t\t\t\t<div class=\"elementor-element elementor-element-c62ae14 elementor-widget elementor-widget-heading\" data-id=\"c62ae14\" data-element_type=\"widget\" data-widget_type=\"heading.default\">\n\t\t\t\t\t<h3 class=\"elementor-heading-title elementor-size-default\">S\u00e9parateur pav\u00e9<\/h3>\t\t\t\t<\/div>\n\t\t\t\t<div class=\"elementor-element elementor-element-5129711 elementor-widget elementor-widget-text-editor\" data-id=\"5129711\" data-element_type=\"widget\" data-widget_type=\"text-editor.default\">\n\t\t\t\t\t\t\t\t\t<p>Ces <strong>intercalaires pav\u00e9s<\/strong> sont parfaits pour laisser un joint de dilatation entre les briques de verre et pour niveler automatiquement les briques de verre verticalement et horizontalement les unes par rapport aux autres. L&rsquo;utilisation de cet accessoire vous permet d&rsquo;effectuer tous les travaux imm\u00e9diatement, sans devoir attendre le durcissement du mat\u00e9riau de collage. <\/p>\n\t\t\t\t\t\t\t\t<\/div>\n\t\t\t\t<div class=\"elementor-element elementor-element-232e3f6 elementor-align-left elementor-widget elementor-widget-the7_button_widget\" data-id=\"232e3f6\" data-element_type=\"widget\" data-widget_type=\"the7_button_widget.default\">\n\t\t\t\t<div class=\"elementor-widget-container\">\n\t\t\t\t\t<div class=\"elementor-button-wrapper\"><a href=\"https:\/\/lisanplast.com\/fr\/accessoires-de-carrelage\/separateur-pave\/\" class=\"box-button elementor-button elementor-size-sm\">Voir le produit<svg xmlns=\"http:\/\/www.w3.org\/2000\/svg\" viewBox=\"0 0 119.56 44.26\"><defs><style>.cls-1{fill:#fff;}<\/style><\/defs><title>Recurso 1<\/title><g id=\"Capa_2\" data-name=\"Capa 2\"><g id=\"Capa_1-2\" data-name=\"Capa 1\"><polygon class=\"cls-1\" points=\"119.56 22.13 81.22 0 81.22 17.13 0 17.13 0 27.13 81.22 27.13 81.22 44.26 119.56 22.13\"><\/polygon><\/g><\/g><\/svg><\/a><\/div>\t\t\t\t<\/div>\n\t\t\t\t<\/div>\n\t\t\t\t<\/div>\n\t\t\t\t\t<\/div>\n\t\t\t\t<\/div>\n\t\t<div class=\"elementor-element elementor-element-796cf63 e-con-full e-flex e-con e-parent\" data-id=\"796cf63\" data-element_type=\"container\">\n\t\t<div class=\"elementor-element elementor-element-ddd97a6 e-con-full e-flex e-con e-child\" data-id=\"ddd97a6\" data-element_type=\"container\">\n\t\t\t\t<div class=\"elementor-element elementor-element-8b9a604 elementor-widget elementor-widget-heading\" data-id=\"8b9a604\" data-element_type=\"widget\" data-widget_type=\"heading.default\">\n\t\t\t\t\t<h2 class=\"elementor-heading-title elementor-size-default\">Vous \u00eates int\u00e9ress\u00e9 par nos accessoires de carrelage?<\/h2>\t\t\t\t<\/div>\n\t\t\t\t<div class=\"elementor-element elementor-element-7e27831 elementor-widget elementor-widget-text-editor\" data-id=\"7e27831\" data-element_type=\"widget\" data-widget_type=\"text-editor.default\">\n\t\t\t\t\t\t\t\t\t<p>Si vous avez besoin de plus d&rsquo;informations sur nos accessoires de carrelage, n&rsquo;h\u00e9sitez pas \u00e0 nous contacter et nous essaierons de r\u00e9pondre \u00e0 vos questions dans les plus brefs d\u00e9lais.<\/p>\n\t\t\t\t\t\t\t\t<\/div>\n\t\t\t\t<\/div>\n\t\t<div class=\"elementor-element elementor-element-610bfde e-con-full e-flex e-con e-child\" data-id=\"610bfde\" data-element_type=\"container\">\n\t\t\t\t<div class=\"elementor-element elementor-element-926309c elementor-widget elementor-widget-button\" data-id=\"926309c\" data-element_type=\"widget\" data-widget_type=\"button.default\">\n\t\t\t\t\t\t\t\t\t\t<a class=\"elementor-button elementor-button-link elementor-size-sm\" href=\"https:\/\/lisanplast.com\/fr\/contact\/\">\n\t\t\t\t\t\t<span class=\"elementor-button-content-wrapper\">\n\t\t\t\t\t\t\t\t\t<span class=\"elementor-button-text\">Contact<\/span>\n\t\t\t\t\t<\/span>\n\t\t\t\t\t<\/a>\n\t\t\t\t\t\t\t\t<\/div>\n\t\t\t\t<\/div>\n\t\t\t\t<\/div>\n\t\t\t\t<\/div>\n\t\t","protected":false},"excerpt":{"rendered":"<p>Fabricant d&rsquo;accessoires de carrelage pour les professionnels et les grossistes Nous disposons d&rsquo;une large gamme d&rsquo;accessoires de carrelage. Consultez notre catalogue de produits et choisissez celui dont vous avez besoin. Traverse de carrelage Les croix de carrelage sont disponibles en diff\u00e9rentes tailles et unit\u00e9s par sac et par bo\u00eete, ce qui vous permet d&rsquo;acheter la&hellip;<\/p>\n","protected":false},"author":3,"featured_media":0,"parent":0,"menu_order":0,"comment_status":"closed","ping_status":"closed","template":"","meta":{"_seopress_robots_primary_cat":"","_seopress_titles_title":"Accessoires pour carrelage | Lisanplast","_seopress_titles_desc":"Les accessoires de carrelage que nous proposons sont fabriqu\u00e9s avec des mat\u00e9riaux d\u2019excellente qualit\u00e9 afin que l\u2019utilisation de nos produits soit optimale.","_seopress_robots_index":"","footnotes":""},"class_list":["post-3742","page","type-page","status-publish","hentry"],"_links":{"self":[{"href":"https:\/\/lisanplast.com\/fr\/wp-json\/wp\/v2\/pages\/3742","targetHints":{"allow":["GET"]}}],"collection":[{"href":"https:\/\/lisanplast.com\/fr\/wp-json\/wp\/v2\/pages"}],"about":[{"href":"https:\/\/lisanplast.com\/fr\/wp-json\/wp\/v2\/types\/page"}],"author":[{"embeddable":true,"href":"https:\/\/lisanplast.com\/fr\/wp-json\/wp\/v2\/users\/3"}],"replies":[{"embeddable":true,"href":"https:\/\/lisanplast.com\/fr\/wp-json\/wp\/v2\/comments?post=3742"}],"version-history":[{"count":14,"href":"https:\/\/lisanplast.com\/fr\/wp-json\/wp\/v2\/pages\/3742\/revisions"}],"predecessor-version":[{"id":6905,"href":"https:\/\/lisanplast.com\/fr\/wp-json\/wp\/v2\/pages\/3742\/revisions\/6905"}],"wp:attachment":[{"href":"https:\/\/lisanplast.com\/fr\/wp-json\/wp\/v2\/media?parent=3742"}],"curies":[{"name":"wp","href":"https:\/\/api.w.org\/{rel}","templated":true}]}}