{"id":3762,"date":"2023-01-03T10:12:32","date_gmt":"2023-01-03T10:12:32","guid":{"rendered":"https:\/\/lisanplast.com\/accessoires-de-coffrage\/modeles-de-coffrage\/"},"modified":"2026-03-15T19:03:46","modified_gmt":"2026-03-15T19:03:46","slug":"modeles-de-coffrage","status":"publish","type":"page","link":"https:\/\/lisanplast.com\/fr\/accessoires-de-coffrage\/modeles-de-coffrage\/","title":{"rendered":"Mod\u00e8les de coffrage"},"content":{"rendered":"\t\t<div data-elementor-type=\"wp-page\" data-elementor-id=\"3762\" class=\"elementor elementor-3762 elementor-1316\" data-elementor-post-type=\"page\">\n\t\t\t\t<div class=\"elementor-element elementor-element-820fdb8 e-flex e-con-boxed e-con e-parent\" data-id=\"820fdb8\" data-element_type=\"container\">\n\t\t\t\t\t<div class=\"e-con-inner\">\n\t\t\t\t<div class=\"elementor-element elementor-element-3acdc84 elementor-widget elementor-widget-text-editor\" data-id=\"3acdc84\" data-element_type=\"widget\" data-widget_type=\"text-editor.default\">\n\t\t\t\t\t\t\t\t\t<p>Les<strong> mod\u00e8les de coffrage<\/strong> que nous vous proposons sont de haute qualit\u00e9, afin de vous assurer un achat efficace et une utilisation optimale de nos produits. Nous vous pr\u00e9sentons ci-dessous les diff\u00e9rents<strong> mod\u00e8les <\/strong>que nous proposons.<\/p>\n\t\t\t\t\t\t\t\t<\/div>\n\t\t\t\t\t<\/div>\n\t\t\t\t<\/div>\n\t\t<div class=\"elementor-element elementor-element-0663855 e-flex e-con-boxed e-con e-parent\" data-id=\"0663855\" data-element_type=\"container\">\n\t\t\t\t\t<div class=\"e-con-inner\">\n\t\t\t\t<div class=\"elementor-element elementor-element-c6324c2 elementor-widget-divider--view-line elementor-widget elementor-widget-divider\" data-id=\"c6324c2\" data-element_type=\"widget\" data-widget_type=\"divider.default\">\n\t\t\t\t\t\t\t<div class=\"elementor-divider\">\n\t\t\t<span class=\"elementor-divider-separator\">\n\t\t\t\t\t\t<\/span>\n\t\t<\/div>\n\t\t\t\t\t\t<\/div>\n\t\t<div class=\"elementor-element elementor-element-bcc6ef4 e-flex e-con-boxed e-con e-child\" data-id=\"bcc6ef4\" data-element_type=\"container\">\n\t\t\t\t\t<div class=\"e-con-inner\">\n\t\t\t\t<div class=\"elementor-element elementor-element-641db66 elementor-widget elementor-widget-heading\" data-id=\"641db66\" data-element_type=\"widget\" data-widget_type=\"heading.default\">\n\t\t\t\t\t<h2 class=\"elementor-heading-title elementor-size-default\">Mod\u00e8le de cube<\/h2>\t\t\t\t<\/div>\n\t\t\t\t\t<\/div>\n\t\t\t\t<\/div>\n\t\t<div class=\"elementor-element elementor-element-b768430 e-flex e-con-boxed e-con e-child\" data-id=\"b768430\" data-element_type=\"container\">\n\t\t\t\t\t<div class=\"e-con-inner\">\n\t\t\t\t<div class=\"elementor-element elementor-element-6548d29 elementor-widget elementor-widget-image\" data-id=\"6548d29\" data-element_type=\"widget\" data-widget_type=\"image.default\">\n\t\t\t\t\t\t\t\t\t\t\t\t\t\t\t<img fetchpriority=\"high\" decoding=\"async\" width=\"800\" height=\"800\" src=\"https:\/\/lisanplast.com\/wp-content\/uploads\/modelo-cubito.jpg\" class=\"attachment-full size-full wp-image-3538\" alt=\"\" srcset=\"https:\/\/lisanplast.com\/wp-content\/uploads\/modelo-cubito.jpg 800w, https:\/\/lisanplast.com\/wp-content\/uploads\/modelo-cubito-300x300.jpg 300w, https:\/\/lisanplast.com\/wp-content\/uploads\/modelo-cubito-150x150.jpg 150w, https:\/\/lisanplast.com\/wp-content\/uploads\/modelo-cubito-768x768.jpg 768w\" sizes=\"(max-width: 800px) 100vw, 800px\" \/>\t\t\t\t\t\t\t\t\t\t\t\t\t\t\t<\/div>\n\t\t\t\t\t<\/div>\n\t\t\t\t<\/div>\n\t\t<div class=\"elementor-element elementor-element-9703c11 e-con-full e-flex e-con e-child\" data-id=\"9703c11\" data-element_type=\"container\">\n\t\t\t\t<div class=\"elementor-element elementor-element-0fb53fa elementor-widget__width-inherit elementor-hidden-desktop elementor-hidden-tablet elementor-hidden-mobile elementor-widget elementor-widget-text-editor\" data-id=\"0fb53fa\" data-element_type=\"widget\" data-widget_type=\"text-editor.default\">\n\t\t\t\t\t\t\t\t\t<p><div>Attention: The internal data of table \u201cFicha-modelo-cubito\u201d is corrupted!<\/div><\/p>\t\t\t\t\t\t\t\t<\/div>\n\t\t\t\t<div class=\"elementor-element elementor-element-1d76146 elementor-widget__width-inherit elementor-widget elementor-widget-text-editor\" data-id=\"1d76146\" data-element_type=\"widget\" data-widget_type=\"text-editor.default\">\n\t\t\t\t\t\t\t\t\t<p><div id=\"footable_parent_5347\"\n         class=\" footable_parent ninja_table_wrapper loading_ninja_table wp_table_data_press_parent semantic_ui \">\n                <table data-ninja_table_instance=\"ninja_table_instance_0\" data-footable_id=\"5347\" data-filter-delay=\"1000\" aria-label=\"Ficha modelo cubito - FR\"            id=\"footable_5347\"\n           data-unique_identifier=\"ninja_table_unique_id_1101184755_5347\"\n           class=\" foo-table ninja_footable foo_table_5347 ninja_table_unique_id_1101184755_5347 ui table  nt_type_ajax_table selectable striped vertical_centered  footable-paging-right ninja_table_search_disabled\">\n                <colgroup>\n                            <col class=\"ninja_column_0 \">\n                            <col class=\"ninja_column_1 \">\n                            <col class=\"ninja_column_2 \">\n                            <col class=\"ninja_column_3 \">\n                            <col class=\"ninja_column_4 \">\n                            <col class=\"ninja_column_5 \">\n                            <col class=\"ninja_column_6 \">\n                    <\/colgroup>\n            <\/table>\n    \n    \n    \n<\/div>\n<\/p>\t\t\t\t\t\t\t\t<\/div>\n\t\t\t\t<\/div>\n\t\t<div class=\"elementor-element elementor-element-6d34f02 elementor-hidden-desktop elementor-hidden-tablet e-flex e-con-boxed e-con e-child\" data-id=\"6d34f02\" data-element_type=\"container\">\n\t\t\t\t\t<div class=\"e-con-inner\">\n\t\t\t\t<div class=\"elementor-element elementor-element-d5be2d4 elementor-view-default elementor-widget elementor-widget-icon\" data-id=\"d5be2d4\" data-element_type=\"widget\" data-widget_type=\"icon.default\">\n\t\t\t\t\t\t\t<div class=\"elementor-icon-wrapper\">\n\t\t\t<div class=\"elementor-icon\">\n\t\t\t<svg xmlns=\"http:\/\/www.w3.org\/2000\/svg\" viewBox=\"0 0 510.42 311.54\"><title>mano-tabla<\/title><g id=\"Capa_2\" data-name=\"Capa 2\"><g id=\"Capa_2-2\" data-name=\"Capa 2\"><path d=\"M328.86,82.35a26,26,0,0,0-18.14,7.13,24.1,24.1,0,0,0-17.66-7.12,26.48,26.48,0,0,0-16.22,5.37,21,21,0,0,0-2,1.75,20.32,20.32,0,0,0-1.72-1.62,24.59,24.59,0,0,0-15.86-5.5,26.11,26.11,0,0,0-12.61,3.14l.09-65.8C244.73,8.84,234.28,0,221.45,0a25.55,25.55,0,0,0-16,5.44,18.49,18.49,0,0,0-7.26,14.26L198,115.19c-12.84-7.88-32.95-4.55-35.36-4.11l-4.42.8v105.9l41.26,93.76H328.61l23.54-47.08V101.81C352.15,91.08,341.71,82.35,328.86,82.35Zm12.52,19.46V261.92L322,300.77H206.55L169,215.51v-94.4c7.33-.68,19-.56,24.91,4.36,2.53,2.11,3.71,4.91,3.71,8.86l.32,43,10.77,0,.19-157.55a7.74,7.74,0,0,1,3.23-5.88,15,15,0,0,1,9.29-3.06C228.11,10.77,234,15,234,19.7l-.14,107.42,10.77,0,.15-25.1A7.71,7.71,0,0,1,248,96.18a15,15,0,0,1,9.28-3.05,13.93,13.93,0,0,1,8.95,3,7.86,7.86,0,0,1,3.06,6V130.7H280V102.06c0-2,1.24-4.14,3.41-5.82a16,16,0,0,1,9.62-3.11c6.62,0,12,4,12,8.91h0v28.67h10.77V102.05c0-4.21,5.59-8.92,13-8.93C335.65,93.12,341.38,97.1,341.38,101.81ZM445.52,232.3l37.83-37.83H377.09V180.12H483.35l-37.83-37.84V122.4l64.9,64.89-64.9,64.9Zm-380.63-90L27.06,180.12H133.32v14.35H27.06L64.89,232.3v19.89L0,187.29,64.89,122.4Z\"><\/path><\/g><\/g><\/svg>\t\t\t<\/div>\n\t\t<\/div>\n\t\t\t\t\t\t<\/div>\n\t\t\t\t<div class=\"elementor-element elementor-element-169bfde elementor-widget elementor-widget-text-editor\" data-id=\"169bfde\" data-element_type=\"widget\" data-widget_type=\"text-editor.default\">\n\t\t\t\t\t\t\t\t\t<p>Faites glisser pour afficher le tableau complet<\/p>\n\t\t\t\t\t\t\t\t<\/div>\n\t\t\t\t\t<\/div>\n\t\t\t\t<\/div>\n\t\t\t\t<div class=\"elementor-element elementor-element-8a5ddb2 elementor-align-center elementor-widget elementor-widget-button\" data-id=\"8a5ddb2\" data-element_type=\"widget\" data-widget_type=\"button.default\">\n\t\t\t\t\t\t\t\t\t\t<a class=\"elementor-button elementor-button-link elementor-size-sm\" href=\"#\">\n\t\t\t\t\t\t<span class=\"elementor-button-content-wrapper\">\n\t\t\t\t\t\t<span class=\"elementor-button-icon\">\n\t\t\t\t<svg xmlns=\"http:\/\/www.w3.org\/2000\/svg\" viewBox=\"0 0 34.76 44.95\"><defs><style>.cls-1{fill:#fff;}<\/style><\/defs><title>descarga<\/title><g id=\"Capa_2\" data-name=\"Capa 2\"><g id=\"Capa_2-2\" data-name=\"Capa 2\"><polygon class=\"cls-1\" points=\"19.33 31.43 19.33 16.74 15.48 16.74 15.48 31.48 12.11 28.11 8.27 28.11 17.38 37.22 26.49 28.11 22.65 28.11 19.33 31.43\"><\/polygon><path class=\"cls-1\" d=\"M25.44,0H0V45H34.76V9.32Zm6.32,42H3V3H23.45v8.31h8.31Z\"><\/path><\/g><\/g><\/svg>\t\t\t<\/span>\n\t\t\t\t\t\t\t\t\t<span class=\"elementor-button-text\">T\u00e9l\u00e9chargez la fiche technique<\/span>\n\t\t\t\t\t<\/span>\n\t\t\t\t\t<\/a>\n\t\t\t\t\t\t\t\t<\/div>\n\t\t\t\t\t<\/div>\n\t\t\t\t<\/div>\n\t\t<div class=\"elementor-element elementor-element-170bc55 e-flex e-con-boxed e-con e-parent\" data-id=\"170bc55\" data-element_type=\"container\">\n\t\t\t\t\t<div class=\"e-con-inner\">\n\t\t\t\t<div class=\"elementor-element elementor-element-5fb747d elementor-widget-divider--view-line elementor-widget elementor-widget-divider\" data-id=\"5fb747d\" data-element_type=\"widget\" data-widget_type=\"divider.default\">\n\t\t\t\t\t\t\t<div class=\"elementor-divider\">\n\t\t\t<span class=\"elementor-divider-separator\">\n\t\t\t\t\t\t<\/span>\n\t\t<\/div>\n\t\t\t\t\t\t<\/div>\n\t\t<div class=\"elementor-element elementor-element-42dc761 e-flex e-con-boxed e-con e-child\" data-id=\"42dc761\" data-element_type=\"container\">\n\t\t\t\t\t<div class=\"e-con-inner\">\n\t\t\t\t<div class=\"elementor-element elementor-element-4805d4a elementor-widget elementor-widget-heading\" data-id=\"4805d4a\" data-element_type=\"widget\" data-widget_type=\"heading.default\">\n\t\t\t\t\t<h2 class=\"elementor-heading-title elementor-size-default\">Mod\u00e8le trivalent<\/h2>\t\t\t\t<\/div>\n\t\t\t\t\t<\/div>\n\t\t\t\t<\/div>\n\t\t<div class=\"elementor-element elementor-element-31c3167 e-flex e-con-boxed e-con e-child\" data-id=\"31c3167\" data-element_type=\"container\">\n\t\t\t\t\t<div class=\"e-con-inner\">\n\t\t\t\t<div class=\"elementor-element elementor-element-425b0a7 elementor-widget elementor-widget-image\" data-id=\"425b0a7\" data-element_type=\"widget\" data-widget_type=\"image.default\">\n\t\t\t\t\t\t\t\t\t\t\t\t\t\t\t<img decoding=\"async\" width=\"800\" height=\"800\" src=\"https:\/\/lisanplast.com\/wp-content\/uploads\/modelo-trivalente.jpg\" class=\"attachment-full size-full wp-image-3540\" alt=\"\" srcset=\"https:\/\/lisanplast.com\/wp-content\/uploads\/modelo-trivalente.jpg 800w, https:\/\/lisanplast.com\/wp-content\/uploads\/modelo-trivalente-300x300.jpg 300w, https:\/\/lisanplast.com\/wp-content\/uploads\/modelo-trivalente-150x150.jpg 150w, https:\/\/lisanplast.com\/wp-content\/uploads\/modelo-trivalente-768x768.jpg 768w\" sizes=\"(max-width: 800px) 100vw, 800px\" \/>\t\t\t\t\t\t\t\t\t\t\t\t\t\t\t<\/div>\n\t\t\t\t\t<\/div>\n\t\t\t\t<\/div>\n\t\t<div class=\"elementor-element elementor-element-7269b60 e-con-full e-flex e-con e-child\" data-id=\"7269b60\" data-element_type=\"container\">\n\t\t\t\t<div class=\"elementor-element elementor-element-87cd296 elementor-widget__width-inherit elementor-hidden-desktop elementor-hidden-tablet elementor-hidden-mobile elementor-widget elementor-widget-text-editor\" data-id=\"87cd296\" data-element_type=\"widget\" data-widget_type=\"text-editor.default\">\n\t\t\t\t\t\t\t\t\t<p><div>Attention: The internal data of table \u201cFicha-modelo-trivalente\u201d is corrupted!<\/div><\/p>\t\t\t\t\t\t\t\t<\/div>\n\t\t\t\t<div class=\"elementor-element elementor-element-c7643c3 elementor-widget__width-inherit elementor-widget elementor-widget-text-editor\" data-id=\"c7643c3\" data-element_type=\"widget\" data-widget_type=\"text-editor.default\">\n\t\t\t\t\t\t\t\t\t<p><div id=\"footable_parent_5384\"\n         class=\" footable_parent ninja_table_wrapper loading_ninja_table wp_table_data_press_parent semantic_ui \">\n                <table data-ninja_table_instance=\"ninja_table_instance_1\" data-footable_id=\"5384\" data-filter-delay=\"1000\" aria-label=\"Ficha modelo trivalente - FR\"            id=\"footable_5384\"\n           data-unique_identifier=\"ninja_table_unique_id_3168718199_5384\"\n           class=\" foo-table ninja_footable foo_table_5384 ninja_table_unique_id_3168718199_5384 ui table  nt_type_ajax_table selectable striped vertical_centered  footable-paging-right ninja_table_search_disabled\">\n                <colgroup>\n                            <col class=\"ninja_column_0 \">\n                            <col class=\"ninja_column_1 \">\n                            <col class=\"ninja_column_2 \">\n                            <col class=\"ninja_column_3 \">\n                            <col class=\"ninja_column_4 \">\n                            <col class=\"ninja_column_5 \">\n                            <col class=\"ninja_column_6 \">\n                    <\/colgroup>\n            <\/table>\n    \n    \n    \n<\/div>\n<\/p>\t\t\t\t\t\t\t\t<\/div>\n\t\t\t\t<\/div>\n\t\t<div class=\"elementor-element elementor-element-3f61f99 elementor-hidden-desktop elementor-hidden-tablet e-flex e-con-boxed e-con e-child\" data-id=\"3f61f99\" data-element_type=\"container\">\n\t\t\t\t\t<div class=\"e-con-inner\">\n\t\t\t\t<div class=\"elementor-element elementor-element-871c0a7 elementor-view-default elementor-widget elementor-widget-icon\" data-id=\"871c0a7\" data-element_type=\"widget\" data-widget_type=\"icon.default\">\n\t\t\t\t\t\t\t<div class=\"elementor-icon-wrapper\">\n\t\t\t<div class=\"elementor-icon\">\n\t\t\t<svg xmlns=\"http:\/\/www.w3.org\/2000\/svg\" viewBox=\"0 0 510.42 311.54\"><title>mano-tabla<\/title><g id=\"Capa_2\" data-name=\"Capa 2\"><g id=\"Capa_2-2\" data-name=\"Capa 2\"><path d=\"M328.86,82.35a26,26,0,0,0-18.14,7.13,24.1,24.1,0,0,0-17.66-7.12,26.48,26.48,0,0,0-16.22,5.37,21,21,0,0,0-2,1.75,20.32,20.32,0,0,0-1.72-1.62,24.59,24.59,0,0,0-15.86-5.5,26.11,26.11,0,0,0-12.61,3.14l.09-65.8C244.73,8.84,234.28,0,221.45,0a25.55,25.55,0,0,0-16,5.44,18.49,18.49,0,0,0-7.26,14.26L198,115.19c-12.84-7.88-32.95-4.55-35.36-4.11l-4.42.8v105.9l41.26,93.76H328.61l23.54-47.08V101.81C352.15,91.08,341.71,82.35,328.86,82.35Zm12.52,19.46V261.92L322,300.77H206.55L169,215.51v-94.4c7.33-.68,19-.56,24.91,4.36,2.53,2.11,3.71,4.91,3.71,8.86l.32,43,10.77,0,.19-157.55a7.74,7.74,0,0,1,3.23-5.88,15,15,0,0,1,9.29-3.06C228.11,10.77,234,15,234,19.7l-.14,107.42,10.77,0,.15-25.1A7.71,7.71,0,0,1,248,96.18a15,15,0,0,1,9.28-3.05,13.93,13.93,0,0,1,8.95,3,7.86,7.86,0,0,1,3.06,6V130.7H280V102.06c0-2,1.24-4.14,3.41-5.82a16,16,0,0,1,9.62-3.11c6.62,0,12,4,12,8.91h0v28.67h10.77V102.05c0-4.21,5.59-8.92,13-8.93C335.65,93.12,341.38,97.1,341.38,101.81ZM445.52,232.3l37.83-37.83H377.09V180.12H483.35l-37.83-37.84V122.4l64.9,64.89-64.9,64.9Zm-380.63-90L27.06,180.12H133.32v14.35H27.06L64.89,232.3v19.89L0,187.29,64.89,122.4Z\"><\/path><\/g><\/g><\/svg>\t\t\t<\/div>\n\t\t<\/div>\n\t\t\t\t\t\t<\/div>\n\t\t\t\t<div class=\"elementor-element elementor-element-3141091 elementor-widget elementor-widget-text-editor\" data-id=\"3141091\" data-element_type=\"widget\" data-widget_type=\"text-editor.default\">\n\t\t\t\t\t\t\t\t\t<p>Faites glisser pour afficher le tableau complet<\/p>\n\t\t\t\t\t\t\t\t<\/div>\n\t\t\t\t\t<\/div>\n\t\t\t\t<\/div>\n\t\t\t\t<div class=\"elementor-element elementor-element-e1880aa elementor-align-center elementor-widget elementor-widget-button\" data-id=\"e1880aa\" data-element_type=\"widget\" data-widget_type=\"button.default\">\n\t\t\t\t\t\t\t\t\t\t<a class=\"elementor-button elementor-button-link elementor-size-sm\" href=\"#\">\n\t\t\t\t\t\t<span class=\"elementor-button-content-wrapper\">\n\t\t\t\t\t\t<span class=\"elementor-button-icon\">\n\t\t\t\t<svg xmlns=\"http:\/\/www.w3.org\/2000\/svg\" viewBox=\"0 0 34.76 44.95\"><defs><style>.cls-1{fill:#fff;}<\/style><\/defs><title>descarga<\/title><g id=\"Capa_2\" data-name=\"Capa 2\"><g id=\"Capa_2-2\" data-name=\"Capa 2\"><polygon class=\"cls-1\" points=\"19.33 31.43 19.33 16.74 15.48 16.74 15.48 31.48 12.11 28.11 8.27 28.11 17.38 37.22 26.49 28.11 22.65 28.11 19.33 31.43\"><\/polygon><path class=\"cls-1\" d=\"M25.44,0H0V45H34.76V9.32Zm6.32,42H3V3H23.45v8.31h8.31Z\"><\/path><\/g><\/g><\/svg>\t\t\t<\/span>\n\t\t\t\t\t\t\t\t\t<span class=\"elementor-button-text\">T\u00e9l\u00e9chargez la fiche technique<\/span>\n\t\t\t\t\t<\/span>\n\t\t\t\t\t<\/a>\n\t\t\t\t\t\t\t\t<\/div>\n\t\t\t\t\t<\/div>\n\t\t\t\t<\/div>\n\t\t<div class=\"elementor-element elementor-element-bc270c2 e-flex e-con-boxed e-con e-parent\" data-id=\"bc270c2\" data-element_type=\"container\">\n\t\t\t\t\t<div class=\"e-con-inner\">\n\t\t\t\t<div class=\"elementor-element elementor-element-2f721e6 elementor-widget-divider--view-line elementor-widget elementor-widget-divider\" data-id=\"2f721e6\" data-element_type=\"widget\" data-widget_type=\"divider.default\">\n\t\t\t\t\t\t\t<div class=\"elementor-divider\">\n\t\t\t<span class=\"elementor-divider-separator\">\n\t\t\t\t\t\t<\/span>\n\t\t<\/div>\n\t\t\t\t\t\t<\/div>\n\t\t<div class=\"elementor-element elementor-element-ffa896d e-flex e-con-boxed e-con e-child\" data-id=\"ffa896d\" data-element_type=\"container\">\n\t\t\t\t\t<div class=\"e-con-inner\">\n\t\t\t\t<div class=\"elementor-element elementor-element-e8aedc7 elementor-widget elementor-widget-heading\" data-id=\"e8aedc7\" data-element_type=\"widget\" data-widget_type=\"heading.default\">\n\t\t\t\t\t<h2 class=\"elementor-heading-title elementor-size-default\">Mod\u00e8le de treillis<\/h2>\t\t\t\t<\/div>\n\t\t\t\t\t<\/div>\n\t\t\t\t<\/div>\n\t\t<div class=\"elementor-element elementor-element-8d252f3 e-flex e-con-boxed e-con e-child\" data-id=\"8d252f3\" data-element_type=\"container\">\n\t\t\t\t\t<div class=\"e-con-inner\">\n\t\t\t\t<div class=\"elementor-element elementor-element-5b76de7 elementor-widget elementor-widget-image\" data-id=\"5b76de7\" data-element_type=\"widget\" data-widget_type=\"image.default\">\n\t\t\t\t\t\t\t\t\t\t\t\t\t\t\t<img decoding=\"async\" width=\"800\" height=\"800\" src=\"https:\/\/lisanplast.com\/wp-content\/uploads\/modelo-reticular.jpg\" class=\"attachment-full size-full wp-image-3539\" alt=\"\" srcset=\"https:\/\/lisanplast.com\/wp-content\/uploads\/modelo-reticular.jpg 800w, https:\/\/lisanplast.com\/wp-content\/uploads\/modelo-reticular-300x300.jpg 300w, https:\/\/lisanplast.com\/wp-content\/uploads\/modelo-reticular-150x150.jpg 150w, https:\/\/lisanplast.com\/wp-content\/uploads\/modelo-reticular-768x768.jpg 768w\" sizes=\"(max-width: 800px) 100vw, 800px\" \/>\t\t\t\t\t\t\t\t\t\t\t\t\t\t\t<\/div>\n\t\t\t\t\t<\/div>\n\t\t\t\t<\/div>\n\t\t<div class=\"elementor-element elementor-element-22866de e-con-full e-flex e-con e-child\" data-id=\"22866de\" data-element_type=\"container\">\n\t\t\t\t<div class=\"elementor-element elementor-element-a3b3b3b elementor-widget__width-inherit elementor-hidden-desktop elementor-hidden-tablet elementor-hidden-mobile elementor-widget elementor-widget-text-editor\" data-id=\"a3b3b3b\" data-element_type=\"widget\" data-widget_type=\"text-editor.default\">\n\t\t\t\t\t\t\t\t\t<p>\n<table id=\"tablepress-Ficha-modelo-reticular\" class=\"tablepress tablepress-id-Ficha-modelo-reticular\">\n<tbody>\n<tr class=\"row-1\">\n\t<td class=\"column-1\">R\u00e9f\u00e9rence<\/td><td class=\"column-2\">Mesures mm<\/td><td class=\"column-3\">Mat\u00e9riau<\/td><td class=\"column-4\">Caisse<\/td><td class=\"column-5\">Unit\u00e9s Caisse<\/td><td class=\"column-6\">Palettes Caisse<\/td><td class=\"column-7\">Palettes Unit\u00e9s<\/td>\n<\/tr>\n<tr class=\"row-2\">\n\t<td class=\"column-1\">09FR-120<\/td><td class=\"column-2\">120<\/td><td class=\"column-3\">BETON\u00d3N <\/td><td class=\"column-4\">k8<\/td><td class=\"column-5\">100<\/td><td class=\"column-6\">NON<\/td><td class=\"column-7\">NON<\/td>\n<\/tr>\n<\/tbody>\n<\/table>\n<\/p>\t\t\t\t\t\t\t\t<\/div>\n\t\t\t\t<div class=\"elementor-element elementor-element-3afa806 elementor-widget__width-inherit elementor-widget elementor-widget-text-editor\" data-id=\"3afa806\" data-element_type=\"widget\" data-widget_type=\"text-editor.default\">\n\t\t\t\t\t\t\t\t\t<p><div id=\"footable_parent_5402\"\n         class=\" footable_parent ninja_table_wrapper loading_ninja_table wp_table_data_press_parent semantic_ui \">\n                <table data-ninja_table_instance=\"ninja_table_instance_2\" data-footable_id=\"5402\" data-filter-delay=\"1000\" aria-label=\"Ficha modelo reticular - FR\"            id=\"footable_5402\"\n           data-unique_identifier=\"ninja_table_unique_id_3230597440_5402\"\n           class=\" foo-table ninja_footable foo_table_5402 ninja_table_unique_id_3230597440_5402 ui table  nt_type_ajax_table selectable striped vertical_centered  footable-paging-right ninja_table_search_disabled\">\n                <colgroup>\n                            <col class=\"ninja_column_0 \">\n                            <col class=\"ninja_column_1 \">\n                            <col class=\"ninja_column_2 \">\n                            <col class=\"ninja_column_3 \">\n                            <col class=\"ninja_column_4 \">\n                            <col class=\"ninja_column_5 \">\n                            <col class=\"ninja_column_6 \">\n                    <\/colgroup>\n            <\/table>\n    \n    \n    \n<\/div>\n<\/p>\t\t\t\t\t\t\t\t<\/div>\n\t\t\t\t<\/div>\n\t\t<div class=\"elementor-element elementor-element-8ba0581 elementor-hidden-desktop elementor-hidden-tablet e-flex e-con-boxed e-con e-child\" data-id=\"8ba0581\" data-element_type=\"container\">\n\t\t\t\t\t<div class=\"e-con-inner\">\n\t\t\t\t<div class=\"elementor-element elementor-element-2e52ac0 elementor-view-default elementor-widget elementor-widget-icon\" data-id=\"2e52ac0\" data-element_type=\"widget\" data-widget_type=\"icon.default\">\n\t\t\t\t\t\t\t<div class=\"elementor-icon-wrapper\">\n\t\t\t<div class=\"elementor-icon\">\n\t\t\t<svg xmlns=\"http:\/\/www.w3.org\/2000\/svg\" viewBox=\"0 0 510.42 311.54\"><title>mano-tabla<\/title><g id=\"Capa_2\" data-name=\"Capa 2\"><g id=\"Capa_2-2\" data-name=\"Capa 2\"><path d=\"M328.86,82.35a26,26,0,0,0-18.14,7.13,24.1,24.1,0,0,0-17.66-7.12,26.48,26.48,0,0,0-16.22,5.37,21,21,0,0,0-2,1.75,20.32,20.32,0,0,0-1.72-1.62,24.59,24.59,0,0,0-15.86-5.5,26.11,26.11,0,0,0-12.61,3.14l.09-65.8C244.73,8.84,234.28,0,221.45,0a25.55,25.55,0,0,0-16,5.44,18.49,18.49,0,0,0-7.26,14.26L198,115.19c-12.84-7.88-32.95-4.55-35.36-4.11l-4.42.8v105.9l41.26,93.76H328.61l23.54-47.08V101.81C352.15,91.08,341.71,82.35,328.86,82.35Zm12.52,19.46V261.92L322,300.77H206.55L169,215.51v-94.4c7.33-.68,19-.56,24.91,4.36,2.53,2.11,3.71,4.91,3.71,8.86l.32,43,10.77,0,.19-157.55a7.74,7.74,0,0,1,3.23-5.88,15,15,0,0,1,9.29-3.06C228.11,10.77,234,15,234,19.7l-.14,107.42,10.77,0,.15-25.1A7.71,7.71,0,0,1,248,96.18a15,15,0,0,1,9.28-3.05,13.93,13.93,0,0,1,8.95,3,7.86,7.86,0,0,1,3.06,6V130.7H280V102.06c0-2,1.24-4.14,3.41-5.82a16,16,0,0,1,9.62-3.11c6.62,0,12,4,12,8.91h0v28.67h10.77V102.05c0-4.21,5.59-8.92,13-8.93C335.65,93.12,341.38,97.1,341.38,101.81ZM445.52,232.3l37.83-37.83H377.09V180.12H483.35l-37.83-37.84V122.4l64.9,64.89-64.9,64.9Zm-380.63-90L27.06,180.12H133.32v14.35H27.06L64.89,232.3v19.89L0,187.29,64.89,122.4Z\"><\/path><\/g><\/g><\/svg>\t\t\t<\/div>\n\t\t<\/div>\n\t\t\t\t\t\t<\/div>\n\t\t\t\t<div class=\"elementor-element elementor-element-c35ddcc elementor-widget elementor-widget-text-editor\" data-id=\"c35ddcc\" data-element_type=\"widget\" data-widget_type=\"text-editor.default\">\n\t\t\t\t\t\t\t\t\t<p>Faites glisser pour afficher le tableau complet<\/p>\n\t\t\t\t\t\t\t\t<\/div>\n\t\t\t\t\t<\/div>\n\t\t\t\t<\/div>\n\t\t\t\t<div class=\"elementor-element elementor-element-1b9949e elementor-align-center elementor-widget elementor-widget-button\" data-id=\"1b9949e\" data-element_type=\"widget\" data-widget_type=\"button.default\">\n\t\t\t\t\t\t\t\t\t\t<a class=\"elementor-button elementor-button-link elementor-size-sm\" href=\"#\">\n\t\t\t\t\t\t<span class=\"elementor-button-content-wrapper\">\n\t\t\t\t\t\t<span class=\"elementor-button-icon\">\n\t\t\t\t<svg xmlns=\"http:\/\/www.w3.org\/2000\/svg\" viewBox=\"0 0 34.76 44.95\"><defs><style>.cls-1{fill:#fff;}<\/style><\/defs><title>descarga<\/title><g id=\"Capa_2\" data-name=\"Capa 2\"><g id=\"Capa_2-2\" data-name=\"Capa 2\"><polygon class=\"cls-1\" points=\"19.33 31.43 19.33 16.74 15.48 16.74 15.48 31.48 12.11 28.11 8.27 28.11 17.38 37.22 26.49 28.11 22.65 28.11 19.33 31.43\"><\/polygon><path class=\"cls-1\" d=\"M25.44,0H0V45H34.76V9.32Zm6.32,42H3V3H23.45v8.31h8.31Z\"><\/path><\/g><\/g><\/svg>\t\t\t<\/span>\n\t\t\t\t\t\t\t\t\t<span class=\"elementor-button-text\">T\u00e9l\u00e9chargez la fiche technique<\/span>\n\t\t\t\t\t<\/span>\n\t\t\t\t\t<\/a>\n\t\t\t\t\t\t\t\t<\/div>\n\t\t\t\t\t<\/div>\n\t\t\t\t<\/div>\n\t\t\t\t<\/div>\n\t\t","protected":false},"excerpt":{"rendered":"<p>Les mod\u00e8les de coffrage que nous vous proposons sont de haute qualit\u00e9, afin de vous assurer un achat efficace et une utilisation optimale de nos produits. Nous vous pr\u00e9sentons ci-dessous les diff\u00e9rents mod\u00e8les que nous proposons. Mod\u00e8le de cube &nbsp; Faites glisser pour afficher le tableau complet \u00a0 T\u00e9l\u00e9chargez la fiche technique Mod\u00e8le trivalent &nbsp;&hellip;<\/p>\n","protected":false},"author":3,"featured_media":0,"parent":3757,"menu_order":0,"comment_status":"closed","ping_status":"closed","template":"","meta":{"_seopress_robots_primary_cat":"","_seopress_titles_title":"Mod\u00e8les de coffrage pour construction | Lisanplast","_seopress_titles_desc":"Mod\u00e8les de coffrage utilis\u00e9s pour la mise en forme du b\u00e9ton et la r\u00e9alisation de structures pr\u00e9cises dans les travaux de construction.","_seopress_robots_index":"","footnotes":""},"class_list":["post-3762","page","type-page","status-publish","hentry"],"_links":{"self":[{"href":"https:\/\/lisanplast.com\/fr\/wp-json\/wp\/v2\/pages\/3762","targetHints":{"allow":["GET"]}}],"collection":[{"href":"https:\/\/lisanplast.com\/fr\/wp-json\/wp\/v2\/pages"}],"about":[{"href":"https:\/\/lisanplast.com\/fr\/wp-json\/wp\/v2\/types\/page"}],"author":[{"embeddable":true,"href":"https:\/\/lisanplast.com\/fr\/wp-json\/wp\/v2\/users\/3"}],"replies":[{"embeddable":true,"href":"https:\/\/lisanplast.com\/fr\/wp-json\/wp\/v2\/comments?post=3762"}],"version-history":[{"count":26,"href":"https:\/\/lisanplast.com\/fr\/wp-json\/wp\/v2\/pages\/3762\/revisions"}],"predecessor-version":[{"id":6918,"href":"https:\/\/lisanplast.com\/fr\/wp-json\/wp\/v2\/pages\/3762\/revisions\/6918"}],"up":[{"embeddable":true,"href":"https:\/\/lisanplast.com\/fr\/wp-json\/wp\/v2\/pages\/3757"}],"wp:attachment":[{"href":"https:\/\/lisanplast.com\/fr\/wp-json\/wp\/v2\/media?parent=3762"}],"curies":[{"name":"wp","href":"https:\/\/api.w.org\/{rel}","templated":true}]}}