{"id":3781,"date":"2023-01-30T14:37:33","date_gmt":"2023-01-30T14:37:33","guid":{"rendered":"https:\/\/lisanplast.com\/avis-juridique\/"},"modified":"2026-03-28T09:41:22","modified_gmt":"2026-03-28T09:41:22","slug":"avis-juridique","status":"publish","type":"page","link":"https:\/\/lisanplast.com\/fr\/avis-juridique\/","title":{"rendered":"Avis juridique"},"content":{"rendered":"\t\t<div data-elementor-type=\"wp-page\" data-elementor-id=\"3781\" class=\"elementor elementor-3781 elementor-2097\" data-elementor-post-type=\"page\">\n\t\t\t\t\t\t<section class=\"elementor-section elementor-top-section elementor-element elementor-element-1c6bd8b8 elementor-section-boxed elementor-section-height-default elementor-section-height-default\" data-id=\"1c6bd8b8\" data-element_type=\"section\">\n\t\t\t\t\t\t<div class=\"elementor-container elementor-column-gap-default\">\n\t\t\t\t\t<div class=\"elementor-column elementor-col-100 elementor-top-column elementor-element elementor-element-619a96ee\" data-id=\"619a96ee\" data-element_type=\"column\">\n\t\t\t<div class=\"elementor-widget-wrap elementor-element-populated\">\n\t\t\t\t\t\t<div class=\"elementor-element elementor-element-3120a232 elementor-widget elementor-widget-text-editor\" data-id=\"3120a232\" data-element_type=\"widget\" data-widget_type=\"text-editor.default\">\n\t\t\t\t\t\t\t\t\t<p>Nom de l&rsquo;entreprise : LISANPLAST S.L.<\/p>\n<p>Nom commercial : LISANPLAST S.L.<\/p>\n<p>Si\u00e8ge social : AUTOVIA DEL MEDITERRANEO A-7 SALIDA 588 KM 589 30892 &#8211; LIBRILLA (MURCIA)<\/p>\n<p>CIF \/ NIF: B73013468<\/p>\n<p>T\u00e9l\u00e9phone : 968657657<\/p>\n<p>Courriel : <a href=\"mailto:LISANPLAST@LISANPLAST.COM\">LISANPLAST@LISANPLAST.COM<\/a><\/p>\n<p>Nom de domaine : <a href=\"https:\/\/www.lisantplast.com\/\">https:\/\/www.lisantplast.com<\/a>.<\/p>\n<p>Inscrit au registre du commerce de Murcie Volume : 1515 Folio : 103 Page : MU-28507 Entr\u00e9e : 2<\/p>\n<h2>OBJET<\/h2>\n<p>Le fournisseur, responsable du site Web, met ce document \u00e0 la disposition des utilisateurs avec lesquels il entend respecter les obligations \u00e9nonc\u00e9es dans la loi 34\/2002 sur les services de la soci\u00e9t\u00e9 de l&rsquo;information et le commerce \u00e9lectronique (LSSI-CE), ainsi que les informer. tous les utilisateurs du site concernant les conditions d&rsquo;utilisation du site.<\/p>\n<p>Toute personne qui acc\u00e8de \u00e0 ce site Web assume le r\u00f4le d&rsquo;utilisateur, s&rsquo;engageant au strict respect et au respect des dispositions \u00e9nonc\u00e9es dans le pr\u00e9sent document, ainsi que de toute autre disposition l\u00e9gale applicable.<\/p>\n<p>Le fournisseur se r\u00e9serve le droit de modifier tout type d&rsquo;informations qui pourraient appara\u00eetre sur le site Internet, sans aucune obligation de notifier ou d&rsquo;informer les utilisateurs de ces obligations, la publication sur le site Internet du fournisseur \u00e9tant consid\u00e9r\u00e9e comme suffisante.<\/p>\n<h2>Responsabilit\u00e9<\/h2>\n<p>Le fournisseur est exon\u00e9r\u00e9 de tout type de responsabilit\u00e9 d\u00e9coulant des informations publi\u00e9es sur son site Internet, \u00e0 condition que ces informations aient \u00e9t\u00e9 manipul\u00e9es ou introduites par un tiers qui ne lui est pas li\u00e9.<\/p>\n<p>Le site Internet du fournisseur peut utiliser des cookies (petits fichiers d&rsquo;informations que le serveur envoie \u00e0 l&rsquo;ordinateur de la personne acc\u00e9dant \u00e0 la page) pour r\u00e9aliser certaines fonctions consid\u00e9r\u00e9es comme essentielles au bon fonctionnement et \u00e0 l&rsquo;affichage du site. Les cookies utilis\u00e9s sur le site Internet sont, en tout \u00e9tat de cause, de nature temporaire dans le seul but de rendre plus efficace leur transmission ult\u00e9rieure et disparaissent \u00e0 la fin de la session de l&rsquo;utilisateur. En aucun cas les cookies ne seront utilis\u00e9s pour collecter des informations personnelles.<\/p>\n<p>Depuis le site Internet du client, vous pouvez \u00eatre redirig\u00e9 vers du contenu sur des sites Internet tiers. \u00c9tant donn\u00e9 que le fournisseur ne peut pas toujours contr\u00f4ler les contenus introduits par des tiers sur ses sites Web, il n&rsquo;assume aucune responsabilit\u00e9 quant \u00e0 ces contenus. Dans tous les cas, le fournisseur d\u00e9clare qu&rsquo;il proc\u00e9dera au retrait imm\u00e9diat de tout contenu susceptible de contrevenir \u00e0 la l\u00e9gislation nationale ou internationale, aux bonnes m\u0153urs ou \u00e0 l&rsquo;ordre public, en proc\u00e9dant au retrait imm\u00e9diat de la redirection vers ledit site Web, en informant les autorit\u00e9s comp\u00e9tentes du contenu en question.<\/p>\n<p><strong>Le fournisseur n&rsquo;est pas responsable des informations et du contenu stock\u00e9s, \u00e0 titre d&rsquo;exemple mais sans s&rsquo;y limiter, dans les forums, chats, g\u00e9n\u00e9rateurs de blogs, commentaires, r\u00e9seaux sociaux ou tout autre moyen permettant \u00e0 des tiers de publier du contenu de mani\u00e8re ind\u00e9pendante sur le site Web du fournisseur. site web. Toutefois, et conform\u00e9ment aux dispositions de l&rsquo;art. 11 et 16 de la LSSI-CE, le prestataire se met \u00e0 la disposition de tous les utilisateurs, autorit\u00e9s et forces de s\u00e9curit\u00e9, et collabore activement au retrait ou, le cas \u00e9ch\u00e9ant, au blocage de tout contenu susceptible d&rsquo;affecter ou de contrevenir \u00e0 la l\u00e9gislation nationale ou internationale. , des droits des tiers ou des bonnes m\u0153urs et de l&rsquo;ordre public. Si l&rsquo;utilisateur estime qu&rsquo;il existe un contenu sur le site Web susceptible d&rsquo;\u00eatre soumis \u00e0 cette classification, il est pri\u00e9 d&rsquo;en informer imm\u00e9diatement l&rsquo;administrateur du site Web. <\/strong><\/p>\n<p><\/p>\n<p>Ce site Web a \u00e9t\u00e9 examin\u00e9 et test\u00e9 pour fonctionner correctement. En principe, le bon fonctionnement peut \u00eatre garanti 365 jours par an, 24 heures sur 24. Cependant, le fournisseur n&rsquo;exclut pas la possibilit\u00e9 que certaines erreurs de programmation se produisent, ou que des cas de force majeure, des catastrophes naturelles, des gr\u00e8ves ou des circonstances similaires puissent survenir rendant impossible l&rsquo;acc\u00e8s au site Web.<\/p>\n<h2>Protection des donn\u00e9es personnelles<\/h2>\n<p>Le prestataire est profond\u00e9ment engag\u00e9 au respect de la r\u00e9glementation europ\u00e9enne en mati\u00e8re de protection des donn\u00e9es personnelles, et garantit le plein respect des obligations \u00e9tablies, ainsi que la mise en \u0153uvre des mesures de s\u00e9curit\u00e9 pr\u00e9vues dans le R\u00c8GLEMENT (UE) 2016\/679 du Parlement europ\u00e9en. et du Conseil du 27 avril 2016 et de la loi organique 3\/2018 du 5 d\u00e9cembre sur la protection des donn\u00e9es personnelles et la garantie des droits Num\u00e9rique.<\/p>\n<p>Le prestataire met \u00e0 la disposition des utilisateurs la&nbsp;<a href=\"https:\/\/lisanplast.com\/fr\/politique-de-confidentialite\/\" target=\"_blank\">politique de confidentialit\u00e9 de l&rsquo;entit\u00e9,<\/a>&nbsp;en les informant sur les aspects suivants:<\/p>\n<ul>\n<li>Donn\u00e9es du responsable du traitement.<\/li>\n<\/ul>\n<ul>\n<li>Donn\u00e9es trait\u00e9es.<\/li>\n<\/ul>\n<ul>\n<li>Fichier dans lequel ils sont stock\u00e9s.<\/li>\n<\/ul>\n<ul>\n<li>Objectif du traitement.<\/li>\n<\/ul>\n<ul>\n<li>S&rsquo;il est obligatoire ou non de les fournir, ainsi que les cons\u00e9quences en cas de non-fourniture.<\/li>\n<\/ul>\n<ul>\n<li>Sur les droits dont dispose chaque utilisateur et la proc\u00e9dure pour les exercer.<\/li>\n<\/ul>\n<div>&nbsp;<\/div>\n<h2>Propri\u00e9t\u00e9 intellectuelle et industrielle<\/h2>\n<p>Le site Internet, y compris mais sans s&rsquo;y limiter, sa programmation, son \u00e9dition, sa compilation et autres \u00e9l\u00e9ments n\u00e9cessaires \u00e0 son fonctionnement, les designs, logos, textes et\/ou graphismes sont la propri\u00e9t\u00e9 du prestataire ou, le cas \u00e9ch\u00e9ant, disposent d&rsquo;une licence ou autorisation expresse de une partie des auteurs. Tous les contenus du site Web sont d\u00fbment prot\u00e9g\u00e9s par la r\u00e9glementation en mati\u00e8re de propri\u00e9t\u00e9 intellectuelle et industrielle, ainsi que enregistr\u00e9s dans les registres publics correspondants.<\/p>\n<p>Quelle que soit la finalit\u00e9 pour laquelle ils sont destin\u00e9s, la reproduction totale ou partielle, l&rsquo;utilisation, l&rsquo;exploitation, la distribution et la commercialisation n\u00e9cessitent dans tous les cas l&rsquo;autorisation \u00e9crite pr\u00e9alable du fournisseur. Toute utilisation non pr\u00e9alablement autoris\u00e9e par le prestataire sera consid\u00e9r\u00e9e comme une violation grave des droits de propri\u00e9t\u00e9 intellectuelle ou industrielle de l&rsquo;auteur.<\/p>\n<p>Les dessins, logos, textes et\/ou graphiques autres que ceux du prestataire et susceptibles de figurer sur le site appartiennent \u00e0 leurs propri\u00e9taires respectifs, qui sont eux-m\u00eames responsables de toute \u00e9ventuelle controverse qui pourrait surgir \u00e0 leur sujet. En tout \u00e9tat de cause, le prestataire dispose de l&rsquo;autorisation expresse et pr\u00e9alable de leur part.<\/p>\n<p>Le prestataire <em>autorise <\/em>express\u00e9ment les tiers \u00e0 rediriger directement vers les contenus sp\u00e9cifiques du site Internet et doit en tout cas rediriger vers le site Internet principal du prestataire.<\/p>\n<p>Le fournisseur reconna\u00eet en faveur de ses propri\u00e9taires les droits de propri\u00e9t\u00e9 industrielle et intellectuelle correspondants, sa simple mention ou apparition sur le site Internet n&rsquo;impliquant pas l&rsquo;existence d&rsquo;un quelconque droit ou responsabilit\u00e9 du fournisseur \u00e0 leur \u00e9gard, ni l&rsquo;approbation, le parrainage ou la recommandation de la part du fournisseur. fournisseur de la m\u00eame.<\/p>\n<p>Pour faire tout type d&rsquo;observation concernant d&rsquo;\u00e9ventuelles violations des droits de propri\u00e9t\u00e9 intellectuelle ou industrielle, ainsi que sur tout contenu du site Web, vous pouvez le faire via l&rsquo;e-mail suivant.<\/p>\n<h2>Loi applicable et juridiction<\/h2>\n<p>Pour la r\u00e9solution de tous les litiges ou probl\u00e8mes li\u00e9s \u00e0 ce site Web ou aux activit\u00e9s qui y sont r\u00e9alis\u00e9es, la l\u00e9gislation espagnole s&rsquo;appliquera, \u00e0 laquelle les parties se soumettent express\u00e9ment, \u00e9tant comp\u00e9tentes pour la r\u00e9solution de tous les conflits survenant ou li\u00e9s \u00e0 son utilisation, les Cours et Tribunaux. de MURCIE.<\/p>\t\t\t\t\t\t\t\t<\/div>\n\t\t\t\t\t<\/div>\n\t\t<\/div>\n\t\t\t\t\t<\/div>\n\t\t<\/section>\n\t\t\t\t<\/div>\n\t\t","protected":false},"excerpt":{"rendered":"<p>Nom de l&rsquo;entreprise : LISANPLAST S.L. Nom commercial : LISANPLAST S.L. Si\u00e8ge social : AUTOVIA DEL MEDITERRANEO A-7 SALIDA 588 KM 589 30892 &#8211; LIBRILLA (MURCIA) CIF \/ NIF: B73013468 T\u00e9l\u00e9phone : 968657657 Courriel : LISANPLAST@LISANPLAST.COM Nom de domaine : https:\/\/www.lisantplast.com. Inscrit au registre du commerce de Murcie Volume : 1515 Folio : 103 Page&hellip;<\/p>\n","protected":false},"author":3,"featured_media":0,"parent":0,"menu_order":0,"comment_status":"closed","ping_status":"closed","template":"","meta":{"_seopress_robots_primary_cat":"","_seopress_titles_title":"Avis juridique Lisanplast | Informations l\u00e9gales","_seopress_titles_desc":"Consultez l\u2019avis juridique de Lisanplast concernant les conditions d\u2019utilisation du site web, la propri\u00e9t\u00e9 intellectuelle et les responsabilit\u00e9s l\u00e9gales.","_seopress_robots_index":"","footnotes":""},"class_list":["post-3781","page","type-page","status-publish","hentry"],"_links":{"self":[{"href":"https:\/\/lisanplast.com\/fr\/wp-json\/wp\/v2\/pages\/3781","targetHints":{"allow":["GET"]}}],"collection":[{"href":"https:\/\/lisanplast.com\/fr\/wp-json\/wp\/v2\/pages"}],"about":[{"href":"https:\/\/lisanplast.com\/fr\/wp-json\/wp\/v2\/types\/page"}],"author":[{"embeddable":true,"href":"https:\/\/lisanplast.com\/fr\/wp-json\/wp\/v2\/users\/3"}],"replies":[{"embeddable":true,"href":"https:\/\/lisanplast.com\/fr\/wp-json\/wp\/v2\/comments?post=3781"}],"version-history":[{"count":7,"href":"https:\/\/lisanplast.com\/fr\/wp-json\/wp\/v2\/pages\/3781\/revisions"}],"predecessor-version":[{"id":6920,"href":"https:\/\/lisanplast.com\/fr\/wp-json\/wp\/v2\/pages\/3781\/revisions\/6920"}],"wp:attachment":[{"href":"https:\/\/lisanplast.com\/fr\/wp-json\/wp\/v2\/media?parent=3781"}],"curies":[{"name":"wp","href":"https:\/\/api.w.org\/{rel}","templated":true}]}}