{"id":3785,"date":"2023-01-16T15:24:52","date_gmt":"2023-01-16T15:24:52","guid":{"rendered":"https:\/\/lisanplast.com\/joints-et-profiles-pvc-pour-vitrage-et-cloture\/"},"modified":"2026-03-28T09:43:20","modified_gmt":"2026-03-28T09:43:20","slug":"joints-et-profiles-pvc-pour-vitrage-et-cloture","status":"publish","type":"page","link":"https:\/\/lisanplast.com\/fr\/joints-et-profiles-pvc-pour-vitrage-et-cloture\/","title":{"rendered":"Joints et profil\u00e9s PVC pour vitrage et cl\u00f4ture"},"content":{"rendered":"\t\t<div data-elementor-type=\"wp-page\" data-elementor-id=\"3785\" class=\"elementor elementor-3785 elementor-1763\" data-elementor-post-type=\"page\">\n\t\t\t\t<div class=\"elementor-element elementor-element-820fdb8 e-flex e-con-boxed e-con e-parent\" data-id=\"820fdb8\" data-element_type=\"container\">\n\t\t\t\t\t<div class=\"e-con-inner\">\n\t\t\t\t<div class=\"elementor-element elementor-element-b392ce3 elementor-widget elementor-widget-heading\" data-id=\"b392ce3\" data-element_type=\"widget\" data-widget_type=\"heading.default\">\n\t\t\t\t\t<h2 class=\"elementor-heading-title elementor-size-default\">Fabricant de joints et profil\u00e9s pour vitrage et menuiserie m\u00e9tallique<\/h2>\t\t\t\t<\/div>\n\t\t\t\t<div class=\"elementor-element elementor-element-3acdc84 elementor-widget elementor-widget-text-editor\" data-id=\"3acdc84\" data-element_type=\"widget\" data-widget_type=\"text-editor.default\">\n\t\t\t\t\t\t\t\t\t<p>Nous disposons d\u2019un large catalogue de <strong>joints et profil\u00e9s en PVC et en caoutchouc pour vitrages<\/strong>. Jetez un \u0153il \u00e0 notre catalogue de produits et choisissez celui que vous jugez n\u00e9cessaire. <\/p>\n\t\t\t\t\t\t\t\t<\/div>\n\t\t\t\t\t<\/div>\n\t\t\t\t<\/div>\n\t\t<div class=\"elementor-element elementor-element-304d977 e-flex e-con-boxed e-con e-parent\" data-id=\"304d977\" data-element_type=\"container\">\n\t\t\t\t\t<div class=\"e-con-inner\">\n\t\t<div class=\"elementor-element elementor-element-59793e3 e-con-full e-flex e-con e-child\" data-id=\"59793e3\" data-element_type=\"container\">\n\t\t\t\t<div class=\"elementor-element elementor-element-03c4d6d elementor-widget elementor-widget-image\" data-id=\"03c4d6d\" data-element_type=\"widget\" data-widget_type=\"image.default\">\n\t\t\t\t\t\t\t\t\t\t\t\t\t\t\t<img fetchpriority=\"high\" decoding=\"async\" width=\"800\" height=\"800\" src=\"https:\/\/lisanplast.com\/wp-content\/uploads\/juntas-pvc-acristalamientos-huecas-imagen.png\" class=\"attachment-full size-full wp-image-3667\" alt=\"\" srcset=\"https:\/\/lisanplast.com\/wp-content\/uploads\/juntas-pvc-acristalamientos-huecas-imagen.png 800w, https:\/\/lisanplast.com\/wp-content\/uploads\/juntas-pvc-acristalamientos-huecas-imagen-300x300.png 300w, https:\/\/lisanplast.com\/wp-content\/uploads\/juntas-pvc-acristalamientos-huecas-imagen-150x150.png 150w, https:\/\/lisanplast.com\/wp-content\/uploads\/juntas-pvc-acristalamientos-huecas-imagen-768x768.png 768w\" sizes=\"(max-width: 800px) 100vw, 800px\" \/>\t\t\t\t\t\t\t\t\t\t\t\t\t\t\t<\/div>\n\t\t\t\t<\/div>\n\t\t<div class=\"elementor-element elementor-element-7cf6ec4 e-con-full e-flex e-con e-child\" data-id=\"7cf6ec4\" data-element_type=\"container\">\n\t\t\t\t<div class=\"elementor-element elementor-element-acbabda elementor-widget elementor-widget-heading\" data-id=\"acbabda\" data-element_type=\"widget\" data-widget_type=\"heading.default\">\n\t\t\t\t\t<h3 class=\"elementor-heading-title elementor-size-default\">Joint de vitrage en PVC<\/h3>\t\t\t\t<\/div>\n\t\t\t\t<div class=\"elementor-element elementor-element-8eaf06b elementor-widget elementor-widget-text-editor\" data-id=\"8eaf06b\" data-element_type=\"widget\" data-widget_type=\"text-editor.default\">\n\t\t\t\t\t\t\t\t\t<p>Ce type de <strong>joints de vitrage en PVC<\/strong> est id\u00e9al pour prot\u00e9ger la zone d&rsquo;application du produit. Gr\u00e2ce au PVC, il permet au verre de glisser facilement et est applicable dans plusieurs secteurs. De m\u00eame, il est facile \u00e0 appliquer et ne vous prendra donc pas beaucoup de temps.  <\/p>\n\t\t\t\t\t\t\t\t<\/div>\n\t\t\t\t<div class=\"elementor-element elementor-element-d2ae58b elementor-align-left elementor-widget elementor-widget-the7_button_widget\" data-id=\"d2ae58b\" data-element_type=\"widget\" data-widget_type=\"the7_button_widget.default\">\n\t\t\t\t<div class=\"elementor-widget-container\">\n\t\t\t\t\t<div class=\"elementor-button-wrapper\"><a href=\"https:\/\/lisanplast.com\/fr\/joints-et-profiles-pvc-pour-vitrage-et-cloture\/joints-pvc-pour-vitrage\/\" class=\"box-button elementor-button elementor-size-sm\">Voir les produits<svg xmlns=\"http:\/\/www.w3.org\/2000\/svg\" viewBox=\"0 0 119.56 44.26\"><defs><style>.cls-1{fill:#fff;}<\/style><\/defs><title>Recurso 1<\/title><g id=\"Capa_2\" data-name=\"Capa 2\"><g id=\"Capa_1-2\" data-name=\"Capa 1\"><polygon class=\"cls-1\" points=\"119.56 22.13 81.22 0 81.22 17.13 0 17.13 0 27.13 81.22 27.13 81.22 44.26 119.56 22.13\"><\/polygon><\/g><\/g><\/svg><\/a><\/div>\t\t\t\t<\/div>\n\t\t\t\t<\/div>\n\t\t\t\t<\/div>\n\t\t\t\t\t<\/div>\n\t\t\t\t<\/div>\n\t\t<div class=\"elementor-element elementor-element-ae595bc e-flex e-con-boxed e-con e-parent\" data-id=\"ae595bc\" data-element_type=\"container\">\n\t\t\t\t\t<div class=\"e-con-inner\">\n\t\t<div class=\"elementor-element elementor-element-79a8fef e-con-full e-flex e-con e-child\" data-id=\"79a8fef\" data-element_type=\"container\">\n\t\t\t\t<div class=\"elementor-element elementor-element-b9ed20d elementor-widget elementor-widget-image\" data-id=\"b9ed20d\" data-element_type=\"widget\" data-widget_type=\"image.default\">\n\t\t\t\t\t\t\t\t\t\t\t\t\t\t\t<img decoding=\"async\" width=\"800\" height=\"800\" src=\"https:\/\/lisanplast.com\/wp-content\/uploads\/juntas-mosquitera-pvc-imagen.png\" class=\"attachment-full size-full wp-image-3655\" alt=\"Juntas de PVC para mosquiteras utilizadas para fijar la malla en ventanas.\" srcset=\"https:\/\/lisanplast.com\/wp-content\/uploads\/juntas-mosquitera-pvc-imagen.png 800w, https:\/\/lisanplast.com\/wp-content\/uploads\/juntas-mosquitera-pvc-imagen-300x300.png 300w, https:\/\/lisanplast.com\/wp-content\/uploads\/juntas-mosquitera-pvc-imagen-150x150.png 150w, https:\/\/lisanplast.com\/wp-content\/uploads\/juntas-mosquitera-pvc-imagen-768x768.png 768w\" sizes=\"(max-width: 800px) 100vw, 800px\" \/>\t\t\t\t\t\t\t\t\t\t\t\t\t\t\t<\/div>\n\t\t\t\t<\/div>\n\t\t<div class=\"elementor-element elementor-element-51e74d2 e-con-full e-flex e-con e-child\" data-id=\"51e74d2\" data-element_type=\"container\">\n\t\t\t\t<div class=\"elementor-element elementor-element-8de456c elementor-widget elementor-widget-heading\" data-id=\"8de456c\" data-element_type=\"widget\" data-widget_type=\"heading.default\">\n\t\t\t\t\t<h3 class=\"elementor-heading-title elementor-size-default\">Joint de moustiquaire en PVC<\/h3>\t\t\t\t<\/div>\n\t\t\t\t<div class=\"elementor-element elementor-element-0e3371a elementor-widget elementor-widget-text-editor\" data-id=\"0e3371a\" data-element_type=\"widget\" data-widget_type=\"text-editor.default\">\n\t\t\t\t\t\t\t\t\t<p>Les <strong>joints PVC pour moustiquaires<\/strong> sont de haute qualit\u00e9 pour prot\u00e9ger la zone d&rsquo;application du produit. De m\u00eame, il est facile \u00e0 appliquer et ne vous prendra donc pas beaucoup de temps. Il est \u00e9galement applicable dans diff\u00e9rents secteurs.  <\/p>\n\t\t\t\t\t\t\t\t<\/div>\n\t\t\t\t<div class=\"elementor-element elementor-element-8fc6621 elementor-align-left elementor-widget elementor-widget-the7_button_widget\" data-id=\"8fc6621\" data-element_type=\"widget\" data-widget_type=\"the7_button_widget.default\">\n\t\t\t\t<div class=\"elementor-widget-container\">\n\t\t\t\t\t<div class=\"elementor-button-wrapper\"><a href=\"https:\/\/lisanplast.com\/fr\/joints-et-profiles-pvc-pour-vitrage-et-cloture\/joints-en-caoutchouc-pour-moustiquaire\/\" class=\"box-button elementor-button elementor-size-sm\">Voir les produits<svg xmlns=\"http:\/\/www.w3.org\/2000\/svg\" viewBox=\"0 0 119.56 44.26\"><defs><style>.cls-1{fill:#fff;}<\/style><\/defs><title>Recurso 1<\/title><g id=\"Capa_2\" data-name=\"Capa 2\"><g id=\"Capa_1-2\" data-name=\"Capa 1\"><polygon class=\"cls-1\" points=\"119.56 22.13 81.22 0 81.22 17.13 0 17.13 0 27.13 81.22 27.13 81.22 44.26 119.56 22.13\"><\/polygon><\/g><\/g><\/svg><\/a><\/div>\t\t\t\t<\/div>\n\t\t\t\t<\/div>\n\t\t\t\t<\/div>\n\t\t\t\t\t<\/div>\n\t\t\t\t<\/div>\n\t\t<div class=\"elementor-element elementor-element-e21502c e-flex e-con-boxed e-con e-parent\" data-id=\"e21502c\" data-element_type=\"container\">\n\t\t\t\t\t<div class=\"e-con-inner\">\n\t\t<div class=\"elementor-element elementor-element-0d877f7 e-con-full e-flex e-con e-child\" data-id=\"0d877f7\" data-element_type=\"container\">\n\t\t\t\t<div class=\"elementor-element elementor-element-d69b9e7 elementor-widget elementor-widget-image\" data-id=\"d69b9e7\" data-element_type=\"widget\" data-widget_type=\"image.default\">\n\t\t\t\t\t\t\t\t\t\t\t\t\t\t\t<img decoding=\"async\" width=\"800\" height=\"800\" src=\"https:\/\/lisanplast.com\/wp-content\/uploads\/juntas-cristaleria-mamparas-oficina-imagen.png\" class=\"attachment-full size-full wp-image-3657\" alt=\"Juntas para cristaler\u00eda y mamparas utilizadas en oficinas y divisiones de vidrio.\" srcset=\"https:\/\/lisanplast.com\/wp-content\/uploads\/juntas-cristaleria-mamparas-oficina-imagen.png 800w, https:\/\/lisanplast.com\/wp-content\/uploads\/juntas-cristaleria-mamparas-oficina-imagen-300x300.png 300w, https:\/\/lisanplast.com\/wp-content\/uploads\/juntas-cristaleria-mamparas-oficina-imagen-150x150.png 150w, https:\/\/lisanplast.com\/wp-content\/uploads\/juntas-cristaleria-mamparas-oficina-imagen-768x768.png 768w\" sizes=\"(max-width: 800px) 100vw, 800px\" \/>\t\t\t\t\t\t\t\t\t\t\t\t\t\t\t<\/div>\n\t\t\t\t<\/div>\n\t\t<div class=\"elementor-element elementor-element-f29fc65 e-con-full e-flex e-con e-child\" data-id=\"f29fc65\" data-element_type=\"container\">\n\t\t\t\t<div class=\"elementor-element elementor-element-ce792bd elementor-widget elementor-widget-heading\" data-id=\"ce792bd\" data-element_type=\"widget\" data-widget_type=\"heading.default\">\n\t\t\t\t\t<h3 class=\"elementor-heading-title elementor-size-default\">Joint PVC pour parois de salle de bains<\/h3>\t\t\t\t<\/div>\n\t\t\t\t<div class=\"elementor-element elementor-element-138dcc5 elementor-widget elementor-widget-text-editor\" data-id=\"138dcc5\" data-element_type=\"widget\" data-widget_type=\"text-editor.default\">\n\t\t\t\t\t\t\t\t\t<p>Les <strong>joints PVC pour parois de salle de bain<\/strong> que nous vendons conviennent \u00e0 tous travaux li\u00e9s \u00e0 la verrerie ou \u00e0 la menuiserie de salle de bain. Nous proposons \u00e9galement ce produit dans diff\u00e9rents mat\u00e9riaux afin que vous puissiez choisir celui qui vous convient le mieux. <\/p>\n\t\t\t\t\t\t\t\t<\/div>\n\t\t\t\t<div class=\"elementor-element elementor-element-1a62f38 elementor-align-left elementor-widget elementor-widget-the7_button_widget\" data-id=\"1a62f38\" data-element_type=\"widget\" data-widget_type=\"the7_button_widget.default\">\n\t\t\t\t<div class=\"elementor-widget-container\">\n\t\t\t\t\t<div class=\"elementor-button-wrapper\"><a href=\"https:\/\/lisanplast.com\/fr\/joints-et-profiles-pvc-pour-vitrage-et-cloture\/joints-pvc-pour-parois-de-salle-de-bain\/\" class=\"box-button elementor-button elementor-size-sm\">Voir le produit<svg xmlns=\"http:\/\/www.w3.org\/2000\/svg\" viewBox=\"0 0 119.56 44.26\"><defs><style>.cls-1{fill:#fff;}<\/style><\/defs><title>Recurso 1<\/title><g id=\"Capa_2\" data-name=\"Capa 2\"><g id=\"Capa_1-2\" data-name=\"Capa 1\"><polygon class=\"cls-1\" points=\"119.56 22.13 81.22 0 81.22 17.13 0 17.13 0 27.13 81.22 27.13 81.22 44.26 119.56 22.13\"><\/polygon><\/g><\/g><\/svg><\/a><\/div>\t\t\t\t<\/div>\n\t\t\t\t<\/div>\n\t\t\t\t<\/div>\n\t\t\t\t\t<\/div>\n\t\t\t\t<\/div>\n\t\t<div class=\"elementor-element elementor-element-1bd6ed6 e-flex e-con-boxed e-con e-parent\" data-id=\"1bd6ed6\" data-element_type=\"container\">\n\t\t\t\t\t<div class=\"e-con-inner\">\n\t\t<div class=\"elementor-element elementor-element-c7b4c56 e-con-full e-flex e-con e-child\" data-id=\"c7b4c56\" data-element_type=\"container\">\n\t\t\t\t<div class=\"elementor-element elementor-element-7a76554 elementor-widget elementor-widget-image\" data-id=\"7a76554\" data-element_type=\"widget\" data-widget_type=\"image.default\">\n\t\t\t\t\t\t\t\t\t\t\t\t\t\t\t<img loading=\"lazy\" decoding=\"async\" width=\"800\" height=\"800\" src=\"https:\/\/lisanplast.com\/wp-content\/uploads\/junta-pvc-carpinteria-aluminio-imagen.png\" class=\"attachment-full size-full wp-image-3664\" alt=\"Junta de PVC para carpinter\u00eda de aluminio utilizada en ventanas y cerramientos.\" srcset=\"https:\/\/lisanplast.com\/wp-content\/uploads\/junta-pvc-carpinteria-aluminio-imagen.png 800w, https:\/\/lisanplast.com\/wp-content\/uploads\/junta-pvc-carpinteria-aluminio-imagen-300x300.png 300w, https:\/\/lisanplast.com\/wp-content\/uploads\/junta-pvc-carpinteria-aluminio-imagen-150x150.png 150w, https:\/\/lisanplast.com\/wp-content\/uploads\/junta-pvc-carpinteria-aluminio-imagen-768x768.png 768w\" sizes=\"(max-width: 800px) 100vw, 800px\" \/>\t\t\t\t\t\t\t\t\t\t\t\t\t\t\t<\/div>\n\t\t\t\t<\/div>\n\t\t<div class=\"elementor-element elementor-element-1a80314 e-con-full e-flex e-con e-child\" data-id=\"1a80314\" data-element_type=\"container\">\n\t\t\t\t<div class=\"elementor-element elementor-element-c62ae14 elementor-widget elementor-widget-heading\" data-id=\"c62ae14\" data-element_type=\"widget\" data-widget_type=\"heading.default\">\n\t\t\t\t\t<h3 class=\"elementor-heading-title elementor-size-default\">Joint PVC menuiserie aluminium<\/h3>\t\t\t\t<\/div>\n\t\t\t\t<div class=\"elementor-element elementor-element-5129711 elementor-widget elementor-widget-text-editor\" data-id=\"5129711\" data-element_type=\"widget\" data-widget_type=\"text-editor.default\">\n\t\t\t\t\t\t\t\t\t<p>Les <strong>joints PVC pour menuiserie aluminium<\/strong> que nous avons sur notre site sont de tr\u00e8s bonne qualit\u00e9 et id\u00e9aux pour une utilisation avec moustiquaires, coulissantes, fixes, etc. L&rsquo;installation est tr\u00e8s simple, pour la rendre la plus confortable possible pour nos comparateurs. <\/p>\n\t\t\t\t\t\t\t\t<\/div>\n\t\t\t\t<div class=\"elementor-element elementor-element-232e3f6 elementor-align-left elementor-widget elementor-widget-the7_button_widget\" data-id=\"232e3f6\" data-element_type=\"widget\" data-widget_type=\"the7_button_widget.default\">\n\t\t\t\t<div class=\"elementor-widget-container\">\n\t\t\t\t\t<div class=\"elementor-button-wrapper\"><a href=\"https:\/\/lisanplast.com\/fr\/joints-et-profiles-pvc-pour-vitrage-et-cloture\/joints-pvc-pour-menuiseries-aluminium\/\" class=\"box-button elementor-button elementor-size-sm\">Voir le produit<svg xmlns=\"http:\/\/www.w3.org\/2000\/svg\" viewBox=\"0 0 119.56 44.26\"><defs><style>.cls-1{fill:#fff;}<\/style><\/defs><title>Recurso 1<\/title><g id=\"Capa_2\" data-name=\"Capa 2\"><g id=\"Capa_1-2\" data-name=\"Capa 1\"><polygon class=\"cls-1\" points=\"119.56 22.13 81.22 0 81.22 17.13 0 17.13 0 27.13 81.22 27.13 81.22 44.26 119.56 22.13\"><\/polygon><\/g><\/g><\/svg><\/a><\/div>\t\t\t\t<\/div>\n\t\t\t\t<\/div>\n\t\t\t\t<\/div>\n\t\t\t\t\t<\/div>\n\t\t\t\t<\/div>\n\t\t<div class=\"elementor-element elementor-element-0baca67 e-flex e-con-boxed e-con e-parent\" data-id=\"0baca67\" data-element_type=\"container\">\n\t\t\t\t\t<div class=\"e-con-inner\">\n\t\t<div class=\"elementor-element elementor-element-c31cff3 e-con-full e-flex e-con e-child\" data-id=\"c31cff3\" data-element_type=\"container\">\n\t\t\t\t<div class=\"elementor-element elementor-element-60efbf5 elementor-widget elementor-widget-image\" data-id=\"60efbf5\" data-element_type=\"widget\" data-widget_type=\"image.default\">\n\t\t\t\t\t\t\t\t\t\t\t\t\t\t\t<img loading=\"lazy\" decoding=\"async\" width=\"800\" height=\"800\" src=\"https:\/\/lisanplast.com\/wp-content\/uploads\/junta-caucho-carpinteria-aluminio-imagen.png\" class=\"attachment-full size-full wp-image-3665\" alt=\"\" srcset=\"https:\/\/lisanplast.com\/wp-content\/uploads\/junta-caucho-carpinteria-aluminio-imagen.png 800w, https:\/\/lisanplast.com\/wp-content\/uploads\/junta-caucho-carpinteria-aluminio-imagen-300x300.png 300w, https:\/\/lisanplast.com\/wp-content\/uploads\/junta-caucho-carpinteria-aluminio-imagen-150x150.png 150w, https:\/\/lisanplast.com\/wp-content\/uploads\/junta-caucho-carpinteria-aluminio-imagen-768x768.png 768w\" sizes=\"(max-width: 800px) 100vw, 800px\" \/>\t\t\t\t\t\t\t\t\t\t\t\t\t\t\t<\/div>\n\t\t\t\t<\/div>\n\t\t<div class=\"elementor-element elementor-element-55dd61e e-con-full e-flex e-con e-child\" data-id=\"55dd61e\" data-element_type=\"container\">\n\t\t\t\t<div class=\"elementor-element elementor-element-2387962 elementor-widget elementor-widget-heading\" data-id=\"2387962\" data-element_type=\"widget\" data-widget_type=\"heading.default\">\n\t\t\t\t\t<h3 class=\"elementor-heading-title elementor-size-default\">Joint en caoutchouc de menuiserie en aluminium<\/h3>\t\t\t\t<\/div>\n\t\t\t\t<div class=\"elementor-element elementor-element-cf63257 elementor-widget elementor-widget-text-editor\" data-id=\"cf63257\" data-element_type=\"widget\" data-widget_type=\"text-editor.default\">\n\t\t\t\t\t\t\t\t\t<p>Ce type de <strong>joints en caoutchouc pour menuiserie en aluminium<\/strong> est id\u00e9al pour prot\u00e9ger la zone d&rsquo;application du produit. Gr\u00e2ce au caoutchouc, il permet au verre de glisser facilement et est applicable dans plusieurs secteurs. De m\u00eame, il est facile \u00e0 appliquer et ne vous prendra donc pas beaucoup de temps.  <\/p>\n\t\t\t\t\t\t\t\t<\/div>\n\t\t\t\t<div class=\"elementor-element elementor-element-255b5d9 elementor-align-left elementor-widget elementor-widget-the7_button_widget\" data-id=\"255b5d9\" data-element_type=\"widget\" data-widget_type=\"the7_button_widget.default\">\n\t\t\t\t<div class=\"elementor-widget-container\">\n\t\t\t\t\t<div class=\"elementor-button-wrapper\"><a href=\"https:\/\/lisanplast.com\/fr\/joints-et-profiles-pvc-pour-vitrage-et-cloture\/joints-en-caoutchouc-pour-menuiseries-en-aluminium\/\" class=\"box-button elementor-button elementor-size-sm\">Voir les produits<svg xmlns=\"http:\/\/www.w3.org\/2000\/svg\" viewBox=\"0 0 119.56 44.26\"><defs><style>.cls-1{fill:#fff;}<\/style><\/defs><title>Recurso 1<\/title><g id=\"Capa_2\" data-name=\"Capa 2\"><g id=\"Capa_1-2\" data-name=\"Capa 1\"><polygon class=\"cls-1\" points=\"119.56 22.13 81.22 0 81.22 17.13 0 17.13 0 27.13 81.22 27.13 81.22 44.26 119.56 22.13\"><\/polygon><\/g><\/g><\/svg><\/a><\/div>\t\t\t\t<\/div>\n\t\t\t\t<\/div>\n\t\t\t\t<\/div>\n\t\t\t\t\t<\/div>\n\t\t\t\t<\/div>\n\t\t<div class=\"elementor-element elementor-element-796cf63 e-con-full e-flex e-con e-parent\" data-id=\"796cf63\" data-element_type=\"container\">\n\t\t<div class=\"elementor-element elementor-element-ddd97a6 e-con-full e-flex e-con e-child\" data-id=\"ddd97a6\" data-element_type=\"container\">\n\t\t\t\t<div class=\"elementor-element elementor-element-8b9a604 elementor-widget elementor-widget-heading\" data-id=\"8b9a604\" data-element_type=\"widget\" data-widget_type=\"heading.default\">\n\t\t\t\t\t<h2 class=\"elementor-heading-title elementor-size-default\">\u00cates-vous int\u00e9ress\u00e9 par nos joints pour moustiquaires, fen\u00eatres et verres?<\/h2>\t\t\t\t<\/div>\n\t\t\t\t<div class=\"elementor-element elementor-element-7e27831 elementor-widget elementor-widget-text-editor\" data-id=\"7e27831\" data-element_type=\"widget\" data-widget_type=\"text-editor.default\">\n\t\t\t\t\t\t\t\t\t<p>Si vous avez besoin de plus d&rsquo;informations sur nos joints pour moustiquaires, fen\u00eatres ou vitres, n&rsquo;h\u00e9sitez pas \u00e0 nous contacter et nous essaierons de r\u00e9soudre vos questions dans les plus brefs d\u00e9lais.<\/p>\n\t\t\t\t\t\t\t\t<\/div>\n\t\t\t\t<\/div>\n\t\t<div class=\"elementor-element elementor-element-610bfde e-con-full e-flex e-con e-child\" data-id=\"610bfde\" data-element_type=\"container\">\n\t\t\t\t<div class=\"elementor-element elementor-element-926309c elementor-widget elementor-widget-button\" data-id=\"926309c\" data-element_type=\"widget\" data-widget_type=\"button.default\">\n\t\t\t\t\t\t\t\t\t\t<a class=\"elementor-button elementor-button-link elementor-size-sm\" href=\"https:\/\/lisanplast.com\/fr\/contact\/\">\n\t\t\t\t\t\t<span class=\"elementor-button-content-wrapper\">\n\t\t\t\t\t\t\t\t\t<span class=\"elementor-button-text\">Contact<\/span>\n\t\t\t\t\t<\/span>\n\t\t\t\t\t<\/a>\n\t\t\t\t\t\t\t\t<\/div>\n\t\t\t\t<\/div>\n\t\t\t\t<\/div>\n\t\t\t\t<\/div>\n\t\t","protected":false},"excerpt":{"rendered":"<p>Fabricant de joints et profil\u00e9s pour vitrage et menuiserie m\u00e9tallique Nous disposons d\u2019un large catalogue de joints et profil\u00e9s en PVC et en caoutchouc pour vitrages. Jetez un \u0153il \u00e0 notre catalogue de produits et choisissez celui que vous jugez n\u00e9cessaire. Joint de vitrage en PVC Ce type de joints de vitrage en PVC est&hellip;<\/p>\n","protected":false},"author":3,"featured_media":0,"parent":0,"menu_order":0,"comment_status":"closed","ping_status":"closed","template":"","meta":{"_seopress_robots_primary_cat":"","_seopress_titles_title":"Joints et profil\u00e9s PVC | Solutions Lisanplast","_seopress_titles_desc":"Fabrication de joint profil sur mesure, pas de s\u00e9rie. Expertise B2B +20 ans.","_seopress_robots_index":"","footnotes":""},"class_list":["post-3785","page","type-page","status-publish","hentry"],"_links":{"self":[{"href":"https:\/\/lisanplast.com\/fr\/wp-json\/wp\/v2\/pages\/3785","targetHints":{"allow":["GET"]}}],"collection":[{"href":"https:\/\/lisanplast.com\/fr\/wp-json\/wp\/v2\/pages"}],"about":[{"href":"https:\/\/lisanplast.com\/fr\/wp-json\/wp\/v2\/types\/page"}],"author":[{"embeddable":true,"href":"https:\/\/lisanplast.com\/fr\/wp-json\/wp\/v2\/users\/3"}],"replies":[{"embeddable":true,"href":"https:\/\/lisanplast.com\/fr\/wp-json\/wp\/v2\/comments?post=3785"}],"version-history":[{"count":14,"href":"https:\/\/lisanplast.com\/fr\/wp-json\/wp\/v2\/pages\/3785\/revisions"}],"predecessor-version":[{"id":6896,"href":"https:\/\/lisanplast.com\/fr\/wp-json\/wp\/v2\/pages\/3785\/revisions\/6896"}],"wp:attachment":[{"href":"https:\/\/lisanplast.com\/fr\/wp-json\/wp\/v2\/media?parent=3785"}],"curies":[{"name":"wp","href":"https:\/\/api.w.org\/{rel}","templated":true}]}}