{"id":3787,"date":"2023-01-30T16:21:03","date_gmt":"2023-01-30T16:21:03","guid":{"rendered":"https:\/\/lisanplast.com\/telecharger-les-catalogues\/"},"modified":"2026-03-31T17:02:36","modified_gmt":"2026-03-31T17:02:36","slug":"telecharger-les-catalogues","status":"publish","type":"page","link":"https:\/\/lisanplast.com\/fr\/telecharger-les-catalogues\/","title":{"rendered":"T\u00e9l\u00e9charger les catalogues"},"content":{"rendered":"\t\t<div data-elementor-type=\"wp-page\" data-elementor-id=\"3787\" class=\"elementor elementor-3787 elementor-2132\" data-elementor-post-type=\"page\">\n\t\t\t\t<div class=\"elementor-element elementor-element-8270f06 e-flex e-con-boxed e-con e-parent\" data-id=\"8270f06\" data-element_type=\"container\">\n\t\t\t\t\t<div class=\"e-con-inner\">\n\t\t<div class=\"elementor-element elementor-element-059a7ea e-con-full e-flex e-con e-child\" data-id=\"059a7ea\" data-element_type=\"container\">\n\t\t<div class=\"elementor-element elementor-element-ecbfd39 e-flex e-con-boxed e-con e-child\" data-id=\"ecbfd39\" data-element_type=\"container\">\n\t\t\t\t\t<div class=\"e-con-inner\">\n\t\t\t\t<div class=\"elementor-element elementor-element-c1a293b elementor-widget elementor-widget-text-editor\" data-id=\"c1a293b\" data-element_type=\"widget\" data-widget_type=\"text-editor.default\">\n\t\t\t\t\t\t\t\t\t<p>Chez Lisanplast nous disposons de diff\u00e9rents catalogues disponibles pour une multitude de secteurs. D\u00e9couvrez la large gamme de produits avec nos catalogues d\u00e9taill\u00e9s disponible dans t\u00e9l\u00e9chargement sur notre site internet.<\/p>\t\t\t\t\t\t\t\t<\/div>\n\t\t\t\t\t<\/div>\n\t\t\t\t<\/div>\n\t\t\t\t<\/div>\n\t\t\t\t\t<\/div>\n\t\t\t\t<\/div>\n\t\t<div class=\"elementor-element elementor-element-f9b228b e-flex e-con-boxed e-con e-parent\" data-id=\"f9b228b\" data-element_type=\"container\" data-settings=\"{&quot;background_background&quot;:&quot;classic&quot;}\">\n\t\t\t\t\t<div class=\"e-con-inner\">\n\t\t<div class=\"elementor-element elementor-element-9e5bf87 e-flex e-con-boxed e-con e-child\" data-id=\"9e5bf87\" data-element_type=\"container\" data-settings=\"{&quot;background_background&quot;:&quot;classic&quot;}\">\n\t\t\t\t\t<div class=\"e-con-inner\">\n\t\t<div class=\"elementor-element elementor-element-4799c96 e-flex e-con-boxed e-con e-child\" data-id=\"4799c96\" data-element_type=\"container\">\n\t\t\t\t\t<div class=\"e-con-inner\">\n\t\t\t\t<div class=\"elementor-element elementor-element-05e505a elementor-align-center elementor-widget elementor-widget-the7_button_widget\" data-id=\"05e505a\" data-element_type=\"widget\" data-widget_type=\"the7_button_widget.default\">\n\t\t\t\t<div class=\"elementor-widget-container\">\n\t\t\t\t\t<div class=\"elementor-button-wrapper\"><a href=\"https:\/\/lisanplast.com\/wp-content\/uploads\/catalogo.albanileria.pdf\" target=\"_blank\" class=\"box-button elementor-button elementor-size-sm\">T\u00e9l\u00e9charger le catalogue<svg xmlns=\"http:\/\/www.w3.org\/2000\/svg\" viewBox=\"0 0 119.56 44.26\"><defs><style>.cls-1{fill:#fff;}<\/style><\/defs><title>Recurso 1<\/title><g id=\"Capa_2\" data-name=\"Capa 2\"><g id=\"Capa_1-2\" data-name=\"Capa 1\"><polygon class=\"cls-1\" points=\"119.56 22.13 81.22 0 81.22 17.13 0 17.13 0 27.13 81.22 27.13 81.22 44.26 119.56 22.13\"><\/polygon><\/g><\/g><\/svg><\/a><\/div>\t\t\t\t<\/div>\n\t\t\t\t<\/div>\n\t\t<div class=\"elementor-element elementor-element-55b373d e-con-full e-flex e-con e-child\" data-id=\"55b373d\" data-element_type=\"container\">\n\t\t\t\t<div class=\"elementor-element elementor-element-3025848 elementor-widget elementor-widget-heading\" data-id=\"3025848\" data-element_type=\"widget\" data-widget_type=\"heading.default\">\n\t\t\t\t\t<h2 class=\"elementor-heading-title elementor-size-default\">Construction<\/h2>\t\t\t\t<\/div>\n\t\t\t\t<div class=\"elementor-element elementor-element-b2140a9 elementor-widget__width-initial elementor-widget elementor-widget-text-editor\" data-id=\"b2140a9\" data-element_type=\"widget\" data-widget_type=\"text-editor.default\">\n\t\t\t\t\t\t\t\t\t<p>Si vous \u00eates int\u00e9ress\u00e9 par l&rsquo;un de nos produits pour le coffrage, le carrelage ou la ma\u00e7onnerie, n&rsquo;h\u00e9sitez pas \u00e0 consulter notre catalogue et trouvez tous les d\u00e9tails dont vous avez besoin.<\/p>\n\t\t\t\t\t\t\t\t<\/div>\n\t\t\t\t<\/div>\n\t\t\t\t\t<\/div>\n\t\t\t\t<\/div>\n\t\t\t\t<div class=\"elementor-element elementor-element-1e823af elementor-widget-divider--view-line elementor-widget elementor-widget-divider\" data-id=\"1e823af\" data-element_type=\"widget\" data-widget_type=\"divider.default\">\n\t\t\t\t\t\t\t<div class=\"elementor-divider\">\n\t\t\t<span class=\"elementor-divider-separator\">\n\t\t\t\t\t\t<\/span>\n\t\t<\/div>\n\t\t\t\t\t\t<\/div>\n\t\t\t\t\t<\/div>\n\t\t\t\t<\/div>\n\t\t<div class=\"elementor-element elementor-element-1217006 e-flex e-con-boxed e-con e-child\" data-id=\"1217006\" data-element_type=\"container\" data-settings=\"{&quot;background_background&quot;:&quot;classic&quot;}\">\n\t\t\t\t\t<div class=\"e-con-inner\">\n\t\t<div class=\"elementor-element elementor-element-75d694f e-flex e-con-boxed e-con e-child\" data-id=\"75d694f\" data-element_type=\"container\">\n\t\t\t\t\t<div class=\"e-con-inner\">\n\t\t\t\t<div class=\"elementor-element elementor-element-2f4fc8f elementor-align-center elementor-widget elementor-widget-the7_button_widget\" data-id=\"2f4fc8f\" data-element_type=\"widget\" data-widget_type=\"the7_button_widget.default\">\n\t\t\t\t<div class=\"elementor-widget-container\">\n\t\t\t\t\t<div class=\"elementor-button-wrapper\"><a href=\"https:\/\/lisanplast.com\/wp-content\/uploads\/catalogo-juntas-carp.aluminio.pdf\" target=\"_blank\" class=\"box-button elementor-button elementor-size-sm\">T\u00e9l\u00e9charger le catalogue<svg xmlns=\"http:\/\/www.w3.org\/2000\/svg\" viewBox=\"0 0 119.56 44.26\"><defs><style>.cls-1{fill:#fff;}<\/style><\/defs><title>Recurso 1<\/title><g id=\"Capa_2\" data-name=\"Capa 2\"><g id=\"Capa_1-2\" data-name=\"Capa 1\"><polygon class=\"cls-1\" points=\"119.56 22.13 81.22 0 81.22 17.13 0 17.13 0 27.13 81.22 27.13 81.22 44.26 119.56 22.13\"><\/polygon><\/g><\/g><\/svg><\/a><\/div>\t\t\t\t<\/div>\n\t\t\t\t<\/div>\n\t\t<div class=\"elementor-element elementor-element-dc3ab63 e-con-full e-flex e-con e-child\" data-id=\"dc3ab63\" data-element_type=\"container\">\n\t\t\t\t<div class=\"elementor-element elementor-element-1c0dca9 elementor-widget elementor-widget-heading\" data-id=\"1c0dca9\" data-element_type=\"widget\" data-widget_type=\"heading.default\">\n\t\t\t\t\t<h2 class=\"elementor-heading-title elementor-size-default\">Vitrage<\/h2>\t\t\t\t<\/div>\n\t\t\t\t<div class=\"elementor-element elementor-element-1e6d1ae elementor-widget__width-initial elementor-widget elementor-widget-text-editor\" data-id=\"1e6d1ae\" data-element_type=\"widget\" data-widget_type=\"text-editor.default\">\n\t\t\t\t\t\t\t\t\t<p>Si vous avez besoin de conna\u00eetre des d\u00e9tails sp\u00e9cifiques sur les produits de vitrage tels que les joints et profil\u00e9s pour verrerie ou menuiserie aluminium, s\u00e9rie europ\u00e9enne et 40&#215;20, n&rsquo;h\u00e9sitez pas \u00e0 consulter notre catalogue pour trouver ce dont vous avez besoin.<\/p>\n\t\t\t\t\t\t\t\t<\/div>\n\t\t\t\t<\/div>\n\t\t\t\t\t<\/div>\n\t\t\t\t<\/div>\n\t\t\t\t<div class=\"elementor-element elementor-element-9f139c0 elementor-widget-divider--view-line elementor-widget elementor-widget-divider\" data-id=\"9f139c0\" data-element_type=\"widget\" data-widget_type=\"divider.default\">\n\t\t\t\t\t\t\t<div class=\"elementor-divider\">\n\t\t\t<span class=\"elementor-divider-separator\">\n\t\t\t\t\t\t<\/span>\n\t\t<\/div>\n\t\t\t\t\t\t<\/div>\n\t\t\t\t\t<\/div>\n\t\t\t\t<\/div>\n\t\t<div class=\"elementor-element elementor-element-abed441 e-flex e-con-boxed e-con e-child\" data-id=\"abed441\" data-element_type=\"container\" data-settings=\"{&quot;background_background&quot;:&quot;classic&quot;}\">\n\t\t\t\t\t<div class=\"e-con-inner\">\n\t\t<div class=\"elementor-element elementor-element-0562e17 e-flex e-con-boxed e-con e-child\" data-id=\"0562e17\" data-element_type=\"container\">\n\t\t\t\t\t<div class=\"e-con-inner\">\n\t\t\t\t<div class=\"elementor-element elementor-element-4a8d44b elementor-align-center elementor-widget elementor-widget-the7_button_widget\" data-id=\"4a8d44b\" data-element_type=\"widget\" data-widget_type=\"the7_button_widget.default\">\n\t\t\t\t<div class=\"elementor-widget-container\">\n\t\t\t\t\t<div class=\"elementor-button-wrapper\"><a href=\"https:\/\/lisanplast.com\/wp-content\/uploads\/catalogo-agricultura-lisanplast.pdf\" target=\"_blank\" class=\"box-button elementor-button elementor-size-sm\">T\u00e9l\u00e9charger le catalogue<svg xmlns=\"http:\/\/www.w3.org\/2000\/svg\" viewBox=\"0 0 119.56 44.26\"><defs><style>.cls-1{fill:#fff;}<\/style><\/defs><title>Recurso 1<\/title><g id=\"Capa_2\" data-name=\"Capa 2\"><g id=\"Capa_1-2\" data-name=\"Capa 1\"><polygon class=\"cls-1\" points=\"119.56 22.13 81.22 0 81.22 17.13 0 17.13 0 27.13 81.22 27.13 81.22 44.26 119.56 22.13\"><\/polygon><\/g><\/g><\/svg><\/a><\/div>\t\t\t\t<\/div>\n\t\t\t\t<\/div>\n\t\t<div class=\"elementor-element elementor-element-14c2f4b e-con-full e-flex e-con e-child\" data-id=\"14c2f4b\" data-element_type=\"container\">\n\t\t\t\t<div class=\"elementor-element elementor-element-13f1686 elementor-widget elementor-widget-heading\" data-id=\"13f1686\" data-element_type=\"widget\" data-widget_type=\"heading.default\">\n\t\t\t\t\t<h2 class=\"elementor-heading-title elementor-size-default\">Agriculture<\/h2>\t\t\t\t<\/div>\n\t\t\t\t<div class=\"elementor-element elementor-element-29377ae elementor-widget__width-initial elementor-widget elementor-widget-text-editor\" data-id=\"29377ae\" data-element_type=\"widget\" data-widget_type=\"text-editor.default\">\n\t\t\t\t\t\t\t\t\t<p>Si vous \u00eates int\u00e9ress\u00e9 par l&rsquo;un de nos protecteurs agricoles, n&rsquo;h\u00e9sitez pas \u00e0 consulter notre catalogue et \u00e0 trouver tous les d\u00e9tails dont vous avez besoin.<\/p>\n\t\t\t\t\t\t\t\t<\/div>\n\t\t\t\t<\/div>\n\t\t\t\t\t<\/div>\n\t\t\t\t<\/div>\n\t\t\t\t<div class=\"elementor-element elementor-element-6b1086a elementor-widget-divider--view-line elementor-widget elementor-widget-divider\" data-id=\"6b1086a\" data-element_type=\"widget\" data-widget_type=\"divider.default\">\n\t\t\t\t\t\t\t<div class=\"elementor-divider\">\n\t\t\t<span class=\"elementor-divider-separator\">\n\t\t\t\t\t\t<\/span>\n\t\t<\/div>\n\t\t\t\t\t\t<\/div>\n\t\t\t\t\t<\/div>\n\t\t\t\t<\/div>\n\t\t<div class=\"elementor-element elementor-element-61cd29e elementor-hidden-desktop elementor-hidden-tablet elementor-hidden-mobile e-flex e-con-boxed e-con e-child\" data-id=\"61cd29e\" data-element_type=\"container\" data-settings=\"{&quot;background_background&quot;:&quot;classic&quot;}\">\n\t\t\t\t\t<div class=\"e-con-inner\">\n\t\t<div class=\"elementor-element elementor-element-4547330 e-flex e-con-boxed e-con e-child\" data-id=\"4547330\" data-element_type=\"container\">\n\t\t\t\t\t<div class=\"e-con-inner\">\n\t\t\t\t<div class=\"elementor-element elementor-element-3192f7a elementor-align-center elementor-widget elementor-widget-the7_button_widget\" data-id=\"3192f7a\" data-element_type=\"widget\" data-widget_type=\"the7_button_widget.default\">\n\t\t\t\t<div class=\"elementor-widget-container\">\n\t\t\t\t\t<div class=\"elementor-button-wrapper\"><a href=\"https:\/\/lisanplast.com\/wp-content\/uploads\/protectores-para-invernadero-lisanplast.pdf\" target=\"_blank\" class=\"box-button elementor-button elementor-size-sm\">T\u00e9l\u00e9charger le catalogue<svg xmlns=\"http:\/\/www.w3.org\/2000\/svg\" viewBox=\"0 0 119.56 44.26\"><defs><style>.cls-1{fill:#fff;}<\/style><\/defs><title>Recurso 1<\/title><g id=\"Capa_2\" data-name=\"Capa 2\"><g id=\"Capa_1-2\" data-name=\"Capa 1\"><polygon class=\"cls-1\" points=\"119.56 22.13 81.22 0 81.22 17.13 0 17.13 0 27.13 81.22 27.13 81.22 44.26 119.56 22.13\"><\/polygon><\/g><\/g><\/svg><\/a><\/div>\t\t\t\t<\/div>\n\t\t\t\t<\/div>\n\t\t<div class=\"elementor-element elementor-element-b2041d8 e-con-full e-flex e-con e-child\" data-id=\"b2041d8\" data-element_type=\"container\">\n\t\t\t\t<div class=\"elementor-element elementor-element-a30a969 elementor-widget elementor-widget-heading\" data-id=\"a30a969\" data-element_type=\"widget\" data-widget_type=\"heading.default\">\n\t\t\t\t\t<h2 class=\"elementor-heading-title elementor-size-default\">Protecteurs<\/h2>\t\t\t\t<\/div>\n\t\t\t\t<div class=\"elementor-element elementor-element-21869b4 elementor-widget__width-initial elementor-widget elementor-widget-text-editor\" data-id=\"21869b4\" data-element_type=\"widget\" data-widget_type=\"text-editor.default\">\n\t\t\t\t\t\t\t\t\t<p>Si l&rsquo;une de nos protections vous int\u00e9resse, n&rsquo;h\u00e9sitez pas \u00e0 consulter notre catalogue et \u00e0 trouver tous les d\u00e9tails dont vous avez besoin.<\/p>\n\t\t\t\t\t\t\t\t<\/div>\n\t\t\t\t<\/div>\n\t\t\t\t\t<\/div>\n\t\t\t\t<\/div>\n\t\t\t\t<div class=\"elementor-element elementor-element-78c1234 elementor-widget-divider--view-line elementor-widget elementor-widget-divider\" data-id=\"78c1234\" data-element_type=\"widget\" data-widget_type=\"divider.default\">\n\t\t\t\t\t\t\t<div class=\"elementor-divider\">\n\t\t\t<span class=\"elementor-divider-separator\">\n\t\t\t\t\t\t<\/span>\n\t\t<\/div>\n\t\t\t\t\t\t<\/div>\n\t\t\t\t\t<\/div>\n\t\t\t\t<\/div>\n\t\t<div class=\"elementor-element elementor-element-cb44707 elementor-hidden-desktop elementor-hidden-tablet elementor-hidden-mobile e-flex e-con-boxed e-con e-child\" data-id=\"cb44707\" data-element_type=\"container\" data-settings=\"{&quot;background_background&quot;:&quot;classic&quot;}\">\n\t\t\t\t\t<div class=\"e-con-inner\">\n\t\t<div class=\"elementor-element elementor-element-922dd14 e-flex e-con-boxed e-con e-child\" data-id=\"922dd14\" data-element_type=\"container\">\n\t\t\t\t\t<div class=\"e-con-inner\">\n\t\t\t\t<div class=\"elementor-element elementor-element-44935a5 elementor-align-center elementor-widget elementor-widget-the7_button_widget\" data-id=\"44935a5\" data-element_type=\"widget\" data-widget_type=\"the7_button_widget.default\">\n\t\t\t\t<div class=\"elementor-widget-container\">\n\t\t\t\t\t<div class=\"elementor-button-wrapper\"><a href=\"https:\/\/lisanplast.com\/wp-content\/uploads\/catalogo-microtubos-lisanplast.pdf\" target=\"_blank\" class=\"box-button elementor-button elementor-size-sm\">T\u00e9l\u00e9charger le catalogue<svg xmlns=\"http:\/\/www.w3.org\/2000\/svg\" viewBox=\"0 0 119.56 44.26\"><defs><style>.cls-1{fill:#fff;}<\/style><\/defs><title>Recurso 1<\/title><g id=\"Capa_2\" data-name=\"Capa 2\"><g id=\"Capa_1-2\" data-name=\"Capa 1\"><polygon class=\"cls-1\" points=\"119.56 22.13 81.22 0 81.22 17.13 0 17.13 0 27.13 81.22 27.13 81.22 44.26 119.56 22.13\"><\/polygon><\/g><\/g><\/svg><\/a><\/div>\t\t\t\t<\/div>\n\t\t\t\t<\/div>\n\t\t<div class=\"elementor-element elementor-element-251819e e-con-full e-flex e-con e-child\" data-id=\"251819e\" data-element_type=\"container\">\n\t\t\t\t<div class=\"elementor-element elementor-element-f8bb917 elementor-widget elementor-widget-heading\" data-id=\"f8bb917\" data-element_type=\"widget\" data-widget_type=\"heading.default\">\n\t\t\t\t\t<h2 class=\"elementor-heading-title elementor-size-default\">Microtubes <\/h2>\t\t\t\t<\/div>\n\t\t\t\t<div class=\"elementor-element elementor-element-e8fefb1 elementor-widget__width-initial elementor-widget elementor-widget-text-editor\" data-id=\"e8fefb1\" data-element_type=\"widget\" data-widget_type=\"text-editor.default\">\n\t\t\t\t\t\t\t\t\t<p>Si vous avez besoin de conna\u00eetre des d\u00e9tails pr\u00e9cis sur les microtubes, n&rsquo;h\u00e9sitez pas \u00e0 consulter notre catalogue pour trouver votre bonheur.<\/p>\n\t\t\t\t\t\t\t\t<\/div>\n\t\t\t\t<\/div>\n\t\t\t\t\t<\/div>\n\t\t\t\t<\/div>\n\t\t\t\t<div class=\"elementor-element elementor-element-103fe5b elementor-widget-divider--view-line elementor-widget elementor-widget-divider\" data-id=\"103fe5b\" data-element_type=\"widget\" data-widget_type=\"divider.default\">\n\t\t\t\t\t\t\t<div class=\"elementor-divider\">\n\t\t\t<span class=\"elementor-divider-separator\">\n\t\t\t\t\t\t<\/span>\n\t\t<\/div>\n\t\t\t\t\t\t<\/div>\n\t\t\t\t\t<\/div>\n\t\t\t\t<\/div>\n\t\t<div class=\"elementor-element elementor-element-fb6e32c elementor-hidden-desktop elementor-hidden-tablet elementor-hidden-mobile e-flex e-con-boxed e-con e-child\" data-id=\"fb6e32c\" data-element_type=\"container\" data-settings=\"{&quot;background_background&quot;:&quot;classic&quot;}\">\n\t\t\t\t\t<div class=\"e-con-inner\">\n\t\t<div class=\"elementor-element elementor-element-ea409b5 e-flex e-con-boxed e-con e-child\" data-id=\"ea409b5\" data-element_type=\"container\">\n\t\t\t\t\t<div class=\"e-con-inner\">\n\t\t\t\t<div class=\"elementor-element elementor-element-9b2abf9 elementor-align-center elementor-widget elementor-widget-the7_button_widget\" data-id=\"9b2abf9\" data-element_type=\"widget\" data-widget_type=\"the7_button_widget.default\">\n\t\t\t\t<div class=\"elementor-widget-container\">\n\t\t\t\t\t<div class=\"elementor-button-wrapper\"><a href=\"https:\/\/lisanplast.com\/wp-content\/uploads\/web_catalogo_perfil-invernadero-lisanplast.pdf\" target=\"_blank\" class=\"box-button elementor-button elementor-size-sm\">T\u00e9l\u00e9charger le catalogue<svg xmlns=\"http:\/\/www.w3.org\/2000\/svg\" viewBox=\"0 0 119.56 44.26\"><defs><style>.cls-1{fill:#fff;}<\/style><\/defs><title>Recurso 1<\/title><g id=\"Capa_2\" data-name=\"Capa 2\"><g id=\"Capa_1-2\" data-name=\"Capa 1\"><polygon class=\"cls-1\" points=\"119.56 22.13 81.22 0 81.22 17.13 0 17.13 0 27.13 81.22 27.13 81.22 44.26 119.56 22.13\"><\/polygon><\/g><\/g><\/svg><\/a><\/div>\t\t\t\t<\/div>\n\t\t\t\t<\/div>\n\t\t<div class=\"elementor-element elementor-element-240bdaa e-con-full e-flex e-con e-child\" data-id=\"240bdaa\" data-element_type=\"container\">\n\t\t\t\t<div class=\"elementor-element elementor-element-ba65369 elementor-widget elementor-widget-heading\" data-id=\"ba65369\" data-element_type=\"widget\" data-widget_type=\"heading.default\">\n\t\t\t\t\t<h2 class=\"elementor-heading-title elementor-size-default\">Profils de serre<\/h2>\t\t\t\t<\/div>\n\t\t\t\t<div class=\"elementor-element elementor-element-ac1cd42 elementor-widget__width-initial elementor-widget elementor-widget-text-editor\" data-id=\"ac1cd42\" data-element_type=\"widget\" data-widget_type=\"text-editor.default\">\n\t\t\t\t\t\t\t\t\t<p>Nous avons une grande vari\u00e9t\u00e9 de produits pour les serres et si vous avez besoin d&rsquo;informations sp\u00e9cifiques sur un produit, jetez un \u0153il au catalogue dont nous disposons. <\/p>\n\t\t\t\t\t\t\t\t<\/div>\n\t\t\t\t<\/div>\n\t\t\t\t\t<\/div>\n\t\t\t\t<\/div>\n\t\t\t\t\t<\/div>\n\t\t\t\t<\/div>\n\t\t\t\t\t<\/div>\n\t\t\t\t<\/div>\n\t\t<div class=\"elementor-element elementor-element-f19fa86 e-flex e-con-boxed e-con e-parent\" data-id=\"f19fa86\" data-element_type=\"container\" data-settings=\"{&quot;background_background&quot;:&quot;classic&quot;}\">\n\t\t\t\t\t<div class=\"e-con-inner\">\n\t\t<div class=\"elementor-element elementor-element-63466f8 e-con-full e-flex e-con e-child\" data-id=\"63466f8\" data-element_type=\"container\" data-settings=\"{&quot;background_background&quot;:&quot;classic&quot;}\">\n\t\t<div class=\"elementor-element elementor-element-24d1ee5 e-con-full e-flex e-con e-child\" data-id=\"24d1ee5\" data-element_type=\"container\">\n\t\t\t\t<div class=\"elementor-element elementor-element-9bbd25b elementor-widget elementor-widget-heading\" data-id=\"9bbd25b\" data-element_type=\"widget\" data-widget_type=\"heading.default\">\n\t\t\t\t\t<h2 class=\"elementor-heading-title elementor-size-default\">Vous cherchez quelque chose que vous ne trouvez pas dans nos catalogues ?<\/h2>\t\t\t\t<\/div>\n\t\t\t\t<div class=\"elementor-element elementor-element-eeffcca elementor-widget elementor-widget-text-editor\" data-id=\"eeffcca\" data-element_type=\"widget\" data-widget_type=\"text-editor.default\">\n\t\t\t\t\t\t\t\t\t<p>Si vous avez besoin de plus d&rsquo;informations sur l&rsquo;un de nos catalogues, n&rsquo;h\u00e9sitez pas \u00e0 nous contacter et nous essaierons de r\u00e9soudre vos questions dans les plus brefs d\u00e9lais.<\/p>\n\t\t\t\t\t\t\t\t<\/div>\n\t\t\t\t<\/div>\n\t\t\t\t<div class=\"elementor-element elementor-element-320bdba elementor-align-left elementor-widget elementor-widget-the7_button_widget\" data-id=\"320bdba\" data-element_type=\"widget\" data-widget_type=\"the7_button_widget.default\">\n\t\t\t\t<div class=\"elementor-widget-container\">\n\t\t\t\t\t<div class=\"elementor-button-wrapper\"><a href=\"https:\/\/lisanplast.com\/contacto\/\" class=\"box-button elementor-button elementor-size-sm\">Contact<svg xmlns=\"http:\/\/www.w3.org\/2000\/svg\" viewBox=\"0 0 119.56 44.26\"><defs><style>.cls-1{fill:#fff;}<\/style><\/defs><title>Recurso 1<\/title><g id=\"Capa_2\" data-name=\"Capa 2\"><g id=\"Capa_1-2\" data-name=\"Capa 1\"><polygon class=\"cls-1\" points=\"119.56 22.13 81.22 0 81.22 17.13 0 17.13 0 27.13 81.22 27.13 81.22 44.26 119.56 22.13\"><\/polygon><\/g><\/g><\/svg><\/a><\/div>\t\t\t\t<\/div>\n\t\t\t\t<\/div>\n\t\t\t\t<\/div>\n\t\t\t\t\t<\/div>\n\t\t\t\t<\/div>\n\t\t\t\t<\/div>\n\t\t","protected":false},"excerpt":{"rendered":"<p>Chez Lisanplast nous disposons de diff\u00e9rents catalogues disponibles pour une multitude de secteurs. D\u00e9couvrez la large gamme de produits avec nos catalogues d\u00e9taill\u00e9s disponible dans t\u00e9l\u00e9chargement sur notre site internet. T\u00e9l\u00e9charger le catalogue Recurso 1 Construction Si vous \u00eates int\u00e9ress\u00e9 par l&rsquo;un de nos produits pour le coffrage, le carrelage ou la ma\u00e7onnerie, n&rsquo;h\u00e9sitez pas&hellip;<\/p>\n","protected":false},"author":3,"featured_media":0,"parent":0,"menu_order":0,"comment_status":"closed","ping_status":"open","template":"elementor_header_footer","meta":{"_seopress_robots_primary_cat":"","_seopress_titles_title":"T\u00e9l\u00e9chargez nos catalogues | Lisanplast","_seopress_titles_desc":"Dans nos catalogues, vous trouverez la grande vari\u00e9t\u00e9 de produits de bonne qualit\u00e9 que nous avons pour \u00eatre utilis\u00e9s dans diff\u00e9rents types de secteurs. ","_seopress_robots_index":"","footnotes":""},"class_list":["post-3787","page","type-page","status-publish","hentry"],"_links":{"self":[{"href":"https:\/\/lisanplast.com\/fr\/wp-json\/wp\/v2\/pages\/3787","targetHints":{"allow":["GET"]}}],"collection":[{"href":"https:\/\/lisanplast.com\/fr\/wp-json\/wp\/v2\/pages"}],"about":[{"href":"https:\/\/lisanplast.com\/fr\/wp-json\/wp\/v2\/types\/page"}],"author":[{"embeddable":true,"href":"https:\/\/lisanplast.com\/fr\/wp-json\/wp\/v2\/users\/3"}],"replies":[{"embeddable":true,"href":"https:\/\/lisanplast.com\/fr\/wp-json\/wp\/v2\/comments?post=3787"}],"version-history":[{"count":12,"href":"https:\/\/lisanplast.com\/fr\/wp-json\/wp\/v2\/pages\/3787\/revisions"}],"predecessor-version":[{"id":7016,"href":"https:\/\/lisanplast.com\/fr\/wp-json\/wp\/v2\/pages\/3787\/revisions\/7016"}],"wp:attachment":[{"href":"https:\/\/lisanplast.com\/fr\/wp-json\/wp\/v2\/media?parent=3787"}],"curies":[{"name":"wp","href":"https:\/\/api.w.org\/{rel}","templated":true}]}}