{"id":3791,"date":"2022-11-17T14:22:31","date_gmt":"2022-11-17T14:22:31","guid":{"rendered":"https:\/\/lisanplast.com\/materiel-de-liage\/"},"modified":"2026-03-15T19:07:28","modified_gmt":"2026-03-15T19:07:28","slug":"materiel-de-liage","status":"publish","type":"page","link":"https:\/\/lisanplast.com\/fr\/materiel-de-liage\/","title":{"rendered":"Mat\u00e9riel de liage"},"content":{"rendered":"\t\t<div data-elementor-type=\"wp-page\" data-elementor-id=\"3791\" class=\"elementor elementor-3791 elementor-302\" data-elementor-post-type=\"page\">\n\t\t\t\t<div class=\"elementor-element elementor-element-820fdb8 e-flex e-con-boxed e-con e-parent\" data-id=\"820fdb8\" data-element_type=\"container\">\n\t\t\t\t\t<div class=\"e-con-inner\">\n\t\t\t\t<div class=\"elementor-element elementor-element-b392ce3 elementor-widget elementor-widget-heading\" data-id=\"b392ce3\" data-element_type=\"widget\" data-widget_type=\"heading.default\">\n\t\t\t\t\t<h2 class=\"elementor-heading-title elementor-size-default\">Fabricant de mat\u00e9riel de liage pour professionnels et grossistes<\/h2>\t\t\t\t<\/div>\n\t\t\t\t<div class=\"elementor-element elementor-element-3acdc84 elementor-widget elementor-widget-text-editor\" data-id=\"3acdc84\" data-element_type=\"widget\" data-widget_type=\"text-editor.default\">\n\t\t\t\t\t\t\t\t\t<p>Nous disposons d\u2019un large catalogue de <b>mat\u00e9riel de liage<\/b> pour l\u2019agriculture. Jetez un \u0153il \u00e0 notre catalogue de produits et choisissez celui qui vous semble le plus pratique. <\/p>\n\t\t\t\t\t\t\t\t<\/div>\n\t\t\t\t\t<\/div>\n\t\t\t\t<\/div>\n\t\t<div class=\"elementor-element elementor-element-e21502c e-flex e-con-boxed e-con e-parent\" data-id=\"e21502c\" data-element_type=\"container\">\n\t\t\t\t\t<div class=\"e-con-inner\">\n\t\t<div class=\"elementor-element elementor-element-0d877f7 e-con-full e-flex e-con e-child\" data-id=\"0d877f7\" data-element_type=\"container\">\n\t\t\t\t<div class=\"elementor-element elementor-element-d69b9e7 elementor-widget elementor-widget-image\" data-id=\"d69b9e7\" data-element_type=\"widget\" data-widget_type=\"image.default\">\n\t\t\t\t\t\t\t\t\t\t\t\t\t\t\t<img fetchpriority=\"high\" decoding=\"async\" width=\"800\" height=\"800\" src=\"https:\/\/lisanplast.com\/wp-content\/uploads\/macarron-1-hilo.jpg\" class=\"attachment-full size-full wp-image-3606\" alt=\"Macarr\u00f3n de atado para agricultura utilizado en sistemas de tutorado de cultivos.\" srcset=\"https:\/\/lisanplast.com\/wp-content\/uploads\/macarron-1-hilo.jpg 800w, https:\/\/lisanplast.com\/wp-content\/uploads\/macarron-1-hilo-300x300.jpg 300w, https:\/\/lisanplast.com\/wp-content\/uploads\/macarron-1-hilo-150x150.jpg 150w, https:\/\/lisanplast.com\/wp-content\/uploads\/macarron-1-hilo-768x768.jpg 768w\" sizes=\"(max-width: 800px) 100vw, 800px\" \/>\t\t\t\t\t\t\t\t\t\t\t\t\t\t\t<\/div>\n\t\t\t\t<\/div>\n\t\t<div class=\"elementor-element elementor-element-f29fc65 e-con-full e-flex e-con e-child\" data-id=\"f29fc65\" data-element_type=\"container\">\n\t\t\t\t<div class=\"elementor-element elementor-element-ce792bd elementor-widget elementor-widget-heading\" data-id=\"ce792bd\" data-element_type=\"widget\" data-widget_type=\"heading.default\">\n\t\t\t\t\t<h3 class=\"elementor-heading-title elementor-size-default\">Attacher un macaron<\/h3>\t\t\t\t<\/div>\n\t\t\t\t<div class=\"elementor-element elementor-element-138dcc5 elementor-widget elementor-widget-text-editor\" data-id=\"138dcc5\" data-element_type=\"widget\" data-widget_type=\"text-editor.default\">\n\t\t\t\t\t\t\t\t\t<p>Les <strong>macaronis \u00e0 1 brin <\/strong>que nous proposons garantissent une \u00e9lasticit\u00e9 ad\u00e9quate lorsqu&rsquo;ils sont appliqu\u00e9s pour attacher des plantes \u00e0 la canne ou au fil de support. Cette grande \u00e9lasticit\u00e9 \u00e9vite l&rsquo;\u00e9tranglement de la plante. Il est tr\u00e8s r\u00e9sistant aux intemp\u00e9ries. Ses usages sont multiples aussi bien en arboriculture qu\u2019en viticulture.   <\/p>\n\t\t\t\t\t\t\t\t<\/div>\n\t\t\t\t<div class=\"elementor-element elementor-element-1a62f38 elementor-align-left elementor-widget elementor-widget-the7_button_widget\" data-id=\"1a62f38\" data-element_type=\"widget\" data-widget_type=\"the7_button_widget.default\">\n\t\t\t\t<div class=\"elementor-widget-container\">\n\t\t\t\t\t<div class=\"elementor-button-wrapper\"><a href=\"https:\/\/lisanplast.com\/fr\/materiel-de-liage\/attacher-des-macaronis-pour-lagriculture\/\" class=\"box-button elementor-button elementor-size-sm\">Voir le produit<svg xmlns=\"http:\/\/www.w3.org\/2000\/svg\" viewBox=\"0 0 119.56 44.26\"><defs><style>.cls-1{fill:#fff;}<\/style><\/defs><title>Recurso 1<\/title><g id=\"Capa_2\" data-name=\"Capa 2\"><g id=\"Capa_1-2\" data-name=\"Capa 1\"><polygon class=\"cls-1\" points=\"119.56 22.13 81.22 0 81.22 17.13 0 17.13 0 27.13 81.22 27.13 81.22 44.26 119.56 22.13\"><\/polygon><\/g><\/g><\/svg><\/a><\/div>\t\t\t\t<\/div>\n\t\t\t\t<\/div>\n\t\t\t\t<\/div>\n\t\t\t\t\t<\/div>\n\t\t\t\t<\/div>\n\t\t<div class=\"elementor-element elementor-element-1bd6ed6 e-flex e-con-boxed e-con e-parent\" data-id=\"1bd6ed6\" data-element_type=\"container\">\n\t\t\t\t\t<div class=\"e-con-inner\">\n\t\t<div class=\"elementor-element elementor-element-c7b4c56 e-con-full e-flex e-con e-child\" data-id=\"c7b4c56\" data-element_type=\"container\">\n\t\t\t\t<div class=\"elementor-element elementor-element-7a76554 elementor-widget elementor-widget-image\" data-id=\"7a76554\" data-element_type=\"widget\" data-widget_type=\"image.default\">\n\t\t\t\t\t\t\t\t\t\t\t\t\t\t\t<img decoding=\"async\" width=\"800\" height=\"800\" src=\"https:\/\/lisanplast.com\/wp-content\/uploads\/goma-ancla-2-imagen.jpg\" class=\"attachment-full size-full wp-image-3613\" alt=\"Goma ancla para agricultura utilizada en sistemas de atado y sujeci\u00f3n de cultivos.\" srcset=\"https:\/\/lisanplast.com\/wp-content\/uploads\/goma-ancla-2-imagen.jpg 800w, https:\/\/lisanplast.com\/wp-content\/uploads\/goma-ancla-2-imagen-300x300.jpg 300w, https:\/\/lisanplast.com\/wp-content\/uploads\/goma-ancla-2-imagen-150x150.jpg 150w, https:\/\/lisanplast.com\/wp-content\/uploads\/goma-ancla-2-imagen-768x768.jpg 768w\" sizes=\"(max-width: 800px) 100vw, 800px\" \/>\t\t\t\t\t\t\t\t\t\t\t\t\t\t\t<\/div>\n\t\t\t\t<\/div>\n\t\t<div class=\"elementor-element elementor-element-1a80314 e-con-full e-flex e-con e-child\" data-id=\"1a80314\" data-element_type=\"container\">\n\t\t\t\t<div class=\"elementor-element elementor-element-c62ae14 elementor-widget elementor-widget-heading\" data-id=\"c62ae14\" data-element_type=\"widget\" data-widget_type=\"heading.default\">\n\t\t\t\t\t<h3 class=\"elementor-heading-title elementor-size-default\">Caoutchouc d'ancrage<\/h3>\t\t\t\t<\/div>\n\t\t\t\t<div class=\"elementor-element elementor-element-5129711 elementor-widget elementor-widget-text-editor\" data-id=\"5129711\" data-element_type=\"widget\" data-widget_type=\"text-editor.default\">\n\t\t\t\t\t\t\t\t\t<p>Les <strong>gommes d&rsquo;ancrage<\/strong> sont tr\u00e8s adapt\u00e9es au tuteurage des vignes, des oliviers, des arbres fruitiers, des plantes ornementales et autres li\u00e9es \u00e0 l&rsquo;agriculture. Il s&rsquo;agit d&rsquo;un caoutchouc sp\u00e9cial qui r\u00e9siste aux rayons du soleil, \u00e9vitant ainsi qu&rsquo;il ne se brise la premi\u00e8re ann\u00e9e. Dans notre catalogue vous trouverez les diff\u00e9rentes tailles disponibles.  <\/p>\n\t\t\t\t\t\t\t\t<\/div>\n\t\t\t\t<div class=\"elementor-element elementor-element-232e3f6 elementor-align-left elementor-widget elementor-widget-the7_button_widget\" data-id=\"232e3f6\" data-element_type=\"widget\" data-widget_type=\"the7_button_widget.default\">\n\t\t\t\t<div class=\"elementor-widget-container\">\n\t\t\t\t\t<div class=\"elementor-button-wrapper\"><a href=\"https:\/\/lisanplast.com\/fr\/materiel-de-liage\/caoutchouc-dancrage-pour-lagriculture\/\" class=\"box-button elementor-button elementor-size-sm\">Voir le produit<svg xmlns=\"http:\/\/www.w3.org\/2000\/svg\" viewBox=\"0 0 119.56 44.26\"><defs><style>.cls-1{fill:#fff;}<\/style><\/defs><title>Recurso 1<\/title><g id=\"Capa_2\" data-name=\"Capa 2\"><g id=\"Capa_1-2\" data-name=\"Capa 1\"><polygon class=\"cls-1\" points=\"119.56 22.13 81.22 0 81.22 17.13 0 17.13 0 27.13 81.22 27.13 81.22 44.26 119.56 22.13\"><\/polygon><\/g><\/g><\/svg><\/a><\/div>\t\t\t\t<\/div>\n\t\t\t\t<\/div>\n\t\t\t\t<\/div>\n\t\t\t\t\t<\/div>\n\t\t\t\t<\/div>\n\t\t<div class=\"elementor-element elementor-element-02dc6e9 e-flex e-con-boxed e-con e-parent\" data-id=\"02dc6e9\" data-element_type=\"container\">\n\t\t\t\t\t<div class=\"e-con-inner\">\n\t\t<div class=\"elementor-element elementor-element-a3ba9f7 e-con-full e-flex e-con e-child\" data-id=\"a3ba9f7\" data-element_type=\"container\">\n\t\t\t\t<div class=\"elementor-element elementor-element-8245a64 elementor-widget elementor-widget-image\" data-id=\"8245a64\" data-element_type=\"widget\" data-widget_type=\"image.default\">\n\t\t\t\t\t\t\t\t\t\t\t\t\t\t\t<img decoding=\"async\" width=\"800\" height=\"800\" src=\"https:\/\/lisanplast.com\/wp-content\/uploads\/gancho-tuberia-imagen-definitiva.jpg\" class=\"attachment-full size-full wp-image-3612\" alt=\"Gancho para tuber\u00eda utilizado en instalaciones agr\u00edcolas y sistemas de riego.\" srcset=\"https:\/\/lisanplast.com\/wp-content\/uploads\/gancho-tuberia-imagen-definitiva.jpg 800w, https:\/\/lisanplast.com\/wp-content\/uploads\/gancho-tuberia-imagen-definitiva-300x300.jpg 300w, https:\/\/lisanplast.com\/wp-content\/uploads\/gancho-tuberia-imagen-definitiva-150x150.jpg 150w, https:\/\/lisanplast.com\/wp-content\/uploads\/gancho-tuberia-imagen-definitiva-768x768.jpg 768w\" sizes=\"(max-width: 800px) 100vw, 800px\" \/>\t\t\t\t\t\t\t\t\t\t\t\t\t\t\t<\/div>\n\t\t\t\t<\/div>\n\t\t<div class=\"elementor-element elementor-element-dba0f1f e-con-full e-flex e-con e-child\" data-id=\"dba0f1f\" data-element_type=\"container\">\n\t\t\t\t<div class=\"elementor-element elementor-element-ba95a7c elementor-widget elementor-widget-heading\" data-id=\"ba95a7c\" data-element_type=\"widget\" data-widget_type=\"heading.default\">\n\t\t\t\t\t<h3 class=\"elementor-heading-title elementor-size-default\">crochet de tuyau<\/h3>\t\t\t\t<\/div>\n\t\t\t\t<div class=\"elementor-element elementor-element-c539f74 elementor-widget elementor-widget-text-editor\" data-id=\"c539f74\" data-element_type=\"widget\" data-widget_type=\"text-editor.default\">\n\t\t\t\t\t\t\t\t\t<p>Nous vous pr\u00e9sentons les diff\u00e9rents <strong>crochets pour tuyaux<\/strong> id\u00e9aux pour les travaux agricoles. Ce <strong>crochet pour tuyau<\/strong> vous permet de suspendre des tuyaux m\u00e9talliques ou des c\u00e2bles en acier, car ils supportent beaucoup de poids. Sur notre site Internet, vous trouverez les mesures dont nous disposons.  <\/p>\n\t\t\t\t\t\t\t\t<\/div>\n\t\t\t\t<div class=\"elementor-element elementor-element-30c9469 elementor-align-left elementor-widget elementor-widget-the7_button_widget\" data-id=\"30c9469\" data-element_type=\"widget\" data-widget_type=\"the7_button_widget.default\">\n\t\t\t\t<div class=\"elementor-widget-container\">\n\t\t\t\t\t<div class=\"elementor-button-wrapper\"><a href=\"https:\/\/lisanplast.com\/fr\/materiel-de-liage\/crochets-agricoles\/\" class=\"box-button elementor-button elementor-size-sm\">Voir le produit<svg xmlns=\"http:\/\/www.w3.org\/2000\/svg\" viewBox=\"0 0 119.56 44.26\"><defs><style>.cls-1{fill:#fff;}<\/style><\/defs><title>Recurso 1<\/title><g id=\"Capa_2\" data-name=\"Capa 2\"><g id=\"Capa_1-2\" data-name=\"Capa 1\"><polygon class=\"cls-1\" points=\"119.56 22.13 81.22 0 81.22 17.13 0 17.13 0 27.13 81.22 27.13 81.22 44.26 119.56 22.13\"><\/polygon><\/g><\/g><\/svg><\/a><\/div>\t\t\t\t<\/div>\n\t\t\t\t<\/div>\n\t\t\t\t<\/div>\n\t\t\t\t\t<\/div>\n\t\t\t\t<\/div>\n\t\t<div class=\"elementor-element elementor-element-796cf63 e-con-full e-flex e-con e-parent\" data-id=\"796cf63\" data-element_type=\"container\">\n\t\t<div class=\"elementor-element elementor-element-ddd97a6 e-con-full e-flex e-con e-child\" data-id=\"ddd97a6\" data-element_type=\"container\">\n\t\t\t\t<div class=\"elementor-element elementor-element-8b9a604 elementor-widget elementor-widget-heading\" data-id=\"8b9a604\" data-element_type=\"widget\" data-widget_type=\"heading.default\">\n\t\t\t\t\t<h2 class=\"elementor-heading-title elementor-size-default\">\u00cates-vous int\u00e9ress\u00e9 par notre mat\u00e9riel de liage ?<\/h2>\t\t\t\t<\/div>\n\t\t\t\t<div class=\"elementor-element elementor-element-7e27831 elementor-widget elementor-widget-text-editor\" data-id=\"7e27831\" data-element_type=\"widget\" data-widget_type=\"text-editor.default\">\n\t\t\t\t\t\t\t\t\t<p>Si vous avez besoin de plus d&rsquo;informations sur notre mat\u00e9riel de liage, n&rsquo;h\u00e9sitez pas \u00e0 nous contacter et nous essaierons de r\u00e9soudre vos questions dans les plus brefs d\u00e9lais.<\/p>\n\t\t\t\t\t\t\t\t<\/div>\n\t\t\t\t<\/div>\n\t\t<div class=\"elementor-element elementor-element-610bfde e-con-full e-flex e-con e-child\" data-id=\"610bfde\" data-element_type=\"container\">\n\t\t\t\t<div class=\"elementor-element elementor-element-926309c elementor-widget elementor-widget-button\" data-id=\"926309c\" data-element_type=\"widget\" data-widget_type=\"button.default\">\n\t\t\t\t\t\t\t\t\t\t<a class=\"elementor-button elementor-button-link elementor-size-sm\" href=\"https:\/\/lisanplast.com\/fr\/contact\/\">\n\t\t\t\t\t\t<span class=\"elementor-button-content-wrapper\">\n\t\t\t\t\t\t\t\t\t<span class=\"elementor-button-text\">Contact<\/span>\n\t\t\t\t\t<\/span>\n\t\t\t\t\t<\/a>\n\t\t\t\t\t\t\t\t<\/div>\n\t\t\t\t<\/div>\n\t\t\t\t<\/div>\n\t\t\t\t<\/div>\n\t\t","protected":false},"excerpt":{"rendered":"<p>Fabricant de mat\u00e9riel de liage pour professionnels et grossistes Nous disposons d\u2019un large catalogue de mat\u00e9riel de liage pour l\u2019agriculture. Jetez un \u0153il \u00e0 notre catalogue de produits et choisissez celui qui vous semble le plus pratique. Attacher un macaron Les macaronis \u00e0 1 brin que nous proposons garantissent une \u00e9lasticit\u00e9 ad\u00e9quate lorsqu&rsquo;ils sont appliqu\u00e9s&hellip;<\/p>\n","protected":false},"author":3,"featured_media":0,"parent":0,"menu_order":0,"comment_status":"closed","ping_status":"closed","template":"","meta":{"_seopress_robots_primary_cat":"","_seopress_titles_title":"Mat\u00e9riel de liage pour agriculture | Lisanplast","_seopress_titles_desc":"D\u00e9couvrez le mat\u00e9riel de liage agricole de Lisanplast : solutions pratiques et r\u00e9sistantes pour attacher, fixer et soutenir les plantes.","_seopress_robots_index":"","footnotes":""},"class_list":["post-3791","page","type-page","status-publish","hentry"],"_links":{"self":[{"href":"https:\/\/lisanplast.com\/fr\/wp-json\/wp\/v2\/pages\/3791","targetHints":{"allow":["GET"]}}],"collection":[{"href":"https:\/\/lisanplast.com\/fr\/wp-json\/wp\/v2\/pages"}],"about":[{"href":"https:\/\/lisanplast.com\/fr\/wp-json\/wp\/v2\/types\/page"}],"author":[{"embeddable":true,"href":"https:\/\/lisanplast.com\/fr\/wp-json\/wp\/v2\/users\/3"}],"replies":[{"embeddable":true,"href":"https:\/\/lisanplast.com\/fr\/wp-json\/wp\/v2\/comments?post=3791"}],"version-history":[{"count":7,"href":"https:\/\/lisanplast.com\/fr\/wp-json\/wp\/v2\/pages\/3791\/revisions"}],"predecessor-version":[{"id":6926,"href":"https:\/\/lisanplast.com\/fr\/wp-json\/wp\/v2\/pages\/3791\/revisions\/6926"}],"wp:attachment":[{"href":"https:\/\/lisanplast.com\/fr\/wp-json\/wp\/v2\/media?parent=3791"}],"curies":[{"name":"wp","href":"https:\/\/api.w.org\/{rel}","templated":true}]}}