{"id":3795,"date":"2022-12-29T10:29:30","date_gmt":"2022-12-29T10:29:30","guid":{"rendered":"https:\/\/lisanplast.com\/materiel-de-liage\/attacher-des-macaronis-pour-lagriculture\/"},"modified":"2026-03-15T19:17:12","modified_gmt":"2026-03-15T19:17:12","slug":"attacher-des-macaronis-pour-lagriculture","status":"publish","type":"page","link":"https:\/\/lisanplast.com\/fr\/materiel-de-liage\/attacher-des-macaronis-pour-lagriculture\/","title":{"rendered":"Attacher des macaronis pour l&rsquo;agriculture"},"content":{"rendered":"\t\t<div data-elementor-type=\"wp-page\" data-elementor-id=\"3795\" class=\"elementor elementor-3795 elementor-1071\" data-elementor-post-type=\"page\">\n\t\t\t\t<div class=\"elementor-element elementor-element-820fdb8 e-flex e-con-boxed e-con e-parent\" data-id=\"820fdb8\" data-element_type=\"container\">\n\t\t\t\t\t<div class=\"e-con-inner\">\n\t\t\t\t<div class=\"elementor-element elementor-element-3acdc84 elementor-widget elementor-widget-text-editor\" data-id=\"3acdc84\" data-element_type=\"widget\" data-widget_type=\"text-editor.default\">\n\t\t\t\t\t\t\t\t\t<p>Les <strong>macaronis \u00e0 nouer<\/strong> que nous proposons sont de haute qualit\u00e9, pour garantir un achat efficace et une utilisation optimale de nos produits. Ci-dessous, nous vous montrons les diff\u00e9rents types de <strong>macaronis \u00e0 nouer<\/strong> que nous vous pr\u00e9sentons. <\/p>\n\t\t\t\t\t\t\t\t<\/div>\n\t\t\t\t\t<\/div>\n\t\t\t\t<\/div>\n\t\t<div class=\"elementor-element elementor-element-0663855 e-flex e-con-boxed e-con e-parent\" data-id=\"0663855\" data-element_type=\"container\">\n\t\t\t\t\t<div class=\"e-con-inner\">\n\t\t\t\t<div class=\"elementor-element elementor-element-c6324c2 elementor-widget-divider--view-line elementor-widget elementor-widget-divider\" data-id=\"c6324c2\" data-element_type=\"widget\" data-widget_type=\"divider.default\">\n\t\t\t\t\t\t\t<div class=\"elementor-divider\">\n\t\t\t<span class=\"elementor-divider-separator\">\n\t\t\t\t\t\t<\/span>\n\t\t<\/div>\n\t\t\t\t\t\t<\/div>\n\t\t<div class=\"elementor-element elementor-element-bcc6ef4 e-flex e-con-boxed e-con e-child\" data-id=\"bcc6ef4\" data-element_type=\"container\">\n\t\t\t\t\t<div class=\"e-con-inner\">\n\t\t\t\t<div class=\"elementor-element elementor-element-641db66 elementor-widget elementor-widget-heading\" data-id=\"641db66\" data-element_type=\"widget\" data-widget_type=\"heading.default\">\n\t\t\t\t\t<h2 class=\"elementor-heading-title elementor-size-default\">Macaroni \u00e0 nouer<\/h2>\t\t\t\t<\/div>\n\t\t\t\t\t<\/div>\n\t\t\t\t<\/div>\n\t\t<div class=\"elementor-element elementor-element-b768430 e-flex e-con-boxed e-con e-child\" data-id=\"b768430\" data-element_type=\"container\">\n\t\t\t\t\t<div class=\"e-con-inner\">\n\t\t\t\t<div class=\"elementor-element elementor-element-6548d29 elementor-widget elementor-widget-image\" data-id=\"6548d29\" data-element_type=\"widget\" data-widget_type=\"image.default\">\n\t\t\t\t\t\t\t\t\t\t\t\t\t\t\t<img fetchpriority=\"high\" decoding=\"async\" width=\"800\" height=\"800\" src=\"https:\/\/lisanplast.com\/wp-content\/uploads\/macarron-4-hilos-iamagen-definitiva.jpg\" class=\"attachment-full size-full wp-image-3614\" alt=\"\" srcset=\"https:\/\/lisanplast.com\/wp-content\/uploads\/macarron-4-hilos-iamagen-definitiva.jpg 800w, https:\/\/lisanplast.com\/wp-content\/uploads\/macarron-4-hilos-iamagen-definitiva-300x300.jpg 300w, https:\/\/lisanplast.com\/wp-content\/uploads\/macarron-4-hilos-iamagen-definitiva-150x150.jpg 150w, https:\/\/lisanplast.com\/wp-content\/uploads\/macarron-4-hilos-iamagen-definitiva-768x768.jpg 768w\" sizes=\"(max-width: 800px) 100vw, 800px\" \/>\t\t\t\t\t\t\t\t\t\t\t\t\t\t\t<\/div>\n\t\t\t\t<div class=\"elementor-element elementor-element-08bba26 elementor-widget elementor-widget-image\" data-id=\"08bba26\" data-element_type=\"widget\" data-widget_type=\"image.default\">\n\t\t\t\t\t\t\t\t\t\t\t\t\t\t\t<img decoding=\"async\" width=\"800\" height=\"800\" src=\"https:\/\/lisanplast.com\/wp-content\/uploads\/macarron-1-hilo.jpg\" class=\"attachment-full size-full wp-image-3606\" alt=\"Macarr\u00f3n de atado para agricultura utilizado en sistemas de tutorado de cultivos.\" srcset=\"https:\/\/lisanplast.com\/wp-content\/uploads\/macarron-1-hilo.jpg 800w, https:\/\/lisanplast.com\/wp-content\/uploads\/macarron-1-hilo-300x300.jpg 300w, https:\/\/lisanplast.com\/wp-content\/uploads\/macarron-1-hilo-150x150.jpg 150w, https:\/\/lisanplast.com\/wp-content\/uploads\/macarron-1-hilo-768x768.jpg 768w\" sizes=\"(max-width: 800px) 100vw, 800px\" \/>\t\t\t\t\t\t\t\t\t\t\t\t\t\t\t<\/div>\n\t\t\t\t\t<\/div>\n\t\t\t\t<\/div>\n\t\t<div class=\"elementor-element elementor-element-9703c11 e-con-full e-flex e-con e-child\" data-id=\"9703c11\" data-element_type=\"container\">\n\t\t\t\t<div class=\"elementor-element elementor-element-0fb53fa elementor-widget__width-inherit elementor-hidden-desktop elementor-hidden-tablet elementor-hidden-mobile elementor-widget elementor-widget-text-editor\" data-id=\"0fb53fa\" data-element_type=\"widget\" data-widget_type=\"text-editor.default\">\n\t\t\t\t\t\t\t\t\t<p>\n<table id=\"tablepress-Ficha-tecnica-macarron-de-atado\" class=\"tablepress tablepress-id-Ficha-tecnica-macarron-de-atado\">\n<tbody>\n<tr class=\"row-1\">\n\t<td class=\"column-1\">REFERENCE<\/td><td class=\"column-2\">DIAMETRE<br \/>\nEXT<\/td><td class=\"column-3\">DIAMETRE<br \/>\nINT<\/td><td class=\"column-4\">PEAUX\/BALLE<br \/>\nunit <\/td><td class=\"column-5\">COULEUR<\/td>\n<\/tr>\n<tr class=\"row-2\">\n\t<td class=\"column-1\">Macaron 4 fils<\/td><td class=\"column-2\">3.5<\/td><td class=\"column-3\">2.5 <\/td><td class=\"column-4\">3KG<\/td><td class=\"column-5\">VERT<\/td>\n<\/tr>\n<tr class=\"row-3\">\n\t<td class=\"column-1\">Macaroni 1 fil<\/td><td class=\"column-2\">3.5<\/td><td class=\"column-3\">2.5<\/td><td class=\"column-4\">1KG<\/td><td class=\"column-5\">VERT<\/td>\n<\/tr>\n<\/tbody>\n<\/table>\n<!-- #tablepress-Ficha-tecnica-macarron-de-atado from cache --><\/p>\t\t\t\t\t\t\t\t<\/div>\n\t\t\t\t<div class=\"elementor-element elementor-element-b3ac2f0 elementor-widget__width-inherit elementor-widget elementor-widget-text-editor\" data-id=\"b3ac2f0\" data-element_type=\"widget\" data-widget_type=\"text-editor.default\">\n\t\t\t\t\t\t\t\t\t<p><div id=\"footable_parent_5785\"\n         class=\" footable_parent ninja_table_wrapper loading_ninja_table wp_table_data_press_parent semantic_ui \">\n                <table data-ninja_table_instance=\"ninja_table_instance_0\" data-footable_id=\"5785\" data-filter-delay=\"1000\" aria-label=\"Ficha macarr\u00f3n de atado - FR\"            id=\"footable_5785\"\n           data-unique_identifier=\"ninja_table_unique_id_2528936990_5785\"\n           class=\" foo-table ninja_footable foo_table_5785 ninja_table_unique_id_2528936990_5785 ui table  nt_type_ajax_table selectable striped vertical_centered  footable-paging-right ninja_table_search_disabled\">\n                <colgroup>\n                            <col class=\"ninja_column_0 \">\n                            <col class=\"ninja_column_1 \">\n                            <col class=\"ninja_column_2 \">\n                            <col class=\"ninja_column_3 \">\n                            <col class=\"ninja_column_4 \">\n                    <\/colgroup>\n            <\/table>\n    \n    \n    \n<\/div>\n<\/p>\t\t\t\t\t\t\t\t<\/div>\n\t\t\t\t<\/div>\n\t\t<div class=\"elementor-element elementor-element-6d34f02 elementor-hidden-desktop elementor-hidden-tablet e-flex e-con-boxed e-con e-child\" data-id=\"6d34f02\" data-element_type=\"container\">\n\t\t\t\t\t<div class=\"e-con-inner\">\n\t\t\t\t<div class=\"elementor-element elementor-element-d5be2d4 elementor-view-default elementor-widget elementor-widget-icon\" data-id=\"d5be2d4\" data-element_type=\"widget\" data-widget_type=\"icon.default\">\n\t\t\t\t\t\t\t<div class=\"elementor-icon-wrapper\">\n\t\t\t<div class=\"elementor-icon\">\n\t\t\t<svg xmlns=\"http:\/\/www.w3.org\/2000\/svg\" viewBox=\"0 0 510.42 311.54\"><title>mano-tabla<\/title><g id=\"Capa_2\" data-name=\"Capa 2\"><g id=\"Capa_2-2\" data-name=\"Capa 2\"><path d=\"M328.86,82.35a26,26,0,0,0-18.14,7.13,24.1,24.1,0,0,0-17.66-7.12,26.48,26.48,0,0,0-16.22,5.37,21,21,0,0,0-2,1.75,20.32,20.32,0,0,0-1.72-1.62,24.59,24.59,0,0,0-15.86-5.5,26.11,26.11,0,0,0-12.61,3.14l.09-65.8C244.73,8.84,234.28,0,221.45,0a25.55,25.55,0,0,0-16,5.44,18.49,18.49,0,0,0-7.26,14.26L198,115.19c-12.84-7.88-32.95-4.55-35.36-4.11l-4.42.8v105.9l41.26,93.76H328.61l23.54-47.08V101.81C352.15,91.08,341.71,82.35,328.86,82.35Zm12.52,19.46V261.92L322,300.77H206.55L169,215.51v-94.4c7.33-.68,19-.56,24.91,4.36,2.53,2.11,3.71,4.91,3.71,8.86l.32,43,10.77,0,.19-157.55a7.74,7.74,0,0,1,3.23-5.88,15,15,0,0,1,9.29-3.06C228.11,10.77,234,15,234,19.7l-.14,107.42,10.77,0,.15-25.1A7.71,7.71,0,0,1,248,96.18a15,15,0,0,1,9.28-3.05,13.93,13.93,0,0,1,8.95,3,7.86,7.86,0,0,1,3.06,6V130.7H280V102.06c0-2,1.24-4.14,3.41-5.82a16,16,0,0,1,9.62-3.11c6.62,0,12,4,12,8.91h0v28.67h10.77V102.05c0-4.21,5.59-8.92,13-8.93C335.65,93.12,341.38,97.1,341.38,101.81ZM445.52,232.3l37.83-37.83H377.09V180.12H483.35l-37.83-37.84V122.4l64.9,64.89-64.9,64.9Zm-380.63-90L27.06,180.12H133.32v14.35H27.06L64.89,232.3v19.89L0,187.29,64.89,122.4Z\"><\/path><\/g><\/g><\/svg>\t\t\t<\/div>\n\t\t<\/div>\n\t\t\t\t\t\t<\/div>\n\t\t\t\t<div class=\"elementor-element elementor-element-169bfde elementor-widget elementor-widget-text-editor\" data-id=\"169bfde\" data-element_type=\"widget\" data-widget_type=\"text-editor.default\">\n\t\t\t\t\t\t\t\t\t<p>Faites glisser pour afficher le tableau complet<\/p>\n\t\t\t\t\t\t\t\t<\/div>\n\t\t\t\t\t<\/div>\n\t\t\t\t<\/div>\n\t\t\t\t<div class=\"elementor-element elementor-element-8a5ddb2 elementor-align-center elementor-widget elementor-widget-button\" data-id=\"8a5ddb2\" data-element_type=\"widget\" data-widget_type=\"button.default\">\n\t\t\t\t\t\t\t\t\t\t<a class=\"elementor-button elementor-button-link elementor-size-sm\" href=\"#\">\n\t\t\t\t\t\t<span class=\"elementor-button-content-wrapper\">\n\t\t\t\t\t\t<span class=\"elementor-button-icon\">\n\t\t\t\t<svg xmlns=\"http:\/\/www.w3.org\/2000\/svg\" viewBox=\"0 0 34.76 44.95\"><defs><style>.cls-1{fill:#fff;}<\/style><\/defs><title>descarga<\/title><g id=\"Capa_2\" data-name=\"Capa 2\"><g id=\"Capa_2-2\" data-name=\"Capa 2\"><polygon class=\"cls-1\" points=\"19.33 31.43 19.33 16.74 15.48 16.74 15.48 31.48 12.11 28.11 8.27 28.11 17.38 37.22 26.49 28.11 22.65 28.11 19.33 31.43\"><\/polygon><path class=\"cls-1\" d=\"M25.44,0H0V45H34.76V9.32Zm6.32,42H3V3H23.45v8.31h8.31Z\"><\/path><\/g><\/g><\/svg>\t\t\t<\/span>\n\t\t\t\t\t\t\t\t\t<span class=\"elementor-button-text\">T\u00e9l\u00e9chargez la fiche technique<\/span>\n\t\t\t\t\t<\/span>\n\t\t\t\t\t<\/a>\n\t\t\t\t\t\t\t\t<\/div>\n\t\t\t\t\t<\/div>\n\t\t\t\t<\/div>\n\t\t\t\t<\/div>\n\t\t","protected":false},"excerpt":{"rendered":"<p>Les macaronis \u00e0 nouer que nous proposons sont de haute qualit\u00e9, pour garantir un achat efficace et une utilisation optimale de nos produits. Ci-dessous, nous vous montrons les diff\u00e9rents types de macaronis \u00e0 nouer que nous vous pr\u00e9sentons. Macaroni \u00e0 nouer &nbsp; Faites glisser pour afficher le tableau complet \u00a0 T\u00e9l\u00e9chargez la fiche technique<\/p>\n","protected":false},"author":3,"featured_media":0,"parent":3791,"menu_order":0,"comment_status":"closed","ping_status":"closed","template":"","meta":{"_seopress_robots_primary_cat":"","_seopress_titles_title":"Attacher des macaronis pour l'agriculture | Lisanplast","_seopress_titles_desc":"Attaches agricoles con\u00e7ues pour soutenir et fixer les plantes dans les cultures. Accessoires r\u00e9sistants pour travaux agricoles.","_seopress_robots_index":"","footnotes":""},"class_list":["post-3795","page","type-page","status-publish","hentry"],"_links":{"self":[{"href":"https:\/\/lisanplast.com\/fr\/wp-json\/wp\/v2\/pages\/3795","targetHints":{"allow":["GET"]}}],"collection":[{"href":"https:\/\/lisanplast.com\/fr\/wp-json\/wp\/v2\/pages"}],"about":[{"href":"https:\/\/lisanplast.com\/fr\/wp-json\/wp\/v2\/types\/page"}],"author":[{"embeddable":true,"href":"https:\/\/lisanplast.com\/fr\/wp-json\/wp\/v2\/users\/3"}],"replies":[{"embeddable":true,"href":"https:\/\/lisanplast.com\/fr\/wp-json\/wp\/v2\/comments?post=3795"}],"version-history":[{"count":6,"href":"https:\/\/lisanplast.com\/fr\/wp-json\/wp\/v2\/pages\/3795\/revisions"}],"predecessor-version":[{"id":6885,"href":"https:\/\/lisanplast.com\/fr\/wp-json\/wp\/v2\/pages\/3795\/revisions\/6885"}],"up":[{"embeddable":true,"href":"https:\/\/lisanplast.com\/fr\/wp-json\/wp\/v2\/pages\/3791"}],"wp:attachment":[{"href":"https:\/\/lisanplast.com\/fr\/wp-json\/wp\/v2\/media?parent=3795"}],"curies":[{"name":"wp","href":"https:\/\/api.w.org\/{rel}","templated":true}]}}