{"id":3797,"date":"2022-12-28T14:08:33","date_gmt":"2022-12-28T14:08:33","guid":{"rendered":"https:\/\/lisanplast.com\/joints-de-dilatation-en-aluminium-de-type-t\/"},"modified":"2026-03-15T19:30:34","modified_gmt":"2026-03-15T19:30:34","slug":"joints-de-dilatation-en-aluminium-de-type-t","status":"publish","type":"page","link":"https:\/\/lisanplast.com\/fr\/profiles-en-aluminium\/joints-de-dilatation-en-aluminium-de-type-t\/","title":{"rendered":"Joints de dilatation en aluminium de type \u00ab T \u00bb."},"content":{"rendered":"\t\t<div data-elementor-type=\"wp-page\" data-elementor-id=\"3797\" class=\"elementor elementor-3797 elementor-1032\" data-elementor-post-type=\"page\">\n\t\t\t\t<div class=\"elementor-element elementor-element-820fdb8 e-flex e-con-boxed e-con e-parent\" data-id=\"820fdb8\" data-element_type=\"container\">\n\t\t\t\t\t<div class=\"e-con-inner\">\n\t\t\t\t<div class=\"elementor-element elementor-element-3acdc84 elementor-widget elementor-widget-text-editor\" data-id=\"3acdc84\" data-element_type=\"widget\" data-widget_type=\"text-editor.default\">\n\t\t\t\t\t\t\t\t\t<p>Les <strong>joints <\/strong><strong>de dilatation<\/strong> que nous proposons sont de haute qualit\u00e9, afin de garantir un achat efficace et une utilisation optimale de nos produits. Nous vous pr\u00e9sentons ci-dessous les diff\u00e9rents <strong>joints de dilatation en aluminium de type \u00ab T \u00bb<\/strong> que nous proposons. <\/p>\n\t\t\t\t\t\t\t\t<\/div>\n\t\t\t\t\t<\/div>\n\t\t\t\t<\/div>\n\t\t<div class=\"elementor-element elementor-element-0663855 e-flex e-con-boxed e-con e-parent\" data-id=\"0663855\" data-element_type=\"container\">\n\t\t\t\t\t<div class=\"e-con-inner\">\n\t\t\t\t<div class=\"elementor-element elementor-element-c6324c2 elementor-widget-divider--view-line elementor-widget elementor-widget-divider\" data-id=\"c6324c2\" data-element_type=\"widget\" data-widget_type=\"divider.default\">\n\t\t\t\t\t\t\t<div class=\"elementor-divider\">\n\t\t\t<span class=\"elementor-divider-separator\">\n\t\t\t\t\t\t<\/span>\n\t\t<\/div>\n\t\t\t\t\t\t<\/div>\n\t\t<div class=\"elementor-element elementor-element-bcc6ef4 e-flex e-con-boxed e-con e-child\" data-id=\"bcc6ef4\" data-element_type=\"container\">\n\t\t\t\t\t<div class=\"e-con-inner\">\n\t\t\t\t<div class=\"elementor-element elementor-element-641db66 elementor-widget elementor-widget-heading\" data-id=\"641db66\" data-element_type=\"widget\" data-widget_type=\"heading.default\">\n\t\t\t\t\t<h2 class=\"elementor-heading-title elementor-size-default\">Joint de dilatation de type \u00ab T<\/h2>\t\t\t\t<\/div>\n\t\t\t\t\t<\/div>\n\t\t\t\t<\/div>\n\t\t<div class=\"elementor-element elementor-element-b768430 e-flex e-con-boxed e-con e-child\" data-id=\"b768430\" data-element_type=\"container\">\n\t\t\t\t\t<div class=\"e-con-inner\">\n\t\t\t\t<div class=\"elementor-element elementor-element-6548d29 elementor-widget elementor-widget-image\" data-id=\"6548d29\" data-element_type=\"widget\" data-widget_type=\"image.default\">\n\t\t\t\t\t\t\t\t\t\t\t\t\t\t\t<img fetchpriority=\"high\" decoding=\"async\" width=\"800\" height=\"800\" src=\"https:\/\/lisanplast.com\/wp-content\/uploads\/junta-dilatacion-aluminio-tipo-t.jpg\" class=\"attachment-full size-full wp-image-3532\" alt=\"Junta de dilataci\u00f3n de aluminio tipo T para suelos y revestimientos.\" srcset=\"https:\/\/lisanplast.com\/wp-content\/uploads\/junta-dilatacion-aluminio-tipo-t.jpg 800w, https:\/\/lisanplast.com\/wp-content\/uploads\/junta-dilatacion-aluminio-tipo-t-300x300.jpg 300w, https:\/\/lisanplast.com\/wp-content\/uploads\/junta-dilatacion-aluminio-tipo-t-150x150.jpg 150w, https:\/\/lisanplast.com\/wp-content\/uploads\/junta-dilatacion-aluminio-tipo-t-768x768.jpg 768w\" sizes=\"(max-width: 800px) 100vw, 800px\" \/>\t\t\t\t\t\t\t\t\t\t\t\t\t\t\t<\/div>\n\t\t\t\t<div class=\"elementor-element elementor-element-08bba26 elementor-widget elementor-widget-image\" data-id=\"08bba26\" data-element_type=\"widget\" data-widget_type=\"image.default\">\n\t\t\t\t\t\t\t\t\t\t\t\t\t\t\t<img decoding=\"async\" width=\"800\" height=\"800\" src=\"https:\/\/lisanplast.com\/wp-content\/uploads\/junta-dilatacion-aluminio-tipo-t.png\" class=\"attachment-full size-full wp-image-3579\" alt=\"\" srcset=\"https:\/\/lisanplast.com\/wp-content\/uploads\/junta-dilatacion-aluminio-tipo-t.png 800w, https:\/\/lisanplast.com\/wp-content\/uploads\/junta-dilatacion-aluminio-tipo-t-300x300.png 300w, https:\/\/lisanplast.com\/wp-content\/uploads\/junta-dilatacion-aluminio-tipo-t-150x150.png 150w, https:\/\/lisanplast.com\/wp-content\/uploads\/junta-dilatacion-aluminio-tipo-t-768x768.png 768w\" sizes=\"(max-width: 800px) 100vw, 800px\" \/>\t\t\t\t\t\t\t\t\t\t\t\t\t\t\t<\/div>\n\t\t\t\t\t<\/div>\n\t\t\t\t<\/div>\n\t\t<div class=\"elementor-element elementor-element-9703c11 e-con-full e-flex e-con e-child\" data-id=\"9703c11\" data-element_type=\"container\">\n\t\t\t\t<div class=\"elementor-element elementor-element-0fb53fa elementor-widget__width-inherit elementor-hidden-desktop elementor-hidden-tablet elementor-hidden-mobile elementor-widget elementor-widget-text-editor\" data-id=\"0fb53fa\" data-element_type=\"widget\" data-widget_type=\"text-editor.default\">\n\t\t\t\t\t\t\t\t\t<p>\n<table id=\"tablepress-Junta-dilatacion-aluminio-tipo-t\" class=\"tablepress tablepress-id-Junta-dilatacion-aluminio-tipo-t\">\n<tbody>\n<tr class=\"row-1\">\n\t<td class=\"column-1\">R\u00e9f\u00e9rence<\/td><td class=\"column-2\">Mesures mm<\/td><td class=\"column-3\">Finition<\/td><td class=\"column-4\">Longueur<\/td><td class=\"column-5\">Caisse<\/td><td class=\"column-6\">Unit\u00e9s caisse<\/td><td class=\"column-7\">Unit\u00e9s palettes<\/td>\n<\/tr>\n<tr class=\"row-2\">\n\t<td class=\"column-1\">11JDAL10X12.5<\/td><td class=\"column-2\">10&#215;12.5<\/td><td class=\"column-3\">GRIS CLAIR <\/td><td class=\"column-4\">2.5<\/td><td class=\"column-5\">O<\/td><td class=\"column-6\">20<\/td><td class=\"column-7\">NON<\/td>\n<\/tr>\n<tr class=\"row-3\">\n\t<td class=\"column-1\">11JDAL10X15<\/td><td class=\"column-2\">10&#215;15<\/td><td class=\"column-3\">GRIS CLAIR<\/td><td class=\"column-4\">2.5<\/td><td class=\"column-5\">OR<\/td><td class=\"column-6\">20<\/td><td class=\"column-7\">NON<\/td>\n<\/tr>\n<tr class=\"row-4\">\n\t<td class=\"column-1\">11JDAL15X12.5<\/td><td class=\"column-2\">15&#215;12.5<\/td><td class=\"column-3\">GRIS CLAIR<\/td><td class=\"column-4\">2.5<\/td><td class=\"column-5\">OR<\/td><td class=\"column-6\">20<\/td><td class=\"column-7\">NON<\/td>\n<\/tr>\n<tr class=\"row-5\">\n\t<td class=\"column-1\">11JDAL15X15<\/td><td class=\"column-2\">15&#215;15<\/td><td class=\"column-3\">GRIS CLAIR<\/td><td class=\"column-4\">2.5<\/td><td class=\"column-5\">O<\/td><td class=\"column-6\">20<\/td><td class=\"column-7\">NON<\/td>\n<\/tr>\n<\/tbody>\n<\/table>\n<\/p>\t\t\t\t\t\t\t\t<\/div>\n\t\t\t\t<div class=\"elementor-element elementor-element-4d8577b elementor-widget__width-inherit elementor-widget elementor-widget-text-editor\" data-id=\"4d8577b\" data-element_type=\"widget\" data-widget_type=\"text-editor.default\">\n\t\t\t\t\t\t\t\t\t<p><div id=\"footable_parent_5891\"\n         class=\" footable_parent ninja_table_wrapper loading_ninja_table wp_table_data_press_parent semantic_ui \">\n                <table data-ninja_table_instance=\"ninja_table_instance_0\" data-footable_id=\"5891\" data-filter-delay=\"1000\" aria-label=\"Junta dilataci\u00f3n aluminio tipo &quot;T&quot; - FR\"            id=\"footable_5891\"\n           data-unique_identifier=\"ninja_table_unique_id_1271669955_5891\"\n           class=\" foo-table ninja_footable foo_table_5891 ninja_table_unique_id_1271669955_5891 ui table  nt_type_ajax_table selectable striped vertical_centered  footable-paging-right ninja_table_search_disabled\">\n                <colgroup>\n                            <col class=\"ninja_column_0 \">\n                            <col class=\"ninja_column_1 \">\n                            <col class=\"ninja_column_2 \">\n                            <col class=\"ninja_column_3 \">\n                            <col class=\"ninja_column_4 \">\n                            <col class=\"ninja_column_5 \">\n                            <col class=\"ninja_column_6 \">\n                    <\/colgroup>\n            <\/table>\n    \n    \n    \n<\/div>\n<\/p>\t\t\t\t\t\t\t\t<\/div>\n\t\t\t\t<\/div>\n\t\t<div class=\"elementor-element elementor-element-6d34f02 elementor-hidden-desktop elementor-hidden-tablet e-flex e-con-boxed e-con e-child\" data-id=\"6d34f02\" data-element_type=\"container\">\n\t\t\t\t\t<div class=\"e-con-inner\">\n\t\t\t\t<div class=\"elementor-element elementor-element-d5be2d4 elementor-view-default elementor-widget elementor-widget-icon\" data-id=\"d5be2d4\" data-element_type=\"widget\" data-widget_type=\"icon.default\">\n\t\t\t\t\t\t\t<div class=\"elementor-icon-wrapper\">\n\t\t\t<div class=\"elementor-icon\">\n\t\t\t<svg xmlns=\"http:\/\/www.w3.org\/2000\/svg\" viewBox=\"0 0 510.42 311.54\"><title>mano-tabla<\/title><g id=\"Capa_2\" data-name=\"Capa 2\"><g id=\"Capa_2-2\" data-name=\"Capa 2\"><path d=\"M328.86,82.35a26,26,0,0,0-18.14,7.13,24.1,24.1,0,0,0-17.66-7.12,26.48,26.48,0,0,0-16.22,5.37,21,21,0,0,0-2,1.75,20.32,20.32,0,0,0-1.72-1.62,24.59,24.59,0,0,0-15.86-5.5,26.11,26.11,0,0,0-12.61,3.14l.09-65.8C244.73,8.84,234.28,0,221.45,0a25.55,25.55,0,0,0-16,5.44,18.49,18.49,0,0,0-7.26,14.26L198,115.19c-12.84-7.88-32.95-4.55-35.36-4.11l-4.42.8v105.9l41.26,93.76H328.61l23.54-47.08V101.81C352.15,91.08,341.71,82.35,328.86,82.35Zm12.52,19.46V261.92L322,300.77H206.55L169,215.51v-94.4c7.33-.68,19-.56,24.91,4.36,2.53,2.11,3.71,4.91,3.71,8.86l.32,43,10.77,0,.19-157.55a7.74,7.74,0,0,1,3.23-5.88,15,15,0,0,1,9.29-3.06C228.11,10.77,234,15,234,19.7l-.14,107.42,10.77,0,.15-25.1A7.71,7.71,0,0,1,248,96.18a15,15,0,0,1,9.28-3.05,13.93,13.93,0,0,1,8.95,3,7.86,7.86,0,0,1,3.06,6V130.7H280V102.06c0-2,1.24-4.14,3.41-5.82a16,16,0,0,1,9.62-3.11c6.62,0,12,4,12,8.91h0v28.67h10.77V102.05c0-4.21,5.59-8.92,13-8.93C335.65,93.12,341.38,97.1,341.38,101.81ZM445.52,232.3l37.83-37.83H377.09V180.12H483.35l-37.83-37.84V122.4l64.9,64.89-64.9,64.9Zm-380.63-90L27.06,180.12H133.32v14.35H27.06L64.89,232.3v19.89L0,187.29,64.89,122.4Z\"><\/path><\/g><\/g><\/svg>\t\t\t<\/div>\n\t\t<\/div>\n\t\t\t\t\t\t<\/div>\n\t\t\t\t<div class=\"elementor-element elementor-element-169bfde elementor-widget elementor-widget-text-editor\" data-id=\"169bfde\" data-element_type=\"widget\" data-widget_type=\"text-editor.default\">\n\t\t\t\t\t\t\t\t\t<p>Faites glisser pour afficher le tableau complet<\/p>\n\t\t\t\t\t\t\t\t<\/div>\n\t\t\t\t\t<\/div>\n\t\t\t\t<\/div>\n\t\t\t\t<div class=\"elementor-element elementor-element-8a5ddb2 elementor-align-center elementor-widget elementor-widget-button\" data-id=\"8a5ddb2\" data-element_type=\"widget\" data-widget_type=\"button.default\">\n\t\t\t\t\t\t\t\t\t\t<a class=\"elementor-button elementor-button-link elementor-size-sm\" href=\"#\">\n\t\t\t\t\t\t<span class=\"elementor-button-content-wrapper\">\n\t\t\t\t\t\t<span class=\"elementor-button-icon\">\n\t\t\t\t<svg xmlns=\"http:\/\/www.w3.org\/2000\/svg\" viewBox=\"0 0 34.76 44.95\"><defs><style>.cls-1{fill:#fff;}<\/style><\/defs><title>descarga<\/title><g id=\"Capa_2\" data-name=\"Capa 2\"><g id=\"Capa_2-2\" data-name=\"Capa 2\"><polygon class=\"cls-1\" points=\"19.33 31.43 19.33 16.74 15.48 16.74 15.48 31.48 12.11 28.11 8.27 28.11 17.38 37.22 26.49 28.11 22.65 28.11 19.33 31.43\"><\/polygon><path class=\"cls-1\" d=\"M25.44,0H0V45H34.76V9.32Zm6.32,42H3V3H23.45v8.31h8.31Z\"><\/path><\/g><\/g><\/svg>\t\t\t<\/span>\n\t\t\t\t\t\t\t\t\t<span class=\"elementor-button-text\">T\u00e9l\u00e9chargez la fiche technique<\/span>\n\t\t\t\t\t<\/span>\n\t\t\t\t\t<\/a>\n\t\t\t\t\t\t\t\t<\/div>\n\t\t\t\t\t<\/div>\n\t\t\t\t<\/div>\n\t\t<div class=\"elementor-element elementor-element-c83dc55 e-flex e-con-boxed e-con e-parent\" data-id=\"c83dc55\" data-element_type=\"container\">\n\t\t\t\t\t<div class=\"e-con-inner\">\n\t\t\t\t<div class=\"elementor-element elementor-element-bf2d529 elementor-widget-divider--view-line elementor-widget elementor-widget-divider\" data-id=\"bf2d529\" data-element_type=\"widget\" data-widget_type=\"divider.default\">\n\t\t\t\t\t\t\t<div class=\"elementor-divider\">\n\t\t\t<span class=\"elementor-divider-separator\">\n\t\t\t\t\t\t<\/span>\n\t\t<\/div>\n\t\t\t\t\t\t<\/div>\n\t\t<div class=\"elementor-element elementor-element-9d1c53d e-flex e-con-boxed e-con e-child\" data-id=\"9d1c53d\" data-element_type=\"container\">\n\t\t\t\t\t<div class=\"e-con-inner\">\n\t\t\t\t<div class=\"elementor-element elementor-element-f645dba elementor-widget elementor-widget-heading\" data-id=\"f645dba\" data-element_type=\"widget\" data-widget_type=\"heading.default\">\n\t\t\t\t\t<h2 class=\"elementor-heading-title elementor-size-default\">Joint de dilatation de remplacement de type \u00ab T<\/h2>\t\t\t\t<\/div>\n\t\t\t\t\t<\/div>\n\t\t\t\t<\/div>\n\t\t<div class=\"elementor-element elementor-element-a422099 e-flex e-con-boxed e-con e-child\" data-id=\"a422099\" data-element_type=\"container\">\n\t\t\t\t\t<div class=\"e-con-inner\">\n\t\t\t\t<div class=\"elementor-element elementor-element-17004e8 elementor-widget elementor-widget-image\" data-id=\"17004e8\" data-element_type=\"widget\" data-widget_type=\"image.default\">\n\t\t\t\t\t\t\t\t\t\t\t\t\t\t\t<img decoding=\"async\" width=\"800\" height=\"800\" src=\"https:\/\/lisanplast.com\/wp-content\/uploads\/recambio-junta-dilatacion.jpg\" class=\"attachment-full size-full wp-image-3546\" alt=\"\" srcset=\"https:\/\/lisanplast.com\/wp-content\/uploads\/recambio-junta-dilatacion.jpg 800w, https:\/\/lisanplast.com\/wp-content\/uploads\/recambio-junta-dilatacion-300x300.jpg 300w, https:\/\/lisanplast.com\/wp-content\/uploads\/recambio-junta-dilatacion-150x150.jpg 150w, https:\/\/lisanplast.com\/wp-content\/uploads\/recambio-junta-dilatacion-768x768.jpg 768w\" sizes=\"(max-width: 800px) 100vw, 800px\" \/>\t\t\t\t\t\t\t\t\t\t\t\t\t\t\t<\/div>\n\t\t\t\t<div class=\"elementor-element elementor-element-efa976b elementor-widget elementor-widget-image\" data-id=\"efa976b\" data-element_type=\"widget\" data-widget_type=\"image.default\">\n\t\t\t\t\t\t\t\t\t\t\t\t\t\t\t<img loading=\"lazy\" decoding=\"async\" width=\"800\" height=\"801\" src=\"https:\/\/lisanplast.com\/wp-content\/uploads\/recambio-junto-dilatacion-alumino-tipo-t.png\" class=\"attachment-full size-full wp-image-3589\" alt=\"\" srcset=\"https:\/\/lisanplast.com\/wp-content\/uploads\/recambio-junto-dilatacion-alumino-tipo-t.png 800w, https:\/\/lisanplast.com\/wp-content\/uploads\/recambio-junto-dilatacion-alumino-tipo-t-300x300.png 300w, https:\/\/lisanplast.com\/wp-content\/uploads\/recambio-junto-dilatacion-alumino-tipo-t-150x150.png 150w, https:\/\/lisanplast.com\/wp-content\/uploads\/recambio-junto-dilatacion-alumino-tipo-t-768x769.png 768w\" sizes=\"(max-width: 800px) 100vw, 800px\" \/>\t\t\t\t\t\t\t\t\t\t\t\t\t\t\t<\/div>\n\t\t\t\t\t<\/div>\n\t\t\t\t<\/div>\n\t\t<div class=\"elementor-element elementor-element-e0ab603 e-con-full e-flex e-con e-child\" data-id=\"e0ab603\" data-element_type=\"container\">\n\t\t\t\t<div class=\"elementor-element elementor-element-b8bb3d6 elementor-widget__width-inherit elementor-hidden-desktop elementor-hidden-tablet elementor-hidden-mobile elementor-widget elementor-widget-text-editor\" data-id=\"b8bb3d6\" data-element_type=\"widget\" data-widget_type=\"text-editor.default\">\n\t\t\t\t\t\t\t\t\t<p><div>Attention: The internal data of table \u201cRecambio-junta-dilatacion-tipo-T\u201d is corrupted!<\/div><\/p>\t\t\t\t\t\t\t\t<\/div>\n\t\t\t\t<div class=\"elementor-element elementor-element-486f633 elementor-widget__width-inherit elementor-widget elementor-widget-text-editor\" data-id=\"486f633\" data-element_type=\"widget\" data-widget_type=\"text-editor.default\">\n\t\t\t\t\t\t\t\t\t<p><div id=\"footable_parent_5907\"\n         class=\" footable_parent ninja_table_wrapper loading_ninja_table wp_table_data_press_parent semantic_ui \">\n                <table data-ninja_table_instance=\"ninja_table_instance_1\" data-footable_id=\"5907\" data-filter-delay=\"1000\" aria-label=\"Recambio junta dilataci\u00f3n aluminio tipo &quot;T&quot; - FR\"            id=\"footable_5907\"\n           data-unique_identifier=\"ninja_table_unique_id_2565083115_5907\"\n           class=\" foo-table ninja_footable foo_table_5907 ninja_table_unique_id_2565083115_5907 ui table  nt_type_ajax_table selectable striped vertical_centered  footable-paging-right ninja_table_search_disabled\">\n                <colgroup>\n                            <col class=\"ninja_column_0 \">\n                            <col class=\"ninja_column_1 \">\n                            <col class=\"ninja_column_2 \">\n                            <col class=\"ninja_column_3 \">\n                            <col class=\"ninja_column_4 \">\n                            <col class=\"ninja_column_5 \">\n                            <col class=\"ninja_column_6 \">\n                    <\/colgroup>\n            <\/table>\n    \n    \n    \n<\/div>\n<\/p>\t\t\t\t\t\t\t\t<\/div>\n\t\t\t\t<\/div>\n\t\t<div class=\"elementor-element elementor-element-07b080b elementor-hidden-desktop elementor-hidden-tablet e-flex e-con-boxed e-con e-child\" data-id=\"07b080b\" data-element_type=\"container\">\n\t\t\t\t\t<div class=\"e-con-inner\">\n\t\t\t\t<div class=\"elementor-element elementor-element-d78f3ad elementor-view-default elementor-widget elementor-widget-icon\" data-id=\"d78f3ad\" data-element_type=\"widget\" data-widget_type=\"icon.default\">\n\t\t\t\t\t\t\t<div class=\"elementor-icon-wrapper\">\n\t\t\t<div class=\"elementor-icon\">\n\t\t\t<svg xmlns=\"http:\/\/www.w3.org\/2000\/svg\" viewBox=\"0 0 510.42 311.54\"><title>mano-tabla<\/title><g id=\"Capa_2\" data-name=\"Capa 2\"><g id=\"Capa_2-2\" data-name=\"Capa 2\"><path d=\"M328.86,82.35a26,26,0,0,0-18.14,7.13,24.1,24.1,0,0,0-17.66-7.12,26.48,26.48,0,0,0-16.22,5.37,21,21,0,0,0-2,1.75,20.32,20.32,0,0,0-1.72-1.62,24.59,24.59,0,0,0-15.86-5.5,26.11,26.11,0,0,0-12.61,3.14l.09-65.8C244.73,8.84,234.28,0,221.45,0a25.55,25.55,0,0,0-16,5.44,18.49,18.49,0,0,0-7.26,14.26L198,115.19c-12.84-7.88-32.95-4.55-35.36-4.11l-4.42.8v105.9l41.26,93.76H328.61l23.54-47.08V101.81C352.15,91.08,341.71,82.35,328.86,82.35Zm12.52,19.46V261.92L322,300.77H206.55L169,215.51v-94.4c7.33-.68,19-.56,24.91,4.36,2.53,2.11,3.71,4.91,3.71,8.86l.32,43,10.77,0,.19-157.55a7.74,7.74,0,0,1,3.23-5.88,15,15,0,0,1,9.29-3.06C228.11,10.77,234,15,234,19.7l-.14,107.42,10.77,0,.15-25.1A7.71,7.71,0,0,1,248,96.18a15,15,0,0,1,9.28-3.05,13.93,13.93,0,0,1,8.95,3,7.86,7.86,0,0,1,3.06,6V130.7H280V102.06c0-2,1.24-4.14,3.41-5.82a16,16,0,0,1,9.62-3.11c6.62,0,12,4,12,8.91h0v28.67h10.77V102.05c0-4.21,5.59-8.92,13-8.93C335.65,93.12,341.38,97.1,341.38,101.81ZM445.52,232.3l37.83-37.83H377.09V180.12H483.35l-37.83-37.84V122.4l64.9,64.89-64.9,64.9Zm-380.63-90L27.06,180.12H133.32v14.35H27.06L64.89,232.3v19.89L0,187.29,64.89,122.4Z\"><\/path><\/g><\/g><\/svg>\t\t\t<\/div>\n\t\t<\/div>\n\t\t\t\t\t\t<\/div>\n\t\t\t\t<div class=\"elementor-element elementor-element-76da8d4 elementor-widget elementor-widget-text-editor\" data-id=\"76da8d4\" data-element_type=\"widget\" data-widget_type=\"text-editor.default\">\n\t\t\t\t\t\t\t\t\t<p>Faites glisser pour afficher le tableau complet<\/p>\n\t\t\t\t\t\t\t\t<\/div>\n\t\t\t\t\t<\/div>\n\t\t\t\t<\/div>\n\t\t\t\t<div class=\"elementor-element elementor-element-56dafbe elementor-align-center elementor-widget elementor-widget-button\" data-id=\"56dafbe\" data-element_type=\"widget\" data-widget_type=\"button.default\">\n\t\t\t\t\t\t\t\t\t\t<a class=\"elementor-button elementor-button-link elementor-size-sm\" href=\"#\">\n\t\t\t\t\t\t<span class=\"elementor-button-content-wrapper\">\n\t\t\t\t\t\t<span class=\"elementor-button-icon\">\n\t\t\t\t<svg xmlns=\"http:\/\/www.w3.org\/2000\/svg\" viewBox=\"0 0 34.76 44.95\"><defs><style>.cls-1{fill:#fff;}<\/style><\/defs><title>descarga<\/title><g id=\"Capa_2\" data-name=\"Capa 2\"><g id=\"Capa_2-2\" data-name=\"Capa 2\"><polygon class=\"cls-1\" points=\"19.33 31.43 19.33 16.74 15.48 16.74 15.48 31.48 12.11 28.11 8.27 28.11 17.38 37.22 26.49 28.11 22.65 28.11 19.33 31.43\"><\/polygon><path class=\"cls-1\" d=\"M25.44,0H0V45H34.76V9.32Zm6.32,42H3V3H23.45v8.31h8.31Z\"><\/path><\/g><\/g><\/svg>\t\t\t<\/span>\n\t\t\t\t\t\t\t\t\t<span class=\"elementor-button-text\">T\u00e9l\u00e9chargez la fiche technique<\/span>\n\t\t\t\t\t<\/span>\n\t\t\t\t\t<\/a>\n\t\t\t\t\t\t\t\t<\/div>\n\t\t\t\t\t<\/div>\n\t\t\t\t<\/div>\n\t\t\t\t<\/div>\n\t\t","protected":false},"excerpt":{"rendered":"<p>Les joints de dilatation que nous proposons sont de haute qualit\u00e9, afin de garantir un achat efficace et une utilisation optimale de nos produits. Nous vous pr\u00e9sentons ci-dessous les diff\u00e9rents joints de dilatation en aluminium de type \u00ab T \u00bb que nous proposons. Joint de dilatation de type \u00ab T &nbsp; Faites glisser pour afficher&hellip;<\/p>\n","protected":false},"author":3,"featured_media":0,"parent":3799,"menu_order":0,"comment_status":"closed","ping_status":"closed","template":"","meta":{"_seopress_robots_primary_cat":"","_seopress_titles_title":"Joints de dilatation en aluminium de type \u00ab T \u00bb | Lisanplast","_seopress_titles_desc":"Joints de dilatation en aluminium type T con\u00e7us pour absorber les mouvements des surfaces et \u00e9viter les fissures dans les installations.","_seopress_robots_index":"","footnotes":""},"class_list":["post-3797","page","type-page","status-publish","hentry"],"_links":{"self":[{"href":"https:\/\/lisanplast.com\/fr\/wp-json\/wp\/v2\/pages\/3797","targetHints":{"allow":["GET"]}}],"collection":[{"href":"https:\/\/lisanplast.com\/fr\/wp-json\/wp\/v2\/pages"}],"about":[{"href":"https:\/\/lisanplast.com\/fr\/wp-json\/wp\/v2\/types\/page"}],"author":[{"embeddable":true,"href":"https:\/\/lisanplast.com\/fr\/wp-json\/wp\/v2\/users\/3"}],"replies":[{"embeddable":true,"href":"https:\/\/lisanplast.com\/fr\/wp-json\/wp\/v2\/comments?post=3797"}],"version-history":[{"count":11,"href":"https:\/\/lisanplast.com\/fr\/wp-json\/wp\/v2\/pages\/3797\/revisions"}],"predecessor-version":[{"id":6899,"href":"https:\/\/lisanplast.com\/fr\/wp-json\/wp\/v2\/pages\/3797\/revisions\/6899"}],"up":[{"embeddable":true,"href":"https:\/\/lisanplast.com\/fr\/wp-json\/wp\/v2\/pages\/3799"}],"wp:attachment":[{"href":"https:\/\/lisanplast.com\/fr\/wp-json\/wp\/v2\/media?parent=3797"}],"curies":[{"name":"wp","href":"https:\/\/api.w.org\/{rel}","templated":true}]}}