{"id":3799,"date":"2022-11-14T15:47:56","date_gmt":"2022-11-14T15:47:56","guid":{"rendered":"https:\/\/lisanplast.com\/profiles-en-aluminium\/"},"modified":"2026-03-15T19:29:51","modified_gmt":"2026-03-15T19:29:51","slug":"profiles-en-aluminium","status":"publish","type":"page","link":"https:\/\/lisanplast.com\/fr\/profiles-en-aluminium\/","title":{"rendered":"Profil\u00e9s en aluminium"},"content":{"rendered":"\t\t<div data-elementor-type=\"wp-page\" data-elementor-id=\"3799\" class=\"elementor elementor-3799 elementor-238\" data-elementor-post-type=\"page\">\n\t\t\t\t<div class=\"elementor-element elementor-element-820fdb8 e-flex e-con-boxed e-con e-parent\" data-id=\"820fdb8\" data-element_type=\"container\">\n\t\t\t\t\t<div class=\"e-con-inner\">\n\t\t\t\t<div class=\"elementor-element elementor-element-b392ce3 elementor-widget elementor-widget-heading\" data-id=\"b392ce3\" data-element_type=\"widget\" data-widget_type=\"heading.default\">\n\t\t\t\t\t<h2 class=\"elementor-heading-title elementor-size-default\">Fabricant de profil\u00e9s en aluminium pour les professionnels et les grossistes<\/h2>\t\t\t\t<\/div>\n\t\t\t\t<div class=\"elementor-element elementor-element-3acdc84 elementor-widget elementor-widget-text-editor\" data-id=\"3acdc84\" data-element_type=\"widget\" data-widget_type=\"text-editor.default\">\n\t\t\t\t\t\t\t\t\t<p>Nous disposons d&rsquo;un large catalogue de <strong>profil\u00e9s en aluminium<\/strong> pour le vitrage, le carrelage et la ma\u00e7onnerie. Jetez un \u0153il \u00e0 notre catalogue de produits et choisissez celui que vous jugez n\u00e9cessaire.<\/p>\n\t\t\t\t\t\t\t\t<\/div>\n\t\t\t\t\t<\/div>\n\t\t\t\t<\/div>\n\t\t<div class=\"elementor-element elementor-element-304d977 e-flex e-con-boxed e-con e-parent\" data-id=\"304d977\" data-element_type=\"container\">\n\t\t\t\t\t<div class=\"e-con-inner\">\n\t\t<div class=\"elementor-element elementor-element-59793e3 e-con-full e-flex e-con e-child\" data-id=\"59793e3\" data-element_type=\"container\">\n\t\t\t\t<div class=\"elementor-element elementor-element-03c4d6d elementor-widget elementor-widget-image\" data-id=\"03c4d6d\" data-element_type=\"widget\" data-widget_type=\"image.default\">\n\t\t\t\t\t\t\t\t\t\t\t\t\t\t\t<img fetchpriority=\"high\" decoding=\"async\" width=\"800\" height=\"800\" src=\"https:\/\/lisanplast.com\/wp-content\/uploads\/guardacantos-aluminio-slim.jpg\" class=\"attachment-full size-full wp-image-3520\" alt=\"Guardacantos de aluminio slim para protecci\u00f3n de esquinas en alicatados.\" srcset=\"https:\/\/lisanplast.com\/wp-content\/uploads\/guardacantos-aluminio-slim.jpg 800w, https:\/\/lisanplast.com\/wp-content\/uploads\/guardacantos-aluminio-slim-300x300.jpg 300w, https:\/\/lisanplast.com\/wp-content\/uploads\/guardacantos-aluminio-slim-150x150.jpg 150w, https:\/\/lisanplast.com\/wp-content\/uploads\/guardacantos-aluminio-slim-768x768.jpg 768w\" sizes=\"(max-width: 800px) 100vw, 800px\" \/>\t\t\t\t\t\t\t\t\t\t\t\t\t\t\t<\/div>\n\t\t\t\t<\/div>\n\t\t<div class=\"elementor-element elementor-element-7cf6ec4 e-con-full e-flex e-con e-child\" data-id=\"7cf6ec4\" data-element_type=\"container\">\n\t\t\t\t<div class=\"elementor-element elementor-element-acbabda elementor-widget elementor-widget-heading\" data-id=\"acbabda\" data-element_type=\"widget\" data-widget_type=\"heading.default\">\n\t\t\t\t\t<h3 class=\"elementor-heading-title elementor-size-default\">Bande de chant <\/h3>\t\t\t\t<\/div>\n\t\t\t\t<div class=\"elementor-element elementor-element-8eaf06b elementor-widget elementor-widget-text-editor\" data-id=\"8eaf06b\" data-element_type=\"widget\" data-widget_type=\"text-editor.default\">\n\t\t\t\t\t\t\t\t\t<p><b>Bande de chant en aluminium<\/b> disponible en diff\u00e9rentes tailles. Elle convient \u00e0 la pose de carreaux dans les angles et permet de gagner du temps, car elle \u00e9vite la pose d&rsquo;onglets. Elle est \u00e9galement disponible en formes courbes, plates et \u00e9troites.  <\/p>\n\t\t\t\t\t\t\t\t<\/div>\n\t\t\t\t<div class=\"elementor-element elementor-element-cc0ee8a elementor-align-left elementor-widget elementor-widget-the7_button_widget\" data-id=\"cc0ee8a\" data-element_type=\"widget\" data-widget_type=\"the7_button_widget.default\">\n\t\t\t\t<div class=\"elementor-widget-container\">\n\t\t\t\t\t<div class=\"elementor-button-wrapper\"><a href=\"https:\/\/lisanplast.com\/fr\/profiles-en-aluminium\/bande-de-chant-en-aluminium\/\" class=\"box-button elementor-button elementor-size-sm\">Voir les produits<svg xmlns=\"http:\/\/www.w3.org\/2000\/svg\" viewBox=\"0 0 119.56 44.26\"><defs><style>.cls-1{fill:#fff;}<\/style><\/defs><title>Recurso 1<\/title><g id=\"Capa_2\" data-name=\"Capa 2\"><g id=\"Capa_1-2\" data-name=\"Capa 1\"><polygon class=\"cls-1\" points=\"119.56 22.13 81.22 0 81.22 17.13 0 17.13 0 27.13 81.22 27.13 81.22 44.26 119.56 22.13\"><\/polygon><\/g><\/g><\/svg><\/a><\/div>\t\t\t\t<\/div>\n\t\t\t\t<\/div>\n\t\t\t\t<\/div>\n\t\t\t\t\t<\/div>\n\t\t\t\t<\/div>\n\t\t<div class=\"elementor-element elementor-element-e21502c e-flex e-con-boxed e-con e-parent\" data-id=\"e21502c\" data-element_type=\"container\">\n\t\t\t\t\t<div class=\"e-con-inner\">\n\t\t<div class=\"elementor-element elementor-element-0d877f7 e-con-full e-flex e-con e-child\" data-id=\"0d877f7\" data-element_type=\"container\">\n\t\t\t\t<div class=\"elementor-element elementor-element-d69b9e7 elementor-widget elementor-widget-image\" data-id=\"d69b9e7\" data-element_type=\"widget\" data-widget_type=\"image.default\">\n\t\t\t\t\t\t\t\t\t\t\t\t\t\t\t<img decoding=\"async\" width=\"800\" height=\"800\" src=\"https:\/\/lisanplast.com\/wp-content\/uploads\/listero-slim-aluminio.jpg\" class=\"attachment-full size-full wp-image-3535\" alt=\"Listelo de aluminio slim para acabados decorativos en revestimientos cer\u00e1micos.\" srcset=\"https:\/\/lisanplast.com\/wp-content\/uploads\/listero-slim-aluminio.jpg 800w, https:\/\/lisanplast.com\/wp-content\/uploads\/listero-slim-aluminio-300x300.jpg 300w, https:\/\/lisanplast.com\/wp-content\/uploads\/listero-slim-aluminio-150x150.jpg 150w, https:\/\/lisanplast.com\/wp-content\/uploads\/listero-slim-aluminio-768x768.jpg 768w\" sizes=\"(max-width: 800px) 100vw, 800px\" \/>\t\t\t\t\t\t\t\t\t\t\t\t\t\t\t<\/div>\n\t\t\t\t<\/div>\n\t\t<div class=\"elementor-element elementor-element-f29fc65 e-con-full e-flex e-con e-child\" data-id=\"f29fc65\" data-element_type=\"container\">\n\t\t\t\t<div class=\"elementor-element elementor-element-ce792bd elementor-widget elementor-widget-heading\" data-id=\"ce792bd\" data-element_type=\"widget\" data-widget_type=\"heading.default\">\n\t\t\t\t\t<h3 class=\"elementor-heading-title elementor-size-default\">Listelo <\/h3>\t\t\t\t<\/div>\n\t\t\t\t<div class=\"elementor-element elementor-element-138dcc5 elementor-widget elementor-widget-text-editor\" data-id=\"138dcc5\" data-element_type=\"widget\" data-widget_type=\"text-editor.default\">\n\t\t\t\t\t\t\t\t\t<p><b>Listello en aluminium<\/b>, disponible en diff\u00e9rentes finitions. Ce listel apporte \u00e9l\u00e9gance, exclusivit\u00e9 et distinction. Parfait pour \u00eatre install\u00e9 dans n&rsquo;importe quel environnement exclusif, du plus classique au plus avant-gardiste.   <\/p>\n\t\t\t\t\t\t\t\t<\/div>\n\t\t\t\t<div class=\"elementor-element elementor-element-1a62f38 elementor-align-left elementor-widget elementor-widget-the7_button_widget\" data-id=\"1a62f38\" data-element_type=\"widget\" data-widget_type=\"the7_button_widget.default\">\n\t\t\t\t<div class=\"elementor-widget-container\">\n\t\t\t\t\t<div class=\"elementor-button-wrapper\"><a href=\"https:\/\/lisanplast.com\/fr\/profiles-en-aluminium\/lamelles-en-aluminium\/\" class=\"box-button elementor-button elementor-size-sm\">Voir le produit<svg xmlns=\"http:\/\/www.w3.org\/2000\/svg\" viewBox=\"0 0 119.56 44.26\"><defs><style>.cls-1{fill:#fff;}<\/style><\/defs><title>Recurso 1<\/title><g id=\"Capa_2\" data-name=\"Capa 2\"><g id=\"Capa_1-2\" data-name=\"Capa 1\"><polygon class=\"cls-1\" points=\"119.56 22.13 81.22 0 81.22 17.13 0 17.13 0 27.13 81.22 27.13 81.22 44.26 119.56 22.13\"><\/polygon><\/g><\/g><\/svg><\/a><\/div>\t\t\t\t<\/div>\n\t\t\t\t<\/div>\n\t\t\t\t<\/div>\n\t\t\t\t\t<\/div>\n\t\t\t\t<\/div>\n\t\t<div class=\"elementor-element elementor-element-1bd6ed6 e-flex e-con-boxed e-con e-parent\" data-id=\"1bd6ed6\" data-element_type=\"container\">\n\t\t\t\t\t<div class=\"e-con-inner\">\n\t\t<div class=\"elementor-element elementor-element-c7b4c56 e-con-full e-flex e-con e-child\" data-id=\"c7b4c56\" data-element_type=\"container\">\n\t\t\t\t<div class=\"elementor-element elementor-element-7a76554 elementor-widget elementor-widget-image\" data-id=\"7a76554\" data-element_type=\"widget\" data-widget_type=\"image.default\">\n\t\t\t\t\t\t\t\t\t\t\t\t\t\t\t<img decoding=\"async\" width=\"800\" height=\"800\" src=\"https:\/\/lisanplast.com\/wp-content\/uploads\/junta-dilatacion-aluminio-tipo-t.jpg\" class=\"attachment-full size-full wp-image-3532\" alt=\"Junta de dilataci\u00f3n de aluminio tipo T para suelos y revestimientos.\" srcset=\"https:\/\/lisanplast.com\/wp-content\/uploads\/junta-dilatacion-aluminio-tipo-t.jpg 800w, https:\/\/lisanplast.com\/wp-content\/uploads\/junta-dilatacion-aluminio-tipo-t-300x300.jpg 300w, https:\/\/lisanplast.com\/wp-content\/uploads\/junta-dilatacion-aluminio-tipo-t-150x150.jpg 150w, https:\/\/lisanplast.com\/wp-content\/uploads\/junta-dilatacion-aluminio-tipo-t-768x768.jpg 768w\" sizes=\"(max-width: 800px) 100vw, 800px\" \/>\t\t\t\t\t\t\t\t\t\t\t\t\t\t\t<\/div>\n\t\t\t\t<\/div>\n\t\t<div class=\"elementor-element elementor-element-1a80314 e-con-full e-flex e-con e-child\" data-id=\"1a80314\" data-element_type=\"container\">\n\t\t\t\t<div class=\"elementor-element elementor-element-c62ae14 elementor-widget elementor-widget-heading\" data-id=\"c62ae14\" data-element_type=\"widget\" data-widget_type=\"heading.default\">\n\t\t\t\t\t<h3 class=\"elementor-heading-title elementor-size-default\">Joint de dilatation et remplacement<\/h3>\t\t\t\t<\/div>\n\t\t\t\t<div class=\"elementor-element elementor-element-5129711 elementor-widget elementor-widget-text-editor\" data-id=\"5129711\" data-element_type=\"widget\" data-widget_type=\"text-editor.default\">\n\t\t\t\t\t\t\t\t\t<p>La fonction principale de ce type de <b>joint de dilatation <\/b>est d&rsquo;\u00e9viter les fissures et les cassures dans les carreaux, car il absorbe les mouvements produits par la dilatation, en accompagnant la compression et la dilatation des mat\u00e9riaux. Finition en gris clair. <\/p>\n\t\t\t\t\t\t\t\t<\/div>\n\t\t\t\t<div class=\"elementor-element elementor-element-232e3f6 elementor-align-left elementor-widget elementor-widget-the7_button_widget\" data-id=\"232e3f6\" data-element_type=\"widget\" data-widget_type=\"the7_button_widget.default\">\n\t\t\t\t<div class=\"elementor-widget-container\">\n\t\t\t\t\t<div class=\"elementor-button-wrapper\"><a href=\"https:\/\/lisanplast.com\/fr\/profiles-en-aluminium\/joints-de-dilatation-en-aluminium-de-type-t\/\" class=\"box-button elementor-button elementor-size-sm\">Voir le produit<svg xmlns=\"http:\/\/www.w3.org\/2000\/svg\" viewBox=\"0 0 119.56 44.26\"><defs><style>.cls-1{fill:#fff;}<\/style><\/defs><title>Recurso 1<\/title><g id=\"Capa_2\" data-name=\"Capa 2\"><g id=\"Capa_1-2\" data-name=\"Capa 1\"><polygon class=\"cls-1\" points=\"119.56 22.13 81.22 0 81.22 17.13 0 17.13 0 27.13 81.22 27.13 81.22 44.26 119.56 22.13\"><\/polygon><\/g><\/g><\/svg><\/a><\/div>\t\t\t\t<\/div>\n\t\t\t\t<\/div>\n\t\t\t\t<\/div>\n\t\t\t\t\t<\/div>\n\t\t\t\t<\/div>\n\t\t<div class=\"elementor-element elementor-element-796cf63 e-con-full e-flex e-con e-parent\" data-id=\"796cf63\" data-element_type=\"container\">\n\t\t<div class=\"elementor-element elementor-element-ddd97a6 e-con-full e-flex e-con e-child\" data-id=\"ddd97a6\" data-element_type=\"container\">\n\t\t\t\t<div class=\"elementor-element elementor-element-8b9a604 elementor-widget elementor-widget-heading\" data-id=\"8b9a604\" data-element_type=\"widget\" data-widget_type=\"heading.default\">\n\t\t\t\t\t<h2 class=\"elementor-heading-title elementor-size-default\">Vous \u00eates int\u00e9ress\u00e9 par nos profil\u00e9s en aluminium ?<\/h2>\t\t\t\t<\/div>\n\t\t\t\t<div class=\"elementor-element elementor-element-7e27831 elementor-widget elementor-widget-text-editor\" data-id=\"7e27831\" data-element_type=\"widget\" data-widget_type=\"text-editor.default\">\n\t\t\t\t\t\t\t\t\t<p>Si vous avez besoin de plus d&rsquo;informations sur nos <b>profil\u00e9s en aluminium<\/b>, n&rsquo;h\u00e9sitez pas \u00e0 nous contacter et nous essaierons de r\u00e9pondre \u00e0 vos questions dans les plus brefs d\u00e9lais.<\/p>\n\t\t\t\t\t\t\t\t<\/div>\n\t\t\t\t<\/div>\n\t\t<div class=\"elementor-element elementor-element-610bfde e-con-full e-flex e-con e-child\" data-id=\"610bfde\" data-element_type=\"container\">\n\t\t\t\t<div class=\"elementor-element elementor-element-926309c elementor-widget elementor-widget-button\" data-id=\"926309c\" data-element_type=\"widget\" data-widget_type=\"button.default\">\n\t\t\t\t\t\t\t\t\t\t<a class=\"elementor-button elementor-button-link elementor-size-sm\" href=\"https:\/\/lisanplast.com\/fr\/contact\/\">\n\t\t\t\t\t\t<span class=\"elementor-button-content-wrapper\">\n\t\t\t\t\t\t\t\t\t<span class=\"elementor-button-text\">Contact<\/span>\n\t\t\t\t\t<\/span>\n\t\t\t\t\t<\/a>\n\t\t\t\t\t\t\t\t<\/div>\n\t\t\t\t<\/div>\n\t\t\t\t<\/div>\n\t\t\t\t<\/div>\n\t\t","protected":false},"excerpt":{"rendered":"<p>Fabricant de profil\u00e9s en aluminium pour les professionnels et les grossistes Nous disposons d&rsquo;un large catalogue de profil\u00e9s en aluminium pour le vitrage, le carrelage et la ma\u00e7onnerie. Jetez un \u0153il \u00e0 notre catalogue de produits et choisissez celui que vous jugez n\u00e9cessaire. Bande de chant Bande de chant en aluminium disponible en diff\u00e9rentes tailles.&hellip;<\/p>\n","protected":false},"author":3,"featured_media":0,"parent":0,"menu_order":0,"comment_status":"closed","ping_status":"closed","template":"","meta":{"_seopress_robots_primary_cat":"","_seopress_titles_title":"Profil\u00e9s en aluminium pour construction | Lisanplast","_seopress_titles_desc":"Profil\u00e9s en aluminium fabriqu\u00e9s par Lisanplast pour applications en construction et finition. Solutions r\u00e9sistantes et durables.","_seopress_robots_index":"","footnotes":""},"class_list":["post-3799","page","type-page","status-publish","hentry"],"_links":{"self":[{"href":"https:\/\/lisanplast.com\/fr\/wp-json\/wp\/v2\/pages\/3799","targetHints":{"allow":["GET"]}}],"collection":[{"href":"https:\/\/lisanplast.com\/fr\/wp-json\/wp\/v2\/pages"}],"about":[{"href":"https:\/\/lisanplast.com\/fr\/wp-json\/wp\/v2\/types\/page"}],"author":[{"embeddable":true,"href":"https:\/\/lisanplast.com\/fr\/wp-json\/wp\/v2\/users\/3"}],"replies":[{"embeddable":true,"href":"https:\/\/lisanplast.com\/fr\/wp-json\/wp\/v2\/comments?post=3799"}],"version-history":[{"count":6,"href":"https:\/\/lisanplast.com\/fr\/wp-json\/wp\/v2\/pages\/3799\/revisions"}],"predecessor-version":[{"id":6944,"href":"https:\/\/lisanplast.com\/fr\/wp-json\/wp\/v2\/pages\/3799\/revisions\/6944"}],"wp:attachment":[{"href":"https:\/\/lisanplast.com\/fr\/wp-json\/wp\/v2\/media?parent=3799"}],"curies":[{"name":"wp","href":"https:\/\/api.w.org\/{rel}","templated":true}]}}