{"id":3923,"date":"2023-01-24T16:55:15","date_gmt":"2023-01-24T16:55:15","guid":{"rendered":"https:\/\/lisanplast.com\/joints-et-profiles-pvc-pour-vitrage-et-cloture\/joints-pvc-pour-parois-de-salle-de-bain\/"},"modified":"2026-03-15T19:17:00","modified_gmt":"2026-03-15T19:17:00","slug":"joints-pvc-pour-parois-de-salle-de-bain","status":"publish","type":"page","link":"https:\/\/lisanplast.com\/fr\/joints-et-profiles-pvc-pour-vitrage-et-cloture\/joints-pvc-pour-parois-de-salle-de-bain\/","title":{"rendered":"Joints PVC pour parois de salle de bain"},"content":{"rendered":"\t\t<div data-elementor-type=\"wp-page\" data-elementor-id=\"3923\" class=\"elementor elementor-3923 elementor-1917\" data-elementor-post-type=\"page\">\n\t\t\t\t<div class=\"elementor-element elementor-element-820fdb8 e-flex e-con-boxed e-con e-parent\" data-id=\"820fdb8\" data-element_type=\"container\">\n\t\t\t\t\t<div class=\"e-con-inner\">\n\t\t\t\t<div class=\"elementor-element elementor-element-3acdc84 elementor-widget elementor-widget-text-editor\" data-id=\"3acdc84\" data-element_type=\"widget\" data-widget_type=\"text-editor.default\">\n\t\t\t\t\t\t\t\t\t<p>Les<strong> joints pour cloisons de salle de bain<\/strong> que nous proposons sont de haute qualit\u00e9, pour garantir un achat efficace et une utilisation optimale de nos produits. Ci-dessous nous vous montrons les diff\u00e9rents<strong> joints de cloisons de salle de bain <\/strong>que nous vous pr\u00e9sentons.<\/p>\n\t\t\t\t\t\t\t\t<\/div>\n\t\t\t\t\t<\/div>\n\t\t\t\t<\/div>\n\t\t<div class=\"elementor-element elementor-element-6c17646 e-flex e-con-boxed e-con e-parent\" data-id=\"6c17646\" data-element_type=\"container\">\n\t\t\t\t\t<div class=\"e-con-inner\">\n\t\t\t\t<div class=\"elementor-element elementor-element-5f78a56 elementor-widget-divider--view-line elementor-widget elementor-widget-divider\" data-id=\"5f78a56\" data-element_type=\"widget\" data-widget_type=\"divider.default\">\n\t\t\t\t\t\t\t<div class=\"elementor-divider\">\n\t\t\t<span class=\"elementor-divider-separator\">\n\t\t\t\t\t\t<\/span>\n\t\t<\/div>\n\t\t\t\t\t\t<\/div>\n\t\t<div class=\"elementor-element elementor-element-3061560 e-flex e-con-boxed e-con e-parent\" data-id=\"3061560\" data-element_type=\"container\">\n\t\t\t\t\t<div class=\"e-con-inner\">\n\t\t\t\t<div class=\"elementor-element elementor-element-cfde634 elementor-widget elementor-widget-heading\" data-id=\"cfde634\" data-element_type=\"widget\" data-widget_type=\"heading.default\">\n\t\t\t\t\t<h2 class=\"elementor-heading-title elementor-size-default\">Joint en PVC pour diviser les \u00e9crans et les enceintes de bureau<\/h2>\t\t\t\t<\/div>\n\t\t\t\t\t<\/div>\n\t\t\t\t<\/div>\n\t\t<div class=\"elementor-element elementor-element-6115453 e-flex e-con-boxed e-con e-parent\" data-id=\"6115453\" data-element_type=\"container\">\n\t\t\t\t\t<div class=\"e-con-inner\">\n\t\t<div class=\"elementor-element elementor-element-462bb1d e-con-full e-flex e-con e-parent\" data-id=\"462bb1d\" data-element_type=\"container\">\n\t\t\t\t<div class=\"elementor-element elementor-element-65b5068 elementor-widget elementor-widget-image\" data-id=\"65b5068\" data-element_type=\"widget\" data-widget_type=\"image.default\">\n\t\t\t\t\t\t\t\t\t\t\t\t\t\t\t<img fetchpriority=\"high\" decoding=\"async\" width=\"800\" height=\"800\" src=\"https:\/\/lisanplast.com\/wp-content\/uploads\/juntas-cristaleria-mamparas-oficina-imagen.png\" class=\"attachment-full size-full wp-image-3657\" alt=\"Juntas para cristaler\u00eda y mamparas utilizadas en oficinas y divisiones de vidrio.\" srcset=\"https:\/\/lisanplast.com\/wp-content\/uploads\/juntas-cristaleria-mamparas-oficina-imagen.png 800w, https:\/\/lisanplast.com\/wp-content\/uploads\/juntas-cristaleria-mamparas-oficina-imagen-300x300.png 300w, https:\/\/lisanplast.com\/wp-content\/uploads\/juntas-cristaleria-mamparas-oficina-imagen-150x150.png 150w, https:\/\/lisanplast.com\/wp-content\/uploads\/juntas-cristaleria-mamparas-oficina-imagen-768x768.png 768w\" sizes=\"(max-width: 800px) 100vw, 800px\" \/>\t\t\t\t\t\t\t\t\t\t\t\t\t\t\t<\/div>\n\t\t\t\t<\/div>\n\t\t<div class=\"elementor-element elementor-element-cc7d87d e-con-full e-flex e-con e-parent\" data-id=\"cc7d87d\" data-element_type=\"container\">\n\t\t<div class=\"elementor-element elementor-element-fb48c6a e-con-full e-flex e-con e-parent\" data-id=\"fb48c6a\" data-element_type=\"container\">\n\t\t\t\t<div class=\"elementor-element elementor-element-dfdb87d elementor-widget elementor-widget-text-editor\" data-id=\"dfdb87d\" data-element_type=\"widget\" data-widget_type=\"text-editor.default\">\n\t\t\t\t\t\t\t\t\t<p><span style=\"font-weight: bold;\">R\u00e9f\u00e9rence:<\/span><\/p>\n\t\t\t\t\t\t\t\t<\/div>\n\t\t\t\t<\/div>\n\t\t<div class=\"elementor-element elementor-element-9f70af7 e-con-full e-flex e-con e-parent\" data-id=\"9f70af7\" data-element_type=\"container\">\n\t\t\t\t<div class=\"elementor-element elementor-element-eca6c95 elementor-widget elementor-widget-text-editor\" data-id=\"eca6c95\" data-element_type=\"widget\" data-widget_type=\"text-editor.default\">\n\t\t\t\t\t\t\t\t\t<p>04VITRPN<\/p>\n\t\t\t\t\t\t\t\t<\/div>\n\t\t\t\t<\/div>\n\t\t\t\t<div class=\"elementor-element elementor-element-1a7244d elementor-widget-divider--view-line elementor-widget elementor-widget-divider\" data-id=\"1a7244d\" data-element_type=\"widget\" data-widget_type=\"divider.default\">\n\t\t\t\t\t\t\t<div class=\"elementor-divider\">\n\t\t\t<span class=\"elementor-divider-separator\">\n\t\t\t\t\t\t<\/span>\n\t\t<\/div>\n\t\t\t\t\t\t<\/div>\n\t\t<div class=\"elementor-element elementor-element-6ed55d3 e-con-full e-flex e-con e-parent\" data-id=\"6ed55d3\" data-element_type=\"container\">\n\t\t\t\t<div class=\"elementor-element elementor-element-627e122 elementor-widget elementor-widget-text-editor\" data-id=\"627e122\" data-element_type=\"widget\" data-widget_type=\"text-editor.default\">\n\t\t\t\t\t\t\t\t\t<p><span style=\"font-weight: bold;\">Description:<\/span><\/p>\n\t\t\t\t\t\t\t\t<\/div>\n\t\t\t\t<\/div>\n\t\t<div class=\"elementor-element elementor-element-bfc3056 e-con-full e-flex e-con e-parent\" data-id=\"bfc3056\" data-element_type=\"container\">\n\t\t\t\t<div class=\"elementor-element elementor-element-cb584a2 elementor-widget elementor-widget-text-editor\" data-id=\"cb584a2\" data-element_type=\"widget\" data-widget_type=\"text-editor.default\">\n\t\t\t\t\t\t\t\t\t<p>Profil de petits meubles<\/p>\n\t\t\t\t\t\t\t\t<\/div>\n\t\t\t\t<\/div>\n\t\t\t\t<div class=\"elementor-element elementor-element-126d0ec elementor-widget-divider--view-line elementor-widget elementor-widget-divider\" data-id=\"126d0ec\" data-element_type=\"widget\" data-widget_type=\"divider.default\">\n\t\t\t\t\t\t\t<div class=\"elementor-divider\">\n\t\t\t<span class=\"elementor-divider-separator\">\n\t\t\t\t\t\t<\/span>\n\t\t<\/div>\n\t\t\t\t\t\t<\/div>\n\t\t<div class=\"elementor-element elementor-element-f8fd9e4 e-con-full e-flex e-con e-parent\" data-id=\"f8fd9e4\" data-element_type=\"container\">\n\t\t\t\t<div class=\"elementor-element elementor-element-16a0e5f elementor-widget elementor-widget-text-editor\" data-id=\"16a0e5f\" data-element_type=\"widget\" data-widget_type=\"text-editor.default\">\n\t\t\t\t\t\t\t\t\t<p style=\"margin-bottom: 10px;\"><span style=\"font-weight: bold;\">Rouleaux m\u00e8tres :<\/span><\/p>\n\t\t\t\t\t\t\t\t<\/div>\n\t\t\t\t<\/div>\n\t\t<div class=\"elementor-element elementor-element-fca3422 e-con-full e-flex e-con e-parent\" data-id=\"fca3422\" data-element_type=\"container\">\n\t\t\t\t<div class=\"elementor-element elementor-element-88ecccc elementor-widget elementor-widget-text-editor\" data-id=\"88ecccc\" data-element_type=\"widget\" data-widget_type=\"text-editor.default\">\n\t\t\t\t\t\t\t\t\t<p>50 m <\/p>\n\t\t\t\t\t\t\t\t<\/div>\n\t\t\t\t<\/div>\n\t\t\t\t<div class=\"elementor-element elementor-element-3b5fc49 elementor-widget-divider--view-line elementor-widget elementor-widget-divider\" data-id=\"3b5fc49\" data-element_type=\"widget\" data-widget_type=\"divider.default\">\n\t\t\t\t\t\t\t<div class=\"elementor-divider\">\n\t\t\t<span class=\"elementor-divider-separator\">\n\t\t\t\t\t\t<\/span>\n\t\t<\/div>\n\t\t\t\t\t\t<\/div>\n\t\t<div class=\"elementor-element elementor-element-829ce46 e-con-full e-flex e-con e-parent\" data-id=\"829ce46\" data-element_type=\"container\">\n\t\t\t\t<div class=\"elementor-element elementor-element-871eaa7 elementor-widget elementor-widget-text-editor\" data-id=\"871eaa7\" data-element_type=\"widget\" data-widget_type=\"text-editor.default\">\n\t\t\t\t\t\t\t\t\t<p><span style=\"font-weight: bold;\">Metros palet<\/span>:<\/p>\n\t\t\t\t\t\t\t\t<\/div>\n\t\t\t\t<\/div>\n\t\t<div class=\"elementor-element elementor-element-ea78c5d e-con-full e-flex e-con e-parent\" data-id=\"ea78c5d\" data-element_type=\"container\">\n\t\t\t\t<div class=\"elementor-element elementor-element-6af2d40 elementor-widget elementor-widget-text-editor\" data-id=\"6af2d40\" data-element_type=\"widget\" data-widget_type=\"text-editor.default\">\n\t\t\t\t\t\t\t\t\t<p>5.000 m <\/p>\n\t\t\t\t\t\t\t\t<\/div>\n\t\t\t\t<\/div>\n\t\t\t\t<div class=\"elementor-element elementor-element-ecc12cd elementor-widget-divider--view-line elementor-widget elementor-widget-divider\" data-id=\"ecc12cd\" data-element_type=\"widget\" data-widget_type=\"divider.default\">\n\t\t\t\t\t\t\t<div class=\"elementor-divider\">\n\t\t\t<span class=\"elementor-divider-separator\">\n\t\t\t\t\t\t<\/span>\n\t\t<\/div>\n\t\t\t\t\t\t<\/div>\n\t\t<div class=\"elementor-element elementor-element-22dc134 e-con-full e-flex e-con e-parent\" data-id=\"22dc134\" data-element_type=\"container\">\n\t\t\t\t<div class=\"elementor-element elementor-element-aedcaac elementor-widget elementor-widget-text-editor\" data-id=\"aedcaac\" data-element_type=\"widget\" data-widget_type=\"text-editor.default\">\n\t\t\t\t\t\t\t\t\t<p><span style=\"font-weight: bold;\">Rollos palet<\/span>:<\/p>\n\t\t\t\t\t\t\t\t<\/div>\n\t\t\t\t<\/div>\n\t\t<div class=\"elementor-element elementor-element-f67518f e-con-full e-flex e-con e-parent\" data-id=\"f67518f\" data-element_type=\"container\">\n\t\t\t\t<div class=\"elementor-element elementor-element-fe653f4 elementor-widget elementor-widget-text-editor\" data-id=\"fe653f4\" data-element_type=\"widget\" data-widget_type=\"text-editor.default\">\n\t\t\t\t\t\t\t\t\t<p>100<\/p>\n\t\t\t\t\t\t\t\t<\/div>\n\t\t\t\t<\/div>\n\t\t\t\t<\/div>\n\t\t\t\t\t<\/div>\n\t\t\t\t<\/div>\n\t\t\t\t<div class=\"elementor-element elementor-element-b77238b elementor-align-center elementor-widget elementor-widget-button\" data-id=\"b77238b\" data-element_type=\"widget\" data-widget_type=\"button.default\">\n\t\t\t\t\t\t\t\t\t\t<a class=\"elementor-button elementor-button-link elementor-size-sm\" href=\"#\">\n\t\t\t\t\t\t<span class=\"elementor-button-content-wrapper\">\n\t\t\t\t\t\t<span class=\"elementor-button-icon\">\n\t\t\t\t<svg xmlns=\"http:\/\/www.w3.org\/2000\/svg\" viewBox=\"0 0 34.76 44.95\"><defs><style>.cls-1{fill:#fff;}<\/style><\/defs><title>descarga<\/title><g id=\"Capa_2\" data-name=\"Capa 2\"><g id=\"Capa_2-2\" data-name=\"Capa 2\"><polygon class=\"cls-1\" points=\"19.33 31.43 19.33 16.74 15.48 16.74 15.48 31.48 12.11 28.11 8.27 28.11 17.38 37.22 26.49 28.11 22.65 28.11 19.33 31.43\"><\/polygon><path class=\"cls-1\" d=\"M25.44,0H0V45H34.76V9.32Zm6.32,42H3V3H23.45v8.31h8.31Z\"><\/path><\/g><\/g><\/svg>\t\t\t<\/span>\n\t\t\t\t\t\t\t\t\t<span class=\"elementor-button-text\">T\u00e9l\u00e9chargez la fiche technique<\/span>\n\t\t\t\t\t<\/span>\n\t\t\t\t\t<\/a>\n\t\t\t\t\t\t\t\t<\/div>\n\t\t\t\t\t<\/div>\n\t\t\t\t<\/div>\n\t\t<div class=\"elementor-element elementor-element-26a8771 e-flex e-con-boxed e-con e-parent\" data-id=\"26a8771\" data-element_type=\"container\">\n\t\t\t\t\t<div class=\"e-con-inner\">\n\t\t\t\t<div class=\"elementor-element elementor-element-d9230d3 elementor-widget-divider--view-line elementor-widget elementor-widget-divider\" data-id=\"d9230d3\" data-element_type=\"widget\" data-widget_type=\"divider.default\">\n\t\t\t\t\t\t\t<div class=\"elementor-divider\">\n\t\t\t<span class=\"elementor-divider-separator\">\n\t\t\t\t\t\t<\/span>\n\t\t<\/div>\n\t\t\t\t\t\t<\/div>\n\t\t<div class=\"elementor-element elementor-element-42ca4f7 e-flex e-con-boxed e-con e-parent\" data-id=\"42ca4f7\" data-element_type=\"container\">\n\t\t\t\t\t<div class=\"e-con-inner\">\n\t\t\t\t<div class=\"elementor-element elementor-element-f25fd8d elementor-widget elementor-widget-heading\" data-id=\"f25fd8d\" data-element_type=\"widget\" data-widget_type=\"heading.default\">\n\t\t\t\t\t<h2 class=\"elementor-heading-title elementor-size-default\">Joint de paravent de salle de bain CAOUTCHOUC\/PVC\/CAOUTCHOUC\/COEX.<\/h2>\t\t\t\t<\/div>\n\t\t\t\t\t<\/div>\n\t\t\t\t<\/div>\n\t\t<div class=\"elementor-element elementor-element-cb959ef e-flex e-con-boxed e-con e-parent\" data-id=\"cb959ef\" data-element_type=\"container\">\n\t\t\t\t\t<div class=\"e-con-inner\">\n\t\t<div class=\"elementor-element elementor-element-d3e5d3d e-con-full e-flex e-con e-parent\" data-id=\"d3e5d3d\" data-element_type=\"container\">\n\t\t\t\t<div class=\"elementor-element elementor-element-650e28f elementor-widget elementor-widget-image\" data-id=\"650e28f\" data-element_type=\"widget\" data-widget_type=\"image.default\">\n\t\t\t\t\t\t\t\t\t\t\t\t\t\t\t<img decoding=\"async\" width=\"800\" height=\"800\" src=\"https:\/\/lisanplast.com\/wp-content\/uploads\/juntas-mamparas-bano-pcv-eva-caucho-imagen.png\" class=\"attachment-full size-full wp-image-3639\" alt=\"Juntas para mamparas de ba\u00f1o fabricadas en PVC, EVA y caucho.\" srcset=\"https:\/\/lisanplast.com\/wp-content\/uploads\/juntas-mamparas-bano-pcv-eva-caucho-imagen.png 800w, https:\/\/lisanplast.com\/wp-content\/uploads\/juntas-mamparas-bano-pcv-eva-caucho-imagen-300x300.png 300w, https:\/\/lisanplast.com\/wp-content\/uploads\/juntas-mamparas-bano-pcv-eva-caucho-imagen-150x150.png 150w, https:\/\/lisanplast.com\/wp-content\/uploads\/juntas-mamparas-bano-pcv-eva-caucho-imagen-768x768.png 768w\" sizes=\"(max-width: 800px) 100vw, 800px\" \/>\t\t\t\t\t\t\t\t\t\t\t\t\t\t\t<\/div>\n\t\t\t\t<\/div>\n\t\t<div class=\"elementor-element elementor-element-2711552 e-con-full e-flex e-con e-parent\" data-id=\"2711552\" data-element_type=\"container\">\n\t\t<div class=\"elementor-element elementor-element-c92e5d1 e-con-full e-flex e-con e-parent\" data-id=\"c92e5d1\" data-element_type=\"container\">\n\t\t\t\t<div class=\"elementor-element elementor-element-eb74860 elementor-widget elementor-widget-text-editor\" data-id=\"eb74860\" data-element_type=\"widget\" data-widget_type=\"text-editor.default\">\n\t\t\t\t\t\t\t\t\t<p><span style=\"font-weight: bold;\">R\u00e9f\u00e9rence:<\/span><\/p>\n\t\t\t\t\t\t\t\t<\/div>\n\t\t\t\t<\/div>\n\t\t<div class=\"elementor-element elementor-element-431560c e-con-full e-flex e-con e-parent\" data-id=\"431560c\" data-element_type=\"container\">\n\t\t\t\t<div class=\"elementor-element elementor-element-3f40372 elementor-widget elementor-widget-text-editor\" data-id=\"3f40372\" data-element_type=\"widget\" data-widget_type=\"text-editor.default\">\n\t\t\t\t\t\t\t\t\t<p>04GTRO<\/p>\n\t\t\t\t\t\t\t\t<\/div>\n\t\t\t\t<\/div>\n\t\t\t\t<div class=\"elementor-element elementor-element-5ab9724 elementor-widget-divider--view-line elementor-widget elementor-widget-divider\" data-id=\"5ab9724\" data-element_type=\"widget\" data-widget_type=\"divider.default\">\n\t\t\t\t\t\t\t<div class=\"elementor-divider\">\n\t\t\t<span class=\"elementor-divider-separator\">\n\t\t\t\t\t\t<\/span>\n\t\t<\/div>\n\t\t\t\t\t\t<\/div>\n\t\t<div class=\"elementor-element elementor-element-952ca5e e-con-full e-flex e-con e-parent\" data-id=\"952ca5e\" data-element_type=\"container\">\n\t\t\t\t<div class=\"elementor-element elementor-element-3a4efde elementor-widget elementor-widget-text-editor\" data-id=\"3a4efde\" data-element_type=\"widget\" data-widget_type=\"text-editor.default\">\n\t\t\t\t\t\t\t\t\t<p><span style=\"font-weight: bold;\">Description:<\/span><\/p>\n\t\t\t\t\t\t\t\t<\/div>\n\t\t\t\t<\/div>\n\t\t<div class=\"elementor-element elementor-element-fa0f22a e-con-full e-flex e-con e-parent\" data-id=\"fa0f22a\" data-element_type=\"container\">\n\t\t\t\t<div class=\"elementor-element elementor-element-f8e22c7 elementor-widget elementor-widget-text-editor\" data-id=\"f8e22c7\" data-element_type=\"widget\" data-widget_type=\"text-editor.default\">\n\t\t\t\t\t\t\t\t\t<p>Caoutchouc PVC, Caoutchouc, Coex. <\/p>\n\t\t\t\t\t\t\t\t<\/div>\n\t\t\t\t<\/div>\n\t\t\t\t<div class=\"elementor-element elementor-element-70bdd0e elementor-widget-divider--view-line elementor-widget elementor-widget-divider\" data-id=\"70bdd0e\" data-element_type=\"widget\" data-widget_type=\"divider.default\">\n\t\t\t\t\t\t\t<div class=\"elementor-divider\">\n\t\t\t<span class=\"elementor-divider-separator\">\n\t\t\t\t\t\t<\/span>\n\t\t<\/div>\n\t\t\t\t\t\t<\/div>\n\t\t<div class=\"elementor-element elementor-element-3b52a76 e-con-full e-flex e-con e-parent\" data-id=\"3b52a76\" data-element_type=\"container\">\n\t\t\t\t<div class=\"elementor-element elementor-element-236958d elementor-widget elementor-widget-text-editor\" data-id=\"236958d\" data-element_type=\"widget\" data-widget_type=\"text-editor.default\">\n\t\t\t\t\t\t\t\t\t<p style=\"margin-bottom: 10px;\"><span style=\"font-weight: bold;\">Rouleaux m\u00e8tres :<\/span><\/p>\n\t\t\t\t\t\t\t\t<\/div>\n\t\t\t\t<\/div>\n\t\t<div class=\"elementor-element elementor-element-b7e6a55 e-con-full e-flex e-con e-parent\" data-id=\"b7e6a55\" data-element_type=\"container\">\n\t\t\t\t<div class=\"elementor-element elementor-element-8a00863 elementor-widget elementor-widget-text-editor\" data-id=\"8a00863\" data-element_type=\"widget\" data-widget_type=\"text-editor.default\">\n\t\t\t\t\t\t\t\t\t<p>100 &#8211; 400 m <\/p>\n\t\t\t\t\t\t\t\t<\/div>\n\t\t\t\t<\/div>\n\t\t\t\t<div class=\"elementor-element elementor-element-72eee69 elementor-widget-divider--view-line elementor-widget elementor-widget-divider\" data-id=\"72eee69\" data-element_type=\"widget\" data-widget_type=\"divider.default\">\n\t\t\t\t\t\t\t<div class=\"elementor-divider\">\n\t\t\t<span class=\"elementor-divider-separator\">\n\t\t\t\t\t\t<\/span>\n\t\t<\/div>\n\t\t\t\t\t\t<\/div>\n\t\t<div class=\"elementor-element elementor-element-984398c e-con-full e-flex e-con e-parent\" data-id=\"984398c\" data-element_type=\"container\">\n\t\t\t\t<div class=\"elementor-element elementor-element-98cbece elementor-widget elementor-widget-text-editor\" data-id=\"98cbece\" data-element_type=\"widget\" data-widget_type=\"text-editor.default\">\n\t\t\t\t\t\t\t\t\t<p><span style=\"font-weight: bold;\">Metros palet<\/span>:<\/p>\n\t\t\t\t\t\t\t\t<\/div>\n\t\t\t\t<\/div>\n\t\t<div class=\"elementor-element elementor-element-ffb1fbf e-con-full e-flex e-con e-parent\" data-id=\"ffb1fbf\" data-element_type=\"container\">\n\t\t\t\t<div class=\"elementor-element elementor-element-a5de958 elementor-widget elementor-widget-text-editor\" data-id=\"a5de958\" data-element_type=\"widget\" data-widget_type=\"text-editor.default\">\n\t\t\t\t\t\t\t\t\t<p>5.000 m <\/p>\n\t\t\t\t\t\t\t\t<\/div>\n\t\t\t\t<\/div>\n\t\t\t\t<div class=\"elementor-element elementor-element-5f32f60 elementor-widget-divider--view-line elementor-widget elementor-widget-divider\" data-id=\"5f32f60\" data-element_type=\"widget\" data-widget_type=\"divider.default\">\n\t\t\t\t\t\t\t<div class=\"elementor-divider\">\n\t\t\t<span class=\"elementor-divider-separator\">\n\t\t\t\t\t\t<\/span>\n\t\t<\/div>\n\t\t\t\t\t\t<\/div>\n\t\t<div class=\"elementor-element elementor-element-12487fd e-con-full e-flex e-con e-parent\" data-id=\"12487fd\" data-element_type=\"container\">\n\t\t\t\t<div class=\"elementor-element elementor-element-36dd1e4 elementor-widget elementor-widget-text-editor\" data-id=\"36dd1e4\" data-element_type=\"widget\" data-widget_type=\"text-editor.default\">\n\t\t\t\t\t\t\t\t\t<p><span style=\"font-weight: bold;\">Rollos palet<\/span>:<\/p>\n\t\t\t\t\t\t\t\t<\/div>\n\t\t\t\t<\/div>\n\t\t<div class=\"elementor-element elementor-element-18fc4f8 e-con-full e-flex e-con e-parent\" data-id=\"18fc4f8\" data-element_type=\"container\">\n\t\t\t\t<div class=\"elementor-element elementor-element-4a9b6ac elementor-widget elementor-widget-text-editor\" data-id=\"4a9b6ac\" data-element_type=\"widget\" data-widget_type=\"text-editor.default\">\n\t\t\t\t\t\t\t\t\t<p>&#8212;<\/p>\n\t\t\t\t\t\t\t\t<\/div>\n\t\t\t\t<\/div>\n\t\t\t\t<\/div>\n\t\t\t\t\t<\/div>\n\t\t\t\t<\/div>\n\t\t\t\t<div class=\"elementor-element elementor-element-54a7460 elementor-align-center elementor-widget elementor-widget-button\" data-id=\"54a7460\" data-element_type=\"widget\" data-widget_type=\"button.default\">\n\t\t\t\t\t\t\t\t\t\t<a class=\"elementor-button elementor-button-link elementor-size-sm\" href=\"#\">\n\t\t\t\t\t\t<span class=\"elementor-button-content-wrapper\">\n\t\t\t\t\t\t<span class=\"elementor-button-icon\">\n\t\t\t\t<svg xmlns=\"http:\/\/www.w3.org\/2000\/svg\" viewBox=\"0 0 34.76 44.95\"><defs><style>.cls-1{fill:#fff;}<\/style><\/defs><title>descarga<\/title><g id=\"Capa_2\" data-name=\"Capa 2\"><g id=\"Capa_2-2\" data-name=\"Capa 2\"><polygon class=\"cls-1\" points=\"19.33 31.43 19.33 16.74 15.48 16.74 15.48 31.48 12.11 28.11 8.27 28.11 17.38 37.22 26.49 28.11 22.65 28.11 19.33 31.43\"><\/polygon><path class=\"cls-1\" d=\"M25.44,0H0V45H34.76V9.32Zm6.32,42H3V3H23.45v8.31h8.31Z\"><\/path><\/g><\/g><\/svg>\t\t\t<\/span>\n\t\t\t\t\t\t\t\t\t<span class=\"elementor-button-text\">T\u00e9l\u00e9chargez la fiche technique<\/span>\n\t\t\t\t\t<\/span>\n\t\t\t\t\t<\/a>\n\t\t\t\t\t\t\t\t<\/div>\n\t\t\t\t\t<\/div>\n\t\t\t\t<\/div>\n\t\t\t\t<\/div>\n\t\t","protected":false},"excerpt":{"rendered":"<p>Les joints pour cloisons de salle de bain que nous proposons sont de haute qualit\u00e9, pour garantir un achat efficace et une utilisation optimale de nos produits. Ci-dessous nous vous montrons les diff\u00e9rents joints de cloisons de salle de bain que nous vous pr\u00e9sentons. Joint en PVC pour diviser les \u00e9crans et les enceintes de&hellip;<\/p>\n","protected":false},"author":3,"featured_media":0,"parent":3785,"menu_order":0,"comment_status":"closed","ping_status":"closed","template":"","meta":{"_seopress_robots_primary_cat":"","_seopress_titles_title":"Joints PVC pour parois de salle de bain | Lisanplast","_seopress_titles_desc":"Joints PVC pour parois de salle de bain con\u00e7us pour assurer l\u2019\u00e9tanch\u00e9it\u00e9 et prot\u00e9ger les installations contre l\u2019humidit\u00e9.","_seopress_robots_index":"","footnotes":""},"class_list":["post-3923","page","type-page","status-publish","hentry"],"_links":{"self":[{"href":"https:\/\/lisanplast.com\/fr\/wp-json\/wp\/v2\/pages\/3923","targetHints":{"allow":["GET"]}}],"collection":[{"href":"https:\/\/lisanplast.com\/fr\/wp-json\/wp\/v2\/pages"}],"about":[{"href":"https:\/\/lisanplast.com\/fr\/wp-json\/wp\/v2\/types\/page"}],"author":[{"embeddable":true,"href":"https:\/\/lisanplast.com\/fr\/wp-json\/wp\/v2\/users\/3"}],"replies":[{"embeddable":true,"href":"https:\/\/lisanplast.com\/fr\/wp-json\/wp\/v2\/comments?post=3923"}],"version-history":[{"count":2,"href":"https:\/\/lisanplast.com\/fr\/wp-json\/wp\/v2\/pages\/3923\/revisions"}],"predecessor-version":[{"id":6880,"href":"https:\/\/lisanplast.com\/fr\/wp-json\/wp\/v2\/pages\/3923\/revisions\/6880"}],"up":[{"embeddable":true,"href":"https:\/\/lisanplast.com\/fr\/wp-json\/wp\/v2\/pages\/3785"}],"wp:attachment":[{"href":"https:\/\/lisanplast.com\/fr\/wp-json\/wp\/v2\/media?parent=3923"}],"curies":[{"name":"wp","href":"https:\/\/api.w.org\/{rel}","templated":true}]}}