{"id":3927,"date":"2022-11-07T15:41:05","date_gmt":"2022-11-07T15:41:05","guid":{"rendered":"https:\/\/lisanplast.com\/lisanplast\/"},"modified":"2026-03-16T09:32:01","modified_gmt":"2026-03-16T09:32:01","slug":"lisanplast","status":"publish","type":"page","link":"https:\/\/lisanplast.com\/fr\/","title":{"rendered":"Lisanplast"},"content":{"rendered":"\t\t<div data-elementor-type=\"wp-page\" data-elementor-id=\"3927\" class=\"elementor elementor-3927 elementor-2\" data-elementor-post-type=\"page\">\n\t\t\t\t<div class=\"elementor-element elementor-element-f398b8f e-flex e-con-boxed e-con e-parent\" data-id=\"f398b8f\" data-element_type=\"container\" data-settings=\"{&quot;background_background&quot;:&quot;classic&quot;,&quot;background_motion_fx_motion_fx_scrolling&quot;:&quot;yes&quot;,&quot;background_motion_fx_scale_effect&quot;:&quot;yes&quot;,&quot;background_motion_fx_scale_direction&quot;:&quot;out-in&quot;,&quot;background_motion_fx_scale_speed&quot;:{&quot;unit&quot;:&quot;px&quot;,&quot;size&quot;:4,&quot;sizes&quot;:[]},&quot;background_motion_fx_scale_range&quot;:{&quot;unit&quot;:&quot;%&quot;,&quot;size&quot;:&quot;&quot;,&quot;sizes&quot;:{&quot;start&quot;:20,&quot;end&quot;:80}},&quot;background_motion_fx_devices&quot;:[&quot;desktop&quot;,&quot;tablet&quot;,&quot;mobile&quot;]}\">\n\t\t\t\t\t<div class=\"e-con-inner\">\n\t\t<div class=\"elementor-element elementor-element-909b90d e-con-full e-flex e-con e-child\" data-id=\"909b90d\" data-element_type=\"container\">\n\t\t\t\t<div class=\"elementor-element elementor-element-3119524 elementor-widget elementor-widget-heading\" data-id=\"3119524\" data-element_type=\"widget\" data-widget_type=\"heading.default\">\n\t\t\t\t\t<h1 class=\"elementor-heading-title elementor-size-default\">Fabricant de profil\u00e9s et tubes rigides et flexibles<\/h1>\t\t\t\t<\/div>\n\t\t\t\t<\/div>\n\t\t\t\t\t<\/div>\n\t\t\t\t<\/div>\n\t\t<div class=\"elementor-element elementor-element-8270f06 e-flex e-con-boxed e-con e-parent\" data-id=\"8270f06\" data-element_type=\"container\">\n\t\t\t\t\t<div class=\"e-con-inner\">\n\t\t<div class=\"elementor-element elementor-element-d777314 e-con-full e-flex e-con e-child\" data-id=\"d777314\" data-element_type=\"container\">\n\t\t\t\t<div class=\"elementor-element elementor-element-c1a293b elementor-widget elementor-widget-text-editor\" data-id=\"c1a293b\" data-element_type=\"widget\" data-widget_type=\"text-editor.default\">\n\t\t\t\t\t\t\t\t\t<p>LISANPLAST est une entreprise leader dans l\u2019extrusion de mati\u00e8res plastiques. Depuis 1998, nous fournissons des solutions globales pour le secteur de la construction, l&rsquo;agriculture et divers secteurs. Nous offrons \u00e0 nos clients une vaste exp\u00e9rience dans la conception et la r\u00e9alisation de projets personnalis\u00e9s. Nous disposons d&rsquo;un vaste r\u00e9seau de distributeurs r\u00e9partis dans le monde entier, dont le si\u00e8ge est en Espagne.<\/p>\n\t\t\t\t\t\t\t\t<\/div>\n\t\t\t\t<\/div>\n\t\t<div class=\"elementor-element elementor-element-c17a1f2 e-con-full e-flex e-con e-child\" data-id=\"c17a1f2\" data-element_type=\"container\">\n\t\t\t\t<div class=\"elementor-element elementor-element-493f5b4 elementor-widget elementor-widget-heading\" data-id=\"493f5b4\" data-element_type=\"widget\" data-widget_type=\"heading.default\">\n\t\t\t\t\t<p class=\"elementor-heading-title elementor-size-default\">D\u00e9couvrez notre catalogue de produits<\/p>\t\t\t\t<\/div>\n\t\t\t\t<div class=\"elementor-element elementor-element-b055f47 elementor-align-left elementor-widget elementor-widget-button\" data-id=\"b055f47\" data-element_type=\"widget\" data-widget_type=\"button.default\">\n\t\t\t\t\t\t\t\t\t\t<a class=\"elementor-button elementor-button-link elementor-size-sm\" href=\"https:\/\/lisanplast.com\/fr\/telecharger-les-catalogues\/\">\n\t\t\t\t\t\t<span class=\"elementor-button-content-wrapper\">\n\t\t\t\t\t\t<span class=\"elementor-button-icon\">\n\t\t\t\t<svg xmlns=\"http:\/\/www.w3.org\/2000\/svg\" viewBox=\"0 0 119.56 44.26\"><defs><style>.cls-1{fill:#fff;}<\/style><\/defs><title>Recurso 1<\/title><g id=\"Capa_2\" data-name=\"Capa 2\"><g id=\"Capa_1-2\" data-name=\"Capa 1\"><polygon class=\"cls-1\" points=\"119.56 22.13 81.22 0 81.22 17.13 0 17.13 0 27.13 81.22 27.13 81.22 44.26 119.56 22.13\"><\/polygon><\/g><\/g><\/svg>\t\t\t<\/span>\n\t\t\t\t\t\t\t\t\t<span class=\"elementor-button-text\">T\u00e9l\u00e9charger les catalogues <\/span>\n\t\t\t\t\t<\/span>\n\t\t\t\t\t<\/a>\n\t\t\t\t\t\t\t\t<\/div>\n\t\t\t\t<\/div>\n\t\t\t\t\t<\/div>\n\t\t\t\t<\/div>\n\t\t<div class=\"elementor-element elementor-element-f9b228b e-flex e-con-boxed e-con e-parent\" data-id=\"f9b228b\" data-element_type=\"container\" data-settings=\"{&quot;background_background&quot;:&quot;classic&quot;}\">\n\t\t\t\t\t<div class=\"e-con-inner\">\n\t\t<div class=\"elementor-element elementor-element-be3634c e-flex e-con-boxed e-con e-child\" data-id=\"be3634c\" data-element_type=\"container\">\n\t\t\t\t\t<div class=\"e-con-inner\">\n\t\t\t\t<div class=\"elementor-element elementor-element-add5a65 elementor-widget elementor-widget-heading\" data-id=\"add5a65\" data-element_type=\"widget\" data-widget_type=\"heading.default\">\n\t\t\t\t\t<h2 class=\"elementor-heading-title elementor-size-default\">Gamme de produits<\/h2>\t\t\t\t<\/div>\n\t\t\t\t<div class=\"elementor-element elementor-element-96c8ff5 elementor-widget elementor-widget-text-editor\" data-id=\"96c8ff5\" data-element_type=\"widget\" data-widget_type=\"text-editor.default\">\n\t\t\t\t\t\t\t\t\t<p>Nous proposons un catalogue de plus de 2 000 r\u00e9f\u00e9rences en mat\u00e9riaux pour diff\u00e9rents secteurs.<\/p>\n<p>Notre objectif est de fabriquer des produits pouvant \u00eatre appliqu\u00e9s dans tous types de projets industriels et d\u00e9coratifs, en r\u00e9ponse aux demandes de nos clients.<\/p>\n\t\t\t\t\t\t\t\t<\/div>\n\t\t\t\t\t<\/div>\n\t\t\t\t<\/div>\n\t\t<div class=\"elementor-element elementor-element-9e5bf87 e-con-full e-flex e-con e-child\" data-id=\"9e5bf87\" data-element_type=\"container\" data-settings=\"{&quot;background_background&quot;:&quot;classic&quot;}\">\n\t\t\t\t<div class=\"elementor-element elementor-element-e9ce39a elementor-widget elementor-widget-image\" data-id=\"e9ce39a\" data-element_type=\"widget\" data-widget_type=\"image.default\">\n\t\t\t\t\t\t\t\t\t\t\t\t\t\t\t<img decoding=\"async\" src=\"https:\/\/lisanplast.com\/wp-content\/uploads\/2022\/11\/icon-albanileria.svg\" class=\"attachment-full size-full wp-image-3497\" alt=\"\" \/>\t\t\t\t\t\t\t\t\t\t\t\t\t\t\t<\/div>\n\t\t<div class=\"elementor-element elementor-element-70c82bc e-flex e-con-boxed e-con e-child\" data-id=\"70c82bc\" data-element_type=\"container\">\n\t\t\t\t\t<div class=\"e-con-inner\">\n\t\t\t\t<div class=\"elementor-element elementor-element-3025848 elementor-widget elementor-widget-heading\" data-id=\"3025848\" data-element_type=\"widget\" data-widget_type=\"heading.default\">\n\t\t\t\t\t<h3 class=\"elementor-heading-title elementor-size-default\">Produits de ma\u00e7onnerie<\/h3>\t\t\t\t<\/div>\n\t\t\t\t<div class=\"elementor-element elementor-element-b2140a9 elementor-widget elementor-widget-text-editor\" data-id=\"b2140a9\" data-element_type=\"widget\" data-widget_type=\"text-editor.default\">\n\t\t\t\t\t\t\t\t\t<p>Profil\u00e9s pour <strong>pl\u00e2tre, mortier<\/strong><br \/><strong>et monocouche pour le b\u00e2timent et les travaux de construction<\/strong><\/p>\n\t\t\t\t\t\t\t\t<\/div>\n\t\t\t\t\t<\/div>\n\t\t\t\t<\/div>\n\t\t\t\t<div class=\"elementor-element elementor-element-05e505a elementor-align-left elementor-widget elementor-widget-the7_button_widget\" data-id=\"05e505a\" data-element_type=\"widget\" data-widget_type=\"the7_button_widget.default\">\n\t\t\t\t<div class=\"elementor-widget-container\">\n\t\t\t\t\t<div class=\"elementor-button-wrapper\"><a href=\"https:\/\/lisanplast.com\/fr\/produits-de-maconnerie\/\" class=\"box-button elementor-button elementor-size-sm\">Voir les produits<svg xmlns=\"http:\/\/www.w3.org\/2000\/svg\" viewBox=\"0 0 119.56 44.26\"><defs><style>.cls-1{fill:#fff;}<\/style><\/defs><title>Recurso 1<\/title><g id=\"Capa_2\" data-name=\"Capa 2\"><g id=\"Capa_1-2\" data-name=\"Capa 1\"><polygon class=\"cls-1\" points=\"119.56 22.13 81.22 0 81.22 17.13 0 17.13 0 27.13 81.22 27.13 81.22 44.26 119.56 22.13\"><\/polygon><\/g><\/g><\/svg><\/a><\/div>\t\t\t\t<\/div>\n\t\t\t\t<\/div>\n\t\t\t\t<\/div>\n\t\t<div class=\"elementor-element elementor-element-153baae e-con-full e-flex e-con e-child\" data-id=\"153baae\" data-element_type=\"container\" data-settings=\"{&quot;background_background&quot;:&quot;classic&quot;}\">\n\t\t\t\t<div class=\"elementor-element elementor-element-71a2e5d elementor-widget elementor-widget-image\" data-id=\"71a2e5d\" data-element_type=\"widget\" data-widget_type=\"image.default\">\n\t\t\t\t\t\t\t\t\t\t\t\t\t\t\t<img decoding=\"async\" src=\"https:\/\/lisanplast.com\/wp-content\/uploads\/2022\/11\/icon-encofrado.svg\" class=\"attachment-full size-full wp-image-3499\" alt=\"\" \/>\t\t\t\t\t\t\t\t\t\t\t\t\t\t\t<\/div>\n\t\t<div class=\"elementor-element elementor-element-b3cae57 e-flex e-con-boxed e-con e-child\" data-id=\"b3cae57\" data-element_type=\"container\">\n\t\t\t\t\t<div class=\"e-con-inner\">\n\t\t\t\t<div class=\"elementor-element elementor-element-2edceeb elementor-widget elementor-widget-heading\" data-id=\"2edceeb\" data-element_type=\"widget\" data-widget_type=\"heading.default\">\n\t\t\t\t\t<h3 class=\"elementor-heading-title elementor-size-default\">Produits de coffrage<\/h3>\t\t\t\t<\/div>\n\t\t\t\t<div class=\"elementor-element elementor-element-b4e13ff elementor-widget elementor-widget-text-editor\" data-id=\"b4e13ff\" data-element_type=\"widget\" data-widget_type=\"text-editor.default\">\n\t\t\t\t\t\t\t\t\t<p><strong>Champignons de protection<\/strong>, <strong>gardes corps<\/strong>, cales de montage, treillis&#8230;Et bien d&rsquo;autres produits pour les travaux de coffrage.<\/p>\n\t\t\t\t\t\t\t\t<\/div>\n\t\t\t\t\t<\/div>\n\t\t\t\t<\/div>\n\t\t\t\t<div class=\"elementor-element elementor-element-29acae2 elementor-align-left elementor-widget elementor-widget-the7_button_widget\" data-id=\"29acae2\" data-element_type=\"widget\" data-widget_type=\"the7_button_widget.default\">\n\t\t\t\t<div class=\"elementor-widget-container\">\n\t\t\t\t\t<div class=\"elementor-button-wrapper\"><a href=\"https:\/\/lisanplast.com\/fr\/produits-de-coffrage\/\" class=\"box-button elementor-button elementor-size-sm\">Voir les produits<svg xmlns=\"http:\/\/www.w3.org\/2000\/svg\" viewBox=\"0 0 119.56 44.26\"><defs><style>.cls-1{fill:#fff;}<\/style><\/defs><title>Recurso 1<\/title><g id=\"Capa_2\" data-name=\"Capa 2\"><g id=\"Capa_1-2\" data-name=\"Capa 1\"><polygon class=\"cls-1\" points=\"119.56 22.13 81.22 0 81.22 17.13 0 17.13 0 27.13 81.22 27.13 81.22 44.26 119.56 22.13\"><\/polygon><\/g><\/g><\/svg><\/a><\/div>\t\t\t\t<\/div>\n\t\t\t\t<\/div>\n\t\t\t\t<\/div>\n\t\t<div class=\"elementor-element elementor-element-32425f9 e-con-full e-flex e-con e-child\" data-id=\"32425f9\" data-element_type=\"container\" data-settings=\"{&quot;background_background&quot;:&quot;classic&quot;}\">\n\t\t\t\t<div class=\"elementor-element elementor-element-7bec465 elementor-widget elementor-widget-image\" data-id=\"7bec465\" data-element_type=\"widget\" data-widget_type=\"image.default\">\n\t\t\t\t\t\t\t\t\t\t\t\t\t\t\t<img decoding=\"async\" src=\"https:\/\/lisanplast.com\/wp-content\/uploads\/2022\/11\/icon-alicatado.svg\" class=\"attachment-full size-full wp-image-3498\" alt=\"\" \/>\t\t\t\t\t\t\t\t\t\t\t\t\t\t\t<\/div>\n\t\t<div class=\"elementor-element elementor-element-adaf071 e-flex e-con-boxed e-con e-child\" data-id=\"adaf071\" data-element_type=\"container\">\n\t\t\t\t\t<div class=\"e-con-inner\">\n\t\t\t\t<div class=\"elementor-element elementor-element-d1cc6d0 elementor-widget elementor-widget-heading\" data-id=\"d1cc6d0\" data-element_type=\"widget\" data-widget_type=\"heading.default\">\n\t\t\t\t\t<h3 class=\"elementor-heading-title elementor-size-default\">Produits de carrelage<\/h3>\t\t\t\t<\/div>\n\t\t\t\t<div class=\"elementor-element elementor-element-54837dc elementor-widget elementor-widget-text-editor\" data-id=\"54837dc\" data-element_type=\"widget\" data-widget_type=\"text-editor.default\">\n\t\t\t\t\t\t\t\t\t<p><b>Profil\u00e9s en PVC, listels en acier inoxydable, corni\u00e8res en aluminium<\/b> et autres produits d&rsquo;excellente qualit\u00e9<b>.<\/b><\/p>\n\t\t\t\t\t\t\t\t<\/div>\n\t\t\t\t\t<\/div>\n\t\t\t\t<\/div>\n\t\t\t\t<div class=\"elementor-element elementor-element-72dcf41 elementor-align-left elementor-widget elementor-widget-the7_button_widget\" data-id=\"72dcf41\" data-element_type=\"widget\" data-widget_type=\"the7_button_widget.default\">\n\t\t\t\t<div class=\"elementor-widget-container\">\n\t\t\t\t\t<div class=\"elementor-button-wrapper\"><a href=\"https:\/\/lisanplast.com\/fr\/produits-de-carrelage\/\" class=\"box-button elementor-button elementor-size-sm\">Voir les produits<svg xmlns=\"http:\/\/www.w3.org\/2000\/svg\" viewBox=\"0 0 119.56 44.26\"><defs><style>.cls-1{fill:#fff;}<\/style><\/defs><title>Recurso 1<\/title><g id=\"Capa_2\" data-name=\"Capa 2\"><g id=\"Capa_1-2\" data-name=\"Capa 1\"><polygon class=\"cls-1\" points=\"119.56 22.13 81.22 0 81.22 17.13 0 17.13 0 27.13 81.22 27.13 81.22 44.26 119.56 22.13\"><\/polygon><\/g><\/g><\/svg><\/a><\/div>\t\t\t\t<\/div>\n\t\t\t\t<\/div>\n\t\t\t\t<\/div>\n\t\t<div class=\"elementor-element elementor-element-49e3145 e-con-full e-flex e-con e-child\" data-id=\"49e3145\" data-element_type=\"container\" data-settings=\"{&quot;background_background&quot;:&quot;classic&quot;}\">\n\t\t\t\t<div class=\"elementor-element elementor-element-7e9959c elementor-widget elementor-widget-image\" data-id=\"7e9959c\" data-element_type=\"widget\" data-widget_type=\"image.default\">\n\t\t\t\t\t\t\t\t\t\t\t\t\t\t\t<img decoding=\"async\" src=\"https:\/\/lisanplast.com\/wp-content\/uploads\/2022\/11\/icon-ventana.svg\" class=\"attachment-full size-full wp-image-3501\" alt=\"\" \/>\t\t\t\t\t\t\t\t\t\t\t\t\t\t\t<\/div>\n\t\t<div class=\"elementor-element elementor-element-4c5c289 e-flex e-con-boxed e-con e-child\" data-id=\"4c5c289\" data-element_type=\"container\">\n\t\t\t\t\t<div class=\"e-con-inner\">\n\t\t\t\t<div class=\"elementor-element elementor-element-f723cb8 elementor-widget elementor-widget-heading\" data-id=\"f723cb8\" data-element_type=\"widget\" data-widget_type=\"heading.default\">\n\t\t\t\t\t<h3 class=\"elementor-heading-title elementor-size-default\">Produits pour cl\u00f4tures et vitrages<\/h3>\t\t\t\t<\/div>\n\t\t\t\t<div class=\"elementor-element elementor-element-19554f2 elementor-widget elementor-widget-text-editor\" data-id=\"19554f2\" data-element_type=\"widget\" data-widget_type=\"text-editor.default\">\n\t\t\t\t\t\t\t\t\t<p>Nous fabriquons du caoutchouc pour vitrage. <b>J<\/b><strong>oints et profil\u00e9s pour menuiserie en aluminium<\/strong> s\u00e9rie europ\u00e9enne et 40&#215;20. <\/p>\n\t\t\t\t\t\t\t\t<\/div>\n\t\t\t\t\t<\/div>\n\t\t\t\t<\/div>\n\t\t\t\t<div class=\"elementor-element elementor-element-7395433 elementor-align-left elementor-widget elementor-widget-the7_button_widget\" data-id=\"7395433\" data-element_type=\"widget\" data-widget_type=\"the7_button_widget.default\">\n\t\t\t\t<div class=\"elementor-widget-container\">\n\t\t\t\t\t<div class=\"elementor-button-wrapper\"><a href=\"https:\/\/lisanplast.com\/fr\/produits-pour-clotures-et-vitrages\/\" class=\"box-button elementor-button elementor-size-sm\">Voir les produits<svg xmlns=\"http:\/\/www.w3.org\/2000\/svg\" viewBox=\"0 0 119.56 44.26\"><defs><style>.cls-1{fill:#fff;}<\/style><\/defs><title>Recurso 1<\/title><g id=\"Capa_2\" data-name=\"Capa 2\"><g id=\"Capa_1-2\" data-name=\"Capa 1\"><polygon class=\"cls-1\" points=\"119.56 22.13 81.22 0 81.22 17.13 0 17.13 0 27.13 81.22 27.13 81.22 44.26 119.56 22.13\"><\/polygon><\/g><\/g><\/svg><\/a><\/div>\t\t\t\t<\/div>\n\t\t\t\t<\/div>\n\t\t\t\t<\/div>\n\t\t<div class=\"elementor-element elementor-element-6ff293b e-con-full e-flex e-con e-child\" data-id=\"6ff293b\" data-element_type=\"container\" data-settings=\"{&quot;background_background&quot;:&quot;classic&quot;}\">\n\t\t\t\t<div class=\"elementor-element elementor-element-e9974ce elementor-widget elementor-widget-image\" data-id=\"e9974ce\" data-element_type=\"widget\" data-widget_type=\"image.default\">\n\t\t\t\t\t\t\t\t\t\t\t\t\t\t\t<img decoding=\"async\" src=\"https:\/\/lisanplast.com\/wp-content\/uploads\/2022\/11\/icon-agricultura.svg\" class=\"attachment-full size-full wp-image-3496\" alt=\"\" \/>\t\t\t\t\t\t\t\t\t\t\t\t\t\t\t<\/div>\n\t\t<div class=\"elementor-element elementor-element-8989b61 e-flex e-con-boxed e-con e-child\" data-id=\"8989b61\" data-element_type=\"container\">\n\t\t\t\t\t<div class=\"e-con-inner\">\n\t\t\t\t<div class=\"elementor-element elementor-element-23dd814 elementor-widget elementor-widget-heading\" data-id=\"23dd814\" data-element_type=\"widget\" data-widget_type=\"heading.default\">\n\t\t\t\t\t<h3 class=\"elementor-heading-title elementor-size-default\">Produits agricoles<\/h3>\t\t\t\t<\/div>\n\t\t\t\t<div class=\"elementor-element elementor-element-a4a5f4d elementor-widget elementor-widget-text-editor\" data-id=\"a4a5f4d\" data-element_type=\"widget\" data-widget_type=\"text-editor.default\">\n\t\t\t\t\t\t\t\t\t<p><strong>Profil\u00e9s <\/strong>et enceintes <strong>pour serre<\/strong>. <strong>Microtubes <\/strong>pour cultures hydroponiques. Protecteurs pour semis.<\/p>\n\t\t\t\t\t\t\t\t<\/div>\n\t\t\t\t\t<\/div>\n\t\t\t\t<\/div>\n\t\t\t\t<div class=\"elementor-element elementor-element-6195fe4 elementor-align-left elementor-widget elementor-widget-the7_button_widget\" data-id=\"6195fe4\" data-element_type=\"widget\" data-widget_type=\"the7_button_widget.default\">\n\t\t\t\t<div class=\"elementor-widget-container\">\n\t\t\t\t\t<div class=\"elementor-button-wrapper\"><a href=\"https:\/\/lisanplast.com\/fr\/produits-agricoles\/\" class=\"box-button elementor-button elementor-size-sm\">Voir les produits<svg xmlns=\"http:\/\/www.w3.org\/2000\/svg\" viewBox=\"0 0 119.56 44.26\"><defs><style>.cls-1{fill:#fff;}<\/style><\/defs><title>Recurso 1<\/title><g id=\"Capa_2\" data-name=\"Capa 2\"><g id=\"Capa_1-2\" data-name=\"Capa 1\"><polygon class=\"cls-1\" points=\"119.56 22.13 81.22 0 81.22 17.13 0 17.13 0 27.13 81.22 27.13 81.22 44.26 119.56 22.13\"><\/polygon><\/g><\/g><\/svg><\/a><\/div>\t\t\t\t<\/div>\n\t\t\t\t<\/div>\n\t\t\t\t<\/div>\n\t\t<div class=\"elementor-element elementor-element-e95ea76 e-con-full e-flex e-con e-child\" data-id=\"e95ea76\" data-element_type=\"container\" data-settings=\"{&quot;background_background&quot;:&quot;classic&quot;}\">\n\t\t\t\t<div class=\"elementor-element elementor-element-d42810f elementor-widget elementor-widget-image\" data-id=\"d42810f\" data-element_type=\"widget\" data-widget_type=\"image.default\">\n\t\t\t\t\t\t\t\t\t\t\t\t\t\t\t<img decoding=\"async\" src=\"https:\/\/lisanplast.com\/wp-content\/uploads\/2022\/11\/icon-supermercado.svg\" class=\"attachment-full size-full wp-image-3500\" alt=\"\" \/>\t\t\t\t\t\t\t\t\t\t\t\t\t\t\t<\/div>\n\t\t<div class=\"elementor-element elementor-element-0491629 e-flex e-con-boxed e-con e-child\" data-id=\"0491629\" data-element_type=\"container\">\n\t\t\t\t\t<div class=\"e-con-inner\">\n\t\t\t\t<div class=\"elementor-element elementor-element-d8944fc elementor-widget elementor-widget-heading\" data-id=\"d8944fc\" data-element_type=\"widget\" data-widget_type=\"heading.default\">\n\t\t\t\t\t<h3 class=\"elementor-heading-title elementor-size-default\">Produits de signalisation commerciale<\/h3>\t\t\t\t<\/div>\n\t\t\t\t<div class=\"elementor-element elementor-element-6bc514c elementor-widget elementor-widget-text-editor\" data-id=\"6bc514c\" data-element_type=\"widget\" data-widget_type=\"text-editor.default\">\n\t\t\t\t\t\t\t\t\t<p>Nous mettons \u00e0 votre disposition des <b>porte-\u00e9tiquettes<\/b> et des <b>porte-prix <\/b>id\u00e9aux pour une signal\u00e9tique commerciale ad\u00e9quate.<\/p>\n\t\t\t\t\t\t\t\t<\/div>\n\t\t\t\t\t<\/div>\n\t\t\t\t<\/div>\n\t\t\t\t<div class=\"elementor-element elementor-element-30cee4f elementor-align-left elementor-widget elementor-widget-the7_button_widget\" data-id=\"30cee4f\" data-element_type=\"widget\" data-widget_type=\"the7_button_widget.default\">\n\t\t\t\t<div class=\"elementor-widget-container\">\n\t\t\t\t\t<div class=\"elementor-button-wrapper\"><a href=\"https:\/\/lisanplast.com\/fr\/signaletique-commerciale\/\" class=\"box-button elementor-button elementor-size-sm\">Voir les produits<svg xmlns=\"http:\/\/www.w3.org\/2000\/svg\" viewBox=\"0 0 119.56 44.26\"><defs><style>.cls-1{fill:#fff;}<\/style><\/defs><title>Recurso 1<\/title><g id=\"Capa_2\" data-name=\"Capa 2\"><g id=\"Capa_1-2\" data-name=\"Capa 1\"><polygon class=\"cls-1\" points=\"119.56 22.13 81.22 0 81.22 17.13 0 17.13 0 27.13 81.22 27.13 81.22 44.26 119.56 22.13\"><\/polygon><\/g><\/g><\/svg><\/a><\/div>\t\t\t\t<\/div>\n\t\t\t\t<\/div>\n\t\t\t\t<\/div>\n\t\t\t\t\t<\/div>\n\t\t\t\t<\/div>\n\t\t<div class=\"elementor-element elementor-element-f19fa86 e-flex e-con-boxed e-con e-parent\" data-id=\"f19fa86\" data-element_type=\"container\" data-settings=\"{&quot;background_background&quot;:&quot;classic&quot;}\">\n\t\t\t\t\t<div class=\"e-con-inner\">\n\t\t<div class=\"elementor-element elementor-element-63466f8 e-con-full e-flex e-con e-child\" data-id=\"63466f8\" data-element_type=\"container\" data-settings=\"{&quot;background_background&quot;:&quot;classic&quot;}\">\n\t\t<div class=\"elementor-element elementor-element-24d1ee5 e-con-full e-flex e-con e-child\" data-id=\"24d1ee5\" data-element_type=\"container\">\n\t\t\t\t<div class=\"elementor-element elementor-element-9bbd25b elementor-widget elementor-widget-heading\" data-id=\"9bbd25b\" data-element_type=\"widget\" data-widget_type=\"heading.default\">\n\t\t\t\t\t<h3 class=\"elementor-heading-title elementor-size-default\">Projets personnalis\u00e9s<\/h3>\t\t\t\t<\/div>\n\t\t\t\t<div class=\"elementor-element elementor-element-eeffcca elementor-widget elementor-widget-text-editor\" data-id=\"eeffcca\" data-element_type=\"widget\" data-widget_type=\"text-editor.default\">\n\t\t\t\t\t\t\t\t\t<p>Nous d\u00e9veloppons tout type de moule d\u2019injection, de thermoformage ou d\u2019extrusion de mati\u00e8res plastiques. <\/p>\n\t\t\t\t\t\t\t\t<\/div>\n\t\t\t\t<\/div>\n\t\t\t\t<div class=\"elementor-element elementor-element-320bdba elementor-align-left elementor-widget elementor-widget-the7_button_widget\" data-id=\"320bdba\" data-element_type=\"widget\" data-widget_type=\"the7_button_widget.default\">\n\t\t\t\t<div class=\"elementor-widget-container\">\n\t\t\t\t\t<div class=\"elementor-button-wrapper\"><a href=\"https:\/\/lisanplast.com\/fr\/contact\/\" class=\"box-button elementor-button elementor-size-sm\">Demander un devis<svg xmlns=\"http:\/\/www.w3.org\/2000\/svg\" viewBox=\"0 0 119.56 44.26\"><defs><style>.cls-1{fill:#fff;}<\/style><\/defs><title>Recurso 1<\/title><g id=\"Capa_2\" data-name=\"Capa 2\"><g id=\"Capa_1-2\" data-name=\"Capa 1\"><polygon class=\"cls-1\" points=\"119.56 22.13 81.22 0 81.22 17.13 0 17.13 0 27.13 81.22 27.13 81.22 44.26 119.56 22.13\"><\/polygon><\/g><\/g><\/svg><\/a><\/div>\t\t\t\t<\/div>\n\t\t\t\t<\/div>\n\t\t\t\t<\/div>\n\t\t\t\t\t<\/div>\n\t\t\t\t<\/div>\n\t\t<div class=\"elementor-element elementor-element-bfdbaff e-flex e-con-boxed e-con e-parent\" data-id=\"bfdbaff\" data-element_type=\"container\">\n\t\t\t\t\t<div class=\"e-con-inner\">\n\t\t\t\t<div class=\"elementor-element elementor-element-ba36236 elementor-widget elementor-widget-heading\" data-id=\"ba36236\" data-element_type=\"widget\" data-widget_type=\"heading.default\">\n\t\t\t\t\t<p class=\"elementor-heading-title elementor-size-default\">Leader dans l'extrusion de mati\u00e8res plastiques, avec plus de 25 ans d'exp\u00e9rience dans le secteur.<\/p>\t\t\t\t<\/div>\n\t\t\t\t<div class=\"elementor-element elementor-element-ac5ab12 elementor-widget elementor-widget-text-editor\" data-id=\"ac5ab12\" data-element_type=\"widget\" data-widget_type=\"text-editor.default\">\n\t\t\t\t\t\t\t\t\t<p>Sp\u00e9cialis\u00e9 dans l&rsquo;innovation, le d\u00e9veloppement et la fabrication de profil\u00e9s et tubes rigides et flexibles dans tous types de diam\u00e8tres int\u00e9rieurs et ext\u00e9rieurs. Nous pouvons proposer la transformation de tout type de thermoplastique, PVC, PP, ABS, PE, PMMA, Polystyr\u00e8ne, Thermocaoutchouc, mat\u00e9riaux biod\u00e9gradables, mat\u00e9riaux bi-mati\u00e8res&#8230;<\/p>\n\t\t\t\t\t\t\t\t<\/div>\n\t\t\t\t\t<\/div>\n\t\t\t\t<\/div>\n\t\t\t\t<\/div>\n\t\t","protected":false},"excerpt":{"rendered":"<p>Fabricant de profil\u00e9s et tubes rigides et flexibles LISANPLAST est une entreprise leader dans l\u2019extrusion de mati\u00e8res plastiques. Depuis 1998, nous fournissons des solutions globales pour le secteur de la construction, l&rsquo;agriculture et divers secteurs. Nous offrons \u00e0 nos clients une vaste exp\u00e9rience dans la conception et la r\u00e9alisation de projets personnalis\u00e9s. Nous disposons d&rsquo;un&hellip;<\/p>\n","protected":false},"author":3,"featured_media":0,"parent":0,"menu_order":0,"comment_status":"closed","ping_status":"open","template":"elementor_header_footer","meta":{"_seopress_robots_primary_cat":"","_seopress_titles_title":"Lisanplast. Extrusion sur Mesure","_seopress_titles_desc":"Leader en extrusion plastique depuis 1998. Solutions Pro pour la construction sur mesure.","_seopress_robots_index":"","footnotes":""},"class_list":["post-3927","page","type-page","status-publish","hentry"],"_links":{"self":[{"href":"https:\/\/lisanplast.com\/fr\/wp-json\/wp\/v2\/pages\/3927","targetHints":{"allow":["GET"]}}],"collection":[{"href":"https:\/\/lisanplast.com\/fr\/wp-json\/wp\/v2\/pages"}],"about":[{"href":"https:\/\/lisanplast.com\/fr\/wp-json\/wp\/v2\/types\/page"}],"author":[{"embeddable":true,"href":"https:\/\/lisanplast.com\/fr\/wp-json\/wp\/v2\/users\/3"}],"replies":[{"embeddable":true,"href":"https:\/\/lisanplast.com\/fr\/wp-json\/wp\/v2\/comments?post=3927"}],"version-history":[{"count":6,"href":"https:\/\/lisanplast.com\/fr\/wp-json\/wp\/v2\/pages\/3927\/revisions"}],"predecessor-version":[{"id":6983,"href":"https:\/\/lisanplast.com\/fr\/wp-json\/wp\/v2\/pages\/3927\/revisions\/6983"}],"wp:attachment":[{"href":"https:\/\/lisanplast.com\/fr\/wp-json\/wp\/v2\/media?parent=3927"}],"curies":[{"name":"wp","href":"https:\/\/api.w.org\/{rel}","templated":true}]}}