{"id":3949,"date":"2022-11-16T14:36:58","date_gmt":"2022-11-16T14:36:58","guid":{"rendered":"https:\/\/lisanplast.com\/microtubes-2\/"},"modified":"2026-03-28T09:20:03","modified_gmt":"2026-03-28T09:20:03","slug":"microtubes-2","status":"publish","type":"page","link":"https:\/\/lisanplast.com\/fr\/microtubes-2\/","title":{"rendered":"Microtubes pour irrigation agricole"},"content":{"rendered":"\t\t<div data-elementor-type=\"wp-page\" data-elementor-id=\"3949\" class=\"elementor elementor-3949 elementor-260\" data-elementor-post-type=\"page\">\n\t\t\t\t<div class=\"elementor-element elementor-element-820fdb8 e-flex e-con-boxed e-con e-parent\" data-id=\"820fdb8\" data-element_type=\"container\">\n\t\t\t\t\t<div class=\"e-con-inner\">\n\t\t\t\t<div class=\"elementor-element elementor-element-b392ce3 elementor-widget elementor-widget-heading\" data-id=\"b392ce3\" data-element_type=\"widget\" data-widget_type=\"heading.default\">\n\t\t\t\t\t<h2 class=\"elementor-heading-title elementor-size-default\">Fabricant de microtubes pour professionnels et grossistes<\/h2>\t\t\t\t<\/div>\n\t\t\t\t<div class=\"elementor-element elementor-element-3acdc84 elementor-widget elementor-widget-text-editor\" data-id=\"3acdc84\" data-element_type=\"widget\" data-widget_type=\"text-editor.default\">\n\t\t\t\t\t\t\t\t\t<p>Nous disposons d\u2019un large catalogue de <b>microtubes <\/b>destin\u00e9s \u00e0 \u00eatre utilis\u00e9s en agriculture. Jetez un \u0153il \u00e0 notre catalogue de produits et choisissez celui que vous jugez n\u00e9cessaire. <\/p>\n\t\t\t\t\t\t\t\t<\/div>\n\t\t\t\t\t<\/div>\n\t\t\t\t<\/div>\n\t\t<div class=\"elementor-element elementor-element-304d977 e-flex e-con-boxed e-con e-parent\" data-id=\"304d977\" data-element_type=\"container\">\n\t\t\t\t\t<div class=\"e-con-inner\">\n\t\t<div class=\"elementor-element elementor-element-59793e3 e-con-full e-flex e-con e-parent\" data-id=\"59793e3\" data-element_type=\"container\">\n\t\t\t\t<div class=\"elementor-element elementor-element-03c4d6d elementor-widget elementor-widget-image\" data-id=\"03c4d6d\" data-element_type=\"widget\" data-widget_type=\"image.default\">\n\t\t\t\t\t\t\t\t\t\t\t\t\t\t\t<img fetchpriority=\"high\" decoding=\"async\" width=\"800\" height=\"800\" src=\"https:\/\/lisanplast.com\/wp-content\/uploads\/microtubo-negro-.jpg\" class=\"attachment-full size-full wp-image-3608\" alt=\"Microtubo negro para riego utilizado en sistemas de microirrigaci\u00f3n agr\u00edcola.\" srcset=\"https:\/\/lisanplast.com\/wp-content\/uploads\/microtubo-negro-.jpg 800w, https:\/\/lisanplast.com\/wp-content\/uploads\/microtubo-negro--300x300.jpg 300w, https:\/\/lisanplast.com\/wp-content\/uploads\/microtubo-negro--150x150.jpg 150w, https:\/\/lisanplast.com\/wp-content\/uploads\/microtubo-negro--768x768.jpg 768w\" sizes=\"(max-width: 800px) 100vw, 800px\" \/>\t\t\t\t\t\t\t\t\t\t\t\t\t\t\t<\/div>\n\t\t\t\t<\/div>\n\t\t<div class=\"elementor-element elementor-element-7cf6ec4 e-con-full e-flex e-con e-parent\" data-id=\"7cf6ec4\" data-element_type=\"container\">\n\t\t\t\t<div class=\"elementor-element elementor-element-acbabda elementor-widget elementor-widget-heading\" data-id=\"acbabda\" data-element_type=\"widget\" data-widget_type=\"heading.default\">\n\t\t\t\t\t<h3 class=\"elementor-heading-title elementor-size-default\">Microtubes en PVC<\/h3>\t\t\t\t<\/div>\n\t\t\t\t<div class=\"elementor-element elementor-element-8eaf06b elementor-widget elementor-widget-text-editor\" data-id=\"8eaf06b\" data-element_type=\"widget\" data-widget_type=\"text-editor.default\">\n\t\t\t\t\t\t\t\t\t<p>Les <strong>microtubes en PVC <\/strong>que nous proposons sont id\u00e9aux pour l&rsquo;installation de syst\u00e8mes de micro irrigation en agriculture et jardinage. De plus, ces <strong>microtubes en plastique<\/strong> sont performants pour s&rsquo;adapter au mieux \u00e0 vos besoins. Jetez un \u0153il \u00e0 la vari\u00e9t\u00e9 de mesures disponibles sur le Web.  <\/p>\n\t\t\t\t\t\t\t\t<\/div>\n\t\t\t\t<div class=\"elementor-element elementor-element-267a2b3 elementor-align-left elementor-widget elementor-widget-the7_button_widget\" data-id=\"267a2b3\" data-element_type=\"widget\" data-widget_type=\"the7_button_widget.default\">\n\t\t\t\t<div class=\"elementor-widget-container\">\n\t\t\t\t\t<div class=\"elementor-button-wrapper\"><a href=\"https:\/\/lisanplast.com\/fr\/microtubes-2\/microtubes\/\" class=\"box-button elementor-button elementor-size-sm\">Voir les produits<svg xmlns=\"http:\/\/www.w3.org\/2000\/svg\" viewBox=\"0 0 119.56 44.26\"><defs><style>.cls-1{fill:#fff;}<\/style><\/defs><title>Recurso 1<\/title><g id=\"Capa_2\" data-name=\"Capa 2\"><g id=\"Capa_1-2\" data-name=\"Capa 1\"><polygon class=\"cls-1\" points=\"119.56 22.13 81.22 0 81.22 17.13 0 17.13 0 27.13 81.22 27.13 81.22 44.26 119.56 22.13\"><\/polygon><\/g><\/g><\/svg><\/a><\/div>\t\t\t\t<\/div>\n\t\t\t\t<\/div>\n\t\t\t\t<\/div>\n\t\t\t\t\t<\/div>\n\t\t\t\t<\/div>\n\t\t<div class=\"elementor-element elementor-element-e21502c e-flex e-con-boxed e-con e-parent\" data-id=\"e21502c\" data-element_type=\"container\">\n\t\t\t\t\t<div class=\"e-con-inner\">\n\t\t<div class=\"elementor-element elementor-element-0d877f7 e-con-full e-flex e-con e-parent\" data-id=\"0d877f7\" data-element_type=\"container\">\n\t\t\t\t<div class=\"elementor-element elementor-element-d69b9e7 elementor-widget elementor-widget-image\" data-id=\"d69b9e7\" data-element_type=\"widget\" data-widget_type=\"image.default\">\n\t\t\t\t\t\t\t\t\t\t\t\t\t\t\t<img decoding=\"async\" width=\"800\" height=\"800\" src=\"https:\/\/lisanplast.com\/wp-content\/uploads\/microtubo-imagen-1.jpg\" class=\"attachment-full size-full wp-image-3607\" alt=\"Microtubo para riego agr\u00edcola utilizado en sistemas de microirrigaci\u00f3n.\" srcset=\"https:\/\/lisanplast.com\/wp-content\/uploads\/microtubo-imagen-1.jpg 800w, https:\/\/lisanplast.com\/wp-content\/uploads\/microtubo-imagen-1-300x300.jpg 300w, https:\/\/lisanplast.com\/wp-content\/uploads\/microtubo-imagen-1-150x150.jpg 150w, https:\/\/lisanplast.com\/wp-content\/uploads\/microtubo-imagen-1-768x768.jpg 768w\" sizes=\"(max-width: 800px) 100vw, 800px\" \/>\t\t\t\t\t\t\t\t\t\t\t\t\t\t\t<\/div>\n\t\t\t\t<\/div>\n\t\t<div class=\"elementor-element elementor-element-f29fc65 e-con-full e-flex e-con e-parent\" data-id=\"f29fc65\" data-element_type=\"container\">\n\t\t\t\t<div class=\"elementor-element elementor-element-ce792bd elementor-widget elementor-widget-heading\" data-id=\"ce792bd\" data-element_type=\"widget\" data-widget_type=\"heading.default\">\n\t\t\t\t\t<h3 class=\"elementor-heading-title elementor-size-default\">Microtubes PE<\/h3>\t\t\t\t<\/div>\n\t\t\t\t<div class=\"elementor-element elementor-element-138dcc5 elementor-widget elementor-widget-text-editor\" data-id=\"138dcc5\" data-element_type=\"widget\" data-widget_type=\"text-editor.default\">\n\t\t\t\t\t\t\t\t\t<p>Ce <strong>microtube PE <\/strong>est compos\u00e9 de poly\u00e9thyl\u00e8ne, un mat\u00e9riau dot\u00e9 d&rsquo;une tr\u00e8s bonne r\u00e9sistance chimique aux variations de pression, de temp\u00e9rature et \u00e0 l&rsquo;action des rayons solaires, ce qui le rend tr\u00e8s adapt\u00e9 \u00e0 diverses applications telles que la micro-irrigation, le goutte-\u00e0-goutte agricole et le jardinage.<\/p>\n\t\t\t\t\t\t\t\t<\/div>\n\t\t\t\t<div class=\"elementor-element elementor-element-1a62f38 elementor-align-left elementor-widget elementor-widget-the7_button_widget\" data-id=\"1a62f38\" data-element_type=\"widget\" data-widget_type=\"the7_button_widget.default\">\n\t\t\t\t<div class=\"elementor-widget-container\">\n\t\t\t\t\t<div class=\"elementor-button-wrapper\"><a href=\"https:\/\/lisanplast.com\/fr\/microtubes-2\/microtubes\/\" class=\"box-button elementor-button elementor-size-sm\">Voir le produit<svg xmlns=\"http:\/\/www.w3.org\/2000\/svg\" viewBox=\"0 0 119.56 44.26\"><defs><style>.cls-1{fill:#fff;}<\/style><\/defs><title>Recurso 1<\/title><g id=\"Capa_2\" data-name=\"Capa 2\"><g id=\"Capa_1-2\" data-name=\"Capa 1\"><polygon class=\"cls-1\" points=\"119.56 22.13 81.22 0 81.22 17.13 0 17.13 0 27.13 81.22 27.13 81.22 44.26 119.56 22.13\"><\/polygon><\/g><\/g><\/svg><\/a><\/div>\t\t\t\t<\/div>\n\t\t\t\t<\/div>\n\t\t\t\t<\/div>\n\t\t\t\t\t<\/div>\n\t\t\t\t<\/div>\n\t\t<div class=\"elementor-element elementor-element-1bd6ed6 e-flex e-con-boxed e-con e-parent\" data-id=\"1bd6ed6\" data-element_type=\"container\">\n\t\t\t\t\t<div class=\"e-con-inner\">\n\t\t<div class=\"elementor-element elementor-element-c7b4c56 e-con-full e-flex e-con e-parent\" data-id=\"c7b4c56\" data-element_type=\"container\">\n\t\t\t\t<div class=\"elementor-element elementor-element-7a76554 elementor-widget elementor-widget-image\" data-id=\"7a76554\" data-element_type=\"widget\" data-widget_type=\"image.default\">\n\t\t\t\t\t\t\t\t\t\t\t\t\t\t\t<img fetchpriority=\"high\" decoding=\"async\" width=\"800\" height=\"800\" src=\"https:\/\/lisanplast.com\/wp-content\/uploads\/microtubo-negro-.jpg\" class=\"attachment-full size-full wp-image-3608\" alt=\"Microtubo negro para riego utilizado en sistemas de microirrigaci\u00f3n agr\u00edcola.\" srcset=\"https:\/\/lisanplast.com\/wp-content\/uploads\/microtubo-negro-.jpg 800w, https:\/\/lisanplast.com\/wp-content\/uploads\/microtubo-negro--300x300.jpg 300w, https:\/\/lisanplast.com\/wp-content\/uploads\/microtubo-negro--150x150.jpg 150w, https:\/\/lisanplast.com\/wp-content\/uploads\/microtubo-negro--768x768.jpg 768w\" sizes=\"(max-width: 800px) 100vw, 800px\" \/>\t\t\t\t\t\t\t\t\t\t\t\t\t\t\t<\/div>\n\t\t\t\t<\/div>\n\t\t<div class=\"elementor-element elementor-element-1a80314 e-con-full e-flex e-con e-parent\" data-id=\"1a80314\" data-element_type=\"container\">\n\t\t\t\t<div class=\"elementor-element elementor-element-c62ae14 elementor-widget elementor-widget-heading\" data-id=\"c62ae14\" data-element_type=\"widget\" data-widget_type=\"heading.default\">\n\t\t\t\t\t<h3 class=\"elementor-heading-title elementor-size-default\">Microtubes EVA<\/h3>\t\t\t\t<\/div>\n\t\t\t\t<div class=\"elementor-element elementor-element-5129711 elementor-widget elementor-widget-text-editor\" data-id=\"5129711\" data-element_type=\"widget\" data-widget_type=\"text-editor.default\">\n\t\t\t\t\t\t\t\t\t<p>Chez Lisanplast, nous vous montrons les <strong>microtubes EVA<\/strong> que nous avons sur notre site Internet. Les microtubes EVA que nous proposons sont id\u00e9aux pour l&rsquo;installation de syst\u00e8mes de micro irrigation en agriculture, jardinage et micro irrigation (hydroponique). <\/p>\n\t\t\t\t\t\t\t\t<\/div>\n\t\t\t\t<div class=\"elementor-element elementor-element-232e3f6 elementor-align-left elementor-widget elementor-widget-the7_button_widget\" data-id=\"232e3f6\" data-element_type=\"widget\" data-widget_type=\"the7_button_widget.default\">\n\t\t\t\t<div class=\"elementor-widget-container\">\n\t\t\t\t\t<div class=\"elementor-button-wrapper\"><a href=\"https:\/\/lisanplast.com\/fr\/microtubes-2\/microtubes\/\" class=\"box-button elementor-button elementor-size-sm\">Voir le produit<svg xmlns=\"http:\/\/www.w3.org\/2000\/svg\" viewBox=\"0 0 119.56 44.26\"><defs><style>.cls-1{fill:#fff;}<\/style><\/defs><title>Recurso 1<\/title><g id=\"Capa_2\" data-name=\"Capa 2\"><g id=\"Capa_1-2\" data-name=\"Capa 1\"><polygon class=\"cls-1\" points=\"119.56 22.13 81.22 0 81.22 17.13 0 17.13 0 27.13 81.22 27.13 81.22 44.26 119.56 22.13\"><\/polygon><\/g><\/g><\/svg><\/a><\/div>\t\t\t\t<\/div>\n\t\t\t\t<\/div>\n\t\t\t\t<\/div>\n\t\t\t\t\t<\/div>\n\t\t\t\t<\/div>\n\t\t<div class=\"elementor-element elementor-element-796cf63 e-con-full e-flex e-con e-parent\" data-id=\"796cf63\" data-element_type=\"container\">\n\t\t<div class=\"elementor-element elementor-element-ddd97a6 e-con-full e-flex e-con e-parent\" data-id=\"ddd97a6\" data-element_type=\"container\">\n\t\t\t\t<div class=\"elementor-element elementor-element-8b9a604 elementor-widget elementor-widget-heading\" data-id=\"8b9a604\" data-element_type=\"widget\" data-widget_type=\"heading.default\">\n\t\t\t\t\t<h2 class=\"elementor-heading-title elementor-size-default\">\u00cates-vous int\u00e9ress\u00e9 par nos microtubes?<\/h2>\t\t\t\t<\/div>\n\t\t\t\t<div class=\"elementor-element elementor-element-7e27831 elementor-widget elementor-widget-text-editor\" data-id=\"7e27831\" data-element_type=\"widget\" data-widget_type=\"text-editor.default\">\n\t\t\t\t\t\t\t\t\t<p>Si vous avez besoin de plus d&rsquo;informations sur nos microtubes, n&rsquo;h\u00e9sitez pas \u00e0 nous contacter et nous essaierons de r\u00e9soudre vos questions dans les plus brefs d\u00e9lais.<\/p>\n\t\t\t\t\t\t\t\t<\/div>\n\t\t\t\t<\/div>\n\t\t<div class=\"elementor-element elementor-element-610bfde e-con-full e-flex e-con e-parent\" data-id=\"610bfde\" data-element_type=\"container\">\n\t\t\t\t<div class=\"elementor-element elementor-element-926309c elementor-widget elementor-widget-button\" data-id=\"926309c\" data-element_type=\"widget\" data-widget_type=\"button.default\">\n\t\t\t\t\t\t\t\t\t\t<a class=\"elementor-button elementor-button-link elementor-size-sm\" href=\"#\">\n\t\t\t\t\t\t<span class=\"elementor-button-content-wrapper\">\n\t\t\t\t\t\t\t\t\t<span class=\"elementor-button-text\">Contact<\/span>\n\t\t\t\t\t<\/span>\n\t\t\t\t\t<\/a>\n\t\t\t\t\t\t\t\t<\/div>\n\t\t\t\t<\/div>\n\t\t\t\t<\/div>\n\t\t\t\t<\/div>\n\t\t","protected":false},"excerpt":{"rendered":"<p>Fabricant de microtubes pour professionnels et grossistes Nous disposons d\u2019un large catalogue de microtubes destin\u00e9s \u00e0 \u00eatre utilis\u00e9s en agriculture. Jetez un \u0153il \u00e0 notre catalogue de produits et choisissez celui que vous jugez n\u00e9cessaire. Microtubes en PVC Les microtubes en PVC que nous proposons sont id\u00e9aux pour l&rsquo;installation de syst\u00e8mes de micro irrigation en&hellip;<\/p>\n","protected":false},"author":3,"featured_media":0,"parent":0,"menu_order":0,"comment_status":"closed","ping_status":"closed","template":"","meta":{"_seopress_robots_primary_cat":"","_seopress_titles_title":"Microtubes pour travaux d'irrigation et agricoles | Lisanplast","_seopress_titles_desc":"Fabricant de microtubes pour irrigation agricole en PVC, PE et EVA, r\u00e9sistants et adapt\u00e9s aux syst\u00e8mes de micro-irrigation et goutte-\u00e0-goutte.","_seopress_robots_index":"","footnotes":""},"class_list":["post-3949","page","type-page","status-publish","hentry"],"_links":{"self":[{"href":"https:\/\/lisanplast.com\/fr\/wp-json\/wp\/v2\/pages\/3949","targetHints":{"allow":["GET"]}}],"collection":[{"href":"https:\/\/lisanplast.com\/fr\/wp-json\/wp\/v2\/pages"}],"about":[{"href":"https:\/\/lisanplast.com\/fr\/wp-json\/wp\/v2\/types\/page"}],"author":[{"embeddable":true,"href":"https:\/\/lisanplast.com\/fr\/wp-json\/wp\/v2\/users\/3"}],"replies":[{"embeddable":true,"href":"https:\/\/lisanplast.com\/fr\/wp-json\/wp\/v2\/comments?post=3949"}],"version-history":[{"count":4,"href":"https:\/\/lisanplast.com\/fr\/wp-json\/wp\/v2\/pages\/3949\/revisions"}],"predecessor-version":[{"id":6975,"href":"https:\/\/lisanplast.com\/fr\/wp-json\/wp\/v2\/pages\/3949\/revisions\/6975"}],"wp:attachment":[{"href":"https:\/\/lisanplast.com\/fr\/wp-json\/wp\/v2\/media?parent=3949"}],"curies":[{"name":"wp","href":"https:\/\/api.w.org\/{rel}","templated":true}]}}