{"id":3958,"date":"2022-11-14T14:38:21","date_gmt":"2022-11-14T14:38:21","guid":{"rendered":"https:\/\/lisanplast.com\/profiles-galvanises\/"},"modified":"2026-03-15T18:25:00","modified_gmt":"2026-03-15T18:25:00","slug":"profiles-galvanises","status":"publish","type":"page","link":"https:\/\/lisanplast.com\/fr\/profiles-galvanises\/","title":{"rendered":"Profil\u00e9s galvanis\u00e9s"},"content":{"rendered":"\t\t<div data-elementor-type=\"wp-page\" data-elementor-id=\"3958\" class=\"elementor elementor-3958 elementor-220\" data-elementor-post-type=\"page\">\n\t\t\t\t<div class=\"elementor-element elementor-element-820fdb8 e-flex e-con-boxed e-con e-parent\" data-id=\"820fdb8\" data-element_type=\"container\">\n\t\t\t\t\t<div class=\"e-con-inner\">\n\t\t\t\t<div class=\"elementor-element elementor-element-b392ce3 elementor-widget elementor-widget-heading\" data-id=\"b392ce3\" data-element_type=\"widget\" data-widget_type=\"heading.default\">\n\t\t\t\t\t<h2 class=\"elementor-heading-title elementor-size-default\">Fabricant de profil\u00e9s galvanis\u00e9s pour les professionnels et les grossistes<\/h2>\t\t\t\t<\/div>\n\t\t\t\t<div class=\"elementor-element elementor-element-3acdc84 elementor-widget elementor-widget-text-editor\" data-id=\"3acdc84\" data-element_type=\"widget\" data-widget_type=\"text-editor.default\">\n\t\t\t\t\t\t\t\t\t<p>La satisfaction de nos clients nous tient \u00e0 c\u0153ur, c&rsquo;est pourquoi nous sommes toujours pr\u00eats \u00e0 vous fournir un bon achat pour que vous soyez le plus satisfait possible. Les <b>profils galvanis\u00e9s<\/b> que nous proposons sont pr\u00e9sent\u00e9s ci-dessous. <\/p>\n\t\t\t\t\t\t\t\t<\/div>\n\t\t\t\t\t<\/div>\n\t\t\t\t<\/div>\n\t\t<div class=\"elementor-element elementor-element-304d977 e-flex e-con-boxed e-con e-parent\" data-id=\"304d977\" data-element_type=\"container\">\n\t\t\t\t\t<div class=\"e-con-inner\">\n\t\t<div class=\"elementor-element elementor-element-59793e3 e-con-full e-flex e-con e-child\" data-id=\"59793e3\" data-element_type=\"container\">\n\t\t\t\t<div class=\"elementor-element elementor-element-03c4d6d elementor-widget elementor-widget-image\" data-id=\"03c4d6d\" data-element_type=\"widget\" data-widget_type=\"image.default\">\n\t\t\t\t\t\t\t\t\t\t\t\t\t\t\t<img fetchpriority=\"high\" decoding=\"async\" width=\"800\" height=\"800\" src=\"https:\/\/lisanplast.com\/wp-content\/uploads\/guardavivo-metalico-galvanizado-malla.jpg\" class=\"attachment-full size-full wp-image-3525\" alt=\"\" srcset=\"https:\/\/lisanplast.com\/wp-content\/uploads\/guardavivo-metalico-galvanizado-malla.jpg 800w, https:\/\/lisanplast.com\/wp-content\/uploads\/guardavivo-metalico-galvanizado-malla-300x300.jpg 300w, https:\/\/lisanplast.com\/wp-content\/uploads\/guardavivo-metalico-galvanizado-malla-150x150.jpg 150w, https:\/\/lisanplast.com\/wp-content\/uploads\/guardavivo-metalico-galvanizado-malla-768x768.jpg 768w\" sizes=\"(max-width: 800px) 100vw, 800px\" \/>\t\t\t\t\t\t\t\t\t\t\t\t\t\t\t<\/div>\n\t\t\t\t<\/div>\n\t\t<div class=\"elementor-element elementor-element-7cf6ec4 e-con-full e-flex e-con e-child\" data-id=\"7cf6ec4\" data-element_type=\"container\">\n\t\t\t\t<div class=\"elementor-element elementor-element-acbabda elementor-widget elementor-widget-heading\" data-id=\"acbabda\" data-element_type=\"widget\" data-widget_type=\"heading.default\">\n\t\t\t\t\t<h3 class=\"elementor-heading-title elementor-size-default\">Garde-corps en m\u00e9tal galvanis\u00e9<\/h3>\t\t\t\t<\/div>\n\t\t\t\t<div class=\"elementor-element elementor-element-8eaf06b elementor-widget elementor-widget-text-editor\" data-id=\"8eaf06b\" data-element_type=\"widget\" data-widget_type=\"text-editor.default\">\n\t\t\t\t\t\t\t\t\t<p>Nous vous pr\u00e9sentons ici nos <strong>banni\u00e8res en m\u00e9tal galvanis\u00e9<\/strong>, id\u00e9ales pour les travaux de ma\u00e7onnerie. Trouvez celle qui convient le mieux \u00e0 la finition que vous souhaitez r\u00e9aliser et regardez les diff\u00e9rentes tailles et couleurs disponibles pour ce produit. <\/p>\n\t\t\t\t\t\t\t\t<\/div>\n\t\t\t\t<div class=\"elementor-element elementor-element-43f75a3 elementor-align-left elementor-widget elementor-widget-the7_button_widget\" data-id=\"43f75a3\" data-element_type=\"widget\" data-widget_type=\"the7_button_widget.default\">\n\t\t\t\t<div class=\"elementor-widget-container\">\n\t\t\t\t\t<div class=\"elementor-button-wrapper\"><a href=\"https:\/\/lisanplast.com\/fr\/profiles-galvanises\/bornes-en-metal-galvanise\/\" class=\"box-button elementor-button elementor-size-sm\">Voir les produits<svg xmlns=\"http:\/\/www.w3.org\/2000\/svg\" viewBox=\"0 0 119.56 44.26\"><defs><style>.cls-1{fill:#fff;}<\/style><\/defs><title>Recurso 1<\/title><g id=\"Capa_2\" data-name=\"Capa 2\"><g id=\"Capa_1-2\" data-name=\"Capa 1\"><polygon class=\"cls-1\" points=\"119.56 22.13 81.22 0 81.22 17.13 0 17.13 0 27.13 81.22 27.13 81.22 44.26 119.56 22.13\"><\/polygon><\/g><\/g><\/svg><\/a><\/div>\t\t\t\t<\/div>\n\t\t\t\t<\/div>\n\t\t\t\t<\/div>\n\t\t\t\t\t<\/div>\n\t\t\t\t<\/div>\n\t\t<div class=\"elementor-element elementor-element-16e60a1 e-flex e-con-boxed e-con e-parent\" data-id=\"16e60a1\" data-element_type=\"container\">\n\t\t\t\t\t<div class=\"e-con-inner\">\n\t\t<div class=\"elementor-element elementor-element-3988875 e-con-full e-flex e-con e-child\" data-id=\"3988875\" data-element_type=\"container\">\n\t\t\t\t<div class=\"elementor-element elementor-element-6bbe868 elementor-widget elementor-widget-image\" data-id=\"6bbe868\" data-element_type=\"widget\" data-widget_type=\"image.default\">\n\t\t\t\t\t\t\t\t\t\t\t\t\t\t\t<img decoding=\"async\" width=\"800\" height=\"800\" src=\"https:\/\/lisanplast.com\/wp-content\/uploads\/guias-maestra-galvanizado.jpg\" class=\"attachment-full size-full wp-image-3530\" alt=\"Gu\u00eda maestra met\u00e1lica galvanizada para trabajos de yeso y revestimientos.\" srcset=\"https:\/\/lisanplast.com\/wp-content\/uploads\/guias-maestra-galvanizado.jpg 800w, https:\/\/lisanplast.com\/wp-content\/uploads\/guias-maestra-galvanizado-300x300.jpg 300w, https:\/\/lisanplast.com\/wp-content\/uploads\/guias-maestra-galvanizado-150x150.jpg 150w, https:\/\/lisanplast.com\/wp-content\/uploads\/guias-maestra-galvanizado-768x768.jpg 768w\" sizes=\"(max-width: 800px) 100vw, 800px\" \/>\t\t\t\t\t\t\t\t\t\t\t\t\t\t\t<\/div>\n\t\t\t\t<\/div>\n\t\t<div class=\"elementor-element elementor-element-1befe09 e-con-full e-flex e-con e-child\" data-id=\"1befe09\" data-element_type=\"container\">\n\t\t\t\t<div class=\"elementor-element elementor-element-f558bb0 elementor-widget elementor-widget-heading\" data-id=\"f558bb0\" data-element_type=\"widget\" data-widget_type=\"heading.default\">\n\t\t\t\t\t<h3 class=\"elementor-heading-title elementor-size-default\">Guide de r\u00e9f\u00e9rence pour le m\u00e9tal galvanis\u00e9<\/h3>\t\t\t\t<\/div>\n\t\t\t\t<div class=\"elementor-element elementor-element-75fee93 elementor-widget elementor-widget-text-editor\" data-id=\"75fee93\" data-element_type=\"widget\" data-widget_type=\"text-editor.default\">\n\t\t\t\t\t\t\t\t\t<p><strong>Guide ma\u00eetre galvanis\u00e9<\/strong> pour le pl\u00e2tre. Adapt\u00e9 \u00e0 la ma\u00eetrise des enduits et pr\u00e9alable \u00e0 tout type de rev\u00eatement, il permet d&rsquo;obtenir une finition uniforme. Une fois l&rsquo;enduit appliqu\u00e9, la pi\u00e8ce est compl\u00e8tement cach\u00e9e. Disponible en diff\u00e9rentes tailles.   <\/p>\n\t\t\t\t\t\t\t\t<\/div>\n\t\t\t\t<div class=\"elementor-element elementor-element-0fbfb31 elementor-align-left elementor-widget elementor-widget-the7_button_widget\" data-id=\"0fbfb31\" data-element_type=\"widget\" data-widget_type=\"the7_button_widget.default\">\n\t\t\t\t<div class=\"elementor-widget-container\">\n\t\t\t\t\t<div class=\"elementor-button-wrapper\"><a href=\"https:\/\/lisanplast.com\/fr\/profiles-galvanises\/guide-maitre-en-metal-galvanise\/\" class=\"box-button elementor-button elementor-size-sm\">Voir le produit<svg xmlns=\"http:\/\/www.w3.org\/2000\/svg\" viewBox=\"0 0 119.56 44.26\"><defs><style>.cls-1{fill:#fff;}<\/style><\/defs><title>Recurso 1<\/title><g id=\"Capa_2\" data-name=\"Capa 2\"><g id=\"Capa_1-2\" data-name=\"Capa 1\"><polygon class=\"cls-1\" points=\"119.56 22.13 81.22 0 81.22 17.13 0 17.13 0 27.13 81.22 27.13 81.22 44.26 119.56 22.13\"><\/polygon><\/g><\/g><\/svg><\/a><\/div>\t\t\t\t<\/div>\n\t\t\t\t<\/div>\n\t\t\t\t<\/div>\n\t\t\t\t\t<\/div>\n\t\t\t\t<\/div>\n\t\t<div class=\"elementor-element elementor-element-796cf63 e-con-full e-flex e-con e-parent\" data-id=\"796cf63\" data-element_type=\"container\">\n\t\t<div class=\"elementor-element elementor-element-ddd97a6 e-con-full e-flex e-con e-child\" data-id=\"ddd97a6\" data-element_type=\"container\">\n\t\t\t\t<div class=\"elementor-element elementor-element-8b9a604 elementor-widget elementor-widget-heading\" data-id=\"8b9a604\" data-element_type=\"widget\" data-widget_type=\"heading.default\">\n\t\t\t\t\t<h2 class=\"elementor-heading-title elementor-size-default\">Vous \u00eates int\u00e9ress\u00e9 par nos profil\u00e9s galvanis\u00e9s ?<\/h2>\t\t\t\t<\/div>\n\t\t\t\t<div class=\"elementor-element elementor-element-7e27831 elementor-widget elementor-widget-text-editor\" data-id=\"7e27831\" data-element_type=\"widget\" data-widget_type=\"text-editor.default\">\n\t\t\t\t\t\t\t\t\t<p>Si vous avez besoin de plus d&rsquo;informations sur nos profil\u00e9s galvanis\u00e9s, n&rsquo;h\u00e9sitez pas \u00e0 nous contacter et nous essaierons de r\u00e9pondre \u00e0 vos questions le plus rapidement possible.<\/p>\n\t\t\t\t\t\t\t\t<\/div>\n\t\t\t\t<\/div>\n\t\t<div class=\"elementor-element elementor-element-610bfde e-con-full e-flex e-con e-child\" data-id=\"610bfde\" data-element_type=\"container\">\n\t\t\t\t<div class=\"elementor-element elementor-element-926309c elementor-widget elementor-widget-button\" data-id=\"926309c\" data-element_type=\"widget\" data-widget_type=\"button.default\">\n\t\t\t\t\t\t\t\t\t\t<a class=\"elementor-button elementor-button-link elementor-size-sm\" href=\"https:\/\/lisanplast.com\/fr\/contact\/\">\n\t\t\t\t\t\t<span class=\"elementor-button-content-wrapper\">\n\t\t\t\t\t\t\t\t\t<span class=\"elementor-button-text\">Contact<\/span>\n\t\t\t\t\t<\/span>\n\t\t\t\t\t<\/a>\n\t\t\t\t\t\t\t\t<\/div>\n\t\t\t\t<\/div>\n\t\t\t\t<\/div>\n\t\t\t\t<\/div>\n\t\t","protected":false},"excerpt":{"rendered":"<p>Fabricant de profil\u00e9s galvanis\u00e9s pour les professionnels et les grossistes La satisfaction de nos clients nous tient \u00e0 c\u0153ur, c&rsquo;est pourquoi nous sommes toujours pr\u00eats \u00e0 vous fournir un bon achat pour que vous soyez le plus satisfait possible. Les profils galvanis\u00e9s que nous proposons sont pr\u00e9sent\u00e9s ci-dessous. Garde-corps en m\u00e9tal galvanis\u00e9 Nous vous pr\u00e9sentons&hellip;<\/p>\n","protected":false},"author":3,"featured_media":0,"parent":0,"menu_order":0,"comment_status":"closed","ping_status":"closed","template":"","meta":{"_seopress_robots_primary_cat":"","_seopress_titles_title":"Profil\u00e9s galvanis\u00e9s pour professionnels | Lisanplast","_seopress_titles_desc":"Nous nous engageons \u00e0 satisfaire correctement les besoins de nos clients. Nous disposons de profil\u00e9s galvanis\u00e9s pour structures d\u2019excellente qualit\u00e9.","_seopress_robots_index":"","footnotes":""},"class_list":["post-3958","page","type-page","status-publish","hentry"],"_links":{"self":[{"href":"https:\/\/lisanplast.com\/fr\/wp-json\/wp\/v2\/pages\/3958","targetHints":{"allow":["GET"]}}],"collection":[{"href":"https:\/\/lisanplast.com\/fr\/wp-json\/wp\/v2\/pages"}],"about":[{"href":"https:\/\/lisanplast.com\/fr\/wp-json\/wp\/v2\/types\/page"}],"author":[{"embeddable":true,"href":"https:\/\/lisanplast.com\/fr\/wp-json\/wp\/v2\/users\/3"}],"replies":[{"embeddable":true,"href":"https:\/\/lisanplast.com\/fr\/wp-json\/wp\/v2\/comments?post=3958"}],"version-history":[{"count":7,"href":"https:\/\/lisanplast.com\/fr\/wp-json\/wp\/v2\/pages\/3958\/revisions"}],"predecessor-version":[{"id":6906,"href":"https:\/\/lisanplast.com\/fr\/wp-json\/wp\/v2\/pages\/3958\/revisions\/6906"}],"wp:attachment":[{"href":"https:\/\/lisanplast.com\/fr\/wp-json\/wp\/v2\/media?parent=3958"}],"curies":[{"name":"wp","href":"https:\/\/api.w.org\/{rel}","templated":true}]}}