{"id":3985,"date":"2022-11-14T16:50:54","date_gmt":"2022-11-14T16:50:54","guid":{"rendered":"https:\/\/lisanplast.com\/profils-de-serre\/"},"modified":"2026-03-15T19:51:18","modified_gmt":"2026-03-15T19:51:18","slug":"profils-de-serre","status":"publish","type":"page","link":"https:\/\/lisanplast.com\/fr\/profils-de-serre\/","title":{"rendered":"Profils de serre"},"content":{"rendered":"\t\t<div data-elementor-type=\"wp-page\" data-elementor-id=\"3985\" class=\"elementor elementor-3985 elementor-232\" data-elementor-post-type=\"page\">\n\t\t\t\t<div class=\"elementor-element elementor-element-820fdb8 e-flex e-con-boxed e-con e-parent\" data-id=\"820fdb8\" data-element_type=\"container\">\n\t\t\t\t\t<div class=\"e-con-inner\">\n\t\t\t\t<div class=\"elementor-element elementor-element-b392ce3 elementor-widget elementor-widget-heading\" data-id=\"b392ce3\" data-element_type=\"widget\" data-widget_type=\"heading.default\">\n\t\t\t\t\t<h2 class=\"elementor-heading-title elementor-size-default\">Fabricant de profils om\u00e9ga pour professionnels et grossistes<\/h2>\t\t\t\t<\/div>\n\t\t\t\t<div class=\"elementor-element elementor-element-3acdc84 elementor-widget elementor-widget-text-editor\" data-id=\"3acdc84\" data-element_type=\"widget\" data-widget_type=\"text-editor.default\">\n\t\t\t\t\t\t\t\t\t<p>D\u00e9couvrez les <strong>profils om\u00e9ga<\/strong> que nous proposons dans notre catalogue pour les travaux agricoles. Choisissez le produit dont vous avez besoin. <\/p>\n\t\t\t\t\t\t\t\t<\/div>\n\t\t\t\t\t<\/div>\n\t\t\t\t<\/div>\n\t\t<div class=\"elementor-element elementor-element-304d977 e-flex e-con-boxed e-con e-parent\" data-id=\"304d977\" data-element_type=\"container\">\n\t\t\t\t\t<div class=\"e-con-inner\">\n\t\t<div class=\"elementor-element elementor-element-59793e3 e-con-full e-flex e-con e-child\" data-id=\"59793e3\" data-element_type=\"container\">\n\t\t\t\t<div class=\"elementor-element elementor-element-03c4d6d elementor-widget elementor-widget-image\" data-id=\"03c4d6d\" data-element_type=\"widget\" data-widget_type=\"image.default\">\n\t\t\t\t\t\t\t\t\t\t\t\t\t\t\t<img fetchpriority=\"high\" decoding=\"async\" width=\"800\" height=\"800\" src=\"https:\/\/lisanplast.com\/wp-content\/uploads\/perfil-invernadero1-1.jpg\" class=\"attachment-full size-full wp-image-3618\" alt=\"Perfil para invernadero utilizado para fijaci\u00f3n de pl\u00e1sticos en estructuras agr\u00edcolas.\" srcset=\"https:\/\/lisanplast.com\/wp-content\/uploads\/perfil-invernadero1-1.jpg 800w, https:\/\/lisanplast.com\/wp-content\/uploads\/perfil-invernadero1-1-300x300.jpg 300w, https:\/\/lisanplast.com\/wp-content\/uploads\/perfil-invernadero1-1-150x150.jpg 150w, https:\/\/lisanplast.com\/wp-content\/uploads\/perfil-invernadero1-1-768x768.jpg 768w\" sizes=\"(max-width: 800px) 100vw, 800px\" \/>\t\t\t\t\t\t\t\t\t\t\t\t\t\t\t<\/div>\n\t\t\t\t<\/div>\n\t\t<div class=\"elementor-element elementor-element-7cf6ec4 e-con-full e-flex e-con e-child\" data-id=\"7cf6ec4\" data-element_type=\"container\">\n\t\t\t\t<div class=\"elementor-element elementor-element-acbabda elementor-widget elementor-widget-heading\" data-id=\"acbabda\" data-element_type=\"widget\" data-widget_type=\"heading.default\">\n\t\t\t\t\t<h3 class=\"elementor-heading-title elementor-size-default\">Profil om\u00e9ga pour les serres<\/h3>\t\t\t\t<\/div>\n\t\t\t\t<div class=\"elementor-element elementor-element-8eaf06b elementor-widget elementor-widget-text-editor\" data-id=\"8eaf06b\" data-element_type=\"widget\" data-widget_type=\"text-editor.default\">\n\t\t\t\t\t\t\t\t\t<p>Ce type de <strong>profil\u00e9 om\u00e9ga<\/strong> <b>pour serre<\/b> poss\u00e8de les mesures n\u00e9cessaires pour la construction de serres et, en utilisant celles-ci et avec d&rsquo;autres mat\u00e9riaux, il peut maintenir les mailles ou les plastiques dans leur position appropri\u00e9e. Diff\u00e9rentes <strong>mesures de profils om\u00e9ga<\/strong> disponibles sur notre site internet. <\/p>\n\t\t\t\t\t\t\t\t<\/div>\n\t\t\t\t<div class=\"elementor-element elementor-element-4edeeb8 elementor-align-left elementor-widget elementor-widget-the7_button_widget\" data-id=\"4edeeb8\" data-element_type=\"widget\" data-widget_type=\"the7_button_widget.default\">\n\t\t\t\t<div class=\"elementor-widget-container\">\n\t\t\t\t\t<div class=\"elementor-button-wrapper\"><a href=\"https:\/\/lisanplast.com\/fr\/profils-de-serre\/profiles-omega-pour-serre\/\" class=\"box-button elementor-button elementor-size-sm\">Voir les produits<svg xmlns=\"http:\/\/www.w3.org\/2000\/svg\" viewBox=\"0 0 119.56 44.26\"><defs><style>.cls-1{fill:#fff;}<\/style><\/defs><title>Recurso 1<\/title><g id=\"Capa_2\" data-name=\"Capa 2\"><g id=\"Capa_1-2\" data-name=\"Capa 1\"><polygon class=\"cls-1\" points=\"119.56 22.13 81.22 0 81.22 17.13 0 17.13 0 27.13 81.22 27.13 81.22 44.26 119.56 22.13\"><\/polygon><\/g><\/g><\/svg><\/a><\/div>\t\t\t\t<\/div>\n\t\t\t\t<\/div>\n\t\t\t\t<\/div>\n\t\t\t\t\t<\/div>\n\t\t\t\t<\/div>\n\t\t<div class=\"elementor-element elementor-element-e21502c e-flex e-con-boxed e-con e-parent\" data-id=\"e21502c\" data-element_type=\"container\">\n\t\t\t\t\t<div class=\"e-con-inner\">\n\t\t<div class=\"elementor-element elementor-element-0d877f7 e-con-full e-flex e-con e-child\" data-id=\"0d877f7\" data-element_type=\"container\">\n\t\t\t\t<div class=\"elementor-element elementor-element-d69b9e7 elementor-widget elementor-widget-image\" data-id=\"d69b9e7\" data-element_type=\"widget\" data-widget_type=\"image.default\">\n\t\t\t\t\t\t\t\t\t\t\t\t\t\t\t<img decoding=\"async\" width=\"800\" height=\"800\" src=\"https:\/\/lisanplast.com\/wp-content\/uploads\/taco-omega-2-imagen-1.jpg\" class=\"attachment-full size-full wp-image-3617\" alt=\"Taco omega para fijaci\u00f3n de perfiles omega en estructuras de invernadero.\" srcset=\"https:\/\/lisanplast.com\/wp-content\/uploads\/taco-omega-2-imagen-1.jpg 800w, https:\/\/lisanplast.com\/wp-content\/uploads\/taco-omega-2-imagen-1-300x300.jpg 300w, https:\/\/lisanplast.com\/wp-content\/uploads\/taco-omega-2-imagen-1-150x150.jpg 150w, https:\/\/lisanplast.com\/wp-content\/uploads\/taco-omega-2-imagen-1-768x768.jpg 768w\" sizes=\"(max-width: 800px) 100vw, 800px\" \/>\t\t\t\t\t\t\t\t\t\t\t\t\t\t\t<\/div>\n\t\t\t\t<\/div>\n\t\t<div class=\"elementor-element elementor-element-f29fc65 e-con-full e-flex e-con e-child\" data-id=\"f29fc65\" data-element_type=\"container\">\n\t\t\t\t<div class=\"elementor-element elementor-element-ce792bd elementor-widget elementor-widget-heading\" data-id=\"ce792bd\" data-element_type=\"widget\" data-widget_type=\"heading.default\">\n\t\t\t\t\t<h3 class=\"elementor-heading-title elementor-size-default\">Patin en caoutchouc pour profil om\u00e9ga<\/h3>\t\t\t\t<\/div>\n\t\t\t\t<div class=\"elementor-element elementor-element-138dcc5 elementor-widget elementor-widget-text-editor\" data-id=\"138dcc5\" data-element_type=\"widget\" data-widget_type=\"text-editor.default\">\n\t\t\t\t\t\t\t\t\t<p>Les <strong>chevilles en caoutchouc pour profil om\u00e9ga<\/strong> sont id\u00e9ales pour les applications agricoles. Cette cheville <strong>en caoutchouc<\/strong> est principalement utilis\u00e9e pour la fixation de filets et de plastiques, tant dans les serres que dans les ombri\u00e8res. Vous devez tenir compte du profil om\u00e9ga que vous avez ou que vous voulez utiliser.   <\/p>\n\t\t\t\t\t\t\t\t<\/div>\n\t\t\t\t<div class=\"elementor-element elementor-element-1a62f38 elementor-align-left elementor-widget elementor-widget-the7_button_widget\" data-id=\"1a62f38\" data-element_type=\"widget\" data-widget_type=\"the7_button_widget.default\">\n\t\t\t\t<div class=\"elementor-widget-container\">\n\t\t\t\t\t<div class=\"elementor-button-wrapper\"><a href=\"https:\/\/lisanplast.com\/fr\/profils-de-serre\/profiles-omega-pour-serre\/\" class=\"box-button elementor-button elementor-size-sm\">Voir le produit<svg xmlns=\"http:\/\/www.w3.org\/2000\/svg\" viewBox=\"0 0 119.56 44.26\"><defs><style>.cls-1{fill:#fff;}<\/style><\/defs><title>Recurso 1<\/title><g id=\"Capa_2\" data-name=\"Capa 2\"><g id=\"Capa_1-2\" data-name=\"Capa 1\"><polygon class=\"cls-1\" points=\"119.56 22.13 81.22 0 81.22 17.13 0 17.13 0 27.13 81.22 27.13 81.22 44.26 119.56 22.13\"><\/polygon><\/g><\/g><\/svg><\/a><\/div>\t\t\t\t<\/div>\n\t\t\t\t<\/div>\n\t\t\t\t<\/div>\n\t\t\t\t\t<\/div>\n\t\t\t\t<\/div>\n\t\t<div class=\"elementor-element elementor-element-796cf63 e-con-full e-flex e-con e-parent\" data-id=\"796cf63\" data-element_type=\"container\">\n\t\t<div class=\"elementor-element elementor-element-ddd97a6 e-con-full e-flex e-con e-child\" data-id=\"ddd97a6\" data-element_type=\"container\">\n\t\t\t\t<div class=\"elementor-element elementor-element-8b9a604 elementor-widget elementor-widget-heading\" data-id=\"8b9a604\" data-element_type=\"widget\" data-widget_type=\"heading.default\">\n\t\t\t\t\t<h2 class=\"elementor-heading-title elementor-size-default\">\u00cates-vous int\u00e9ress\u00e9 par nos profils om\u00e9ga?<\/h2>\t\t\t\t<\/div>\n\t\t\t\t<div class=\"elementor-element elementor-element-7e27831 elementor-widget elementor-widget-text-editor\" data-id=\"7e27831\" data-element_type=\"widget\" data-widget_type=\"text-editor.default\">\n\t\t\t\t\t\t\t\t\t<p>Si vous avez besoin de plus d&rsquo;informations sur nos profils om\u00e9ga, n&rsquo;h\u00e9sitez pas \u00e0 nous contacter et nous essaierons de r\u00e9soudre vos questions dans les plus brefs d\u00e9lais.<\/p>\n\t\t\t\t\t\t\t\t<\/div>\n\t\t\t\t<\/div>\n\t\t<div class=\"elementor-element elementor-element-610bfde e-con-full e-flex e-con e-child\" data-id=\"610bfde\" data-element_type=\"container\">\n\t\t\t\t<div class=\"elementor-element elementor-element-926309c elementor-widget elementor-widget-button\" data-id=\"926309c\" data-element_type=\"widget\" data-widget_type=\"button.default\">\n\t\t\t\t\t\t\t\t\t\t<a class=\"elementor-button elementor-button-link elementor-size-sm\" href=\"https:\/\/lisanplast.com\/fr\/contact\/\">\n\t\t\t\t\t\t<span class=\"elementor-button-content-wrapper\">\n\t\t\t\t\t\t\t\t\t<span class=\"elementor-button-text\">Contact<\/span>\n\t\t\t\t\t<\/span>\n\t\t\t\t\t<\/a>\n\t\t\t\t\t\t\t\t<\/div>\n\t\t\t\t<\/div>\n\t\t\t\t<\/div>\n\t\t\t\t<\/div>\n\t\t","protected":false},"excerpt":{"rendered":"<p>Fabricant de profils om\u00e9ga pour professionnels et grossistes D\u00e9couvrez les profils om\u00e9ga que nous proposons dans notre catalogue pour les travaux agricoles. Choisissez le produit dont vous avez besoin. Profil om\u00e9ga pour les serres Ce type de profil\u00e9 om\u00e9ga pour serre poss\u00e8de les mesures n\u00e9cessaires pour la construction de serres et, en utilisant celles-ci et&hellip;<\/p>\n","protected":false},"author":3,"featured_media":0,"parent":0,"menu_order":0,"comment_status":"closed","ping_status":"closed","template":"","meta":{"_seopress_robots_primary_cat":"","_seopress_titles_title":"Profil\u00e9s pour serres agricoles | Lisanplast","_seopress_titles_desc":"Profil\u00e9s pour serres fabriqu\u00e9s par Lisanplast. Solutions r\u00e9sistantes pour structures agricoles et installations de culture.","_seopress_robots_index":"","footnotes":""},"class_list":["post-3985","page","type-page","status-publish","hentry"],"_links":{"self":[{"href":"https:\/\/lisanplast.com\/fr\/wp-json\/wp\/v2\/pages\/3985","targetHints":{"allow":["GET"]}}],"collection":[{"href":"https:\/\/lisanplast.com\/fr\/wp-json\/wp\/v2\/pages"}],"about":[{"href":"https:\/\/lisanplast.com\/fr\/wp-json\/wp\/v2\/types\/page"}],"author":[{"embeddable":true,"href":"https:\/\/lisanplast.com\/fr\/wp-json\/wp\/v2\/users\/3"}],"replies":[{"embeddable":true,"href":"https:\/\/lisanplast.com\/fr\/wp-json\/wp\/v2\/comments?post=3985"}],"version-history":[{"count":4,"href":"https:\/\/lisanplast.com\/fr\/wp-json\/wp\/v2\/pages\/3985\/revisions"}],"predecessor-version":[{"id":6959,"href":"https:\/\/lisanplast.com\/fr\/wp-json\/wp\/v2\/pages\/3985\/revisions\/6959"}],"wp:attachment":[{"href":"https:\/\/lisanplast.com\/fr\/wp-json\/wp\/v2\/media?parent=3985"}],"curies":[{"name":"wp","href":"https:\/\/api.w.org\/{rel}","templated":true}]}}