{"id":4008,"date":"2023-02-21T16:52:20","date_gmt":"2023-02-21T16:52:20","guid":{"rendered":"https:\/\/lisanplast.com\/signaletique-commerciale\/"},"modified":"2026-03-28T09:18:39","modified_gmt":"2026-03-28T09:18:39","slug":"signaletique-commerciale","status":"publish","type":"page","link":"https:\/\/lisanplast.com\/fr\/signaletique-commerciale\/","title":{"rendered":"Signal\u00e9tique commerciale"},"content":{"rendered":"\t\t<div data-elementor-type=\"wp-page\" data-elementor-id=\"4008\" class=\"elementor elementor-4008 elementor-2255\" data-elementor-post-type=\"page\">\n\t\t\t\t<div class=\"elementor-element elementor-element-820fdb8 e-flex e-con-boxed e-con e-parent\" data-id=\"820fdb8\" data-element_type=\"container\">\n\t\t\t\t\t<div class=\"e-con-inner\">\n\t\t\t\t<div class=\"elementor-element elementor-element-b392ce3 elementor-widget elementor-widget-heading\" data-id=\"b392ce3\" data-element_type=\"widget\" data-widget_type=\"heading.default\">\n\t\t\t\t\t<h2 class=\"elementor-heading-title elementor-size-default\">Fabricant de profil\u00e9s PVC pour rayons de supermarch\u00e9s pour professionnels et grossistes.<\/h2>\t\t\t\t<\/div>\n\t\t\t\t<div class=\"elementor-element elementor-element-3acdc84 elementor-widget elementor-widget-text-editor\" data-id=\"3acdc84\" data-element_type=\"widget\" data-widget_type=\"text-editor.default\">\n\t\t\t\t\t\t\t\t\t<p>Nous disposons d&rsquo;une large gamme de <b>produits pour les supermarch\u00e9s<\/b>. Jetez un \u0153il \u00e0 notre catalogue de <strong>produits de supermarch\u00e9<\/strong> et choisissez celui que vous jugez n\u00e9cessaire.<\/p>\n\t\t\t\t\t\t\t\t<\/div>\n\t\t\t\t\t<\/div>\n\t\t\t\t<\/div>\n\t\t<div class=\"elementor-element elementor-element-304d977 e-flex e-con-boxed e-con e-parent\" data-id=\"304d977\" data-element_type=\"container\">\n\t\t\t\t\t<div class=\"e-con-inner\">\n\t\t<div class=\"elementor-element elementor-element-59793e3 e-con-full e-flex e-con e-parent\" data-id=\"59793e3\" data-element_type=\"container\">\n\t\t\t\t<div class=\"elementor-element elementor-element-03c4d6d elementor-widget elementor-widget-image\" data-id=\"03c4d6d\" data-element_type=\"widget\" data-widget_type=\"image.default\">\n\t\t\t\t\t\t\t\t\t\t\t\t\t\t\t<img fetchpriority=\"high\" decoding=\"async\" width=\"800\" height=\"800\" src=\"https:\/\/lisanplast.com\/wp-content\/uploads\/portaprecios-supermercado.jpg\" class=\"attachment-full size-full wp-image-3676\" alt=\"\" srcset=\"https:\/\/lisanplast.com\/wp-content\/uploads\/portaprecios-supermercado.jpg 800w, https:\/\/lisanplast.com\/wp-content\/uploads\/portaprecios-supermercado-300x300.jpg 300w, https:\/\/lisanplast.com\/wp-content\/uploads\/portaprecios-supermercado-150x150.jpg 150w, https:\/\/lisanplast.com\/wp-content\/uploads\/portaprecios-supermercado-768x768.jpg 768w\" sizes=\"(max-width: 800px) 100vw, 800px\" \/>\t\t\t\t\t\t\t\t\t\t\t\t\t\t\t<\/div>\n\t\t\t\t<\/div>\n\t\t<div class=\"elementor-element elementor-element-7cf6ec4 e-con-full e-flex e-con e-parent\" data-id=\"7cf6ec4\" data-element_type=\"container\">\n\t\t\t\t<div class=\"elementor-element elementor-element-acbabda elementor-widget elementor-widget-heading\" data-id=\"acbabda\" data-element_type=\"widget\" data-widget_type=\"heading.default\">\n\t\t\t\t\t<h3 class=\"elementor-heading-title elementor-size-default\">Porte-prix et porte-\u00e9tiquettes<\/h3>\t\t\t\t<\/div>\n\t\t\t\t<div class=\"elementor-element elementor-element-8eaf06b elementor-widget elementor-widget-text-editor\" data-id=\"8eaf06b\" data-element_type=\"widget\" data-widget_type=\"text-editor.default\">\n\t\t\t\t\t\t\t\t\t<p><strong>Porte-\u00e9tiquettes et porte-prix de supermarch\u00e9<\/strong> disponibles en <strong>PVC<\/strong> et en diff\u00e9rentes tailles pour tout type de rayonnage, afin que vous puissiez acheter celui qui correspond le mieux \u00e0 vos besoins. Ils veillent au bon \u00e9tiquetage des diff\u00e9rents produits et \u00e0 une signal\u00e9tique ad\u00e9quate. Pour plus de mod\u00e8les, consultez notre site Web.<\/p>\n\t\t\t\t\t\t\t\t<\/div>\n\t\t\t\t<\/div>\n\t\t\t\t\t<\/div>\n\t\t\t\t<\/div>\n\t\t<div class=\"elementor-element elementor-element-796cf63 e-con-full e-flex e-con e-parent\" data-id=\"796cf63\" data-element_type=\"container\">\n\t\t<div class=\"elementor-element elementor-element-ddd97a6 e-con-full e-flex e-con e-parent\" data-id=\"ddd97a6\" data-element_type=\"container\">\n\t\t\t\t<div class=\"elementor-element elementor-element-8b9a604 elementor-widget elementor-widget-heading\" data-id=\"8b9a604\" data-element_type=\"widget\" data-widget_type=\"heading.default\">\n\t\t\t\t\t<h2 class=\"elementor-heading-title elementor-size-default\">\u00cates-vous int\u00e9ress\u00e9 par nos produits de supermarch\u00e9?<\/h2>\t\t\t\t<\/div>\n\t\t\t\t<div class=\"elementor-element elementor-element-7e27831 elementor-widget elementor-widget-text-editor\" data-id=\"7e27831\" data-element_type=\"widget\" data-widget_type=\"text-editor.default\">\n\t\t\t\t\t\t\t\t\t<p>Si vous avez besoin de plus d&rsquo;informations sur nos produits destin\u00e9s aux supermarch\u00e9s, n&rsquo;h\u00e9sitez pas \u00e0 nous contacter et nous essaierons de r\u00e9soudre vos questions dans les plus brefs d\u00e9lais.<\/p>\n\t\t\t\t\t\t\t\t<\/div>\n\t\t\t\t<\/div>\n\t\t<div class=\"elementor-element elementor-element-610bfde e-con-full e-flex e-con e-parent\" data-id=\"610bfde\" data-element_type=\"container\">\n\t\t\t\t<div class=\"elementor-element elementor-element-926309c elementor-widget elementor-widget-button\" data-id=\"926309c\" data-element_type=\"widget\" data-widget_type=\"button.default\">\n\t\t\t\t\t\t\t\t\t\t<a class=\"elementor-button elementor-button-link elementor-size-sm\" href=\"https:\/\/lisanplast.com\/fr\/contact\/\">\n\t\t\t\t\t\t<span class=\"elementor-button-content-wrapper\">\n\t\t\t\t\t\t\t\t\t<span class=\"elementor-button-text\">Contact<\/span>\n\t\t\t\t\t<\/span>\n\t\t\t\t\t<\/a>\n\t\t\t\t\t\t\t\t<\/div>\n\t\t\t\t<\/div>\n\t\t\t\t<\/div>\n\t\t\t\t<\/div>\n\t\t","protected":false},"excerpt":{"rendered":"<p>Fabricant de profil\u00e9s PVC pour rayons de supermarch\u00e9s pour professionnels et grossistes. Nous disposons d&rsquo;une large gamme de produits pour les supermarch\u00e9s. Jetez un \u0153il \u00e0 notre catalogue de produits de supermarch\u00e9 et choisissez celui que vous jugez n\u00e9cessaire. Porte-prix et porte-\u00e9tiquettes Porte-\u00e9tiquettes et porte-prix de supermarch\u00e9 disponibles en PVC et en diff\u00e9rentes tailles pour&hellip;<\/p>\n","protected":false},"author":3,"featured_media":0,"parent":0,"menu_order":0,"comment_status":"closed","ping_status":"closed","template":"","meta":{"_seopress_robots_primary_cat":"","_seopress_titles_title":"Produits de supermarch\u00e9 | Lisanplast","_seopress_titles_desc":"Fabricant de profil\u00e9s PVC pour supermarch\u00e9s : porte-prix et porte-\u00e9tiquettes durables, adapt\u00e9s \u00e0 tous types de rayonnage.","_seopress_robots_index":"","footnotes":""},"class_list":["post-4008","page","type-page","status-publish","hentry"],"_links":{"self":[{"href":"https:\/\/lisanplast.com\/fr\/wp-json\/wp\/v2\/pages\/4008","targetHints":{"allow":["GET"]}}],"collection":[{"href":"https:\/\/lisanplast.com\/fr\/wp-json\/wp\/v2\/pages"}],"about":[{"href":"https:\/\/lisanplast.com\/fr\/wp-json\/wp\/v2\/types\/page"}],"author":[{"embeddable":true,"href":"https:\/\/lisanplast.com\/fr\/wp-json\/wp\/v2\/users\/3"}],"replies":[{"embeddable":true,"href":"https:\/\/lisanplast.com\/fr\/wp-json\/wp\/v2\/comments?post=4008"}],"version-history":[{"count":2,"href":"https:\/\/lisanplast.com\/fr\/wp-json\/wp\/v2\/pages\/4008\/revisions"}],"predecessor-version":[{"id":7006,"href":"https:\/\/lisanplast.com\/fr\/wp-json\/wp\/v2\/pages\/4008\/revisions\/7006"}],"wp:attachment":[{"href":"https:\/\/lisanplast.com\/fr\/wp-json\/wp\/v2\/media?parent=4008"}],"curies":[{"name":"wp","href":"https:\/\/api.w.org\/{rel}","templated":true}]}}