{"id":4098,"date":"2022-11-17T15:44:39","date_gmt":"2022-11-17T15:44:39","guid":{"rendered":"https:\/\/lisanplast.com\/protecteurs-agricoles\/"},"modified":"2026-03-28T09:22:39","modified_gmt":"2026-03-28T09:22:39","slug":"protecteurs-agricoles","status":"publish","type":"page","link":"https:\/\/lisanplast.com\/fr\/protecteurs-agricoles\/","title":{"rendered":"Protecteurs agricoles"},"content":{"rendered":"\t\t<div data-elementor-type=\"wp-page\" data-elementor-id=\"4098\" class=\"elementor elementor-4098 elementor-308\" data-elementor-post-type=\"page\">\n\t\t\t\t<div class=\"elementor-element elementor-element-820fdb8 e-flex e-con-boxed e-con e-parent\" data-id=\"820fdb8\" data-element_type=\"container\">\n\t\t\t\t\t<div class=\"e-con-inner\">\n\t\t\t\t<div class=\"elementor-element elementor-element-b392ce3 elementor-widget elementor-widget-heading\" data-id=\"b392ce3\" data-element_type=\"widget\" data-widget_type=\"heading.default\">\n\t\t\t\t\t<h2 class=\"elementor-heading-title elementor-size-default\">Fabricant de protections agricoles et sacs de p\u00e9pini\u00e8re pour professionnels et grossistes<\/h2>\t\t\t\t<\/div>\n\t\t\t\t<div class=\"elementor-element elementor-element-3acdc84 elementor-widget elementor-widget-text-editor\" data-id=\"3acdc84\" data-element_type=\"widget\" data-widget_type=\"text-editor.default\">\n\t\t\t\t\t\t\t\t\t<p>Nous disposons d&rsquo;un large catalogue de <strong>protecteurs agricoles <\/strong>pour les travaux des champs. Jetez un \u0153il \u00e0 notre catalogue de produits et choisissez celui que vous jugez n\u00e9cessaire.<\/p>\n\t\t\t\t\t\t\t\t<\/div>\n\t\t\t\t\t<\/div>\n\t\t\t\t<\/div>\n\t\t<div class=\"elementor-element elementor-element-304d977 e-flex e-con-boxed e-con e-parent\" data-id=\"304d977\" data-element_type=\"container\">\n\t\t\t\t\t<div class=\"e-con-inner\">\n\t\t<div class=\"elementor-element elementor-element-59793e3 e-con-full e-flex e-con e-parent\" data-id=\"59793e3\" data-element_type=\"container\">\n\t\t\t\t<div class=\"elementor-element elementor-element-03c4d6d elementor-widget elementor-widget-image\" data-id=\"03c4d6d\" data-element_type=\"widget\" data-widget_type=\"image.default\">\n\t\t\t\t\t\t\t\t\t\t\t\t\t\t\t<img fetchpriority=\"high\" decoding=\"async\" width=\"2560\" height=\"1422\" src=\"https:\/\/lisanplast.com\/wp-content\/uploads\/paquet-atados-liso-scaled.jpg\" class=\"attachment-full size-full wp-image-3698\" alt=\"\" srcset=\"https:\/\/lisanplast.com\/wp-content\/uploads\/paquet-atados-liso-scaled.jpg 2560w, https:\/\/lisanplast.com\/wp-content\/uploads\/paquet-atados-liso-300x167.jpg 300w, https:\/\/lisanplast.com\/wp-content\/uploads\/paquet-atados-liso-1024x569.jpg 1024w, https:\/\/lisanplast.com\/wp-content\/uploads\/paquet-atados-liso-150x83.jpg 150w, https:\/\/lisanplast.com\/wp-content\/uploads\/paquet-atados-liso-768x427.jpg 768w, https:\/\/lisanplast.com\/wp-content\/uploads\/paquet-atados-liso-1536x853.jpg 1536w, https:\/\/lisanplast.com\/wp-content\/uploads\/paquet-atados-liso-2048x1138.jpg 2048w\" sizes=\"(max-width: 2560px) 100vw, 2560px\" \/>\t\t\t\t\t\t\t\t\t\t\t\t\t\t\t<\/div>\n\t\t\t\t<\/div>\n\t\t<div class=\"elementor-element elementor-element-7cf6ec4 e-con-full e-flex e-con e-parent\" data-id=\"7cf6ec4\" data-element_type=\"container\">\n\t\t\t\t<div class=\"elementor-element elementor-element-acbabda elementor-widget elementor-widget-heading\" data-id=\"acbabda\" data-element_type=\"widget\" data-widget_type=\"heading.default\">\n\t\t\t\t\t<h3 class=\"elementor-heading-title elementor-size-default\">Protecteur tubulaire double couche lisse, effet de serre<\/h3>\t\t\t\t<\/div>\n\t\t\t\t<div class=\"elementor-element elementor-element-8eaf06b elementor-widget elementor-widget-text-editor\" data-id=\"8eaf06b\" data-element_type=\"widget\" data-widget_type=\"text-editor.default\">\n\t\t\t\t\t\t\t\t\t<p><span style=\"text-align: var(--text-align); background-color: rgba(255, 255, 255, 0); color: var(--the7-base-color); letter-spacing: var(--the7-base-letter-spacing); text-transform: var(--the7-base-text-transform); word-spacing: normal;\">Notre<\/span><span style=\"text-align: var(--text-align); background-color: rgba(255, 255, 255, 0); color: var(--the7-base-color); letter-spacing: var(--the7-base-letter-spacing); text-transform: var(--the7-base-text-transform); word-spacing: normal;\">&nbsp;<\/span><span style=\"text-align: var(--text-align); background-color: rgba(255, 255, 255, 0); color: var(--the7-base-color); letter-spacing: var(--the7-base-letter-spacing); text-transform: var(--the7-base-text-transform); word-spacing: normal; font-weight: bold;\">Les protecteurs de type serre<\/span> &nbsp;sont d&rsquo;excellente qualit\u00e9. Ces protecteurs sont tr\u00e8s efficaces pour prot\u00e9ger les tiges dans les premi\u00e8res ann\u00e9es de vie de la culture ligneuse. Ce &nbsp; particulier est fabriqu\u00e9 avec du PP de qualit\u00e9 sup\u00e9rieure et des additifs anti-UV.&nbsp;<\/p>\n\t\t\t\t\t\t\t\t<\/div>\n\t\t\t\t<div class=\"elementor-element elementor-element-22fa707 elementor-align-left elementor-widget elementor-widget-the7_button_widget\" data-id=\"22fa707\" data-element_type=\"widget\" data-widget_type=\"the7_button_widget.default\">\n\t\t\t\t<div class=\"elementor-widget-container\">\n\t\t\t\t\t<div class=\"elementor-button-wrapper\"><a href=\"https:\/\/lisanplast.com\/fr\/protecteurs-agricoles\/protecteur-de-tige-tubulaire-tube-lisse\/\" class=\"box-button elementor-button elementor-size-sm\">Voir les produits<svg xmlns=\"http:\/\/www.w3.org\/2000\/svg\" viewBox=\"0 0 119.56 44.26\"><defs><style>.cls-1{fill:#fff;}<\/style><\/defs><title>Recurso 1<\/title><g id=\"Capa_2\" data-name=\"Capa 2\"><g id=\"Capa_1-2\" data-name=\"Capa 1\"><polygon class=\"cls-1\" points=\"119.56 22.13 81.22 0 81.22 17.13 0 17.13 0 27.13 81.22 27.13 81.22 44.26 119.56 22.13\"><\/polygon><\/g><\/g><\/svg><\/a><\/div>\t\t\t\t<\/div>\n\t\t\t\t<\/div>\n\t\t\t\t<\/div>\n\t\t\t\t\t<\/div>\n\t\t\t\t<\/div>\n\t\t<div class=\"elementor-element elementor-element-e21502c e-flex e-con-boxed e-con e-parent\" data-id=\"e21502c\" data-element_type=\"container\">\n\t\t\t\t\t<div class=\"e-con-inner\">\n\t\t<div class=\"elementor-element elementor-element-0d877f7 e-con-full e-flex e-con e-parent\" data-id=\"0d877f7\" data-element_type=\"container\">\n\t\t\t\t<div class=\"elementor-element elementor-element-d69b9e7 elementor-widget elementor-widget-image\" data-id=\"d69b9e7\" data-element_type=\"widget\" data-widget_type=\"image.default\">\n\t\t\t\t\t\t\t\t\t\t\t\t\t\t\t<img decoding=\"async\" width=\"800\" height=\"800\" src=\"https:\/\/lisanplast.com\/wp-content\/uploads\/protector-tallos-agricultura-perforado-imagen.jpg\" class=\"attachment-full size-full wp-image-3648\" alt=\"Protector tubular perforado para tallos de plantas utilizado en agricultura para proteger cultivos.\" srcset=\"https:\/\/lisanplast.com\/wp-content\/uploads\/protector-tallos-agricultura-perforado-imagen.jpg 800w, https:\/\/lisanplast.com\/wp-content\/uploads\/protector-tallos-agricultura-perforado-imagen-300x300.jpg 300w, https:\/\/lisanplast.com\/wp-content\/uploads\/protector-tallos-agricultura-perforado-imagen-150x150.jpg 150w, https:\/\/lisanplast.com\/wp-content\/uploads\/protector-tallos-agricultura-perforado-imagen-768x768.jpg 768w\" sizes=\"(max-width: 800px) 100vw, 800px\" \/>\t\t\t\t\t\t\t\t\t\t\t\t\t\t\t<\/div>\n\t\t\t\t<\/div>\n\t\t<div class=\"elementor-element elementor-element-f29fc65 e-con-full e-flex e-con e-parent\" data-id=\"f29fc65\" data-element_type=\"container\">\n\t\t\t\t<div class=\"elementor-element elementor-element-ce792bd elementor-widget elementor-widget-heading\" data-id=\"ce792bd\" data-element_type=\"widget\" data-widget_type=\"heading.default\">\n\t\t\t\t\t<h3 class=\"elementor-heading-title elementor-size-default\">Protecteur tubulaire double couche perfor\u00e9<\/h3>\t\t\t\t<\/div>\n\t\t\t\t<div class=\"elementor-element elementor-element-138dcc5 elementor-widget elementor-widget-text-editor\" data-id=\"138dcc5\" data-element_type=\"widget\" data-widget_type=\"text-editor.default\">\n\t\t\t\t\t\t\t\t\t<p>Nos <strong>protections perfor\u00e9es<\/strong> sont fabriqu\u00e9es en PP premium et en additifs anti UV. Ils conviennent \u00e0 tous les types d\u2019arbres et d\u2019arbustes. Il existe \u00e9galement diff\u00e9rents types d\u2019emballages afin que vous puissiez choisir celui qui vous convient. Les protecteurs sont adapt\u00e9s aux besoins de chaque culture.<\/p>\n\t\t\t\t\t\t\t\t<\/div>\n\t\t\t\t<div class=\"elementor-element elementor-element-1a62f38 elementor-align-left elementor-widget elementor-widget-the7_button_widget\" data-id=\"1a62f38\" data-element_type=\"widget\" data-widget_type=\"the7_button_widget.default\">\n\t\t\t\t<div class=\"elementor-widget-container\">\n\t\t\t\t\t<div class=\"elementor-button-wrapper\"><a href=\"https:\/\/lisanplast.com\/fr\/protecteurs-agricoles\/protecteur-de-tige-tubulaire-tube-perfore\/\" class=\"box-button elementor-button elementor-size-sm\">Voir le produit<svg xmlns=\"http:\/\/www.w3.org\/2000\/svg\" viewBox=\"0 0 119.56 44.26\"><defs><style>.cls-1{fill:#fff;}<\/style><\/defs><title>Recurso 1<\/title><g id=\"Capa_2\" data-name=\"Capa 2\"><g id=\"Capa_1-2\" data-name=\"Capa 1\"><polygon class=\"cls-1\" points=\"119.56 22.13 81.22 0 81.22 17.13 0 17.13 0 27.13 81.22 27.13 81.22 44.26 119.56 22.13\"><\/polygon><\/g><\/g><\/svg><\/a><\/div>\t\t\t\t<\/div>\n\t\t\t\t<\/div>\n\t\t\t\t<\/div>\n\t\t\t\t\t<\/div>\n\t\t\t\t<\/div>\n\t\t<div class=\"elementor-element elementor-element-1bd6ed6 e-flex e-con-boxed e-con e-parent\" data-id=\"1bd6ed6\" data-element_type=\"container\">\n\t\t\t\t\t<div class=\"e-con-inner\">\n\t\t<div class=\"elementor-element elementor-element-c7b4c56 e-con-full e-flex e-con e-parent\" data-id=\"c7b4c56\" data-element_type=\"container\">\n\t\t\t\t<div class=\"elementor-element elementor-element-7a76554 elementor-widget elementor-widget-image\" data-id=\"7a76554\" data-element_type=\"widget\" data-widget_type=\"image.default\">\n\t\t\t\t\t\t\t\t\t\t\t\t\t\t\t<img decoding=\"async\" width=\"1667\" height=\"1667\" src=\"https:\/\/lisanplast.com\/wp-content\/uploads\/bolsas-vivero.jpg\" class=\"attachment-full size-full wp-image-3611\" alt=\"Bolsas de vivero de pl\u00e1stico para plantones y cultivos agr\u00edcolas.\" srcset=\"https:\/\/lisanplast.com\/wp-content\/uploads\/bolsas-vivero.jpg 1667w, https:\/\/lisanplast.com\/wp-content\/uploads\/bolsas-vivero-300x300.jpg 300w, https:\/\/lisanplast.com\/wp-content\/uploads\/bolsas-vivero-1024x1024.jpg 1024w, https:\/\/lisanplast.com\/wp-content\/uploads\/bolsas-vivero-150x150.jpg 150w, https:\/\/lisanplast.com\/wp-content\/uploads\/bolsas-vivero-768x768.jpg 768w, https:\/\/lisanplast.com\/wp-content\/uploads\/bolsas-vivero-1536x1536.jpg 1536w\" sizes=\"(max-width: 1667px) 100vw, 1667px\" \/>\t\t\t\t\t\t\t\t\t\t\t\t\t\t\t<\/div>\n\t\t\t\t<\/div>\n\t\t<div class=\"elementor-element elementor-element-1a80314 e-con-full e-flex e-con e-parent\" data-id=\"1a80314\" data-element_type=\"container\">\n\t\t\t\t<div class=\"elementor-element elementor-element-c62ae14 elementor-widget elementor-widget-heading\" data-id=\"c62ae14\" data-element_type=\"widget\" data-widget_type=\"heading.default\">\n\t\t\t\t\t<h3 class=\"elementor-heading-title elementor-size-default\">Sac \u00e0 langer<\/h3>\t\t\t\t<\/div>\n\t\t\t\t<div class=\"elementor-element elementor-element-5129711 elementor-widget elementor-widget-text-editor\" data-id=\"5129711\" data-element_type=\"widget\" data-widget_type=\"text-editor.default\">\n\t\t\t\t\t\t\t\t\t<p>Les <strong>sacs pour p\u00e9pini\u00e8res<\/strong> sont fabriqu\u00e9s en poly\u00e9thyl\u00e8ne \u00e0 faible intensit\u00e9, pigment\u00e9 en noir, avec un joint inf\u00e9rieur et des compos\u00e9s sp\u00e9ciaux pour une meilleure r\u00e9sistance aux intemp\u00e9ries et \u00e0 la d\u00e9chirure. Il comporte \u00e9galement des perforations pour un meilleur drainage et une meilleure ventilation des racines, avec un renforcement au centre.<\/p>\n\t\t\t\t\t\t\t\t<\/div>\n\t\t\t\t<div class=\"elementor-element elementor-element-232e3f6 elementor-align-left elementor-widget elementor-widget-the7_button_widget\" data-id=\"232e3f6\" data-element_type=\"widget\" data-widget_type=\"the7_button_widget.default\">\n\t\t\t\t<div class=\"elementor-widget-container\">\n\t\t\t\t\t<div class=\"elementor-button-wrapper\"><a href=\"https:\/\/lisanplast.com\/fr\/protecteurs-agricoles\/sacs-de-creche\/\" class=\"box-button elementor-button elementor-size-sm\">Voir le produit<svg xmlns=\"http:\/\/www.w3.org\/2000\/svg\" viewBox=\"0 0 119.56 44.26\"><defs><style>.cls-1{fill:#fff;}<\/style><\/defs><title>Recurso 1<\/title><g id=\"Capa_2\" data-name=\"Capa 2\"><g id=\"Capa_1-2\" data-name=\"Capa 1\"><polygon class=\"cls-1\" points=\"119.56 22.13 81.22 0 81.22 17.13 0 17.13 0 27.13 81.22 27.13 81.22 44.26 119.56 22.13\"><\/polygon><\/g><\/g><\/svg><\/a><\/div>\t\t\t\t<\/div>\n\t\t\t\t<\/div>\n\t\t\t\t<\/div>\n\t\t\t\t\t<\/div>\n\t\t\t\t<\/div>\n\t\t<div class=\"elementor-element elementor-element-796cf63 e-con-full e-flex e-con e-parent\" data-id=\"796cf63\" data-element_type=\"container\">\n\t\t<div class=\"elementor-element elementor-element-ddd97a6 e-con-full e-flex e-con e-parent\" data-id=\"ddd97a6\" data-element_type=\"container\">\n\t\t\t\t<div class=\"elementor-element elementor-element-8b9a604 elementor-widget elementor-widget-heading\" data-id=\"8b9a604\" data-element_type=\"widget\" data-widget_type=\"heading.default\">\n\t\t\t\t\t<h2 class=\"elementor-heading-title elementor-size-default\">Nos protecteurs vous int\u00e9ressent ?<\/h2>\t\t\t\t<\/div>\n\t\t\t\t<div class=\"elementor-element elementor-element-7e27831 elementor-widget elementor-widget-text-editor\" data-id=\"7e27831\" data-element_type=\"widget\" data-widget_type=\"text-editor.default\">\n\t\t\t\t\t\t\t\t\t<p>Si vous avez besoin de plus d&rsquo;informations sur nos protecteurs, n&rsquo;h\u00e9sitez pas \u00e0 nous contacter et nous essaierons de r\u00e9pondre \u00e0 vos questions dans les plus brefs d\u00e9lais.<\/p>\n\t\t\t\t\t\t\t\t<\/div>\n\t\t\t\t<\/div>\n\t\t<div class=\"elementor-element elementor-element-610bfde e-con-full e-flex e-con e-parent\" data-id=\"610bfde\" data-element_type=\"container\">\n\t\t\t\t<div class=\"elementor-element elementor-element-926309c elementor-widget elementor-widget-button\" data-id=\"926309c\" data-element_type=\"widget\" data-widget_type=\"button.default\">\n\t\t\t\t\t\t\t\t\t\t<a class=\"elementor-button elementor-button-link elementor-size-sm\" href=\"https:\/\/lisanplast.com\/fr\/contact\/\">\n\t\t\t\t\t\t<span class=\"elementor-button-content-wrapper\">\n\t\t\t\t\t\t\t\t\t<span class=\"elementor-button-text\">Contact<\/span>\n\t\t\t\t\t<\/span>\n\t\t\t\t\t<\/a>\n\t\t\t\t\t\t\t\t<\/div>\n\t\t\t\t<\/div>\n\t\t\t\t<\/div>\n\t\t\t\t<\/div>\n\t\t","protected":false},"excerpt":{"rendered":"<p>Fabricant de protections agricoles et sacs de p\u00e9pini\u00e8re pour professionnels et grossistes Nous disposons d&rsquo;un large catalogue de protecteurs agricoles pour les travaux des champs. Jetez un \u0153il \u00e0 notre catalogue de produits et choisissez celui que vous jugez n\u00e9cessaire. Protecteur tubulaire double couche lisse, effet de serre Notre\u00a0Les protecteurs de type serre \u00a0sont d&rsquo;excellente&hellip;<\/p>\n","protected":false},"author":3,"featured_media":0,"parent":0,"menu_order":0,"comment_status":"closed","ping_status":"closed","template":"","meta":{"_seopress_robots_primary_cat":"","_seopress_titles_title":"Protection des plantes en agriculture | Lisanplast","_seopress_titles_desc":"Fabricant de protecteurs agricoles et sacs de p\u00e9pini\u00e8re en PP et PE, r\u00e9sistants et durables pour prot\u00e9ger cultures, arbres et plants.","_seopress_robots_index":"","footnotes":""},"class_list":["post-4098","page","type-page","status-publish","hentry"],"_links":{"self":[{"href":"https:\/\/lisanplast.com\/fr\/wp-json\/wp\/v2\/pages\/4098","targetHints":{"allow":["GET"]}}],"collection":[{"href":"https:\/\/lisanplast.com\/fr\/wp-json\/wp\/v2\/pages"}],"about":[{"href":"https:\/\/lisanplast.com\/fr\/wp-json\/wp\/v2\/types\/page"}],"author":[{"embeddable":true,"href":"https:\/\/lisanplast.com\/fr\/wp-json\/wp\/v2\/users\/3"}],"replies":[{"embeddable":true,"href":"https:\/\/lisanplast.com\/fr\/wp-json\/wp\/v2\/comments?post=4098"}],"version-history":[{"count":4,"href":"https:\/\/lisanplast.com\/fr\/wp-json\/wp\/v2\/pages\/4098\/revisions"}],"predecessor-version":[{"id":7009,"href":"https:\/\/lisanplast.com\/fr\/wp-json\/wp\/v2\/pages\/4098\/revisions\/7009"}],"wp:attachment":[{"href":"https:\/\/lisanplast.com\/fr\/wp-json\/wp\/v2\/media?parent=4098"}],"curies":[{"name":"wp","href":"https:\/\/api.w.org\/{rel}","templated":true}]}}