{"id":4103,"date":"2023-01-30T14:51:56","date_gmt":"2023-01-30T14:51:56","guid":{"rendered":"https:\/\/lisanplast.com\/politique-qualite\/"},"modified":"2026-03-15T19:24:12","modified_gmt":"2026-03-15T19:24:12","slug":"politique-qualite","status":"publish","type":"page","link":"https:\/\/lisanplast.com\/fr\/politique-qualite\/","title":{"rendered":"Politique qualit\u00e9"},"content":{"rendered":"\t\t<div data-elementor-type=\"wp-page\" data-elementor-id=\"4103\" class=\"elementor elementor-4103 elementor-2111\" data-elementor-post-type=\"page\">\n\t\t\t\t\t\t<section class=\"elementor-section elementor-top-section elementor-element elementor-element-1c6bd8b8 elementor-section-boxed elementor-section-height-default elementor-section-height-default\" data-id=\"1c6bd8b8\" data-element_type=\"section\">\n\t\t\t\t\t\t<div class=\"elementor-container elementor-column-gap-default\">\n\t\t\t\t\t<div class=\"elementor-column elementor-col-100 elementor-top-column elementor-element elementor-element-619a96ee\" data-id=\"619a96ee\" data-element_type=\"column\">\n\t\t\t<div class=\"elementor-widget-wrap elementor-element-populated\">\n\t\t\t\t\t\t<div class=\"elementor-element elementor-element-3120a232 elementor-widget elementor-widget-text-editor\" data-id=\"3120a232\" data-element_type=\"widget\" data-widget_type=\"text-editor.default\">\n\t\t\t\t\t\t\t\t\t<p><span style=\"color: #000000;\">L&rsquo;objectif que LISANPLAST S.L assume en mati\u00e8re de qualit\u00e9 est l&rsquo;augmentation continue de la comp\u00e9titivit\u00e9 de ses propres clients.<\/span><\/p>\n<p><span style=\"color: #000000;\">LISANPLAST S.L, produit des profil\u00e9s et des tubes de petits diam\u00e8tres de haute pr\u00e9cision, extrud\u00e9s et coextrud\u00e9s en mati\u00e8res plastiques pour des applications \u00e0 hautes exigences et innovations pour des secteurs tr\u00e8s divers. <\/span><\/p>\n<p><span style=\"color: #000000;\">C\u2019est pourquoi nous d\u00e9veloppons une politique de qualit\u00e9, d\u2019environnement et de travail responsable et op\u00e9rationnel qui repose sur les crit\u00e8res et objectifs suivants :<\/span><\/p>\n<ul>\n<li><span style=\"color: #000000;\">Notre engagement est bas\u00e9 sur l&rsquo;\u00e9tablissement d&rsquo;une culture organisationnelle orient\u00e9e vers des processus o\u00f9 tous les efforts doivent \u00eatre dirig\u00e9s vers l&rsquo;am\u00e9lioration continue et l&rsquo;obtention de la reconnaissance et de la fid\u00e9lit\u00e9 de notre activit\u00e9, issue du domaine de la construction.<\/span><br \/><span style=\"color: #000000;\"> <\/span><\/li>\n<li><span style=\"color: #000000;\">Stimuler l&rsquo;engagement de nos collaborateurs, depuis leur domaine de responsabilit\u00e9, en consid\u00e9rant la Qualit\u00e9 et l&rsquo;Environnement comme des \u00e9l\u00e9ments essentiels de leur travail.<\/span><br \/><span style=\"color: #000000;\"> <\/span><\/li>\n<li><span style=\"color: #000000;\">Prot\u00e9ger l&rsquo;environnement.<\/span><br \/><span style=\"color: #000000;\"> <\/span><\/li>\n<li><span style=\"color: #000000;\">Nos fournisseurs doivent \u00eatre acteurs des objectifs Qualit\u00e9 et Environnement et du syst\u00e8me commun pour les atteindre.<\/span><br \/><span style=\"color: #000000;\"> <\/span><\/li>\n<li><span style=\"color: #000000;\">Les exigences et objectifs de Qualit\u00e9 et Environnement au travail doivent \u00eatre assum\u00e9s par tout le personnel qui fait partie de notre structure organisationnelle.<\/span><br \/><span style=\"color: #000000;\"> <\/span><\/li>\n<li><span style=\"color: #000000;\">L&rsquo;am\u00e9lioration continue du syst\u00e8me de gestion int\u00e9gr\u00e9 (ISO 9001, 14001) est l&rsquo;instrument fondamental pour accro\u00eetre l&rsquo;efficacit\u00e9, accro\u00eetre la comp\u00e9titivit\u00e9 et assurer une satisfaction croissante des clients, la protection de l&rsquo;environnement.<\/span><br \/><span style=\"color: #000000;\"> <\/span><\/li>\n<li><span style=\"color: #000000;\">Nous nous engageons \u00e0 mettre en \u0153uvre un syst\u00e8me int\u00e9gr\u00e9 qui garantit le respect des objectifs \u00e9tablis dans le cadre de la pr\u00e9sente politique de qualit\u00e9 et d&rsquo;environnement.<\/span><\/li>\n<\/ul>\n<p><span style=\"color: #000000;\">Chez Lisanplast, offrir un service de qualit\u00e9, responsable de la protection de l&rsquo;environnement et de la sant\u00e9 et s\u00e9curit\u00e9 au travail, signifie.<\/span><\/p>\n<ul>\n<li><span style=\"color: #000000;\">Cela dit, le service est conforme aux exigences sp\u00e9cifi\u00e9es par nos clients, y compris les exigences l\u00e9gales et autres exigences de l&rsquo;organisation.<\/span>\n<\/li>\n<li><span style=\"color: #000000;\">Respecter les conditions \u00e9conomiques et les d\u00e9lais de livraison convenus.<\/span>\n<\/li>\n<li><span style=\"color: #000000;\">R\u00e9pondre pleinement aux attentes des clients, en tendant \u00e0 les d\u00e9passer.<\/span>\n<\/li>\n<li><span style=\"color: #000000;\">\u00c9valuez les aspects environnementaux de vos processus et identifiez les impacts environnementaux.<\/span>\n<\/li>\n<li><span style=\"color: #000000;\">\u00c9liminer les dangers et r\u00e9duire les risques li\u00e9s \u00e0 la sant\u00e9 et \u00e0 la s\u00e9curit\u00e9 au travail, comme moyen de cr\u00e9er de la valeur dans l&rsquo;organisation.<\/span><\/li>\n<\/ul>\n<p><span style=\"color: #000000;\">La direction s&rsquo;appuie sur les responsables de chaque domaine pour garantir les exigences du syst\u00e8me int\u00e9gr\u00e9, am\u00e9liorer continuellement les processus, la performance environnementale et la s\u00e9curit\u00e9 de l&rsquo;organisation.<\/span><\/p>\n<p><span style=\"color: #000000;\">Le r\u00e9sultat final du Syst\u00e8me Int\u00e9gr\u00e9 est de garantir la r\u00e9alisation des objectifs g\u00e9n\u00e9raux suivants :<\/span><\/p>\n<ul>\n<li><span style=\"color: #000000;\">Garantir les exigences et la satisfaction des clients.<\/span>\n<\/li>\n<li><span style=\"color: #000000;\">Assurer la satisfaction des employ\u00e9s et promouvoir un environnement participatif.<\/span>\n<\/li>\n<li><span style=\"color: #000000;\">Assurer l\u2019efficacit\u00e9 \u00e9conomique, g\u00e9rer les risques.<\/span>\n<\/li>\n<li><span style=\"color: #000000;\">Gestion, contr\u00f4le efficace et am\u00e9lioration continue des processus.<\/span>\n<\/li>\n<li><span style=\"color: #000000;\">Prot\u00e9ger l&rsquo;environnement.<\/span>\n<\/li>\n<li><span style=\"color: #000000;\">Am\u00e9lioration de la performance environnementale, gestion correcte des d\u00e9chets et minimisation de la consommation des ressources.<\/span>\n<\/li>\n<li><span style=\"color: #000000;\">Respecter les exigences l\u00e9gales et autres exigences applicables \u00e0 notre activit\u00e9 li\u00e9es \u00e0 la qualit\u00e9 et \u00e0 l&rsquo;environnement.<\/span><\/li>\n<\/ul>\n<p><span style=\"text-decoration: underline;\"><span style=\"color: #000000; text-decoration: underline;\">Sign\u00e9 : La Direction le 14\/05\/2023<\/span><\/span><\/p>\n\t\t\t\t\t\t\t\t<\/div>\n\t\t\t\t\t<\/div>\n\t\t<\/div>\n\t\t\t\t\t<\/div>\n\t\t<\/section>\n\t\t\t\t<\/div>\n\t\t","protected":false},"excerpt":{"rendered":"<p>L&rsquo;objectif que LISANPLAST S.L assume en mati\u00e8re de qualit\u00e9 est l&rsquo;augmentation continue de la comp\u00e9titivit\u00e9 de ses propres clients. LISANPLAST S.L, produit des profil\u00e9s et des tubes de petits diam\u00e8tres de haute pr\u00e9cision, extrud\u00e9s et coextrud\u00e9s en mati\u00e8res plastiques pour des applications \u00e0 hautes exigences et innovations pour des secteurs tr\u00e8s divers. C\u2019est pourquoi nous&hellip;<\/p>\n","protected":false},"author":3,"featured_media":0,"parent":0,"menu_order":0,"comment_status":"closed","ping_status":"closed","template":"","meta":{"_seopress_robots_primary_cat":"","_seopress_titles_title":"Politique qualit\u00e9 de Lisanplast","_seopress_titles_desc":"D\u00e9couvrez la politique qualit\u00e9 de Lisanplast et son engagement \u00e0 fournir des produits fiables et des solutions industrielles de haute qualit\u00e9.","_seopress_robots_index":"","footnotes":""},"class_list":["post-4103","page","type-page","status-publish","hentry"],"_links":{"self":[{"href":"https:\/\/lisanplast.com\/fr\/wp-json\/wp\/v2\/pages\/4103","targetHints":{"allow":["GET"]}}],"collection":[{"href":"https:\/\/lisanplast.com\/fr\/wp-json\/wp\/v2\/pages"}],"about":[{"href":"https:\/\/lisanplast.com\/fr\/wp-json\/wp\/v2\/types\/page"}],"author":[{"embeddable":true,"href":"https:\/\/lisanplast.com\/fr\/wp-json\/wp\/v2\/users\/3"}],"replies":[{"embeddable":true,"href":"https:\/\/lisanplast.com\/fr\/wp-json\/wp\/v2\/comments?post=4103"}],"version-history":[{"count":2,"href":"https:\/\/lisanplast.com\/fr\/wp-json\/wp\/v2\/pages\/4103\/revisions"}],"predecessor-version":[{"id":6934,"href":"https:\/\/lisanplast.com\/fr\/wp-json\/wp\/v2\/pages\/4103\/revisions\/6934"}],"wp:attachment":[{"href":"https:\/\/lisanplast.com\/fr\/wp-json\/wp\/v2\/media?parent=4103"}],"curies":[{"name":"wp","href":"https:\/\/api.w.org\/{rel}","templated":true}]}}