{"id":4120,"date":"2023-01-25T15:50:28","date_gmt":"2023-01-25T15:50:28","guid":{"rendered":"https:\/\/lisanplast.com\/produits-agricoles\/"},"modified":"2026-03-15T19:24:31","modified_gmt":"2026-03-15T19:24:31","slug":"produits-agricoles","status":"publish","type":"page","link":"https:\/\/lisanplast.com\/fr\/produits-agricoles\/","title":{"rendered":"Produits agricoles"},"content":{"rendered":"\t\t<div data-elementor-type=\"wp-page\" data-elementor-id=\"4120\" class=\"elementor elementor-4120 elementor-2004\" data-elementor-post-type=\"page\">\n\t\t\t\t<div class=\"elementor-element elementor-element-820fdb8 e-flex e-con-boxed e-con e-parent\" data-id=\"820fdb8\" data-element_type=\"container\">\n\t\t\t\t\t<div class=\"e-con-inner\">\n\t\t\t\t<div class=\"elementor-element elementor-element-b392ce3 elementor-widget elementor-widget-heading\" data-id=\"b392ce3\" data-element_type=\"widget\" data-widget_type=\"heading.default\">\n\t\t\t\t\t<h2 class=\"elementor-heading-title elementor-size-default\">Fabricant de produits agricoles pour professionnels et grossistes<\/h2>\t\t\t\t<\/div>\n\t\t\t\t<div class=\"elementor-element elementor-element-3acdc84 elementor-widget elementor-widget-text-editor\" data-id=\"3acdc84\" data-element_type=\"widget\" data-widget_type=\"text-editor.default\">\n\t\t\t\t\t\t\t\t\t<p>Nous mettons \u00e0 votre disposition notre large gamme de <strong>produits agricoles<\/strong> de haute qualit\u00e9. Jetez un \u0153il aux diff\u00e9rents<strong> produits agricoles <\/strong>que nous proposons et choisissez celui qui vous semble le plus pratique.<\/p>\n\t\t\t\t\t\t\t\t<\/div>\n\t\t\t\t\t<\/div>\n\t\t\t\t<\/div>\n\t\t<div class=\"elementor-element elementor-element-97a4bfa e-flex e-con-boxed e-con e-parent\" data-id=\"97a4bfa\" data-element_type=\"container\">\n\t\t\t\t\t<div class=\"e-con-inner\">\n\t\t<div class=\"elementor-element elementor-element-7430bcc e-con-full e-flex e-con e-parent\" data-id=\"7430bcc\" data-element_type=\"container\">\n\t\t\t\t<div class=\"elementor-element elementor-element-03c4d6d elementor-widget elementor-widget-image\" data-id=\"03c4d6d\" data-element_type=\"widget\" data-widget_type=\"image.default\">\n\t\t\t\t\t\t\t\t\t\t\t\t\t\t\t<img fetchpriority=\"high\" decoding=\"async\" width=\"800\" height=\"800\" src=\"https:\/\/lisanplast.com\/wp-content\/uploads\/microtubo-negro-.jpg\" class=\"attachment-full size-full wp-image-3608\" alt=\"Microtubo negro para riego utilizado en sistemas de microirrigaci\u00f3n agr\u00edcola.\" srcset=\"https:\/\/lisanplast.com\/wp-content\/uploads\/microtubo-negro-.jpg 800w, https:\/\/lisanplast.com\/wp-content\/uploads\/microtubo-negro--300x300.jpg 300w, https:\/\/lisanplast.com\/wp-content\/uploads\/microtubo-negro--150x150.jpg 150w, https:\/\/lisanplast.com\/wp-content\/uploads\/microtubo-negro--768x768.jpg 768w\" sizes=\"(max-width: 800px) 100vw, 800px\" \/>\t\t\t\t\t\t\t\t\t\t\t\t\t\t\t<\/div>\n\t\t\t\t<div class=\"elementor-element elementor-element-acbabda elementor-widget elementor-widget-heading\" data-id=\"acbabda\" data-element_type=\"widget\" data-widget_type=\"heading.default\">\n\t\t\t\t\t<h3 class=\"elementor-heading-title elementor-size-default\">Microtubes <\/h3>\t\t\t\t<\/div>\n\t\t\t\t<div class=\"elementor-element elementor-element-b181f95 elementor-align-left elementor-widget elementor-widget-the7_button_widget\" data-id=\"b181f95\" data-element_type=\"widget\" data-widget_type=\"the7_button_widget.default\">\n\t\t\t\t<div class=\"elementor-widget-container\">\n\t\t\t\t\t<div class=\"elementor-button-wrapper\"><a href=\"https:\/\/lisanplast.com\/fr\/microtubes-2\/\" class=\"box-button elementor-button elementor-size-sm\">Voir les produits<svg xmlns=\"http:\/\/www.w3.org\/2000\/svg\" viewBox=\"0 0 119.56 44.26\"><defs><style>.cls-1{fill:#fff;}<\/style><\/defs><title>Recurso 1<\/title><g id=\"Capa_2\" data-name=\"Capa 2\"><g id=\"Capa_1-2\" data-name=\"Capa 1\"><polygon class=\"cls-1\" points=\"119.56 22.13 81.22 0 81.22 17.13 0 17.13 0 27.13 81.22 27.13 81.22 44.26 119.56 22.13\"><\/polygon><\/g><\/g><\/svg><\/a><\/div>\t\t\t\t<\/div>\n\t\t\t\t<\/div>\n\t\t\t\t<\/div>\n\t\t<div class=\"elementor-element elementor-element-c933654 e-con-full e-flex e-con e-parent\" data-id=\"c933654\" data-element_type=\"container\">\n\t\t\t\t<div class=\"elementor-element elementor-element-b8362b9 elementor-widget elementor-widget-image\" data-id=\"b8362b9\" data-element_type=\"widget\" data-widget_type=\"image.default\">\n\t\t\t\t\t\t\t\t\t\t\t\t\t\t\t<img decoding=\"async\" width=\"800\" height=\"800\" src=\"https:\/\/lisanplast.com\/wp-content\/uploads\/macarron-1-hilo.jpg\" class=\"attachment-full size-full wp-image-3606\" alt=\"Macarr\u00f3n de atado para agricultura utilizado en sistemas de tutorado de cultivos.\" srcset=\"https:\/\/lisanplast.com\/wp-content\/uploads\/macarron-1-hilo.jpg 800w, https:\/\/lisanplast.com\/wp-content\/uploads\/macarron-1-hilo-300x300.jpg 300w, https:\/\/lisanplast.com\/wp-content\/uploads\/macarron-1-hilo-150x150.jpg 150w, https:\/\/lisanplast.com\/wp-content\/uploads\/macarron-1-hilo-768x768.jpg 768w\" sizes=\"(max-width: 800px) 100vw, 800px\" \/>\t\t\t\t\t\t\t\t\t\t\t\t\t\t\t<\/div>\n\t\t\t\t<div class=\"elementor-element elementor-element-211090a elementor-widget elementor-widget-heading\" data-id=\"211090a\" data-element_type=\"widget\" data-widget_type=\"heading.default\">\n\t\t\t\t\t<h3 class=\"elementor-heading-title elementor-size-default\">Macaroni pour l'agriculture<\/h3>\t\t\t\t<\/div>\n\t\t\t\t<div class=\"elementor-element elementor-element-b61e065 elementor-align-left elementor-widget elementor-widget-the7_button_widget\" data-id=\"b61e065\" data-element_type=\"widget\" data-widget_type=\"the7_button_widget.default\">\n\t\t\t\t<div class=\"elementor-widget-container\">\n\t\t\t\t\t<div class=\"elementor-button-wrapper\"><a href=\"https:\/\/lisanplast.com\/fr\/materiel-de-liage\/attacher-des-macaronis-pour-lagriculture\/\" class=\"box-button elementor-button elementor-size-sm\">Voir les produits<svg xmlns=\"http:\/\/www.w3.org\/2000\/svg\" viewBox=\"0 0 119.56 44.26\"><defs><style>.cls-1{fill:#fff;}<\/style><\/defs><title>Recurso 1<\/title><g id=\"Capa_2\" data-name=\"Capa 2\"><g id=\"Capa_1-2\" data-name=\"Capa 1\"><polygon class=\"cls-1\" points=\"119.56 22.13 81.22 0 81.22 17.13 0 17.13 0 27.13 81.22 27.13 81.22 44.26 119.56 22.13\"><\/polygon><\/g><\/g><\/svg><\/a><\/div>\t\t\t\t<\/div>\n\t\t\t\t<\/div>\n\t\t\t\t<\/div>\n\t\t<div class=\"elementor-element elementor-element-91fc7c9 e-con-full e-flex e-con e-parent\" data-id=\"91fc7c9\" data-element_type=\"container\">\n\t\t\t\t<div class=\"elementor-element elementor-element-d80c7eb elementor-widget elementor-widget-image\" data-id=\"d80c7eb\" data-element_type=\"widget\" data-widget_type=\"image.default\">\n\t\t\t\t\t\t\t\t\t\t\t\t\t\t\t<img decoding=\"async\" width=\"800\" height=\"800\" src=\"https:\/\/lisanplast.com\/wp-content\/uploads\/goma-ancla-2-imagen.jpg\" class=\"attachment-full size-full wp-image-3613\" alt=\"Goma ancla para agricultura utilizada en sistemas de atado y sujeci\u00f3n de cultivos.\" srcset=\"https:\/\/lisanplast.com\/wp-content\/uploads\/goma-ancla-2-imagen.jpg 800w, https:\/\/lisanplast.com\/wp-content\/uploads\/goma-ancla-2-imagen-300x300.jpg 300w, https:\/\/lisanplast.com\/wp-content\/uploads\/goma-ancla-2-imagen-150x150.jpg 150w, https:\/\/lisanplast.com\/wp-content\/uploads\/goma-ancla-2-imagen-768x768.jpg 768w\" sizes=\"(max-width: 800px) 100vw, 800px\" \/>\t\t\t\t\t\t\t\t\t\t\t\t\t\t\t<\/div>\n\t\t\t\t<div class=\"elementor-element elementor-element-f10a597 elementor-widget elementor-widget-heading\" data-id=\"f10a597\" data-element_type=\"widget\" data-widget_type=\"heading.default\">\n\t\t\t\t\t<h3 class=\"elementor-heading-title elementor-size-default\">Caoutchoucs d'ancrage<\/h3>\t\t\t\t<\/div>\n\t\t\t\t<div class=\"elementor-element elementor-element-d0b81b8 elementor-align-left elementor-widget elementor-widget-the7_button_widget\" data-id=\"d0b81b8\" data-element_type=\"widget\" data-widget_type=\"the7_button_widget.default\">\n\t\t\t\t<div class=\"elementor-widget-container\">\n\t\t\t\t\t<div class=\"elementor-button-wrapper\"><a href=\"https:\/\/lisanplast.com\/fr\/materiel-de-liage\/caoutchouc-dancrage-pour-lagriculture\/\" class=\"box-button elementor-button elementor-size-sm\">Voir les produits<svg xmlns=\"http:\/\/www.w3.org\/2000\/svg\" viewBox=\"0 0 119.56 44.26\"><defs><style>.cls-1{fill:#fff;}<\/style><\/defs><title>Recurso 1<\/title><g id=\"Capa_2\" data-name=\"Capa 2\"><g id=\"Capa_1-2\" data-name=\"Capa 1\"><polygon class=\"cls-1\" points=\"119.56 22.13 81.22 0 81.22 17.13 0 17.13 0 27.13 81.22 27.13 81.22 44.26 119.56 22.13\"><\/polygon><\/g><\/g><\/svg><\/a><\/div>\t\t\t\t<\/div>\n\t\t\t\t<\/div>\n\t\t\t\t<\/div>\n\t\t\t\t\t<\/div>\n\t\t\t\t<\/div>\n\t\t<div class=\"elementor-element elementor-element-25b9fd9 e-flex e-con-boxed e-con e-parent\" data-id=\"25b9fd9\" data-element_type=\"container\">\n\t\t\t\t\t<div class=\"e-con-inner\">\n\t\t<div class=\"elementor-element elementor-element-76c8765 e-con-full e-flex e-con e-parent\" data-id=\"76c8765\" data-element_type=\"container\">\n\t\t\t\t<div class=\"elementor-element elementor-element-45f2ec2 elementor-widget elementor-widget-image\" data-id=\"45f2ec2\" data-element_type=\"widget\" data-widget_type=\"image.default\">\n\t\t\t\t\t\t\t\t\t\t\t\t\t\t\t<img loading=\"lazy\" decoding=\"async\" width=\"800\" height=\"800\" src=\"https:\/\/lisanplast.com\/wp-content\/uploads\/gancho-tuberia-imagen-definitiva.jpg\" class=\"attachment-full size-full wp-image-3612\" alt=\"Gancho para tuber\u00eda utilizado en instalaciones agr\u00edcolas y sistemas de riego.\" srcset=\"https:\/\/lisanplast.com\/wp-content\/uploads\/gancho-tuberia-imagen-definitiva.jpg 800w, https:\/\/lisanplast.com\/wp-content\/uploads\/gancho-tuberia-imagen-definitiva-300x300.jpg 300w, https:\/\/lisanplast.com\/wp-content\/uploads\/gancho-tuberia-imagen-definitiva-150x150.jpg 150w, https:\/\/lisanplast.com\/wp-content\/uploads\/gancho-tuberia-imagen-definitiva-768x768.jpg 768w\" sizes=\"(max-width: 800px) 100vw, 800px\" \/>\t\t\t\t\t\t\t\t\t\t\t\t\t\t\t<\/div>\n\t\t\t\t<div class=\"elementor-element elementor-element-d554a7c elementor-widget elementor-widget-heading\" data-id=\"d554a7c\" data-element_type=\"widget\" data-widget_type=\"heading.default\">\n\t\t\t\t\t<h3 class=\"elementor-heading-title elementor-size-default\">Crochets pour tuyaux<\/h3>\t\t\t\t<\/div>\n\t\t\t\t<div class=\"elementor-element elementor-element-e33f9ce elementor-align-left elementor-widget elementor-widget-the7_button_widget\" data-id=\"e33f9ce\" data-element_type=\"widget\" data-widget_type=\"the7_button_widget.default\">\n\t\t\t\t<div class=\"elementor-widget-container\">\n\t\t\t\t\t<div class=\"elementor-button-wrapper\"><a href=\"https:\/\/lisanplast.com\/fr\/materiel-de-liage\/crochets-agricoles\/\" class=\"box-button elementor-button elementor-size-sm\">Voir les produits<svg xmlns=\"http:\/\/www.w3.org\/2000\/svg\" viewBox=\"0 0 119.56 44.26\"><defs><style>.cls-1{fill:#fff;}<\/style><\/defs><title>Recurso 1<\/title><g id=\"Capa_2\" data-name=\"Capa 2\"><g id=\"Capa_1-2\" data-name=\"Capa 1\"><polygon class=\"cls-1\" points=\"119.56 22.13 81.22 0 81.22 17.13 0 17.13 0 27.13 81.22 27.13 81.22 44.26 119.56 22.13\"><\/polygon><\/g><\/g><\/svg><\/a><\/div>\t\t\t\t<\/div>\n\t\t\t\t<\/div>\n\t\t\t\t<\/div>\n\t\t<div class=\"elementor-element elementor-element-95c0e14 e-con-full e-flex e-con e-parent\" data-id=\"95c0e14\" data-element_type=\"container\">\n\t\t\t\t<div class=\"elementor-element elementor-element-4983fa7 elementor-widget elementor-widget-image\" data-id=\"4983fa7\" data-element_type=\"widget\" data-widget_type=\"image.default\">\n\t\t\t\t\t\t\t\t\t\t\t\t\t\t\t<img loading=\"lazy\" decoding=\"async\" width=\"800\" height=\"800\" src=\"https:\/\/lisanplast.com\/wp-content\/uploads\/protector-tallos-agricultura-perforado-imagen.jpg\" class=\"attachment-full size-full wp-image-3648\" alt=\"Protector tubular perforado para tallos de plantas utilizado en agricultura para proteger cultivos.\" srcset=\"https:\/\/lisanplast.com\/wp-content\/uploads\/protector-tallos-agricultura-perforado-imagen.jpg 800w, https:\/\/lisanplast.com\/wp-content\/uploads\/protector-tallos-agricultura-perforado-imagen-300x300.jpg 300w, https:\/\/lisanplast.com\/wp-content\/uploads\/protector-tallos-agricultura-perforado-imagen-150x150.jpg 150w, https:\/\/lisanplast.com\/wp-content\/uploads\/protector-tallos-agricultura-perforado-imagen-768x768.jpg 768w\" sizes=\"(max-width: 800px) 100vw, 800px\" \/>\t\t\t\t\t\t\t\t\t\t\t\t\t\t\t<\/div>\n\t\t\t\t<div class=\"elementor-element elementor-element-42d2753 elementor-widget elementor-widget-heading\" data-id=\"42d2753\" data-element_type=\"widget\" data-widget_type=\"heading.default\">\n\t\t\t\t\t<h3 class=\"elementor-heading-title elementor-size-default\">Protecteurs agricoles<\/h3>\t\t\t\t<\/div>\n\t\t\t\t<div class=\"elementor-element elementor-element-0989c60 elementor-align-left elementor-widget elementor-widget-the7_button_widget\" data-id=\"0989c60\" data-element_type=\"widget\" data-widget_type=\"the7_button_widget.default\">\n\t\t\t\t<div class=\"elementor-widget-container\">\n\t\t\t\t\t<div class=\"elementor-button-wrapper\"><a href=\"https:\/\/lisanplast.com\/fr\/protecteurs-agricoles\/protecteurs-de-tige\/\" class=\"box-button elementor-button elementor-size-sm\">Voir les produits<svg xmlns=\"http:\/\/www.w3.org\/2000\/svg\" viewBox=\"0 0 119.56 44.26\"><defs><style>.cls-1{fill:#fff;}<\/style><\/defs><title>Recurso 1<\/title><g id=\"Capa_2\" data-name=\"Capa 2\"><g id=\"Capa_1-2\" data-name=\"Capa 1\"><polygon class=\"cls-1\" points=\"119.56 22.13 81.22 0 81.22 17.13 0 17.13 0 27.13 81.22 27.13 81.22 44.26 119.56 22.13\"><\/polygon><\/g><\/g><\/svg><\/a><\/div>\t\t\t\t<\/div>\n\t\t\t\t<\/div>\n\t\t\t\t<\/div>\n\t\t<div class=\"elementor-element elementor-element-4325992 e-con-full e-flex e-con e-parent\" data-id=\"4325992\" data-element_type=\"container\">\n\t\t\t\t<div class=\"elementor-element elementor-element-a2bfa50 elementor-widget elementor-widget-image\" data-id=\"a2bfa50\" data-element_type=\"widget\" data-widget_type=\"image.default\">\n\t\t\t\t\t\t\t\t\t\t\t\t\t\t\t<img loading=\"lazy\" decoding=\"async\" width=\"800\" height=\"800\" src=\"https:\/\/lisanplast.com\/wp-content\/uploads\/perfil-invernadero1-1.jpg\" class=\"attachment-full size-full wp-image-3618\" alt=\"Perfil para invernadero utilizado para fijaci\u00f3n de pl\u00e1sticos en estructuras agr\u00edcolas.\" srcset=\"https:\/\/lisanplast.com\/wp-content\/uploads\/perfil-invernadero1-1.jpg 800w, https:\/\/lisanplast.com\/wp-content\/uploads\/perfil-invernadero1-1-300x300.jpg 300w, https:\/\/lisanplast.com\/wp-content\/uploads\/perfil-invernadero1-1-150x150.jpg 150w, https:\/\/lisanplast.com\/wp-content\/uploads\/perfil-invernadero1-1-768x768.jpg 768w\" sizes=\"(max-width: 800px) 100vw, 800px\" \/>\t\t\t\t\t\t\t\t\t\t\t\t\t\t\t<\/div>\n\t\t\t\t<div class=\"elementor-element elementor-element-b09e4ea elementor-widget elementor-widget-heading\" data-id=\"b09e4ea\" data-element_type=\"widget\" data-widget_type=\"heading.default\">\n\t\t\t\t\t<h3 class=\"elementor-heading-title elementor-size-default\">Profils de serre<\/h3>\t\t\t\t<\/div>\n\t\t\t\t<div class=\"elementor-element elementor-element-483d3ab elementor-align-left elementor-widget elementor-widget-the7_button_widget\" data-id=\"483d3ab\" data-element_type=\"widget\" data-widget_type=\"the7_button_widget.default\">\n\t\t\t\t<div class=\"elementor-widget-container\">\n\t\t\t\t\t<div class=\"elementor-button-wrapper\"><a href=\"https:\/\/lisanplast.com\/fr\/profils-de-serre\/\" class=\"box-button elementor-button elementor-size-sm\">Voir les produits<svg xmlns=\"http:\/\/www.w3.org\/2000\/svg\" viewBox=\"0 0 119.56 44.26\"><defs><style>.cls-1{fill:#fff;}<\/style><\/defs><title>Recurso 1<\/title><g id=\"Capa_2\" data-name=\"Capa 2\"><g id=\"Capa_1-2\" data-name=\"Capa 1\"><polygon class=\"cls-1\" points=\"119.56 22.13 81.22 0 81.22 17.13 0 17.13 0 27.13 81.22 27.13 81.22 44.26 119.56 22.13\"><\/polygon><\/g><\/g><\/svg><\/a><\/div>\t\t\t\t<\/div>\n\t\t\t\t<\/div>\n\t\t\t\t<\/div>\n\t\t<div class=\"elementor-element elementor-element-e34f475 e-con-full e-flex e-con e-parent\" data-id=\"e34f475\" data-element_type=\"container\">\n\t\t\t\t<div class=\"elementor-element elementor-element-c245825 elementor-widget elementor-widget-image\" data-id=\"c245825\" data-element_type=\"widget\" data-widget_type=\"image.default\">\n\t\t\t\t\t\t\t\t\t\t\t\t\t\t\t<img loading=\"lazy\" decoding=\"async\" width=\"1667\" height=\"1667\" src=\"https:\/\/lisanplast.com\/wp-content\/uploads\/bolsas-vivero.jpg\" class=\"attachment-full size-full wp-image-3611\" alt=\"Bolsas de vivero de pl\u00e1stico para plantones y cultivos agr\u00edcolas.\" srcset=\"https:\/\/lisanplast.com\/wp-content\/uploads\/bolsas-vivero.jpg 1667w, https:\/\/lisanplast.com\/wp-content\/uploads\/bolsas-vivero-300x300.jpg 300w, https:\/\/lisanplast.com\/wp-content\/uploads\/bolsas-vivero-1024x1024.jpg 1024w, https:\/\/lisanplast.com\/wp-content\/uploads\/bolsas-vivero-150x150.jpg 150w, https:\/\/lisanplast.com\/wp-content\/uploads\/bolsas-vivero-768x768.jpg 768w, https:\/\/lisanplast.com\/wp-content\/uploads\/bolsas-vivero-1536x1536.jpg 1536w\" sizes=\"(max-width: 1667px) 100vw, 1667px\" \/>\t\t\t\t\t\t\t\t\t\t\t\t\t\t\t<\/div>\n\t\t\t\t<div class=\"elementor-element elementor-element-88fc6f5 elementor-widget elementor-widget-heading\" data-id=\"88fc6f5\" data-element_type=\"widget\" data-widget_type=\"heading.default\">\n\t\t\t\t\t<h3 class=\"elementor-heading-title elementor-size-default\">Sacs de cr\u00e8che<\/h3>\t\t\t\t<\/div>\n\t\t\t\t<div class=\"elementor-element elementor-element-5b8f162 elementor-align-left elementor-widget elementor-widget-the7_button_widget\" data-id=\"5b8f162\" data-element_type=\"widget\" data-widget_type=\"the7_button_widget.default\">\n\t\t\t\t<div class=\"elementor-widget-container\">\n\t\t\t\t\t<div class=\"elementor-button-wrapper\"><a href=\"https:\/\/lisanplast.com\/fr\/protecteurs-agricoles\/sacs-de-creche\/\" class=\"box-button elementor-button elementor-size-sm\">Voir les produits<svg xmlns=\"http:\/\/www.w3.org\/2000\/svg\" viewBox=\"0 0 119.56 44.26\"><defs><style>.cls-1{fill:#fff;}<\/style><\/defs><title>Recurso 1<\/title><g id=\"Capa_2\" data-name=\"Capa 2\"><g id=\"Capa_1-2\" data-name=\"Capa 1\"><polygon class=\"cls-1\" points=\"119.56 22.13 81.22 0 81.22 17.13 0 17.13 0 27.13 81.22 27.13 81.22 44.26 119.56 22.13\"><\/polygon><\/g><\/g><\/svg><\/a><\/div>\t\t\t\t<\/div>\n\t\t\t\t<\/div>\n\t\t\t\t<\/div>\n\t\t\t\t\t<\/div>\n\t\t\t\t<\/div>\n\t\t<div class=\"elementor-element elementor-element-796cf63 e-con-full e-flex e-con e-parent\" data-id=\"796cf63\" data-element_type=\"container\">\n\t\t<div class=\"elementor-element elementor-element-ddd97a6 e-con-full e-flex e-con e-parent\" data-id=\"ddd97a6\" data-element_type=\"container\">\n\t\t\t\t<div class=\"elementor-element elementor-element-8b9a604 elementor-widget elementor-widget-heading\" data-id=\"8b9a604\" data-element_type=\"widget\" data-widget_type=\"heading.default\">\n\t\t\t\t\t<h2 class=\"elementor-heading-title elementor-size-default\">\u00cates-vous int\u00e9ress\u00e9 par nos produits agricoles?<\/h2>\t\t\t\t<\/div>\n\t\t\t\t<div class=\"elementor-element elementor-element-7e27831 elementor-widget elementor-widget-text-editor\" data-id=\"7e27831\" data-element_type=\"widget\" data-widget_type=\"text-editor.default\">\n\t\t\t\t\t\t\t\t\t<p>Si vous avez besoin de plus d&rsquo;informations sur l&rsquo;un de nos produits, n&rsquo;h\u00e9sitez pas \u00e0 nous contacter et nous essaierons de r\u00e9soudre vos questions dans les plus brefs d\u00e9lais.<\/p>\n\t\t\t\t\t\t\t\t<\/div>\n\t\t\t\t<\/div>\n\t\t<div class=\"elementor-element elementor-element-610bfde e-con-full e-flex e-con e-parent\" data-id=\"610bfde\" data-element_type=\"container\">\n\t\t\t\t<div class=\"elementor-element elementor-element-926309c elementor-widget elementor-widget-button\" data-id=\"926309c\" data-element_type=\"widget\" data-widget_type=\"button.default\">\n\t\t\t\t\t\t\t\t\t\t<a class=\"elementor-button elementor-button-link elementor-size-sm\" href=\"https:\/\/lisanplast.com\/fr\/contact\/\">\n\t\t\t\t\t\t<span class=\"elementor-button-content-wrapper\">\n\t\t\t\t\t\t\t\t\t<span class=\"elementor-button-text\">Contact<\/span>\n\t\t\t\t\t<\/span>\n\t\t\t\t\t<\/a>\n\t\t\t\t\t\t\t\t<\/div>\n\t\t\t\t<\/div>\n\t\t\t\t<\/div>\n\t\t\t\t<\/div>\n\t\t","protected":false},"excerpt":{"rendered":"<p>Fabricant de produits agricoles pour professionnels et grossistes Nous mettons \u00e0 votre disposition notre large gamme de produits agricoles de haute qualit\u00e9. Jetez un \u0153il aux diff\u00e9rents produits agricoles que nous proposons et choisissez celui qui vous semble le plus pratique. Microtubes Voir les produits Macaroni pour l&rsquo;agriculture Voir les produits Caoutchoucs d&rsquo;ancrage Voir les&hellip;<\/p>\n","protected":false},"author":3,"featured_media":0,"parent":0,"menu_order":0,"comment_status":"closed","ping_status":"closed","template":"","meta":{"_seopress_robots_primary_cat":"","_seopress_titles_title":"Produits agricoles et solutions agricoles | Lisanplast","_seopress_titles_desc":"Produits agricoles fabriqu\u00e9s par Lisanplast pour prot\u00e9ger et soutenir les cultures. Solutions durables pour l\u2019agriculture moderne.","_seopress_robots_index":"","footnotes":""},"class_list":["post-4120","page","type-page","status-publish","hentry"],"_links":{"self":[{"href":"https:\/\/lisanplast.com\/fr\/wp-json\/wp\/v2\/pages\/4120","targetHints":{"allow":["GET"]}}],"collection":[{"href":"https:\/\/lisanplast.com\/fr\/wp-json\/wp\/v2\/pages"}],"about":[{"href":"https:\/\/lisanplast.com\/fr\/wp-json\/wp\/v2\/types\/page"}],"author":[{"embeddable":true,"href":"https:\/\/lisanplast.com\/fr\/wp-json\/wp\/v2\/users\/3"}],"replies":[{"embeddable":true,"href":"https:\/\/lisanplast.com\/fr\/wp-json\/wp\/v2\/comments?post=4120"}],"version-history":[{"count":3,"href":"https:\/\/lisanplast.com\/fr\/wp-json\/wp\/v2\/pages\/4120\/revisions"}],"predecessor-version":[{"id":6935,"href":"https:\/\/lisanplast.com\/fr\/wp-json\/wp\/v2\/pages\/4120\/revisions\/6935"}],"wp:attachment":[{"href":"https:\/\/lisanplast.com\/fr\/wp-json\/wp\/v2\/media?parent=4120"}],"curies":[{"name":"wp","href":"https:\/\/api.w.org\/{rel}","templated":true}]}}