{"id":6866,"date":"2026-03-15T12:49:20","date_gmt":"2026-03-15T12:49:20","guid":{"rendered":"https:\/\/lisanplast.com\/gracias-por-contactarnos\/"},"modified":"2026-03-15T19:23:02","modified_gmt":"2026-03-15T19:23:02","slug":"merci-de-nous-avoir-contactes","status":"publish","type":"page","link":"https:\/\/lisanplast.com\/fr\/merci-de-nous-avoir-contactes\/","title":{"rendered":"Merci de nous avoir contact\u00e9s"},"content":{"rendered":"<p data-start=\"635\" data-end=\"670\"><span class=\"BZ_Pyq_fadeIn\">Nous <\/span><span class=\"BZ_Pyq_fadeIn\">avons <\/span><span class=\"BZ_Pyq_fadeIn\">bien <\/span><span class=\"BZ_Pyq_fadeIn\">re\u00e7u <\/span><span class=\"BZ_Pyq_fadeIn\">votre <\/span><span class=\"BZ_Pyq_fadeIn\">message.<\/span><\/p>\n<p data-start=\"672\" data-end=\"844\"><span class=\"BZ_Pyq_fadeIn\">Notre <\/span><span class=\"BZ_Pyq_fadeIn\">\u00e9quipe <\/span><span class=\"BZ_Pyq_fadeIn\">examinera <\/span><span class=\"BZ_Pyq_fadeIn\">votre <\/span><span class=\"BZ_Pyq_fadeIn\">demande <\/span><span class=\"BZ_Pyq_fadeIn\">et <\/span><span class=\"BZ_Pyq_fadeIn\">vous <\/span><span class=\"BZ_Pyq_fadeIn\">contactera <\/span><span class=\"BZ_Pyq_fadeIn\">dans <\/span><span class=\"BZ_Pyq_fadeIn\">les <\/span><span class=\"BZ_Pyq_fadeIn\">plus <\/span><span class=\"BZ_Pyq_fadeIn\">brefs <\/span><span class=\"BZ_Pyq_fadeIn\">d\u00e9lais. <\/span><span class=\"BZ_Pyq_fadeIn\">Si <\/span><span class=\"BZ_Pyq_fadeIn\">votre <\/span><span class=\"BZ_Pyq_fadeIn\">demande <\/span><span class=\"BZ_Pyq_fadeIn\">est <\/span><span class=\"BZ_Pyq_fadeIn\">urgente, <\/span><span class=\"BZ_Pyq_fadeIn\">vous <\/span><span class=\"BZ_Pyq_fadeIn\">pouvez <\/span><span class=\"BZ_Pyq_fadeIn\">\u00e9galement <\/span><span class=\"BZ_Pyq_fadeIn\">nous <\/span><span class=\"BZ_Pyq_fadeIn\">appeler <\/span><span class=\"BZ_Pyq_fadeIn\">au <\/span><strong data-start=\"824\" data-end=\"843\"><span class=\"BZ_Pyq_fadeIn\">+<\/span><span class=\"BZ_Pyq_fadeIn\">34 <\/span><span class=\"BZ_Pyq_fadeIn\">968 <\/span><span class=\"BZ_Pyq_fadeIn\">657 <\/span><span class=\"BZ_Pyq_fadeIn\">657<\/span><\/strong><span class=\"BZ_Pyq_fadeIn\">.<\/span><\/p>\n<p data-start=\"846\" data-end=\"950\"><span class=\"BZ_Pyq_fadeIn\">En <\/span><span class=\"BZ_Pyq_fadeIn\">attendant, <\/span><span class=\"BZ_Pyq_fadeIn\">vous <\/span><span class=\"BZ_Pyq_fadeIn\">pouvez <\/span><span class=\"BZ_Pyq_fadeIn\">continuer <\/span><span class=\"BZ_Pyq_fadeIn\">\u00e0 <\/span><span class=\"BZ_Pyq_fadeIn\">parcourir <\/span><span class=\"BZ_Pyq_fadeIn\">notre <\/span><span class=\"BZ_Pyq_fadeIn\">site <\/span><span class=\"BZ_Pyq_fadeIn\">web <\/span><span class=\"BZ_Pyq_fadeIn\">pour <\/span><span class=\"BZ_Pyq_fadeIn\">d\u00e9couvrir <\/span><span class=\"BZ_Pyq_fadeIn\">nos <\/span><span class=\"BZ_Pyq_fadeIn\">produits <\/span><span class=\"BZ_Pyq_fadeIn\">et <\/span><span class=\"BZ_Pyq_fadeIn\">solutions.<\/span><\/p>\n","protected":false},"excerpt":{"rendered":"<p>Nous avons bien re\u00e7u votre message. Notre \u00e9quipe examinera votre demande et vous contactera dans les plus brefs d\u00e9lais. Si votre demande est urgente, vous pouvez \u00e9galement nous appeler au +34 968 657 657. En attendant, vous pouvez continuer \u00e0 parcourir notre site web pour d\u00e9couvrir nos produits et solutions.<\/p>\n","protected":false},"author":4,"featured_media":0,"parent":0,"menu_order":0,"comment_status":"closed","ping_status":"closed","template":"","meta":{"_seopress_robots_primary_cat":"","_seopress_titles_title":"Merci de nous avoir contact\u00e9s","_seopress_titles_desc":"Merci de nous avoir contact\u00e9s. Notre \u00e9quipe vous r\u00e9pondra dans les plus brefs d\u00e9lais pour vous fournir l\u2019information demand\u00e9e.","_seopress_robots_index":"","footnotes":""},"class_list":["post-6866","page","type-page","status-publish","hentry","description-off"],"_links":{"self":[{"href":"https:\/\/lisanplast.com\/fr\/wp-json\/wp\/v2\/pages\/6866","targetHints":{"allow":["GET"]}}],"collection":[{"href":"https:\/\/lisanplast.com\/fr\/wp-json\/wp\/v2\/pages"}],"about":[{"href":"https:\/\/lisanplast.com\/fr\/wp-json\/wp\/v2\/types\/page"}],"author":[{"embeddable":true,"href":"https:\/\/lisanplast.com\/fr\/wp-json\/wp\/v2\/users\/4"}],"replies":[{"embeddable":true,"href":"https:\/\/lisanplast.com\/fr\/wp-json\/wp\/v2\/comments?post=6866"}],"version-history":[{"count":2,"href":"https:\/\/lisanplast.com\/fr\/wp-json\/wp\/v2\/pages\/6866\/revisions"}],"predecessor-version":[{"id":6869,"href":"https:\/\/lisanplast.com\/fr\/wp-json\/wp\/v2\/pages\/6866\/revisions\/6869"}],"wp:attachment":[{"href":"https:\/\/lisanplast.com\/fr\/wp-json\/wp\/v2\/media?parent=6866"}],"curies":[{"name":"wp","href":"https:\/\/api.w.org\/{rel}","templated":true}]}}